{"id":8583,"date":"2025-10-14T05:17:58","date_gmt":"2025-10-14T05:17:58","guid":{"rendered":"https:\/\/frvape.com\/product\/vapsolo-king-10000-disposable-vape-10000-puffs-20ml-e-liquid-rechargeable\/"},"modified":"2025-12-16T09:22:25","modified_gmt":"2025-12-16T09:22:25","slug":"vapsolo-konig-10000-einweg-vape-10000-puffs-20ml-e-flussigkeit-wiederaufladbar","status":"publish","type":"product","link":"https:\/\/frvape.com\/de\/produkt\/vapsolo-konig-10000-einweg-vape-10000-puffs-20ml-e-flussigkeit-wiederaufladbar\/","title":{"rendered":"Vapsolo King 10000 Einweg Vape - 10000 Z\u00fcge, 20ml E-Liquid, wiederaufladbar"},"content":{"rendered":"<h3>Entfesselt den Cyberpunk-K\u00f6nig<\/h3>\n<p>Treten Sie ein in die Zukunft des Dampfens mit dem <strong>Vapsolo K\u00f6nig 10000<\/strong> - der unangefochtene Herrscher der Einwegverdampfer. Entwickelt f\u00fcr Dominanz, liefert dieses Kraftpaket Ger\u00e4t eine erstaunliche <strong>10.000 Z\u00fcge<\/strong> pro Ger\u00e4t, verpackt in einem Cyberpunk-inspirierten Design, das die Aufmerksamkeit auf sich zieht. Mit seinem massiven <strong>20ml e-Fl\u00fcssigkeit<\/strong> Kapazit\u00e4t und modernster Technologie tauchen Sie bei jedem Zug in einen intensiven Geschmack und eine Dampfproduktion ein, die Ihre Erwartungen neu definiert.<\/p>\n<h3>Vollst\u00e4ndige Kontrolle \u00fcber die Anpassung<\/h3>\n<p>\u00dcbernehmen Sie die Kontrolle \u00fcber Ihre Vaping-Reise wie nie zuvor:<br \/>\n&#8211; <strong>Dreistufiges Luftstromventil<\/strong> an der Basis erm\u00f6glicht die Feineinstellung des Zugwiderstands<br \/>\n- Mit einer einfachen Drehung vom engen MTL zum luftigen RDL wechseln<br \/>\n- Passen Sie Geschmacksintensit\u00e4t und Dampfdichte an Ihre Vorlieben an<br \/>\n- Kombinieren Sie mit unserer umfangreichen Geschmacksauswahl f\u00fcr ein wahres <strong>personalisierte Erfahrung<\/strong><\/p>\n<h3>Visuelle Revolution mit kreativen Aufklebern<\/h3>\n<p>Von minimalistischer Eleganz bis hin zu avantgardistischer Kunstfertigkeit - dr\u00fccke deine einzigartige Identit\u00e4t durch 21 verschiedene Aufkleberdesigns aus. Das sind keine blo\u00dfen Dekorationen - es sind tragbare Statements, die Deinen Vape in ein <strong>ma\u00dfgeschneidertes Meisterwerk<\/strong>. Jedes Detail zeugt von handwerklichem Geschick und sorgt daf\u00fcr, dass Ihr Ger\u00e4t Ihre Pers\u00f6nlichkeit widerspiegelt, ohne an Funktionalit\u00e4t einzub\u00fc\u00dfen.<\/p>\n<h3>Entwickelt f\u00fcr Perfektion<\/h3>\n<p>Die <strong>ergonomische Gestaltung<\/strong> schmilzt mit Ihrer Handfl\u00e4che und bietet au\u00dfergew\u00f6hnlichen Komfort bei l\u00e4ngeren Sessions. Unter seinem revolution\u00e4ren \u00c4u\u00dferen verbirgt sich fortschrittliche Vaping-Technologie:<br \/>\n- Hochleistung <strong>Mesh-Spule (1.0\u03a9)<\/strong> f\u00fcr unvergleichliche Geschmacksklarheit<br \/>\n&#8211; <strong>650mAh wiederaufladbare Batterie<\/strong> mit schneller <strong>Typ-C-Laden<\/strong><br \/>\n- Pr\u00e4zisionsgefertigtes Geh\u00e4use mit nur 90 g Gewicht<br \/>\n- Lebensmittelgeeignete Materialien garantieren Reinheit in jedem Zug<\/p>\n<h3>21 exquisite Geschmackserlebnisse<\/h3>\n<p>Entdecken Sie Ihr perfektes Gegenst\u00fcck aus unserem Premium-Geschmacksangebot:<\/p>\n<ul>\n<li>Heidelbeere-Himbeere<\/li>\n<li>Prime Strawberry Watermelon (Erdbeer-Wassermelone)<\/li>\n<li>Bananeneis<\/li>\n<li>Wassermelone Eis<\/li>\n<li>Red Bull Energie<\/li>\n<li>Erdbeere-Banane<\/li>\n<li>Pfirsich Mango Ananas<\/li>\n<li>Purpurner Regen<\/li>\n<li>Erdbeer-Himbeer-Kirsch-Eis<\/li>\n<li>Erdbeer-Kiwi<\/li>\n<li>Roter Apfel<\/li>\n<li>Blaubeereis<\/li>\n<li>Saures Ananaseis<\/li>\n<li>Blauer Razzia<\/li>\n<li>Himbeere Wassermelone<\/li>\n<li>Erdbeereis<\/li>\n<li>Kiwi Passionsfrucht Guave<\/li>\n<li>Kirsche mit Kohlens\u00e4ure<\/li>\n<li>Gemischte Beeren<\/li>\n<li>Zitrone-Limette<\/li>\n<li>Herr Blau<\/li>\n<\/ul>\n<p>Jede <strong>2% Nikotinst\u00e4rke<\/strong> Formulierung liefert authentische Geschmacksprofile mit eisigen Akzenten, wo gew\u00fcnscht. Unsere E-Liquids werden strengen Qualit\u00e4tstests unterzogen, um Folgendes zu garantieren <strong>konsequente Zufriedenheit<\/strong> vom ersten bis zum letzten Zug.<\/p>\n<h3>Kompromisslose Spezifikationen<\/h3>\n<p>Hochwertige Komponenten f\u00fcr professionelle Leistung:<br \/>\n&#8211; <strong>Anzahl der Puffs:<\/strong> 10,000+<br \/>\n&#8211; <strong>E-Liquid Kapazit\u00e4t:<\/strong> 20ml (Vorgef\u00fcllt)<br \/>\n&#8211; <strong>Batterie:<\/strong> Eingebauter 650mAh-Akku<br \/>\n&#8211; <strong>Aufladen:<\/strong> Typ-C-USB-Anschluss<br \/>\n&#8211; <strong>Spule:<\/strong> Fortschrittliche Mesh-Spulen-Technologie (1.0\u03a9)<br \/>\n&#8211; <strong>Luftstrom:<\/strong> Einstellbares Triple-Mode-System<br \/>\n&#8211; <strong>Nikotin:<\/strong> 20mg\/ml (2%) Salz-Nikotin-Formulierung<\/p>\n<h3>Industrietaugliche Verpackungen<\/h3>\n<p>Optimiert f\u00fcr den weltweiten Vertrieb:<br \/>\n- Einzelhandels-Box: 10 Ger\u00e4te pro Karton<br \/>\n- Hauptkarton: 200 St\u00fcck (44\u00d743\u00d726,5cm)<br \/>\n- Gewicht des Kartons: 18kg<br \/>\nEntwickelt f\u00fcr maximalen Schutz w\u00e4hrend des Transports bei gleichzeitiger Minimierung des \u00f6kologischen Fu\u00dfabdrucks durch effiziente Stapelung.<\/p>","protected":false},"excerpt":{"rendered":"<p>Erleben Sie das ultimative Vaping mit <strong>Vapsolo K\u00f6nig 10000<\/strong> Einweg-Vape, liefernd <strong>10000 Z\u00fcge<\/strong> und eine massive <strong>20ml e-Fl\u00fcssigkeit<\/strong> Kapazit\u00e4t.<br \/>\nMit <strong>einstellbarer Luftstrom<\/strong>, <strong>wiederaufladbar Typ-C<\/strong> Batterie, und <strong>21 Premium-Geschmacksrichtungen<\/strong> f\u00fcr unvergleichliche Zufriedenheit.<\/p>","protected":false},"featured_media":8577,"comment_status":"open","ping_status":"closed","template":"","meta":[],"product_brand":[408],"product_cat":[863],"product_tag":[128,705,102,77,115,704],"class_list":{"0":"post-8583","1":"product","2":"type-product","3":"status-publish","4":"has-post-thumbnail","6":"product_brand-vapsolo","7":"product_cat-vapsolo","8":"product_tag-10000-puffs-disposable-vape","9":"product_tag-20ml-e-liquid","10":"product_tag-adjustable-airflow-vape","11":"product_tag-mesh-coil-vape","12":"product_tag-rechargeable-vape","13":"product_tag-vapsolo-king-10000","15":"first","16":"instock","17":"sale","18":"shipping-taxable","19":"purchasable","20":"product-type-variable"},"jetpack_sharing_enabled":true,"tiered_pricing_type":"fixed","tiered_pricing_fixed_rules":[],"tiered_pricing_product_settings":{"layout":"default","base_unit_name":{"singular":null,"plural":null},"default_variation":null},"tiered_pricing_minimum_quantity":null,"tiered_pricing_roles_data":[],"tiered_pricing_percentage_rules":[],"tiered_pricing_maximum_quantity":null,"tiered_pricing_quantity_step":null,"_links":{"self":[{"href":"https:\/\/frvape.com\/de\/wp-json\/wp\/v2\/product\/8583","targetHints":{"allow":["GET"]}}],"collection":[{"href":"https:\/\/frvape.com\/de\/wp-json\/wp\/v2\/product"}],"about":[{"href":"https:\/\/frvape.com\/de\/wp-json\/wp\/v2\/types\/product"}],"replies":[{"embeddable":true,"href":"https:\/\/frvape.com\/de\/wp-json\/wp\/v2\/comments?post=8583"}],"wp:featuredmedia":[{"embeddable":true,"href":"https:\/\/frvape.com\/de\/wp-json\/wp\/v2\/media\/8577"}],"wp:attachment":[{"href":"https:\/\/frvape.com\/de\/wp-json\/wp\/v2\/media?parent=8583"}],"wp:term":[{"taxonomy":"product_brand","embeddable":true,"href":"https:\/\/frvape.com\/de\/wp-json\/wp\/v2\/product_brand?post=8583"},{"taxonomy":"product_cat","embeddable":true,"href":"https:\/\/frvape.com\/de\/wp-json\/wp\/v2\/product_cat?post=8583"},{"taxonomy":"product_tag","embeddable":true,"href":"https:\/\/frvape.com\/de\/wp-json\/wp\/v2\/product_tag?post=8583"}],"curies":[{"name":"wp","href":"https:\/\/api.w.org\/{rel}","templated":true}]}}