{"id":8775,"date":"2025-10-14T08:22:28","date_gmt":"2025-10-14T08:22:28","guid":{"rendered":"https:\/\/frvape.com\/product\/iget-bar-pro-10000-disposable-vape-10000-puffs-flavor-variety\/"},"modified":"2025-12-16T09:51:36","modified_gmt":"2025-12-16T09:51:36","slug":"iget-bar-pro-10000-wegwerfbare-vape-10000-puffs-geschmacksvielfalt","status":"publish","type":"product","link":"https:\/\/frvape.com\/de\/produkt\/iget-bar-pro-10000-wegwerfbare-vape-10000-puffs-geschmacksvielfalt\/","title":{"rendered":"IGET Bar Pro 10000 Einweg-Vape: 10.000 Z\u00fcge, Geschmacksvielfalt"},"content":{"rendered":"<h3>Einzigartiges Vape-Einmalerlebnis<\/h3>\n<p>Die <strong>IGET Bar Pro 10000<\/strong> definiert tragbares Vaping neu mit seiner <strong>au\u00dfergew\u00f6hnliche Leistung<\/strong> und schlankes Aluminiumdesign. Entwickelt von <strong>IGET Vape<\/strong>Dieses Ger\u00e4t, das in der Branche als f\u00fchrend gilt, gew\u00e4hrleistet <strong>10.000 s\u00e4ttigende Z\u00fcge<\/strong> angetrieben von einem <strong>2000mAh Akku<\/strong> und vorgef\u00fcllt mit <strong>20ml hochwertiges E-Liquid<\/strong>. Seine <strong>5% Nikotinkonzentration (50mg\/ml)<\/strong> bietet einen gleichm\u00e4\u00dfigen Kehlkopfschlag, w\u00e4hrend die <strong>leichte 93g Konstruktion<\/strong> und <strong>Ziehharmonikamechanismus<\/strong> garantieren eine m\u00fchelose Nutzung zu jeder Zeit und an jedem Ort. Perfekt f\u00fcr beide <strong>neue Dampfer<\/strong> und <strong>Experten<\/strong>kombiniert er Komfort mit erstklassigem Geschmack f\u00fcr einen un\u00fcbertroffenen Genuss. <strong>Reise mit dem Dampfer<\/strong>.<\/p>\n<h3>Wichtige Spezifikationen und Merkmale<\/h3>\n<p>- <strong>Marke<\/strong>: IGET<br \/>\n- <strong>Anzahl der Puffs<\/strong>: 10.000 Z\u00fcge<br \/>\n- <strong>Nikotinspiegel<\/strong>: 5% (50mg\/ml)<br \/>\n- <strong>E-Liquid Kapazit\u00e4t<\/strong>: 20ml<br \/>\n- <strong>Batteriebetrieb<\/strong>: 2000mAh<br \/>\n- <strong>Spulenwiderstand<\/strong>: 1.2\u03a9<br \/>\n- <strong>Material<\/strong>: Aluminium<br \/>\n- <strong>Gewicht<\/strong>: 93g<\/p>\n<p>Dieses Ger\u00e4t macht das Nachf\u00fcllen oder Aufladen \u00fcberfl\u00fcssig, dank seiner <strong>langlebige Batterie<\/strong> und <strong>gro\u00dfz\u00fcgige E-Liquid-Reserven<\/strong>und ist damit ideal f\u00fcr den mobilen Lebensstil. Die <strong>kompaktes Design<\/strong> verbessert die Tragbarkeit, ohne die Haltbarkeit zu beeintr\u00e4chtigen, und die <strong>gleichm\u00e4\u00dfige Spulenleistung<\/strong> sorgt f\u00fcr eine gleichbleibende Dampferzeugung w\u00e4hrend seiner gesamten Lebensdauer.<\/p>\n<h3>Exklusive Geschmacksauswahl<\/h3>\n<p>Tauchen Sie ein in ein vielf\u00e4ltiges Angebot an <strong>reiche Geschmackserlebnisse<\/strong> f\u00fcr jeden Gaumen zugeschnitten. Die <strong>IGET Bar Pro 10000<\/strong> bietet eine kuratierte Sammlung erstklassiger Geschmacksrichtungen:<\/p>\n<p>Himbeere Traube<br \/>\nBrombeere-Himbeere<br \/>\nKiwi-Ananas<br \/>\nGrapefruit-Guave-Zitrone-Eis<br \/>\nErdbeere-Himbeere<br \/>\nBlaubeereis<br \/>\nTraubeneis<br \/>\nErdbeer-Kiwi-Eis<br \/>\nBrombeere-Granatapfel-Kirsche<br \/>\nKirsche-Granatapfel<br \/>\nHeidelbeere-Himbeere<br \/>\nErdbeer-Wassermelonen-Eis<\/p>\n<p>Jede Geschmacksrichtung, wie zum Beispiel der frostige <strong>Eis-Varianten<\/strong> oder die spritzige <strong>Fruchtfusionen<\/strong>Er vereint tiefe, nuancierte Profile mit einem erfrischenden Abgang. Erleben Sie lebendige Noten wie herbe Himbeeren oder exotische Guaven, verst\u00e4rkt durch <strong>sanfte Nikotinabgabe<\/strong> f\u00fcr ultimative Zufriedenheit.<\/p>\n<h3>Vorteile und Gr\u00fcnde f\u00fcr die Wahl von IGET Bar Pro<\/h3>\n<p>Die Auswahl der <strong>IGET Bar Pro 10000<\/strong> bedeutet, in Zuverl\u00e4ssigkeit und Innovation zu investieren. Sein <strong>au\u00dfergew\u00f6hnliche Langlebigkeit<\/strong> reduziert Abfall und Kosten, w\u00e4hrend die <strong>erstklassige Verarbeitungsqualit\u00e4t<\/strong> gew\u00e4hrleistet Sicherheit und Leistung. Die <strong>benutzerfreundliches System mit Ziehfunktion<\/strong> macht das Dampfen intuitiv - einfach inhalieren und genie\u00dfen, ohne Kn\u00f6pfe oder Komplikationen. Ideal f\u00fcr den t\u00e4glichen Gebrauch, liefert es <strong>ununterbrochenes Vergn\u00fcgen<\/strong> und eine <strong>befriedigender Kehlkopfschlag<\/strong> die allen Vorlieben gerecht wird.<\/p>\n<p>Genie\u00dfen Sie Komfort und Geschmacksvielfalt mit IGET Bar Pro. Upgrade auf diesen herausragenden Riegel <strong>Einweg-Vape<\/strong> und genie\u00dfen Sie ein stressfreies, schmackhaftes Erlebnis, das Ihre Erwartungen \u00fcbertrifft.<\/p>","protected":false},"excerpt":{"rendered":"<h3>Premium Einweg-Vaping-L\u00f6sung<\/h3>\n<p>Die <strong>IGET Bar Pro 10000<\/strong> liefert <strong>10.000 Z\u00fcge<\/strong> mit einer <strong>2000mAh Akku<\/strong> und <strong>20ml Premium e-Fl\u00fcssigkeit<\/strong>. Viel Spa\u00df <strong>reiche Geschmacksrichtungen<\/strong> und <strong>sanfter Nikotinsto\u00df<\/strong> in einer leichten Ausf\u00fchrung.<\/p>","protected":false},"featured_media":8769,"comment_status":"open","ping_status":"closed","template":"","meta":[],"product_brand":[719],"product_cat":[720],"product_tag":[517,446,112,412,722,155],"class_list":{"0":"post-8775","1":"product","2":"type-product","3":"status-publish","4":"has-post-thumbnail","6":"product_brand-iget","7":"product_cat-iget-vape","8":"product_tag-10000-puffs","9":"product_tag-5-nicotine","10":"product_tag-disposable-vape","11":"product_tag-e-liquid","12":"product_tag-iget-bar-pro","13":"product_tag-vape-flavors","15":"first","16":"instock","17":"sale","18":"shipping-taxable","19":"purchasable","20":"product-type-variable"},"jetpack_sharing_enabled":true,"tiered_pricing_type":"fixed","tiered_pricing_fixed_rules":[],"tiered_pricing_product_settings":{"layout":"default","base_unit_name":{"singular":null,"plural":null},"default_variation":null},"tiered_pricing_minimum_quantity":null,"tiered_pricing_roles_data":[],"tiered_pricing_percentage_rules":[],"tiered_pricing_maximum_quantity":null,"tiered_pricing_quantity_step":null,"_links":{"self":[{"href":"https:\/\/frvape.com\/de\/wp-json\/wp\/v2\/product\/8775","targetHints":{"allow":["GET"]}}],"collection":[{"href":"https:\/\/frvape.com\/de\/wp-json\/wp\/v2\/product"}],"about":[{"href":"https:\/\/frvape.com\/de\/wp-json\/wp\/v2\/types\/product"}],"replies":[{"embeddable":true,"href":"https:\/\/frvape.com\/de\/wp-json\/wp\/v2\/comments?post=8775"}],"wp:featuredmedia":[{"embeddable":true,"href":"https:\/\/frvape.com\/de\/wp-json\/wp\/v2\/media\/8769"}],"wp:attachment":[{"href":"https:\/\/frvape.com\/de\/wp-json\/wp\/v2\/media?parent=8775"}],"wp:term":[{"taxonomy":"product_brand","embeddable":true,"href":"https:\/\/frvape.com\/de\/wp-json\/wp\/v2\/product_brand?post=8775"},{"taxonomy":"product_cat","embeddable":true,"href":"https:\/\/frvape.com\/de\/wp-json\/wp\/v2\/product_cat?post=8775"},{"taxonomy":"product_tag","embeddable":true,"href":"https:\/\/frvape.com\/de\/wp-json\/wp\/v2\/product_tag?post=8775"}],"curies":[{"name":"wp","href":"https:\/\/api.w.org\/{rel}","templated":true}]}}