{"id":9688,"date":"2025-10-31T16:01:45","date_gmt":"2025-10-31T16:01:45","guid":{"rendered":"https:\/\/frvape.com\/product\/mr-goodie-shisha-dual-mode-disposable-vape-30k-50k-puffs-with-mega-display\/"},"modified":"2025-12-16T08:28:34","modified_gmt":"2025-12-16T08:28:34","slug":"mr-goodie-shisha-dual-mode-einweg-vape-30k-50k-puffs-mit-mega-display","status":"publish","type":"product","link":"https:\/\/frvape.com\/de\/produkt\/mr-goodie-shisha-dual-mode-einweg-vape-30k-50k-puffs-mit-mega-display\/","title":{"rendered":"Mr.Goodie SHISHA Dual-Mode Einweg-Vape - 30K\/50K Puffs mit Mega-Display"},"content":{"rendered":"<h3>Premium Dual-Mode Vaping-Erlebnis<\/h3>\n<p>Die <strong>Herr Goodie SHISHA<\/strong> definiert den Komfort und die Anpassungsf\u00e4higkeit f\u00fcr Dampfer, die Vielseitigkeit suchen, neu. W\u00e4hlen Sie zwischen <strong>DTL-Modus<\/strong> (0,50\u03a9 Spule, 22W) f\u00fcr massive 30.000 wolkenfokussierte Z\u00fcge oder <strong>MTL-Modus<\/strong> (1.00\u03a9 Spule, 12W) f\u00fcr 50.000 zufriedenstellende Salz-Nikotin-Z\u00fcge - f\u00fcr alle Vaping-Vorlieben.<\/p>\n<h3>Erweiterte technische Spezifikationen<\/h3>\n<p>Angetrieben von einem robusten <strong>1.100mAh wiederaufladbare Batterie<\/strong> und vorgef\u00fcllt mit expansiven <strong>40ml e-Fl\u00fcssigkeit Kapazit\u00e4t<\/strong>genie\u00dfen Sie l\u00e4ngere Sitzungen ohne Unterbrechungen. Die <strong>Mega-Display<\/strong> bietet Echtzeit-\u00dcberwachung der Batterielebensdauer, des Fl\u00fcssigkeitsstands und des Puff-Z\u00e4hlers. Personalisieren Sie jede Inhalation mit Pr\u00e4zision <strong>einstellbare Luftstromregelung<\/strong> und schnell <strong>Typ-C-Laden<\/strong>.<\/p>\n<h3>Reichhaltige Geschmacksauswahl<\/h3>\n<p>Erh\u00e4ltlich in 12 leuchtenden Salz-Nikotin-Optionen:<br \/>\n&#8211; <strong>Liebe 66<\/strong><br \/>\n&#8211; <strong>Cranberry P. Zitrone<\/strong><br \/>\n&#8211; <strong>Fr\u00fcchte mischen<\/strong><br \/>\n&#8211; <strong>Weintrauben-Minze<\/strong><br \/>\n&#8211; <strong>Heidelbeere-Zitrone-Minze<\/strong><br \/>\n&#8211; <strong>Wassermelone Kaugummi<\/strong><br \/>\n&#8211; <strong>Cola Gummib\u00e4rchen<\/strong><br \/>\n&#8211; <strong>Doppelter Apfel<\/strong><br \/>\n&#8211; <strong>Drachenfrucht-Kaugummi<\/strong><br \/>\n&#8211; <strong>Blauer Razzia<\/strong><br \/>\n&#8211; <strong>Honigtau-Melonen-Eis<\/strong><br \/>\n&#8211; <strong>Erdbeere-Zitrone<\/strong><\/p>\n<h3>Warum SHISHA w\u00e4hlen?<\/h3>\n<p>Dieser Einwegdampfer kombiniert ultimative Flexibilit\u00e4t mit au\u00dfergew\u00f6hnlicher Kapazit\u00e4t. <strong>3mg\/6mg Salz Nikotin<\/strong> sorgt f\u00fcr sanfte Kehlkopfschl\u00e4ge f\u00fcr Anf\u00e4nger und Enthusiasten gleicherma\u00dfen. Mit seiner innovativen Dual-Coil-Leistung, schlanken Ergonomie und Flavor-Locking-Technologie, <strong>Herr Goodie SHISHA<\/strong> ist die ultimative Vaping-L\u00f6sung mit hoher Leistung f\u00fcr ganzt\u00e4gige Zufriedenheit. Geschmacksexzellenz neu definiert durch leistungsstarke Dampferzeugung und modernste Technik.<\/p>","protected":false},"excerpt":{"rendered":"<p><strong>Herr Goodie SHISHA<\/strong> bietet leistungsstarkes Dual-Mode-Vaping mit 30K <strong>DTL-Puffs<\/strong> oder 50K <strong>MTL pufft<\/strong>. Merkmale <strong>einstellbarer Luftstrom<\/strong>, <strong>Mega-Display<\/strong>, 40 ml Fassungsverm\u00f6gen und Typ-C-Aufladung.<\/p>","protected":false},"featured_media":9682,"comment_status":"open","ping_status":"closed","template":"","meta":[],"product_brand":[769],"product_cat":[873],"product_tag":[1022,1021,102,799,800,798,159],"class_list":{"0":"post-9688","1":"product","2":"type-product","3":"status-publish","4":"has-post-thumbnail","6":"product_brand-mr-goodie","7":"product_cat-mr-goodie","8":"product_tag-000-puffs-vape","9":"product_tag-1021","10":"product_tag-adjustable-airflow-vape","11":"product_tag-dual-mode-disposable-vape","12":"product_tag-mega-display-vape","13":"product_tag-mr-goodie-shisha","14":"product_tag-type-c-rechargeable-vape","16":"first","17":"instock","18":"sale","19":"shipping-taxable","20":"purchasable","21":"product-type-variable"},"jetpack_sharing_enabled":true,"tiered_pricing_type":"fixed","tiered_pricing_fixed_rules":[],"tiered_pricing_product_settings":{"layout":"default","base_unit_name":{"singular":null,"plural":null},"default_variation":null},"tiered_pricing_minimum_quantity":null,"tiered_pricing_roles_data":[],"tiered_pricing_percentage_rules":[],"tiered_pricing_maximum_quantity":null,"tiered_pricing_quantity_step":null,"_links":{"self":[{"href":"https:\/\/frvape.com\/de\/wp-json\/wp\/v2\/product\/9688","targetHints":{"allow":["GET"]}}],"collection":[{"href":"https:\/\/frvape.com\/de\/wp-json\/wp\/v2\/product"}],"about":[{"href":"https:\/\/frvape.com\/de\/wp-json\/wp\/v2\/types\/product"}],"replies":[{"embeddable":true,"href":"https:\/\/frvape.com\/de\/wp-json\/wp\/v2\/comments?post=9688"}],"wp:featuredmedia":[{"embeddable":true,"href":"https:\/\/frvape.com\/de\/wp-json\/wp\/v2\/media\/9682"}],"wp:attachment":[{"href":"https:\/\/frvape.com\/de\/wp-json\/wp\/v2\/media?parent=9688"}],"wp:term":[{"taxonomy":"product_brand","embeddable":true,"href":"https:\/\/frvape.com\/de\/wp-json\/wp\/v2\/product_brand?post=9688"},{"taxonomy":"product_cat","embeddable":true,"href":"https:\/\/frvape.com\/de\/wp-json\/wp\/v2\/product_cat?post=9688"},{"taxonomy":"product_tag","embeddable":true,"href":"https:\/\/frvape.com\/de\/wp-json\/wp\/v2\/product_tag?post=9688"}],"curies":[{"name":"wp","href":"https:\/\/api.w.org\/{rel}","templated":true}]}}