{"id":6833,"date":"2025-10-13T02:15:51","date_gmt":"2025-10-13T02:15:51","guid":{"rendered":"https:\/\/frvape.com\/?page_id=6833"},"modified":"2025-10-13T06:28:40","modified_gmt":"2025-10-13T06:28:40","slug":"acerca-de-nosotros","status":"publish","type":"page","link":"https:\/\/frvape.com\/es\/acerca-de-nosotros\/","title":{"rendered":"Qui\u00e9nes somos"},"content":{"rendered":"<div data-elementor-type=\"wp-page\" data-elementor-id=\"6833\" class=\"elementor elementor-6833\">\n\t\t\t\t<div class=\"elementor-element elementor-element-572db281 e-flex e-con-boxed e-con e-parent\" data-id=\"572db281\" data-element_type=\"container\">\n\t\t\t\t\t<div class=\"e-con-inner\">\n\t\t\t\t<div class=\"elementor-element elementor-element-21637a1a elementor-widget elementor-widget-text-editor\" data-id=\"21637a1a\" data-element_type=\"widget\" data-widget_type=\"text-editor.default\">\n\t\t\t\t\t\t\t\t\t<div style=\"width: 755px; max-width: 1570px; color: #232323; font-family: Lato, sans-serif;\">\n<h3 style=\"color: #0a0a0a; width: 755px;\">Compra a granel Vapes desechables en l\u00ednea de FR VAPE<\/h3>\n<\/div>\n<p dir=\"auto\" style=\"color: #232323; font-family: Lato, sans-serif;\">Bienvenido a<a href=\"https:\/\/frvape.com\/es\/\"><span style=\"color: #00aae7;\"> FR vape<\/span><\/a>su principal destino en l\u00ednea para <span style=\"color: #00ccff;\">FR<a style=\"background-color: rgba(255, 255, 255, 0); color: #00ccff;\" href=\"https:\/\/frvape.com\/es\/\">\u00a0vapes<\/a><\/span>. Con una rica historia que abarca m\u00e1s de 5 a\u00f1os en la industria, nos enorgullecemos de ofrecer una amplia gama de marcas de primer nivel como Bang King, Al Fakher Vape, Vapeme, Waspe, RandM Tornado, Bang Box, y m\u00e1s.<\/p>\n<p dir=\"auto\" style=\"color: #232323; font-family: Lato, sans-serif;\">En FR vapes, somos un referente de excelencia en el mundo del vapeo electr\u00f3nico. Nuestros productos han llegado a numerosos pa\u00edses de todo el mundo, un testimonio de nuestro compromiso con la calidad y la satisfacci\u00f3n del cliente. Como profesionales experimentados en el \u00e1mbito de la distribuci\u00f3n de cigarrillos electr\u00f3nicos, atendemos las necesidades tanto de minoristas como de mayoristas, garantizando que nuestros clientes reciban los mejores productos y servicios del mercado.<\/p>\n<p dir=\"auto\" style=\"color: #232323; font-family: Lato, sans-serif;\">Nuestra p\u00e1gina web,<a href=\"https:\/\/frvape.com\/es\/\"> FR vape.com,<\/a> sirve de centro neur\u00e1lgico para entusiastas y principiantes por igual, ofreciendo una experiencia de compra fluida y una amplia selecci\u00f3n de\u00a0<a style=\"background-color: rgba(255, 255, 255, 0); color: #1e73be;\" href=\"https:\/\/frvape.com\/es\/\">cigarrillo electr\u00f3nico desechable<\/a>\u00a0opciones. Tanto si busca las \u00faltimas innovaciones como los cl\u00e1sicos atemporales, FR vape es su socio de confianza en el mundo del vapeo.<\/p>\n<p dir=\"auto\" style=\"color: #232323; font-family: Lato, sans-serif;\">Acomp\u00e1\u00f1enos en este viaje mientras seguimos redefiniendo los est\u00e1ndares de excelencia en la\u00a0<a style=\"background-color: rgba(255, 255, 255, 0); color: #1e73be;\" href=\"https:\/\/frvape.com\/es\/\">vape desechable<\/a>\u00a0industria. Experimente la diferencia con Aiviouvapes, donde la calidad, la variedad y la satisfacci\u00f3n del cliente convergen a la perfecci\u00f3n.<\/p>\n<p>\u00a0<\/p>\n<p style=\"color: #232323; font-family: Lato, sans-serif;\"><span style=\"font-weight: bolder;\">WhatsApp:<\/span> +86 133 6063 1532<\/p>\t\t\t\t\t\t\t\t<\/div>\n\t\t\t\t\t<\/div>\n\t\t\t\t<\/div>\n\t\t\t\t<\/div>","protected":false},"excerpt":{"rendered":"<p>Bulk Buy Disposable Vapes Online from FR VAPE Welcome to FR vape, your premier online destination for FR\u00a0vapes. With a rich history spanning over 5 years in the industry, we take pride in offering a diverse range of top-tier brands such as Bang King, Al Fakher Vape, Vapeme, Waspe, RandM Tornado, Bang Box, and more. [&#8230;]","protected":false},"author":1,"featured_media":0,"parent":0,"menu_order":0,"comment_status":"closed","ping_status":"closed","template":"","meta":{"footnotes":""},"class_list":["post-6833","page","type-page","status-publish","hentry"],"jetpack_sharing_enabled":true,"_links":{"self":[{"href":"https:\/\/frvape.com\/es\/wp-json\/wp\/v2\/pages\/6833","targetHints":{"allow":["GET"]}}],"collection":[{"href":"https:\/\/frvape.com\/es\/wp-json\/wp\/v2\/pages"}],"about":[{"href":"https:\/\/frvape.com\/es\/wp-json\/wp\/v2\/types\/page"}],"author":[{"embeddable":true,"href":"https:\/\/frvape.com\/es\/wp-json\/wp\/v2\/users\/1"}],"replies":[{"embeddable":true,"href":"https:\/\/frvape.com\/es\/wp-json\/wp\/v2\/comments?post=6833"}],"version-history":[{"count":12,"href":"https:\/\/frvape.com\/es\/wp-json\/wp\/v2\/pages\/6833\/revisions"}],"predecessor-version":[{"id":7106,"href":"https:\/\/frvape.com\/es\/wp-json\/wp\/v2\/pages\/6833\/revisions\/7106"}],"wp:attachment":[{"href":"https:\/\/frvape.com\/es\/wp-json\/wp\/v2\/media?parent=6833"}],"curies":[{"name":"wp","href":"https:\/\/api.w.org\/{rel}","templated":true}]}}