{"id":6877,"date":"2025-10-13T02:41:12","date_gmt":"2025-10-13T02:41:12","guid":{"rendered":"https:\/\/frvape.com\/?page_id=6877"},"modified":"2025-10-17T07:21:24","modified_gmt":"2025-10-17T07:21:24","slug":"pongase-en-contacto-con","status":"publish","type":"page","link":"https:\/\/frvape.com\/es\/pongase-en-contacto-con\/","title":{"rendered":"P\u00f3ngase en contacto con nosotros"},"content":{"rendered":"<div data-elementor-type=\"wp-page\" data-elementor-id=\"6877\" class=\"elementor elementor-6877\">\n\t\t\t\t<div class=\"elementor-element elementor-element-5df79df e-flex e-con-boxed e-con e-parent\" data-id=\"5df79df\" data-element_type=\"container\">\n\t\t\t\t\t<div class=\"e-con-inner\">\n\t\t\t\t<div class=\"elementor-element elementor-element-1d57bab elementor-widget elementor-widget-text-editor\" data-id=\"1d57bab\" data-element_type=\"widget\" data-widget_type=\"text-editor.default\">\n\t\t\t\t\t\t\t\t\t<p>&nbsp; &nbsp; <span style=\"font-family: georgia, palatino, serif;\">&nbsp; &nbsp; Si tiene alguna pregunta, puede ponerse en contacto con nosotros a trav\u00e9s del mensaje de servicio al cliente, o dejar su informaci\u00f3n de contacto. Despu\u00e9s de recibir su informaci\u00f3n, vamos a organizar para el personal de servicio al cliente profesional para responder a su pregunta tan pronto como sea posible.nuestro n\u00famero de Whatsapp:<\/span><font face=\"georgia, palatino, serif\">+86 133 6063 1532<\/font><\/p>\t\t\t\t\t\t\t\t<\/div>\n\t\t\t\t\t<\/div>\n\t\t\t\t<\/div>\n\t\t<div class=\"elementor-element elementor-element-21471fdf e-flex e-con-boxed e-con e-parent\" data-id=\"21471fdf\" data-element_type=\"container\">\n\t\t\t\t\t<div class=\"e-con-inner\">\n\t\t\t\t<div class=\"elementor-element elementor-element-410ae6ca elementor-widget elementor-widget-text-editor\" data-id=\"410ae6ca\" data-element_type=\"widget\" data-widget_type=\"text-editor.default\">\n\t\t\t\t\t\t\t\t\t\t\t\t\t\t\t\t\t<\/div>\n\t\t\t\t\t<\/div>\n\t\t\t\t<\/div>\n\t\t<div class=\"elementor-element elementor-element-848f3e4 e-flex e-con-boxed e-con e-parent\" data-id=\"848f3e4\" data-element_type=\"container\">\n\t\t\t\t\t<div class=\"e-con-inner\">\n\t\t\t\t<div class=\"elementor-element elementor-element-9c50425 elementor-widget elementor-widget-heading\" data-id=\"9c50425\" data-element_type=\"widget\" data-widget_type=\"heading.default\">\n\t\t\t\t\t<h1 class=\"elementor-heading-title elementor-size-default\"><b>P\u00f3ngase en contacto con <\/b>Nosotros<\/h1>\t\t\t\t<\/div>\n\t\t<div class=\"elementor-element elementor-element-abb1e0e e-con-full e-flex e-con e-child\" data-id=\"abb1e0e\" data-element_type=\"container\">\n\t\t\t\t<div class=\"elementor-element elementor-element-68d3b67 elementor-widget elementor-widget-html\" data-id=\"68d3b67\" data-element_type=\"widget\" data-widget_type=\"html.default\">\n\t\t\t\t\t\n<div class=\"wpcf7 no-js\" id=\"wpcf7-f9019-o1\" lang=\"en-US\" dir=\"ltr\" data-wpcf7-id=\"9019\">\n<div class=\"screen-reader-response\"><p role=\"status\" aria-live=\"polite\" aria-atomic=\"true\"><\/p> <ul><\/ul><\/div>\n<form action=\"\/es\/wp-json\/wp\/v2\/pages\/6877#wpcf7-f9019-o1\" method=\"post\" class=\"wpcf7-form init\" aria-label=\"Contact form\" novalidate=\"novalidate\" data-status=\"init\" data-trp-original-action=\"\/es\/wp-json\/wp\/v2\/pages\/6877#wpcf7-f9019-o1\">\n<fieldset class=\"hidden-fields-container\"><input type=\"hidden\" name=\"_wpcf7\" value=\"9019\" \/><input type=\"hidden\" name=\"_wpcf7_version\" value=\"6.1.2\" \/><input type=\"hidden\" name=\"_wpcf7_locale\" value=\"en_US\" \/><input type=\"hidden\" name=\"_wpcf7_unit_tag\" value=\"wpcf7-f9019-o1\" \/><input type=\"hidden\" name=\"_wpcf7_container_post\" value=\"0\" \/><input type=\"hidden\" name=\"_wpcf7_posted_data_hash\" value=\"\" \/>\n<\/fieldset>\n<p><label> Su nombre<br \/>\n<span class=\"wpcf7-form-control-wrap\" data-name=\"your-name\"><input size=\"40\" maxlength=\"400\" class=\"wpcf7-form-control wpcf7-text wpcf7-validates-as-required\" autocomplete=\"name\" aria-required=\"true\" aria-invalid=\"false\" value=\"\" type=\"text\" name=\"your-name\" \/><\/span> <\/label>\n<\/p>\n<p><label> Tu correo electr\u00f3nico<br \/>\n<span class=\"wpcf7-form-control-wrap\" data-name=\"your-email\"><input size=\"40\" maxlength=\"400\" class=\"wpcf7-form-control wpcf7-email wpcf7-validates-as-required wpcf7-text wpcf7-validates-as-email\" autocomplete=\"email\" aria-required=\"true\" aria-invalid=\"false\" value=\"\" type=\"email\" name=\"your-email\" \/><\/span> <\/label>\n<\/p>\n<p><label> Asunto<br \/>\n<span class=\"wpcf7-form-control-wrap\" data-name=\"your-subject\"><input size=\"40\" maxlength=\"400\" class=\"wpcf7-form-control wpcf7-text wpcf7-validates-as-required\" aria-required=\"true\" aria-invalid=\"false\" value=\"\" type=\"text\" name=\"your-subject\" \/><\/span> <\/label>\n<\/p>\n<p><label> Su mensaje (opcional)<br \/>\n<span class=\"wpcf7-form-control-wrap\" data-name=\"your-message\"><textarea cols=\"40\" rows=\"10\" maxlength=\"2000\" class=\"wpcf7-form-control wpcf7-textarea\" aria-invalid=\"false\" name=\"your-message\"><\/textarea><\/span> <\/label>\n<\/p>\n<div class=\"wpcf7-turnstile cf-turnstile\" data-sitekey=\"0x4AAAAAAB7bVEn6Uvrh6uZQ\" data-response-field-name=\"_wpcf7_turnstile_response\"><\/div>\n<p><input class=\"wpcf7-form-control wpcf7-submit has-spinner\" type=\"submit\" value=\"Enviar\" \/>\n<\/p>\n<p>Este formulario utiliza Akismet para reducir el spam. <a target=\"_blank\" rel=\"nofollow noopener\" href=\"https:\/\/akismet.com\/privacy\/\">Sepa c\u00f3mo se procesan sus datos.<\/a>\n<\/p><p style=\"display: none !important;\" class=\"akismet-fields-container\" data-prefix=\"_wpcf7_ak_\"><label>&#916;<textarea name=\"_wpcf7_ak_hp_textarea\" cols=\"45\" rows=\"8\" maxlength=\"100\"><\/textarea><\/label><input type=\"hidden\" id=\"ak_js_1\" name=\"_wpcf7_ak_js\" value=\"59\"\/><script>document.getElementById( \"ak_js_1\" ).setAttribute( \"value\", ( new Date() ).getTime() );<\/script><\/p><div class=\"wpcf7-response-output\" aria-hidden=\"true\"><\/div>\n<input type=\"hidden\" name=\"trp-form-language\" value=\"es\"\/><\/form>\n<\/div>\n\t\t\t\t<\/div>\n\t\t\t\t<\/div>\n\t\t\t\t\t<\/div>\n\t\t\t\t<\/div>\n\t\t\t\t<\/div>","protected":false},"excerpt":{"rendered":"<p>&nbsp; &nbsp; &nbsp; &nbsp; If you have any questions, you can contact us through the customer service message, or leave your contact information. After receiving your information, we will arrange for professional customer service staff to reply to your question as soon as possible.Our Whatsapp number:+86 133 6063 1532 Contact Us<\/p>","protected":false},"author":1,"featured_media":0,"parent":0,"menu_order":0,"comment_status":"closed","ping_status":"closed","template":"","meta":{"footnotes":""},"class_list":["post-6877","page","type-page","status-publish","hentry"],"jetpack_sharing_enabled":true,"_links":{"self":[{"href":"https:\/\/frvape.com\/es\/wp-json\/wp\/v2\/pages\/6877","targetHints":{"allow":["GET"]}}],"collection":[{"href":"https:\/\/frvape.com\/es\/wp-json\/wp\/v2\/pages"}],"about":[{"href":"https:\/\/frvape.com\/es\/wp-json\/wp\/v2\/types\/page"}],"author":[{"embeddable":true,"href":"https:\/\/frvape.com\/es\/wp-json\/wp\/v2\/users\/1"}],"replies":[{"embeddable":true,"href":"https:\/\/frvape.com\/es\/wp-json\/wp\/v2\/comments?post=6877"}],"version-history":[{"count":17,"href":"https:\/\/frvape.com\/es\/wp-json\/wp\/v2\/pages\/6877\/revisions"}],"predecessor-version":[{"id":9022,"href":"https:\/\/frvape.com\/es\/wp-json\/wp\/v2\/pages\/6877\/revisions\/9022"}],"wp:attachment":[{"href":"https:\/\/frvape.com\/es\/wp-json\/wp\/v2\/media?parent=6877"}],"curies":[{"name":"wp","href":"https:\/\/api.w.org\/{rel}","templated":true}]}}