{"id":7184,"date":"2025-10-13T07:18:55","date_gmt":"2025-10-13T07:18:55","guid":{"rendered":"https:\/\/frvape.com\/?page_id=7184"},"modified":"2025-10-13T13:33:42","modified_gmt":"2025-10-13T13:33:42","slug":"condiciones","status":"publish","type":"page","link":"https:\/\/frvape.com\/es\/condiciones\/","title":{"rendered":"Terms &#038; Conditions"},"content":{"rendered":"<div data-elementor-type=\"wp-page\" data-elementor-id=\"7184\" class=\"elementor elementor-7184\">\n\t\t\t\t<div class=\"elementor-element elementor-element-34bbbe60 e-flex e-con-boxed e-con e-parent\" data-id=\"34bbbe60\" data-element_type=\"container\">\n\t\t\t\t\t<div class=\"e-con-inner\">\n\t\t\t\t<div class=\"elementor-element elementor-element-22ace100 elementor-widget elementor-widget-text-editor\" data-id=\"22ace100\" data-element_type=\"widget\" data-widget_type=\"text-editor.default\">\n\t\t\t\t\t\t\t\t\t\t\t\t\t\t\t\t\t<\/div>\n\t\t\t\t\t<\/div>\n\t\t\t\t<\/div>\n\t\t<div class=\"elementor-element elementor-element-c8b4cc4 e-flex e-con-boxed e-con e-parent\" data-id=\"c8b4cc4\" data-element_type=\"container\">\n\t\t\t\t\t<div class=\"e-con-inner\">\n\t\t\t\t<div class=\"elementor-element elementor-element-b1d3a85 elementor-widget elementor-widget-text-editor\" data-id=\"b1d3a85\" data-element_type=\"widget\" data-widget_type=\"text-editor.default\">\n\t\t\t\t\t\t\t\t\t<h3 data-start=\"85\" data-end=\"111\"><strong data-start=\"89\" data-end=\"111\">Condiciones generales<\/strong><\/h3>\n<p data-start=\"113\" data-end=\"411\">Bienvenido a <strong data-start=\"124\" data-end=\"135\">FR Vape<\/strong>\u00a1! Estos T\u00e9rminos y Condiciones (\"T\u00e9rminos\") rigen el uso de nuestro sitio web y la compra de productos de FR Vape. Al acceder o utilizar nuestro sitio web, usted acepta cumplir y estar obligado por estos T\u00e9rminos. Por favor, l\u00e9alos detenidamente antes de realizar cualquier compra o utilizar nuestro sitio web.<\/p>\n<hr data-start=\"413\" data-end=\"416\" \/>\n<h4 data-start=\"418\" data-end=\"449\"><strong data-start=\"423\" data-end=\"449\">1. Aceptaci\u00f3n de las condiciones<\/strong><\/h4>\n<p data-start=\"451\" data-end=\"651\">Utilizando <strong data-start=\"460\" data-end=\"474\">frvape.com<\/strong>Si no est\u00e1 de acuerdo con estas Condiciones, le rogamos que se abstenga de utilizar nuestro sitio web. Si usted no est\u00e1 de acuerdo con estos T\u00e9rminos, por favor abst\u00e9ngase de utilizar nuestro sitio web.<\/p>\n<hr data-start=\"653\" data-end=\"656\" \/>\n<h4 data-start=\"658\" data-end=\"685\"><strong data-start=\"663\" data-end=\"685\">2. Requisito de edad<\/strong><\/h4>\n<p data-start=\"687\" data-end=\"1013\">Debe tener al menos <strong data-start=\"708\" data-end=\"724\">21 a\u00f1os<\/strong> para comprar cualquier producto vaping de FR Vape. Al utilizar este sitio, usted confirma que tiene la edad legal en su jurisdicci\u00f3n para comprar y utilizar productos de vaping. Nos reservamos el derecho de verificar su edad en cualquier momento y negar el servicio a cualquier persona que no cumpla con los requisitos de edad legal.<\/p>\n<hr data-start=\"1015\" data-end=\"1018\" \/>\n<h4 data-start=\"1020\" data-end=\"1068\"><strong data-start=\"1025\" data-end=\"1068\">3. Informaci\u00f3n y disponibilidad del producto<\/strong><\/h4>\n<ul data-start=\"1070\" data-end=\"1642\">\n<li data-start=\"1070\" data-end=\"1297\">\n<p data-start=\"1072\" data-end=\"1297\"><strong data-start=\"1072\" data-end=\"1097\">Descripciones de los productos:<\/strong> Hacemos todo lo posible por describir con precisi\u00f3n los productos de nuestro sitio web. Sin embargo, no garantizamos que toda la informaci\u00f3n, incluidos precios, disponibilidad y descripciones, sea exacta o completa.<\/p>\n<\/li>\n<li data-start=\"1298\" data-end=\"1466\">\n<p data-start=\"1300\" data-end=\"1466\"><strong data-start=\"1300\" data-end=\"1317\">Disponibilidad:<\/strong> Todos los productos est\u00e1n sujetos a disponibilidad. Nos reservamos el derecho a modificar, interrumpir o limitar las cantidades de productos en cualquier momento sin previo aviso.<\/p>\n<\/li>\n<li data-start=\"1467\" data-end=\"1642\">\n<p data-start=\"1469\" data-end=\"1642\"><strong data-start=\"1469\" data-end=\"1481\">Precios:<\/strong> Los precios se indican en d\u00f3lares estadounidenses y pueden estar sujetos a cambios sin previo aviso. Cualquier cambio en los precios se reflejar\u00e1 en la p\u00e1gina del producto en el momento de la compra.<\/p>\n<\/li>\n<\/ul>\n<hr data-start=\"1644\" data-end=\"1647\" \/>\n<h4 data-start=\"1649\" data-end=\"1679\"><strong data-start=\"1654\" data-end=\"1679\">4. Pedidos y pagos<\/strong><\/h4>\n<ul data-start=\"1681\" data-end=\"2301\">\n<li data-start=\"1681\" data-end=\"1941\">\n<p data-start=\"1683\" data-end=\"1941\"><strong data-start=\"1683\" data-end=\"1704\">Aceptaci\u00f3n del pedido:<\/strong> Al realizar un pedido a trav\u00e9s de FR Vape, usted est\u00e1 haciendo una oferta de compra de productos. Nos reservamos el derecho de rechazar o cancelar cualquier pedido por cualquier raz\u00f3n, incluyendo problemas con el procesamiento de pagos, disponibilidad de productos, o sospecha de fraude.<\/p>\n<\/li>\n<li data-start=\"1942\" data-end=\"2130\">\n<p data-start=\"1944\" data-end=\"2130\"><strong data-start=\"1944\" data-end=\"1956\">Pago:<\/strong> Aceptamos diversos m\u00e9todos de pago, como tarjetas de cr\u00e9dito\/d\u00e9bito, PayPal y otras opciones que se indican al pagar. Los pagos deben realizarse en su totalidad en el momento de la compra.<\/p>\n<\/li>\n<li data-start=\"2131\" data-end=\"2301\">\n<p data-start=\"2133\" data-end=\"2301\"><strong data-start=\"2133\" data-end=\"2156\">Confirmaci\u00f3n del pedido:<\/strong> Tras realizar un pedido, recibir\u00e1 un correo electr\u00f3nico de confirmaci\u00f3n. No se trata de la aceptaci\u00f3n de su pedido, sino de un acuse de recibo.<\/p>\n<\/li>\n<\/ul>\n<hr data-start=\"2303\" data-end=\"2306\" \/>\n<h4 data-start=\"2308\" data-end=\"2341\"><strong data-start=\"2313\" data-end=\"2341\">5. 5. Env\u00edo y entrega<\/strong><\/h4>\n<ul data-start=\"2343\" data-end=\"2870\">\n<li data-start=\"2343\" data-end=\"2476\">\n<p data-start=\"2345\" data-end=\"2476\"><strong data-start=\"2345\" data-end=\"2364\">Gastos de env\u00edo:<\/strong> Los gastos de env\u00edo se calcular\u00e1n en el momento de pagar en funci\u00f3n de su direcci\u00f3n de env\u00edo y del m\u00e9todo de entrega elegido.<\/p>\n<\/li>\n<li data-start=\"2477\" data-end=\"2630\">\n<p data-start=\"2479\" data-end=\"2630\"><strong data-start=\"2479\" data-end=\"2497\">Plazo de entrega:<\/strong> Los plazos de entrega son estimaciones y pueden variar. No nos hacemos responsables de los retrasos causados por los transportistas o circunstancias fuera de nuestro control.<\/p>\n<\/li>\n<li data-start=\"2631\" data-end=\"2736\">\n<p data-start=\"2633\" data-end=\"2736\"><strong data-start=\"2633\" data-end=\"2652\">Seguimiento del pedido:<\/strong> Una vez enviado el pedido, recibir\u00e1 un n\u00famero de seguimiento para controlar el env\u00edo.<\/p>\n<\/li>\n<li data-start=\"2737\" data-end=\"2870\">\n<p data-start=\"2739\" data-end=\"2870\"><strong data-start=\"2739\" data-end=\"2766\">Env\u00edos internacionales:<\/strong> Ofrecemos env\u00edos internacionales, pero los plazos de entrega y los gastos de env\u00edo pueden variar en funci\u00f3n de su ubicaci\u00f3n.<\/p>\n<\/li>\n<\/ul>\n<hr data-start=\"2872\" data-end=\"2875\" \/>\n<h4 data-start=\"2877\" data-end=\"2908\"><strong data-start=\"2882\" data-end=\"2908\">6. 6. Devoluciones y reembolsos<\/strong><\/h4>\n<ul data-start=\"2910\" data-end=\"3249\">\n<li data-start=\"2910\" data-end=\"3073\">\n<p data-start=\"2912\" data-end=\"3073\"><strong data-start=\"2912\" data-end=\"2930\">Pol\u00edtica de devoluciones:<\/strong> Nuestra <strong data-start=\"2935\" data-end=\"2952\">Pol\u00edtica de reembolso<\/strong> describe las condiciones en las que puede devolver productos y solicitar un reembolso. Cons\u00faltela para obtener m\u00e1s informaci\u00f3n.<\/p>\n<\/li>\n<li data-start=\"3074\" data-end=\"3249\">\n<p data-start=\"3076\" data-end=\"3249\"><strong data-start=\"3076\" data-end=\"3107\">Art\u00edculos da\u00f1ados o defectuosos:<\/strong> Si su producto est\u00e1 da\u00f1ado o defectuoso a su llegada, p\u00f3ngase en contacto con nosotros inmediatamente y resolveremos el problema de acuerdo con nuestra pol\u00edtica de calidad. <strong data-start=\"3231\" data-end=\"3248\">Pol\u00edtica de reembolso<\/strong>.<\/p>\n<\/li>\n<\/ul>\n<hr data-start=\"3251\" data-end=\"3254\" \/>\n<h4 data-start=\"3256\" data-end=\"3282\"><strong data-start=\"3261\" data-end=\"3282\">7. Uso prohibido<\/strong><\/h4>\n<p data-start=\"3284\" data-end=\"3512\">Usted se compromete a no utilizar el sitio web FR Vape para ning\u00fan prop\u00f3sito ilegal o de cualquier manera que pueda da\u00f1ar, inutilizar o deteriorar el sitio web o interferir con el uso y disfrute del sitio por parte de terceros. Espec\u00edficamente, usted se compromete a no:<\/p>\n<ul data-start=\"3514\" data-end=\"3785\">\n<li data-start=\"3514\" data-end=\"3589\">\n<p data-start=\"3516\" data-end=\"3589\">Utilizar el sitio web con fines fraudulentos o para realizar actividades ilegales.<\/p>\n<\/li>\n<li data-start=\"3590\" data-end=\"3672\">\n<p data-start=\"3592\" data-end=\"3672\">Publicar o transmitir contenidos que sean da\u00f1inos, ofensivos o censurables por cualquier otro motivo.<\/p>\n<\/li>\n<li data-start=\"3673\" data-end=\"3785\">\n<p data-start=\"3675\" data-end=\"3785\">Intentar obtener acceso no autorizado a cualquier sistema o cuenta mediante pirater\u00eda inform\u00e1tica, extracci\u00f3n de contrase\u00f1as u otros medios.<\/p>\n<\/li>\n<\/ul>\n<hr data-start=\"3787\" data-end=\"3790\" \/>\n<h4 data-start=\"3792\" data-end=\"3825\"><strong data-start=\"3797\" data-end=\"3825\">8. 8. Propiedad intelectual<\/strong><\/h4>\n<p data-start=\"3827\" data-end=\"4079\">Todo el contenido del sitio web de FR Vape, incluidos logotipos, im\u00e1genes, texto y gr\u00e1ficos, es propiedad de FR Vape y est\u00e1 protegido por las leyes de derechos de autor. Usted no puede reproducir, modificar o distribuir cualquier contenido de nuestro sitio web sin nuestro consentimiento previo por escrito.<\/p>\n<hr data-start=\"4081\" data-end=\"4084\" \/>\n<h4 data-start=\"4086\" data-end=\"4121\"><strong data-start=\"4091\" data-end=\"4121\">9. 9. Limitaci\u00f3n de responsabilidad<\/strong><\/h4>\n<p data-start=\"4123\" data-end=\"4359\">FR Vape no se hace responsable de ning\u00fan da\u00f1o indirecto, incidental o consecuente derivado de su uso del sitio web o de su compra de productos en nuestro sitio. Nuestra responsabilidad se limita al importe pagado por los productos en cuesti\u00f3n.<\/p>\n<hr data-start=\"4361\" data-end=\"4364\" \/>\n<h4 data-start=\"4366\" data-end=\"4394\"><strong data-start=\"4371\" data-end=\"4394\">10. Indemnizaci\u00f3n<\/strong><\/h4>\n<p data-start=\"4396\" data-end=\"4618\">Usted se compromete a indemnizar y mantener FR Vape, sus afiliados, funcionarios y empleados de cualquier reclamaci\u00f3n, p\u00e9rdidas, responsabilidades o gastos derivados de su uso del sitio web o cualquier violaci\u00f3n de estos T\u00e9rminos y Condiciones.<\/p>\n<hr data-start=\"4620\" data-end=\"4623\" \/>\n<h4 data-start=\"4625\" data-end=\"4652\"><strong data-start=\"4630\" data-end=\"4652\">11. 11. Pol\u00edtica de privacidad<\/strong><\/h4>\n<p data-start=\"4654\" data-end=\"4854\">Su uso del sitio web se rige por nuestra <strong data-start=\"4697\" data-end=\"4715\">Pol\u00edtica de privacidad<\/strong>que se puede encontrar [aqu\u00ed]. Mediante el uso de FR Vape, usted acepta la recopilaci\u00f3n y el uso de su informaci\u00f3n como se indica en nuestra Pol\u00edtica de Privacidad.<\/p>\n<hr data-start=\"4856\" data-end=\"4859\" \/>\n<h4 data-start=\"4861\" data-end=\"4890\"><strong data-start=\"4866\" data-end=\"4890\">12. Cambios en las condiciones<\/strong><\/h4>\n<p data-start=\"4892\" data-end=\"5146\">Nos reservamos el derecho a modificar o actualizar estas Condiciones en cualquier momento y sin previo aviso. Cualquier cambio se publicar\u00e1 en esta p\u00e1gina, y las nuevas Condiciones entrar\u00e1n en vigor inmediatamente despu\u00e9s de su publicaci\u00f3n. Le recomendamos que revise estas Condiciones peri\u00f3dicamente.<\/p>\n<hr data-start=\"5148\" data-end=\"5151\" \/>\n<h4 data-start=\"5153\" data-end=\"5179\"><strong data-start=\"5158\" data-end=\"5179\">13. Ley aplicable<\/strong><\/h4>\n<p data-start=\"5181\" data-end=\"5392\">Estos T\u00e9rminos y Condiciones se rigen por las leyes de los Estados Unidos y del estado de [Insertar Estado]. Cualquier disputa que surja de estos T\u00e9rminos se resolver\u00e1 en los tribunales correspondientes ubicados en .<\/p>\t\t\t\t\t\t\t\t<\/div>\n\t\t\t\t\t<\/div>\n\t\t\t\t<\/div>\n\t\t\t\t<\/div>","protected":false},"excerpt":{"rendered":"<p>Terms &amp; Conditions Welcome to FR Vape! These Terms &amp; Conditions (&#8220;Terms&#8221;) govern your use of our website and the purchase of products from FR Vape. By accessing or using our website, you agree to comply with and be bound by these Terms. Please read them carefully before making any purchases or using our website. [&#8230;]","protected":false},"author":1,"featured_media":0,"parent":0,"menu_order":0,"comment_status":"closed","ping_status":"closed","template":"","meta":{"footnotes":""},"class_list":["post-7184","page","type-page","status-publish","hentry"],"jetpack_sharing_enabled":true,"_links":{"self":[{"href":"https:\/\/frvape.com\/es\/wp-json\/wp\/v2\/pages\/7184","targetHints":{"allow":["GET"]}}],"collection":[{"href":"https:\/\/frvape.com\/es\/wp-json\/wp\/v2\/pages"}],"about":[{"href":"https:\/\/frvape.com\/es\/wp-json\/wp\/v2\/types\/page"}],"author":[{"embeddable":true,"href":"https:\/\/frvape.com\/es\/wp-json\/wp\/v2\/users\/1"}],"replies":[{"embeddable":true,"href":"https:\/\/frvape.com\/es\/wp-json\/wp\/v2\/comments?post=7184"}],"version-history":[{"count":7,"href":"https:\/\/frvape.com\/es\/wp-json\/wp\/v2\/pages\/7184\/revisions"}],"predecessor-version":[{"id":7191,"href":"https:\/\/frvape.com\/es\/wp-json\/wp\/v2\/pages\/7184\/revisions\/7191"}],"wp:attachment":[{"href":"https:\/\/frvape.com\/es\/wp-json\/wp\/v2\/media?parent=7184"}],"curies":[{"name":"wp","href":"https:\/\/api.w.org\/{rel}","templated":true}]}}