{"id":7204,"date":"2025-10-13T07:27:19","date_gmt":"2025-10-13T07:27:19","guid":{"rendered":"https:\/\/frvape.com\/?page_id=7204"},"modified":"2025-10-13T07:29:31","modified_gmt":"2025-10-13T07:29:31","slug":"politica-de-edad","status":"publish","type":"page","link":"https:\/\/frvape.com\/es\/politica-de-edad\/","title":{"rendered":"Pol\u00edtica de edad"},"content":{"rendered":"<div data-elementor-type=\"wp-page\" data-elementor-id=\"7204\" class=\"elementor elementor-7204\">\n\t\t\t\t<div class=\"elementor-element elementor-element-7db4835c e-flex e-con-boxed e-con e-parent\" data-id=\"7db4835c\" data-element_type=\"container\">\n\t\t\t\t\t<div class=\"e-con-inner\">\n\t\t\t\t<div class=\"elementor-element elementor-element-1cc1a384 elementor-widget elementor-widget-text-editor\" data-id=\"1cc1a384\" data-element_type=\"widget\" data-widget_type=\"text-editor.default\">\n\t\t\t\t\t\t\t\t\t\t\t\t\t\t\t\t\t<\/div>\n\t\t\t\t\t<\/div>\n\t\t\t\t<\/div>\n\t\t<div class=\"elementor-element elementor-element-aa8a800 e-flex e-con-boxed e-con e-parent\" data-id=\"aa8a800\" data-element_type=\"container\">\n\t\t\t\t\t<div class=\"e-con-inner\">\n\t\t\t\t<div class=\"elementor-element elementor-element-22a10a8 elementor-widget elementor-widget-text-editor\" data-id=\"22a10a8\" data-element_type=\"widget\" data-widget_type=\"text-editor.default\">\n\t\t\t\t\t\t\t\t\t<h3 data-start=\"73\" data-end=\"91\"><strong data-start=\"77\" data-end=\"91\">Pol\u00edtica de edad<\/strong><\/h3>\n<p data-start=\"93\" data-end=\"368\">En <strong data-start=\"96\" data-end=\"107\">FR Vape<\/strong>Estamos comprometidos con la promoci\u00f3n del vapeo responsable. Debido a la naturaleza de nuestros productos, destinados a adultos, hemos implantado estrictos protocolos de verificaci\u00f3n de la edad para garantizar el cumplimiento de los requisitos legales y mantener la seguridad de nuestros clientes.<\/p>\n<hr data-start=\"370\" data-end=\"373\" \/>\n<h4 data-start=\"375\" data-end=\"402\"><strong data-start=\"380\" data-end=\"402\">1. Requisitos de edad<\/strong><\/h4>\n<ul data-start=\"404\" data-end=\"822\">\n<li data-start=\"404\" data-end=\"613\">\n<p data-start=\"406\" data-end=\"613\"><strong data-start=\"406\" data-end=\"422\">Edad m\u00ednima:<\/strong> Debe tener al menos <strong data-start=\"444\" data-end=\"460\">21 a\u00f1os<\/strong> comprar productos de vapeo en <strong data-start=\"498\" data-end=\"509\">FR Vape<\/strong>. Esto se ajusta a las leyes federales y estatales que regulan la venta de productos de tabaco y nicotina.<\/p>\n<\/li>\n<li data-start=\"614\" data-end=\"822\">\n<p data-start=\"616\" data-end=\"822\"><strong data-start=\"616\" data-end=\"637\">Verificaci\u00f3n de edad:<\/strong> Al utilizar nuestro sitio web y realizar una compra, usted confirma que tiene la edad legal en su jurisdicci\u00f3n para comprar productos de vapeo. Es posible que le pidamos una prueba de edad antes de procesar su pedido.<\/p>\n<\/li>\n<\/ul>\n<hr data-start=\"824\" data-end=\"827\" \/>\n<h4 data-start=\"829\" data-end=\"865\"><strong data-start=\"834\" data-end=\"865\">2. Proceso de verificaci\u00f3n de la edad<\/strong><\/h4>\n<p data-start=\"867\" data-end=\"1051\">Para garantizar el cumplimiento de las restricciones de edad, utilizamos un servicio de verificaci\u00f3n de edad de terceros. Este servicio verificar\u00e1 que usted es mayor de edad antes de que pueda completar su compra.<\/p>\n<ul data-start=\"1053\" data-end=\"1432\">\n<li data-start=\"1053\" data-end=\"1186\">\n<p data-start=\"1055\" data-end=\"1186\"><strong data-start=\"1055\" data-end=\"1075\">Realizaci\u00f3n de pedidos:<\/strong> Cuando realice un pedido en <strong data-start=\"1103\" data-end=\"1117\">frvape.com<\/strong>se le pedir\u00e1 que confirme que tiene al menos 21 a\u00f1os.<\/p>\n<\/li>\n<li data-start=\"1187\" data-end=\"1432\">\n<p data-start=\"1189\" data-end=\"1432\"><strong data-start=\"1189\" data-end=\"1217\">Verificaci\u00f3n adicional:<\/strong> Si es necesario, podemos pedirle que cargue una foto de su documento de identidad oficial para verificar su edad antes de procesar su pedido. Su documento de identidad solo se utilizar\u00e1 con fines de verificaci\u00f3n y no se almacenar\u00e1 en nuestro sistema.<\/p>\n<\/li>\n<\/ul>\n<hr data-start=\"1434\" data-end=\"1437\" \/>\n<h4 data-start=\"1439\" data-end=\"1472\"><strong data-start=\"1444\" data-end=\"1472\">3. Restricciones a la venta<\/strong><\/h4>\n<ul data-start=\"1474\" data-end=\"1991\">\n<li data-start=\"1474\" data-end=\"1658\">\n<p data-start=\"1476\" data-end=\"1658\"><strong data-start=\"1476\" data-end=\"1499\">Prohibida la venta a menores:<\/strong> No vendemos ning\u00fan producto de vapeo a menores de 21 a\u00f1os. Si usted es menor de edad, por favor abst\u00e9ngase de intentar comprar art\u00edculos de nuestro sitio web.<\/p>\n<\/li>\n<li data-start=\"1659\" data-end=\"1991\">\n<p data-start=\"1661\" data-end=\"1991\"><strong data-start=\"1661\" data-end=\"1691\">Restricciones geogr\u00e1ficas:<\/strong> Algunos pa\u00edses, regiones o estados pueden tener sus propias restricciones de edad para la venta de productos de vapeo. Es su responsabilidad comprobar y asegurarse de que se le permite comprar y utilizar productos vaping en su \u00e1rea. Nos reservamos el derecho a denegar el servicio a clientes de regiones con restricciones.<\/p>\n<\/li>\n<\/ul>\n<hr data-start=\"1993\" data-end=\"1996\" \/>\n<h4 data-start=\"1998\" data-end=\"2041\"><strong data-start=\"2003\" data-end=\"2041\">4. Impacto de las infracciones de la pol\u00edtica de edad<\/strong><\/h4>\n<ul data-start=\"2043\" data-end=\"2514\">\n<li data-start=\"2043\" data-end=\"2202\">\n<p data-start=\"2045\" data-end=\"2202\"><strong data-start=\"2045\" data-end=\"2068\">Denegaci\u00f3n de servicio:<\/strong> Si descubrimos que un cliente es menor de edad o ha infringido nuestra pol\u00edtica de edad, anularemos inmediatamente su pedido y le devolveremos el dinero.<\/p>\n<\/li>\n<li data-start=\"2203\" data-end=\"2370\">\n<p data-start=\"2205\" data-end=\"2370\"><strong data-start=\"2205\" data-end=\"2228\">Suspensi\u00f3n de la cuenta:<\/strong> Si se descubre que un cliente facilita datos falsos sobre su edad, se le podr\u00e1 suspender la cuenta o expulsar permanentemente de nuestro sitio web.<\/p>\n<\/li>\n<li data-start=\"2371\" data-end=\"2514\">\n<p data-start=\"2373\" data-end=\"2514\"><strong data-start=\"2373\" data-end=\"2396\">Consecuencias jur\u00eddicas:<\/strong> La violaci\u00f3n de las leyes relacionadas con la edad puede dar lugar a acciones legales de acuerdo con las leyes aplicables de su jurisdicci\u00f3n.<\/p>\n<\/li>\n<\/ul>\n<hr data-start=\"2516\" data-end=\"2519\" \/>\n<h4 data-start=\"2521\" data-end=\"2556\"><strong data-start=\"2526\" data-end=\"2556\">5. Responsabilidad parental<\/strong><\/h4>\n<p data-start=\"2558\" data-end=\"2815\">Si usted es un adulto que compra productos de vapeo para otra persona, es responsable de asegurarse de que el destinatario tambi\u00e9n tiene la edad legal para utilizar los productos. <strong data-start=\"2717\" data-end=\"2728\">FR Vape<\/strong> no se hace responsable de la venta o el uso indebido de productos por menores de edad.<\/p>\n<hr data-start=\"2817\" data-end=\"2820\" \/>\n<h4 data-start=\"2822\" data-end=\"2866\"><strong data-start=\"2827\" data-end=\"2866\">6. Compromiso con el vapeo responsable<\/strong><\/h4>\n<p data-start=\"2868\" data-end=\"3111\">En <strong data-start=\"2871\" data-end=\"2882\">FR Vape<\/strong>promovemos el uso responsable de los productos de vapeo. Animamos a los adultos a utilizar nuestros productos de acuerdo con las directrices de salud y seguridad. No apoyamos ni respaldamos el uso de productos de vapeo por menores de edad.<\/p>\n<p>9. Contacto<\/p>\n<p>Si tiene alguna pregunta o duda sobre esta Pol\u00edtica de privacidad, p\u00f3ngase en contacto con nosotros:<\/p>\n<p>Tel: +86 133 6063 1532<\/p>\n<p>Direcci\u00f3n:Room 312, No. 23, Wusha Xinle Road, Chang'an Town, Dongguan<\/p>\t\t\t\t\t\t\t\t<\/div>\n\t\t\t\t\t<\/div>\n\t\t\t\t<\/div>\n\t\t\t\t<\/div>","protected":false},"excerpt":{"rendered":"<p>Age Policy At FR Vape, we are committed to promoting responsible vaping. Due to the nature of our products, which are intended for adults, we have implemented strict age verification protocols to ensure compliance with legal requirements and to maintain the safety of our customers. 1. Age Requirement Minimum Age: You must be at least [&#8230;]","protected":false},"author":1,"featured_media":0,"parent":0,"menu_order":0,"comment_status":"closed","ping_status":"closed","template":"","meta":{"footnotes":""},"class_list":["post-7204","page","type-page","status-publish","hentry"],"jetpack_sharing_enabled":true,"_links":{"self":[{"href":"https:\/\/frvape.com\/es\/wp-json\/wp\/v2\/pages\/7204","targetHints":{"allow":["GET"]}}],"collection":[{"href":"https:\/\/frvape.com\/es\/wp-json\/wp\/v2\/pages"}],"about":[{"href":"https:\/\/frvape.com\/es\/wp-json\/wp\/v2\/types\/page"}],"author":[{"embeddable":true,"href":"https:\/\/frvape.com\/es\/wp-json\/wp\/v2\/users\/1"}],"replies":[{"embeddable":true,"href":"https:\/\/frvape.com\/es\/wp-json\/wp\/v2\/comments?post=7204"}],"version-history":[{"count":4,"href":"https:\/\/frvape.com\/es\/wp-json\/wp\/v2\/pages\/7204\/revisions"}],"predecessor-version":[{"id":7208,"href":"https:\/\/frvape.com\/es\/wp-json\/wp\/v2\/pages\/7204\/revisions\/7208"}],"wp:attachment":[{"href":"https:\/\/frvape.com\/es\/wp-json\/wp\/v2\/media?parent=7204"}],"curies":[{"name":"wp","href":"https:\/\/api.w.org\/{rel}","templated":true}]}}