{"id":7209,"date":"2025-10-13T07:30:07","date_gmt":"2025-10-13T07:30:07","guid":{"rendered":"https:\/\/frvape.com\/?page_id=7209"},"modified":"2025-10-13T07:32:55","modified_gmt":"2025-10-13T07:32:55","slug":"comprar-vapes-con-paypal","status":"publish","type":"page","link":"https:\/\/frvape.com\/es\/comprar-vapes-con-paypal\/","title":{"rendered":"Comprar Vapes con Paypal"},"content":{"rendered":"<div data-elementor-type=\"wp-page\" data-elementor-id=\"7209\" class=\"elementor elementor-7209\">\n\t\t\t\t<div class=\"elementor-element elementor-element-1fc0d9f2 e-flex e-con-boxed e-con e-parent\" data-id=\"1fc0d9f2\" data-element_type=\"container\">\n\t\t\t\t\t<div class=\"e-con-inner\">\n\t\t\t\t<div class=\"elementor-element elementor-element-7bd5de14 elementor-widget elementor-widget-text-editor\" data-id=\"7bd5de14\" data-element_type=\"widget\" data-widget_type=\"text-editor.default\">\n\t\t\t\t\t\t\t\t\t\t\t\t\t\t\t\t\t<\/div>\n\t\t\t\t\t<\/div>\n\t\t\t\t<\/div>\n\t\t<div class=\"elementor-element elementor-element-07d1529 e-flex e-con-boxed e-con e-parent\" data-id=\"07d1529\" data-element_type=\"container\">\n\t\t\t\t\t<div class=\"e-con-inner\">\n\t\t\t\t<div class=\"elementor-element elementor-element-6073f1f elementor-widget elementor-widget-text-editor\" data-id=\"6073f1f\" data-element_type=\"widget\" data-widget_type=\"text-editor.default\">\n\t\t\t\t\t\t\t\t\t<h3 data-start=\"153\" data-end=\"193\"><strong data-start=\"157\" data-end=\"193\">Comprar Vapes con PayPal en FR Vape<\/strong><\/h3>\n<p data-start=\"195\" data-end=\"315\">En <strong data-start=\"198\" data-end=\"209\">FR Vape<\/strong>le ofrecemos una forma c\u00f3moda y segura de comprar sus productos de vapeo favoritos utilizando <strong data-start=\"304\" data-end=\"314\">PayPal<\/strong>.<\/p>\n<hr data-start=\"317\" data-end=\"320\" \/>\n<h4 data-start=\"322\" data-end=\"360\"><strong data-start=\"327\" data-end=\"360\">C\u00f3mo comprar Vapes con PayPal:<\/strong><\/h4>\n<ol data-start=\"362\" data-end=\"1327\">\n<li data-start=\"362\" data-end=\"548\">\n<p data-start=\"365\" data-end=\"548\"><strong data-start=\"365\" data-end=\"391\">Explore nuestra colecci\u00f3n:<\/strong><br data-start=\"391\" data-end=\"394\" \/>Empieza por echar un vistazo a nuestra amplia selecci\u00f3n de vapes, e-l\u00edquidos, accesorios y mucho m\u00e1s. Una vez que haya encontrado los productos que desea, simplemente haga clic en <strong data-start=\"532\" data-end=\"547\">A\u00f1adir a la cesta<\/strong>.<\/p>\n<\/li>\n<li data-start=\"550\" data-end=\"722\">\n<p data-start=\"553\" data-end=\"722\"><strong data-start=\"553\" data-end=\"572\">Ir a la caja:<\/strong><br data-start=\"572\" data-end=\"575\" \/>Una vez que haya a\u00f1adido todo a su cesta, haga clic en el bot\u00f3n <strong data-start=\"635\" data-end=\"643\">Carrito<\/strong> icono y revise sus art\u00edculos. Aseg\u00farese de que todo est\u00e1 correcto antes de continuar.<\/p>\n<\/li>\n<li data-start=\"724\" data-end=\"898\">\n<p data-start=\"727\" data-end=\"898\"><strong data-start=\"727\" data-end=\"757\">Seleccione PayPal al pagar:<\/strong><br data-start=\"757\" data-end=\"760\" \/>Cuando llegue a la p\u00e1gina de pago, se le presentar\u00e1n varias opciones de pago. S\u00f3lo tiene que seleccionar <strong data-start=\"864\" data-end=\"874\">PayPal<\/strong> como forma de pago.<\/p>\n<\/li>\n<li data-start=\"900\" data-end=\"1104\">\n<p data-start=\"903\" data-end=\"1104\"><strong data-start=\"903\" data-end=\"923\">Inicie sesi\u00f3n en PayPal:<\/strong><br data-start=\"923\" data-end=\"926\" \/>Si a\u00fan no ha iniciado sesi\u00f3n en su cuenta PayPal, se le pedir\u00e1 que lo haga. Puede pagar de forma segura utilizando su saldo de PayPal, una cuenta bancaria vinculada o una tarjeta de cr\u00e9dito o d\u00e9bito.<\/p>\n<\/li>\n<li data-start=\"1106\" data-end=\"1327\">\n<p data-start=\"1109\" data-end=\"1327\"><strong data-start=\"1109\" data-end=\"1136\">Complete su compra:<\/strong><br data-start=\"1136\" data-end=\"1139\" \/>Tras iniciar sesi\u00f3n en PayPal, revise los datos de pago y confirme la compra. Recibir\u00e1 un <strong data-start=\"1242\" data-end=\"1264\">Confirmaci\u00f3n de pedido<\/strong> correo electr\u00f3nico de <strong data-start=\"1276\" data-end=\"1287\">FR Vape<\/strong> una vez que su pedido se haya realizado correctamente.<\/p>\n<\/li>\n<\/ol>\n<hr data-start=\"1329\" data-end=\"1332\" \/>\n<h4 data-start=\"1334\" data-end=\"1369\"><strong data-start=\"1339\" data-end=\"1369\">\u00bfPor qu\u00e9 utilizar PayPal en FR Vape?<\/strong><\/h4>\n<ul data-start=\"1371\" data-end=\"1747\">\n<li data-start=\"1371\" data-end=\"1509\">\n<p data-start=\"1373\" data-end=\"1509\"><strong data-start=\"1373\" data-end=\"1397\">Transacciones seguras:<\/strong> PayPal ofrece una forma segura de completar sus transacciones sin compartir sus datos de pago directamente con nosotros.<\/p>\n<\/li>\n<li data-start=\"1510\" data-end=\"1617\">\n<p data-start=\"1512\" data-end=\"1617\"><strong data-start=\"1512\" data-end=\"1528\">F\u00e1cil de usar:<\/strong> PayPal es un m\u00e9todo de pago sencillo y de gran confianza, que agiliza y facilita el proceso de pago.<\/p>\n<\/li>\n<li data-start=\"1618\" data-end=\"1747\">\n<p data-start=\"1620\" data-end=\"1747\"><strong data-start=\"1620\" data-end=\"1641\">Protecci\u00f3n del comprador:<\/strong> PayPal ofrece protecci\u00f3n al comprador para las transacciones que cumplan los requisitos, lo que garantiza su tranquilidad al comprar con nosotros.<\/p>\n<\/li>\n<\/ul>\n<hr data-start=\"1749\" data-end=\"1752\" \/>\n<h4 data-start=\"1754\" data-end=\"1779\"><strong data-start=\"1759\" data-end=\"1779\">Notas importantes:<\/strong><\/h4>\n<ul data-start=\"1781\" data-end=\"2085\">\n<li data-start=\"1781\" data-end=\"1944\">\n<p data-start=\"1783\" data-end=\"1944\"><strong data-start=\"1783\" data-end=\"1800\">Disponibilidad:<\/strong> PayPal est\u00e1 disponible para todos los pedidos nacionales. Algunas transacciones internacionales pueden requerir m\u00e9todos de pago alternativos dependiendo de la ubicaci\u00f3n.<\/p>\n<\/li>\n<li data-start=\"1945\" data-end=\"2085\">\n<p data-start=\"1947\" data-end=\"2085\"><strong data-start=\"1947\" data-end=\"1978\">Flexibilidad en la forma de pago:<\/strong> Si no dispone de saldo PayPal, puede vincular su tarjeta de cr\u00e9dito\/d\u00e9bito a su cuenta PayPal para realizar pagos.<\/p>\n<\/li>\n<\/ul>\n<hr data-start=\"2087\" data-end=\"2090\" \/>\n<h4 data-start=\"2092\" data-end=\"2111\"><strong data-start=\"2097\" data-end=\"2111\">\u00bfNecesita ayuda?<\/strong><\/h4>\n<p data-start=\"2113\" data-end=\"2236\">Si tiene alg\u00fan problema al pagar con PayPal o alguna pregunta, no dude en ponerse en contacto con nuestro equipo de atenci\u00f3n al cliente:<\/p>\n<ul data-start=\"2238\" data-end=\"2301\">\n<li data-start=\"2272\" data-end=\"2301\">\n<p data-start=\"2274\" data-end=\"2301\"><strong data-start=\"2274\" data-end=\"2284\">Tel\u00e9fono:<\/strong> +86 133 6063 1532<\/p>\n<\/li>\n<\/ul>\t\t\t\t\t\t\t\t<\/div>\n\t\t\t\t\t<\/div>\n\t\t\t\t<\/div>\n\t\t\t\t<\/div>","protected":false},"excerpt":{"rendered":"<p>Buy Vapes with PayPal at FR Vape At FR Vape, we offer a convenient and secure way for you to purchase your favorite vaping products using PayPal. How to Buy Vapes with PayPal: Browse Our Collection:Start by browsing our wide selection of vapes, e-liquids, accessories, and more. Once you&#8217;ve found the products you want, simply [&#8230;]","protected":false},"author":1,"featured_media":0,"parent":0,"menu_order":0,"comment_status":"closed","ping_status":"closed","template":"","meta":{"footnotes":""},"class_list":["post-7209","page","type-page","status-publish","hentry"],"jetpack_sharing_enabled":true,"_links":{"self":[{"href":"https:\/\/frvape.com\/es\/wp-json\/wp\/v2\/pages\/7209","targetHints":{"allow":["GET"]}}],"collection":[{"href":"https:\/\/frvape.com\/es\/wp-json\/wp\/v2\/pages"}],"about":[{"href":"https:\/\/frvape.com\/es\/wp-json\/wp\/v2\/types\/page"}],"author":[{"embeddable":true,"href":"https:\/\/frvape.com\/es\/wp-json\/wp\/v2\/users\/1"}],"replies":[{"embeddable":true,"href":"https:\/\/frvape.com\/es\/wp-json\/wp\/v2\/comments?post=7209"}],"version-history":[{"count":4,"href":"https:\/\/frvape.com\/es\/wp-json\/wp\/v2\/pages\/7209\/revisions"}],"predecessor-version":[{"id":7218,"href":"https:\/\/frvape.com\/es\/wp-json\/wp\/v2\/pages\/7209\/revisions\/7218"}],"wp:attachment":[{"href":"https:\/\/frvape.com\/es\/wp-json\/wp\/v2\/media?parent=7209"}],"curies":[{"name":"wp","href":"https:\/\/api.w.org\/{rel}","templated":true}]}}