{"id":11129,"date":"2025-11-02T04:33:56","date_gmt":"2025-11-02T04:33:56","guid":{"rendered":"https:\/\/frvape.com\/product\/vopk-tornado-15000-puffs-disposable-vape-pen-10-flavors-rechargeable\/"},"modified":"2025-11-02T04:34:10","modified_gmt":"2025-11-02T04:34:10","slug":"vopk-tornado-15000-caladas-vape-pen-desechable-10-sabores-recargable","status":"publish","type":"product","link":"https:\/\/frvape.com\/es\/producto\/vopk-tornado-15000-caladas-vape-pen-desechable-10-sabores-recargable\/","title":{"rendered":"VOPK TORNADO 15000 Puffs Vape Pen Desechable - 10 Sabores y Recargable"},"content":{"rendered":"<h3>La experiencia de vapeo m\u00e1s duradera<\/h3>\n<p>Presentaci\u00f3n de la <strong>VOPK TORNADO 15000<\/strong> - una revoluci\u00f3n en la tecnolog\u00eda de vaporizadores desechables. Con un <strong>bobina de malla avanzada<\/strong> y masiva <strong>Capacidad de 25 ml de e-l\u00edquido<\/strong>Este dispositivo ofrece una potencia sin precedentes de 15.000 caladas ricas y sabrosas. Fabricado con <strong>PC + adhesivo esmerilado<\/strong> combina una est\u00e9tica elegante con durabilidad.<\/p>\n<h3>Especificaciones de rendimiento Premium<\/h3>\n<p>Impulsado por un <strong>Bater\u00eda recargable de 850 mAh<\/strong> (modelo 17350) con swift <strong>Carga Tipo-C<\/strong>garantiza sesiones ininterrumpidas. El sitio <strong>Bobina de malla 1,00<\/strong> garantiza una producci\u00f3n de vapor constante <strong>flujo de aire ajustable<\/strong> te permite personalizar tu sorteo. Controla el uso sin esfuerzo a trav\u00e9s del <strong>doble pantalla<\/strong> que muestra en tiempo real los niveles de aceite y bater\u00eda.<\/p>\n<h3>Nicotina y sabores personalizables<\/h3>\n<p>Elija su ideal <strong>potencia de nicotina<\/strong>: 0% (sin nic), 2%, 3% o 5%. Explora 10 sabores exquisitos con nuestra tecnolog\u00eda de bobina de malla que intensifica cada nota:<\/p>\n<p><strong>Ar\u00e1ndano Frambuesa<br \/>Limonada rosa<br \/>Melocot\u00f3n Mango<br \/>Manzana \u00e1cida<br \/>Mezcla de bayas<br \/>Limonada Blue Razz<br \/>Fresa Frambuesa<br \/>Hielo de sand\u00eda<br \/>Kiwi Fruta de la pasi\u00f3n Guayaba<br \/>Sand\u00eda con fresa<\/strong><\/p>\n<h3>Dise\u00f1ado para la excelencia en vapeo<\/h3>\n<p>El TORNADO 15000 redefine la comodidad con una ingenier\u00eda a prueba de fugas y una portabilidad del tama\u00f1o de la palma de la mano. Perfecto para vapear todo el d\u00eda, su dise\u00f1o optimizado <strong>n\u00facleo de bobina de malla<\/strong> evita los pinchazos secos y maximiza la extracci\u00f3n de sabor. Experimenta el pin\u00e1culo de los vaporizadores desechables, donde la capacidad innovadora se une a la sofisticaci\u00f3n. <strong>funcionalidad de doble pantalla<\/strong> y una variedad de sabores sin igual.<\/p>","protected":false},"excerpt":{"rendered":"<p>Conoce la <strong>VOPK TORNADO 15000<\/strong> vape desechable con <strong>15.000 bocanadas<\/strong>, <strong>Capacidad de 25 ml<\/strong>y <strong>10 sabores<\/strong>. Caracter\u00edsticas <strong>flujo de aire ajustable<\/strong>, <strong>Carga Tipo-C<\/strong>y <strong>doble pantalla<\/strong> para vaping premium.<\/p>","protected":false},"featured_media":11123,"comment_status":"open","ping_status":"closed","template":"","meta":[],"product_brand":[787],"product_cat":[890],"product_tag":[429,892,102,77,84,891],"class_list":{"0":"post-11129","1":"product","2":"type-product","3":"status-publish","4":"has-post-thumbnail","6":"product_brand-vopk","7":"product_cat-vopk","8":"product_tag-15000-puffs-disposable-vape","9":"product_tag-25ml-e-liquid-capacity","10":"product_tag-adjustable-airflow-vape","11":"product_tag-mesh-coil-vape","12":"product_tag-rechargeable-vape-pen","13":"product_tag-vopk-tornado-15000","15":"first","16":"instock","17":"sale","18":"shipping-taxable","19":"purchasable","20":"product-type-variable"},"jetpack_sharing_enabled":true,"tiered_pricing_type":"fixed","tiered_pricing_fixed_rules":[],"tiered_pricing_product_settings":{"layout":"default","base_unit_name":{"singular":null,"plural":null},"default_variation":null},"tiered_pricing_minimum_quantity":null,"tiered_pricing_roles_data":[],"tiered_pricing_percentage_rules":[],"tiered_pricing_maximum_quantity":null,"tiered_pricing_quantity_step":null,"_links":{"self":[{"href":"https:\/\/frvape.com\/es\/wp-json\/wp\/v2\/product\/11129","targetHints":{"allow":["GET"]}}],"collection":[{"href":"https:\/\/frvape.com\/es\/wp-json\/wp\/v2\/product"}],"about":[{"href":"https:\/\/frvape.com\/es\/wp-json\/wp\/v2\/types\/product"}],"replies":[{"embeddable":true,"href":"https:\/\/frvape.com\/es\/wp-json\/wp\/v2\/comments?post=11129"}],"wp:featuredmedia":[{"embeddable":true,"href":"https:\/\/frvape.com\/es\/wp-json\/wp\/v2\/media\/11123"}],"wp:attachment":[{"href":"https:\/\/frvape.com\/es\/wp-json\/wp\/v2\/media?parent=11129"}],"wp:term":[{"taxonomy":"product_brand","embeddable":true,"href":"https:\/\/frvape.com\/es\/wp-json\/wp\/v2\/product_brand?post=11129"},{"taxonomy":"product_cat","embeddable":true,"href":"https:\/\/frvape.com\/es\/wp-json\/wp\/v2\/product_cat?post=11129"},{"taxonomy":"product_tag","embeddable":true,"href":"https:\/\/frvape.com\/es\/wp-json\/wp\/v2\/product_tag?post=11129"}],"curies":[{"name":"wp","href":"https:\/\/api.w.org\/{rel}","templated":true}]}}