{"id":11902,"date":"2025-11-02T09:17:12","date_gmt":"2025-11-02T09:17:12","guid":{"rendered":"https:\/\/frvape.com\/product\/zooy-twins-35000-disposable-vape-dual-flavor-35k-puffs-rechargeable\/"},"modified":"2025-11-02T09:17:22","modified_gmt":"2025-11-02T09:17:22","slug":"zooy-twins-35000-vape-desechable-sabor-dual-35k-puffs-recargable","status":"publish","type":"product","link":"https:\/\/frvape.com\/es\/producto\/zooy-twins-35000-vape-desechable-sabor-dual-35k-puffs-recargable\/","title":{"rendered":"Zooy Twins 35000 Vape Desechable - Sabor Dual, 35K Puffs, Recargable"},"content":{"rendered":"<h3>Revolucionaria experiencia de doble sabor<\/h3>\n<p>En <strong>Gemelos Zooy 35000<\/strong> redefine el vapeo desechable con innovadores <strong>Tecnolog\u00eda de sabor 2 en 1<\/strong> en un solo dispositivo. Disfrute de dos perfiles de sabor distintos simult\u00e1neamente para una versatilidad de vapeo y una exploraci\u00f3n del sabor sin precedentes.<\/p>\n<h3>Especificaciones de alto rendimiento<\/h3>\n<p>Impulsado por un <strong>Bater\u00eda recargable de 650 mAh<\/strong> con una r\u00e1pida <strong>Carga Tipo-C<\/strong>Este vape de \u00faltima generaci\u00f3n ofrece un rendimiento constante. El <strong>bobina de doble malla<\/strong> garantiza una rica producci\u00f3n de vapor y la integridad del sabor puro a lo largo de las 35.000 caladas. Monitor de uso a trav\u00e9s de la <strong>pantalla inteligente<\/strong> que muestra en tiempo real los niveles de bater\u00eda y e-l\u00edquido.<\/p>\n<h3>Dise\u00f1ados para la excelencia<\/h3>\n<p>Con unas dimensiones de 99,6 \u00d7 25 \u00d7 47 mm y un peso de 87 g, su dise\u00f1o ergon\u00f3mico se adapta c\u00f3modamente a la mano. Su construcci\u00f3n de primera calidad garantiza un suave golpe de garganta gracias a las f\u00f3rmulas de sales de nicotina 2%\/5%, proporcionando un suministro de nicotina satisfactorio sin concesiones.<\/p>\n<h3>Maridajes de sabores exclusivos<\/h3>\n<p>Descubra nuestras expertas combinaciones de sabores:<br \/>Melocot\u00f3n Mango Sand\u00eda y Drag\u00f3n Negro Helado<br \/>Love 66 &amp; Red Bull Fresa<br \/>Fresa, kiwi y bayas mixtas<br \/>Blue Razz Lim\u00f3n y Fresa Pl\u00e1tano<br \/>Hielo de sand\u00eda y hielo de cola<br \/>Fresa helada y limonada rosa<br \/>Hielo de ar\u00e1ndanos y pomelo<br \/>Fresa Sand\u00eda y Lim\u00f3n Lima<br \/>Mr Blue &amp; Mango Ice<br \/>Melocot\u00f3n helado y sand\u00eda con frambuesa<\/p>\n<h3>Vaping Premium simplificado<\/h3>\n<p>Este innovador <strong>vape desechable<\/strong> a\u00fana comodidad y sofisticaci\u00f3n, sin necesidad de rellenado ni mantenimiento. Cada caja contiene 200 unidades con un peso total de 17 kg para una distribuci\u00f3n eficiente. Eleve su viaje vaping con el \u00faltimo dispositivo de fusi\u00f3n de sabor construido para la satisfacci\u00f3n duradera.<\/p>","protected":false},"excerpt":{"rendered":"<p>Experimenta el vapeo de doble sabor con el <strong>Gemelos Zooy 35000<\/strong> dispositivo desechable. Disfrute de hasta <strong>35.000 bocanadas<\/strong>pantalla inteligente, y <strong>Tipo C recargable<\/strong> comodidad en un dise\u00f1o compacto de 87 g.<\/p>","protected":false},"featured_media":11896,"comment_status":"open","ping_status":"closed","template":"","meta":[],"product_brand":[97],"product_cat":[860],"product_tag":[936,112,381,115,190,935],"class_list":{"0":"post-11902","1":"product","2":"type-product","3":"status-publish","4":"has-post-thumbnail","6":"product_brand-zooy","7":"product_cat-zooy","8":"product_tag-35k-puffs","9":"product_tag-disposable-vape","10":"product_tag-dual-flavor-vape","11":"product_tag-rechargeable-vape","12":"product_tag-type-c-charging","13":"product_tag-zooy-twins-35000","15":"first","16":"instock","17":"sale","18":"shipping-taxable","19":"purchasable","20":"product-type-variable"},"jetpack_sharing_enabled":true,"tiered_pricing_type":"fixed","tiered_pricing_fixed_rules":[],"tiered_pricing_product_settings":{"layout":"default","base_unit_name":{"singular":null,"plural":null},"default_variation":null},"tiered_pricing_minimum_quantity":null,"tiered_pricing_roles_data":[],"tiered_pricing_percentage_rules":[],"tiered_pricing_maximum_quantity":null,"tiered_pricing_quantity_step":null,"_links":{"self":[{"href":"https:\/\/frvape.com\/es\/wp-json\/wp\/v2\/product\/11902","targetHints":{"allow":["GET"]}}],"collection":[{"href":"https:\/\/frvape.com\/es\/wp-json\/wp\/v2\/product"}],"about":[{"href":"https:\/\/frvape.com\/es\/wp-json\/wp\/v2\/types\/product"}],"replies":[{"embeddable":true,"href":"https:\/\/frvape.com\/es\/wp-json\/wp\/v2\/comments?post=11902"}],"wp:featuredmedia":[{"embeddable":true,"href":"https:\/\/frvape.com\/es\/wp-json\/wp\/v2\/media\/11896"}],"wp:attachment":[{"href":"https:\/\/frvape.com\/es\/wp-json\/wp\/v2\/media?parent=11902"}],"wp:term":[{"taxonomy":"product_brand","embeddable":true,"href":"https:\/\/frvape.com\/es\/wp-json\/wp\/v2\/product_brand?post=11902"},{"taxonomy":"product_cat","embeddable":true,"href":"https:\/\/frvape.com\/es\/wp-json\/wp\/v2\/product_cat?post=11902"},{"taxonomy":"product_tag","embeddable":true,"href":"https:\/\/frvape.com\/es\/wp-json\/wp\/v2\/product_tag?post=11902"}],"curies":[{"name":"wp","href":"https:\/\/api.w.org\/{rel}","templated":true}]}}