{"id":12357,"date":"2025-11-02T11:29:09","date_gmt":"2025-11-02T11:29:09","guid":{"rendered":"https:\/\/frvape.com\/product\/fizzy-50000-puffs-2-in-1-disposable-vape-with-dual-flavors\/"},"modified":"2025-12-16T09:23:40","modified_gmt":"2025-12-16T09:23:40","slug":"fizzy-50000-puffs-2-en-1-vape-desechable-con-doble-sabor","status":"publish","type":"product","link":"https:\/\/frvape.com\/es\/producto\/fizzy-50000-puffs-2-en-1-vape-desechable-con-doble-sabor\/","title":{"rendered":"Fizzy 50.000 Puffs 2 en 1 Vaporizador desechable con dos sabores"},"content":{"rendered":"<p>En <strong>Fizzy 50.000 Puffs<\/strong> El vaporizador desechable ofrece una longevidad y una flexibilidad de sabor inigualables. <strong>vape desechable<\/strong> entusiastas. Con una enorme capacidad de calada y un sistema de sabor dual, est\u00e1 dise\u00f1ado para ofrecer la m\u00e1xima satisfacci\u00f3n en cada calada.<\/p>\n<h3>Caracter\u00edsticas principales<\/h3>\n<p>Equipado con un <strong>bobina de malla<\/strong> para un vapor suave y consistente, este dispositivo incluye dos modos ajustables y configuraciones de flujo de aire para experiencias personalizadas. Su <strong>bater\u00eda recargable<\/strong> (850 mAh, Tipo-C) permite un uso prolongado, mientras que la pantalla LED controla la duraci\u00f3n de la bater\u00eda y los niveles de e-l\u00edquido. El dep\u00f3sito precargado de 50 ml ofrece un valor excepcional con opciones de nicotina de 2% o 5%, ideal para todos los vapeadores.<\/p>\n<h3>Variedad de sabores<\/h3>\n<p>Disfrute de esta emocionante combinaci\u00f3n <strong>Sabor 2 en 1<\/strong> opciones:<br \/>\nHielo de fresa, sand\u00eda y ar\u00e1ndanos<br \/>\nHielo de sand\u00eda y lima lim\u00f3n<br \/>\nFresa Kiwi Granada &amp; Red Bull<br \/>\nFresa helada y cereza efervescente<br \/>\nMelocot\u00f3n Mango Sand\u00eda y Fresa Pl\u00e1tano<br \/>\nSand\u00eda Helada &amp; Fresa Kiwi<br \/>\nHielo de ar\u00e1ndano, coco y uva<br \/>\nPi\u00f1a Melocot\u00f3n Fruta de la Pasi\u00f3n y Ar\u00e1ndano Frambuesa<br \/>\nHielo de frutas del bosque y melocot\u00f3n<br \/>\nLimonada Blue Razz &amp; Mel\u00f3n Triple<br \/>\nLimonada de frambuesa y helado de fresa<br \/>\nFrambuesa Sand\u00eda y Kiwi Fruta de la Pasi\u00f3n Guayaba<\/p>\n<h3>Especificaciones<\/h3>\n<p>Bocanadas: Hasta 50.000 caladas<br \/>\nSabores: 2 en 1 sabores duales<br \/>\nBobina: <strong>Bobina de malla<\/strong><br \/>\nModos: 2 modos ajustables<br \/>\nFlujo de aire: 2 configuraciones ajustables<br \/>\nCapacidad del e-l\u00edquido: 50ml<br \/>\nBater\u00eda: 850mAh <strong>bater\u00eda recargable<\/strong> (Tipo-C)<br \/>\nIntensidad de nicotina: 2%\/5%<br \/>\nPantalla: Pantalla LED<br \/>\nCaducidad: 2 a\u00f1os<br \/>\nTama\u00f1o del producto: 65 x 30 x 135 mm; Peso: 150 g\/unidad<br \/>\nEmbalaje: 10pcs\/caja, 120pcs\/ctn; Peso de la caja: 18kg\/ctn<\/p>\n<h3>\u00bfPor qu\u00e9 elegir el Fizzy 50K?<\/h3>\n<p>Ideal para viajes, fiestas o uso diario, este vape combina alto rendimiento con comodidad. Su larga duraci\u00f3n y su doble sabor garantizan una experiencia din\u00e1mica, por lo que es perfecto para el disfrute personal o la distribuci\u00f3n al por mayor. Consigue un vapor superior y un rico sabor con el <strong>Fizzy 50.000 Puffs<\/strong> Vapeador desechable 2 en 1.<\/p>","protected":false},"excerpt":{"rendered":"<p>Disfrute de una vaporizaci\u00f3n de larga duraci\u00f3n con el <strong>Fizzy 50.000 Puffs<\/strong> vape desechable.<br \/>\nTiene dos sabores, <strong>bobina de malla<\/strong> tecnolog\u00eda, y un <strong>bater\u00eda recargable<\/strong> para un uso prolongado.<br \/>\nPerfecto para disfrutar de su versatilidad y rico sabor sobre la marcha.<\/p>","protected":false},"featured_media":12351,"comment_status":"open","ping_status":"closed","template":"","meta":[],"product_brand":[124],"product_cat":[868],"product_tag":[1019,963,1021,112,962,372,342],"class_list":{"0":"post-12357","1":"product","2":"type-product","3":"status-publish","4":"has-post-thumbnail","6":"product_brand-fizzy","7":"product_cat-fizzy","8":"product_tag-000-puffs","9":"product_tag-2-in-1-flavor","10":"product_tag-1021","11":"product_tag-disposable-vape","12":"product_tag-fizzy-50000","13":"product_tag-mesh-coil","14":"product_tag-rechargeable-battery","16":"first","17":"instock","18":"sale","19":"shipping-taxable","20":"purchasable","21":"product-type-variable"},"jetpack_sharing_enabled":true,"tiered_pricing_type":"fixed","tiered_pricing_fixed_rules":[],"tiered_pricing_product_settings":{"layout":"default","base_unit_name":{"singular":null,"plural":null},"default_variation":null},"tiered_pricing_minimum_quantity":null,"tiered_pricing_roles_data":[],"tiered_pricing_percentage_rules":[],"tiered_pricing_maximum_quantity":null,"tiered_pricing_quantity_step":null,"_links":{"self":[{"href":"https:\/\/frvape.com\/es\/wp-json\/wp\/v2\/product\/12357","targetHints":{"allow":["GET"]}}],"collection":[{"href":"https:\/\/frvape.com\/es\/wp-json\/wp\/v2\/product"}],"about":[{"href":"https:\/\/frvape.com\/es\/wp-json\/wp\/v2\/types\/product"}],"replies":[{"embeddable":true,"href":"https:\/\/frvape.com\/es\/wp-json\/wp\/v2\/comments?post=12357"}],"wp:featuredmedia":[{"embeddable":true,"href":"https:\/\/frvape.com\/es\/wp-json\/wp\/v2\/media\/12351"}],"wp:attachment":[{"href":"https:\/\/frvape.com\/es\/wp-json\/wp\/v2\/media?parent=12357"}],"wp:term":[{"taxonomy":"product_brand","embeddable":true,"href":"https:\/\/frvape.com\/es\/wp-json\/wp\/v2\/product_brand?post=12357"},{"taxonomy":"product_cat","embeddable":true,"href":"https:\/\/frvape.com\/es\/wp-json\/wp\/v2\/product_cat?post=12357"},{"taxonomy":"product_tag","embeddable":true,"href":"https:\/\/frvape.com\/es\/wp-json\/wp\/v2\/product_tag?post=12357"}],"curies":[{"name":"wp","href":"https:\/\/api.w.org\/{rel}","templated":true}]}}