{"id":1241,"date":"2025-10-12T00:44:20","date_gmt":"2025-10-12T00:44:20","guid":{"rendered":"https:\/\/frvape.com\/product\/bang-36000-ice-blending-disposable-vape-adjustable-ice-level-36000-puffs-nicotine-options\/"},"modified":"2025-11-26T09:19:58","modified_gmt":"2025-11-26T09:19:58","slug":"bang-36000-ice-blending-vape-desechable-nivel-de-hielo-ajustable-36000-caladas-opciones-de-nicotina","status":"publish","type":"product","link":"https:\/\/frvape.com\/es\/producto\/bang-36000-ice-blending-vape-desechable-nivel-de-hielo-ajustable-36000-caladas-opciones-de-nicotina\/","title":{"rendered":"Bang 36000 Ice Blending Vape Desechable - Nivel de Hielo Ajustable, 36000 Puffs, Opciones de Nicotina"},"content":{"rendered":"<p>Descubra el revolucionario <strong>Bang 36000 Ice Blending Cigarrillo electr\u00f3nico desechable<\/strong>dise\u00f1ado para redefinir su viaje de vapeo con una flexibilidad y una longevidad inigualables. Este dispositivo de vanguardia combina tecnolog\u00eda avanzada con funciones f\u00e1ciles de usar, lo que garantiza una experiencia personalizada adaptada a sus preferencias. Tanto si te gustan las nubes como si eres un entusiasta de los sabores, este vapeador cumple en todos los niveles, ofreciendo una refrigeraci\u00f3n ajustable, un gran n\u00famero de caladas y diversas opciones de nicotina para la m\u00e1xima satisfacci\u00f3n.<br \/>Dise\u00f1ado para ser port\u00e1til y fiable, el <strong>Bang 36000 Mezclador de hielo<\/strong> destaca en el mercado por su elegante dise\u00f1o y robusta construcci\u00f3n. Se acabaron las recargas y las configuraciones complicadas: basta con sacarlo de la caja y disfrutar de un placer de vapeo ininterrumpido.<br \/>Descubra por qu\u00e9 este dispositivo se ha convertido en uno de los favoritos de los vapeadores de todo el mundo, ya que combina la comodidad con un rendimiento de primer nivel.<\/p>\n<h3>Por qu\u00e9 el nivel de hielo Bang 36000 cambia las reglas del juego<\/h3>\n<p>En <strong>Bang 36000 Mezclador de hielo<\/strong> transforma el vapeo en una aventura personalizable. Su <strong>nivel de hielo ajustable<\/strong> te permite ajustar con precisi\u00f3n la intensidad del enfriamiento, desde un sutil escalofr\u00edo hasta una r\u00e1faga \u00e1rtica, adapt\u00e1ndose a cada estado de \u00e1nimo y momento. Esta innovaci\u00f3n garantiza que tu vapeo nunca comprometa la frescura, proporcionando un golpe vigorizante con cada calada.<br \/>Con su <strong>potente bater\u00eda de 850 mAh<\/strong>Adem\u00e1s, el dispositivo admite sesiones de vapeo prolongadas sin necesidad de recargarlo constantemente, lo que resulta ideal para llevar un estilo de vida activo.<br \/>Y presumiendo de un <strong>Impresionante capacidad de 36 ml de e-l\u00edquido<\/strong>garantiza <strong>36000 bocanadas<\/strong> de vapor puro y rico. Esto significa que saborear\u00e1s cada momento antes de pensar en un reemplazo.<\/p>\n<h3>Especificaciones completas del producto<\/h3>\n<p><strong>PUFFS: 36000<\/strong><br \/><strong>E-l\u00edquido: 36ml<\/strong><br \/><strong>Resistencia: 1,0 ohm<\/strong><br \/><strong>Bater\u00eda: 850mAh<\/strong><br \/><strong>Carga: Puerto USB tipo C<\/strong><br \/><strong>Opciones de nicotina: 0%, 2%, 3% o 5%<\/strong><br \/>Estas especificaciones garantizan una longevidad y un rendimiento excepcionales: el <strong>Resistencia de 1,0 ohm<\/strong> proporciona una producci\u00f3n de vapor suave y constante, mientras que el <strong>Carga tipo C<\/strong> ofrece recargas r\u00e1pidas y fiables. Elige tu nivel de nicotina para una experiencia a medida, desde cero nicotina para los buscadores de sabor puro hasta potencias m\u00e1s altas para un fuerte golpe de garganta.<\/p>\n<h3>Caracter\u00edsticas clave que distinguen a este Vape<\/h3>\n<h3>Nivel de hielo ajustable para una refrigeraci\u00f3n personalizada<\/h3>\n<p>Con el innovador <strong>ajuste del hielo<\/strong> t\u00fa eres el jefe de tus vibraciones. A\u00f1ade un toque de sutil frescor o alcanza una explosi\u00f3n helada. Este control sin precedentes te permite adaptar la intensidad a tu gusto, garantizando que cada sesi\u00f3n sea \u00fanica, refrescante y vigorizante.<\/p>\n<h3>Bater\u00eda potente para vapear todo el d\u00eda<\/h3>\n<p>Desp\u00eddete de los problemas el\u00e9ctricos a mitad de sesi\u00f3n. En <strong>Bater\u00eda de 850 mAh<\/strong> est\u00e1 dise\u00f1ado para resistir, soportando horas de uso continuo con una sola carga. Rec\u00e1rgalo r\u00e1pidamente a trav\u00e9s de Type C (en menos de una hora) y disfruta de un vapeo sin preocupaciones que sigue el ritmo de tus d\u00edas m\u00e1s ajetreados.<\/p>\n<h3>Gran capacidad de e-l\u00edquido para infinitas caladas<\/h3>\n<p>Con una generosa <strong>36 ml de e-l\u00edquido<\/strong>este dispositivo promete un asombroso <strong>36000 bocanadas<\/strong>. Eso son semanas de placer para el usuario medio, minimizando la necesidad de recargas. Combinado con un dise\u00f1o a prueba de fugas, asegura que cada gota de e-l\u00edquido de primera calidad se vaporiza de manera eficiente, que le da el m\u00e1ximo valor y disfrute.<\/p>\n<h3>Niveles de nicotina personalizados para todos los gustos<\/h3>\n<p>Personaliza tu ingesta de nicotina con facilidad: desde un puro y relajante <strong>0% nicotina<\/strong> para un sabor sin adulterar, a <strong>2%, 3% o 5%<\/strong> para distintas intensidades de golpe. Esta flexibilidad hace que el <strong>Bang 36000 Mezclador de hielo<\/strong> ideal para principiantes, vapeadores experimentados y aquellos que est\u00e1n en transici\u00f3n desde el tabaco tradicional. Selecciona tu equilibrio perfecto y disfruta de la consistencia en cada calada.<\/p>\n<h3>Colecci\u00f3n Premium de E-L\u00edquidos<\/h3>\n<p>Sum\u00e9rjase en un abanico de <strong>sabores estimulantes<\/strong> elaborados para paladares diversos. Cada opci\u00f3n combina esencias naturales con toques creativos, garantizando experiencias de sabor v\u00edvidas. Aqu\u00ed est\u00e1 la lista completa de sabores de e-l\u00edquidos para el <strong>Bang 36000 Mezclador de hielo<\/strong>:<\/p>\n<ul>\n<li>Fresa helada<\/li>\n<li>Fresa Mango<\/li>\n<li>TRIPLE BERRY<\/li>\n<li>fresa pl\u00e1tano<\/li>\n<li>Pi\u00f1a Coco<\/li>\n<li>Hielo de ar\u00e1ndanos<\/li>\n<li>Sand\u00eda con fresa<\/li>\n<li>Ar\u00e1ndano Frambuesa<\/li>\n<li>Red Bull<\/li>\n<li>AMOR66<\/li>\n<li>Fresa Mango<\/li>\n<li>Hielo de sand\u00eda<\/li>\n<\/ul>\n<p>Con sabores que van desde los cl\u00e1sicos afrutados como <strong>Hielo de sand\u00eda<\/strong> a mezclas atrevidas como <strong>TRIPLE BERRY<\/strong> y energizante <strong>Red Bull<\/strong>hay algo para cada uno. Experimenta notas en capas que realzan el nivel de hielo ajustable, creando un viaje de vapeo multisensorial.<\/p>\n<h3>Por qu\u00e9 destaca la mezcladora de hielo Bang 36000<\/h3>\n<p>Si te apetece <strong>control<\/strong>, <strong>comodidad<\/strong>y <strong>variedad<\/strong>Este aparato es su mejor compa\u00f1ero. Su adaptabilidad brilla con la funci\u00f3n de ajuste de hielo, mientras que la <strong>36000 bocanadas de capacidad<\/strong> y su robusta construcci\u00f3n lo convierten en una inversi\u00f3n a largo plazo en placer. Tanto si buscas sensaciones fr\u00edas como aromas intensos, este vapeador es fiable, lo que lo convierte en una de las mejores opciones para los vapeadores de todo el mundo.<\/p>\n<h3>Preguntas frecuentes<\/h3>\n<p><strong>\u00bfCu\u00e1nto dura la bater\u00eda?<\/strong><br \/>En <strong>Bater\u00eda de 850 mAh<\/strong> proporciona energ\u00eda suficiente para un d\u00eda completo de vapeo intenso para la mayor\u00eda de los usuarios. Los tiempos de recarga son r\u00e1pidos con la conectividad de tipo C, con un promedio de menos de una hora para una recarga completa.<\/p>\n<p><strong>\u00bfPuedo ajustar el nivel de hielo durante el uso?<\/strong><br \/>\u00a1S\u00ed! El <strong>ajuste del hielo<\/strong> es intuitiva y accesible en cualquier momento. Basta con mantener pulsado el bot\u00f3n del dispositivo para pasar por los niveles de refrigeraci\u00f3n, lo que permite la personalizaci\u00f3n sobre la marcha sin interrumpir el flujo de vapeo.<\/p>\n<p><strong>\u00bfQu\u00e9 nivel de nicotina debo elegir?<\/strong><br \/><strong>0% nicotina<\/strong> es perfecto si desea un sabor vibrante sin ning\u00fan elemento adictivo.<br \/><strong>2% o 3% nicotina<\/strong> ofrece un golpe ligero y satisfactorio ideal para usuarios moderados.<br \/><strong>5% nicotina<\/strong> proporciona un potente golpe de garganta para aquellos que necesitan una patada m\u00e1s fuerte para imitar fumar tradicional.<\/p>\n<p><strong>\u00bfEste aparato es apto para principiantes?<\/strong><br \/>Absolutamente. Como vape desechable precargado, llega listo para usar con <strong>36 ml de e-l\u00edquido<\/strong>. Sin recargas, mezclas ni configuraciones complejas: s\u00f3lo inhala y saborea. Su funcionamiento con un solo bot\u00f3n y su claro indicador de carga hacen que el vapeo sea f\u00e1cil y agradable para los principiantes.<\/p>\n<p><strong>\u00bfQu\u00e9 sabor es el mejor?<\/strong><br \/>Ventiladores adoran <strong>Hielo de sand\u00eda<\/strong> o <strong>Fresa helada<\/strong> por sus perfiles refrescantes. Si prefiere experiencias atrevidas y ricas, <strong>TRIPLE BERRY<\/strong> y <strong>AMOR66<\/strong> ofrecen sabores complejos y vigorizantes. Con tantas opciones, rote los sabores para mantener la emoci\u00f3n.<\/p>\n<h3>Veredicto final<\/h3>\n<p>En <strong>Bang 36000 Mezclador de hielo<\/strong> est\u00e1 dise\u00f1ado para elevar su vapeo con caracter\u00edsticas innovadoras y calidad duradera. No es s\u00f3lo un dispositivo, es una actualizaci\u00f3n de estilo de vida que combina estilo, sustancia e inteligencia. Con su <strong>nivel de hielo ajustable<\/strong>Gracias a su larga vida \u00fatil y a sus vers\u00e1tiles opciones de nicotina, destaca en todos los \u00e1mbitos. Elija hoy mismo entre nuestra vibrante gama de sabores y disfrute de una aventura de vapeo m\u00e1s fresca, prolongada y personalizada.<\/p>","protected":false},"excerpt":{"rendered":"<p>Experimenta lo \u00faltimo en vaporizaci\u00f3n con el <strong>Bang 36000 Ice Blending Vape Desechable<\/strong>. Con un <strong>nivel de hielo ajustable<\/strong> para una refrigeraci\u00f3n personalizada, <strong>36000 bocanadas<\/strong> de 36 ml de e-l\u00edquido, y potencias de nicotina seleccionables de <strong>0%<\/strong>, <strong>2%<\/strong>, <strong>3%<\/strong>o <strong>5%<\/strong>. Perfecto para disfrutar todo el d\u00eda sin complicaciones con un potente <strong>Bater\u00eda de 850 mAh<\/strong>.<\/p>","protected":false},"featured_media":1235,"comment_status":"open","ping_status":"closed","template":"","meta":[],"product_brand":[107],"product_cat":[1072,17],"product_tag":[221,220,219,112,222,223],"class_list":{"0":"post-1241","1":"product","2":"type-product","3":"status-publish","4":"has-post-thumbnail","6":"product_brand-bang","7":"product_cat-bang","8":"product_cat-uncategorized","9":"product_tag-36000-puffs","10":"product_tag-adjustable-ice-level","11":"product_tag-bang-36000-ice-blending","12":"product_tag-disposable-vape","13":"product_tag-e-liquid-flavors","14":"product_tag-nicotine-vape","16":"first","17":"instock","18":"sale","19":"shipping-taxable","20":"purchasable","21":"product-type-variable"},"jetpack_sharing_enabled":true,"tiered_pricing_type":"fixed","tiered_pricing_fixed_rules":[],"tiered_pricing_product_settings":{"layout":"default","base_unit_name":{"singular":null,"plural":null},"default_variation":null},"tiered_pricing_minimum_quantity":null,"tiered_pricing_roles_data":[],"tiered_pricing_percentage_rules":[],"tiered_pricing_maximum_quantity":null,"tiered_pricing_quantity_step":null,"_links":{"self":[{"href":"https:\/\/frvape.com\/es\/wp-json\/wp\/v2\/product\/1241","targetHints":{"allow":["GET"]}}],"collection":[{"href":"https:\/\/frvape.com\/es\/wp-json\/wp\/v2\/product"}],"about":[{"href":"https:\/\/frvape.com\/es\/wp-json\/wp\/v2\/types\/product"}],"replies":[{"embeddable":true,"href":"https:\/\/frvape.com\/es\/wp-json\/wp\/v2\/comments?post=1241"}],"wp:featuredmedia":[{"embeddable":true,"href":"https:\/\/frvape.com\/es\/wp-json\/wp\/v2\/media\/1235"}],"wp:attachment":[{"href":"https:\/\/frvape.com\/es\/wp-json\/wp\/v2\/media?parent=1241"}],"wp:term":[{"taxonomy":"product_brand","embeddable":true,"href":"https:\/\/frvape.com\/es\/wp-json\/wp\/v2\/product_brand?post=1241"},{"taxonomy":"product_cat","embeddable":true,"href":"https:\/\/frvape.com\/es\/wp-json\/wp\/v2\/product_cat?post=1241"},{"taxonomy":"product_tag","embeddable":true,"href":"https:\/\/frvape.com\/es\/wp-json\/wp\/v2\/product_tag?post=1241"}],"curies":[{"name":"wp","href":"https:\/\/api.w.org\/{rel}","templated":true}]}}