{"id":12645,"date":"2025-11-02T11:56:41","date_gmt":"2025-11-02T11:56:41","guid":{"rendered":"https:\/\/frvape.com\/product\/fumot-tornado-20000-disposable-vape-kit-with-smart-led-screen\/"},"modified":"2026-03-25T10:50:13","modified_gmt":"2026-03-25T10:50:13","slug":"fumot-tornado-20000-kit-vape-desechable-con-pantalla-led-inteligente","status":"publish","type":"product","link":"https:\/\/frvape.com\/es\/producto\/fumot-tornado-20000-kit-vape-desechable-con-pantalla-led-inteligente\/","title":{"rendered":"Fumot Tornado 20000 Kit de Vape Desechable con Pantalla LED Inteligente"},"content":{"rendered":"<p>En <strong>Fumot Tornado 20000<\/strong> es un avanzado <strong>vape desechable<\/strong> precargado con 20 ml de e-l\u00edquido y que admite hasta 20.000 caladas. Ofrece 4 niveles de nicotina: 0%, 2%, 3% y 5%. Equipado con un <strong>Bater\u00eda de 900 mAh<\/strong> y un r\u00e1pido <strong>Puerto Tipo-C<\/strong>Este dispositivo garantiza un uso prolongado y una recarga sencilla. Experimenta una producci\u00f3n de vapor consistente con el innovador <strong>Bobina de malla doble<\/strong>que calienta uniformemente el e-l\u00edquido para mejorar el sabor. Su <strong>Pantalla LED inteligente<\/strong> muestra en tiempo real la duraci\u00f3n de la bater\u00eda y los niveles de l\u00edquido, proporcionando una experiencia de vapeo futurista y c\u00f3moda.<\/p>\n<h3>Pantalla de visualizaci\u00f3n inteligente<\/h3>\n<p>En <strong>Pantalla LED inteligente<\/strong> proporciona una visibilidad instant\u00e1nea del estado del dispositivo, permitiendo a los vapers realizar un seguimiento de <strong>duraci\u00f3n de la bater\u00eda<\/strong> y <strong>Nivel de e-l\u00edquido<\/strong> sin esfuerzo. Esta funci\u00f3n no s\u00f3lo a\u00f1ade un toque moderno, sino que tambi\u00e9n optimiza el control y la satisfacci\u00f3n del usuario.<\/p>\n<h3>Tecnolog\u00eda de doble bobina de malla<\/h3>\n<p>Con su <strong>bobina de doble malla<\/strong> el Fumot Tornado 20000 garantiza un calentamiento eficiente y uniforme del e-l\u00edquido. Esto crea un vapor m\u00e1s suave y rico y mantiene la consistencia del sabor durante miles de caladas.<\/p>\n<h3>Puerto Type-C y bater\u00eda<\/h3>\n<p>En <strong>Puerto Tipo-C<\/strong> permite la recarga r\u00e1pida, mientras que el robusto <strong>Bater\u00eda de 900 mAh<\/strong> permite m\u00faltiples recargas. Este combo te garantiza terminar hasta la \u00faltima gota de e-l\u00edquido sin tiempos muertos.<\/p>\n<h3>Sabores disponibles<\/h3>\n<p>Disfrute de una amplia selecci\u00f3n de 43 <strong>sabores para vapeo electr\u00f3nico<\/strong>: Sand\u00eda Helada, Fresa Kiwi, Cereza Lima, Algod\u00f3n de Az\u00facar, Pi\u00f1a Colada, Ar\u00e1ndano Frambuesa Caramelo Duro, Pera Helada, Melocot\u00f3n Mango Sand\u00eda, Skittles, Pepino Limonada, Pastel de Pl\u00e1tano, Lichi Hami Mel\u00f3n, Mezcla de Bayas, Fresa Sand\u00eda, Blue Razz, Pi\u00f1a Lim\u00f3n Manzana Verde, Melocot\u00f3n Pi\u00f1a Naranja, Fresa Helada, Huckleberry, Jelly Beans, Mr Blue, Cereza, Ar\u00e1ndano Frambuesa, Cereza Cola, Kiwi Maracuy\u00e1 Guayaba, Fresa Helada, Fresa Frambuesa Cereza Helada, Cereza Baya, Ar\u00e1ndano Frambuesa Agria, Melocot\u00f3n Baya, Osito de Gominola Blue Razz, Menta Fresca, Ar\u00e1ndano Helado, Cactus Helado, Uva Roja Lima, Cola Lim\u00f3n, Grosella Negra Manzana, Cactus Kiwi, Cola Helada, Mango Uva Helada, Ar\u00e1ndano Cactus Helado, Uva Kiwi, Manzana Pomelo.<\/p>","protected":false},"excerpt":{"rendered":"<p>En <strong>Fumot Tornado 20000<\/strong> es una prima <strong>vape desechable<\/strong> con un <strong>Pantalla LED inteligente<\/strong>, <strong>Bobina de malla doble<\/strong>y hasta 20.000 bocanadas de diversos sabores.<\/p>","protected":false},"featured_media":14167,"comment_status":"open","ping_status":"closed","template":"","meta":[],"product_brand":[186],"product_cat":[1016,885],"product_tag":[512,112,244,979,516,980],"class_list":{"0":"post-12645","1":"product","2":"type-product","3":"status-publish","4":"has-post-thumbnail","6":"product_brand-fumot","7":"product_cat-big-puffs-vapes","8":"product_cat-fumot","9":"product_tag-20000-puffs","10":"product_tag-disposable-vape","11":"product_tag-dual-mesh-coil","12":"product_tag-fumot-tornado","13":"product_tag-rechargeable","14":"product_tag-smart-led-screen","16":"first","17":"instock","18":"sale","19":"shipping-taxable","20":"purchasable","21":"product-type-variable"},"jetpack_sharing_enabled":true,"tiered_pricing_type":"fixed","tiered_pricing_fixed_rules":[],"tiered_pricing_product_settings":{"layout":"default","base_unit_name":{"singular":null,"plural":null},"default_variation":null},"tiered_pricing_minimum_quantity":null,"tiered_pricing_roles_data":[],"tiered_pricing_percentage_rules":[],"tiered_pricing_maximum_quantity":null,"tiered_pricing_quantity_step":null,"_links":{"self":[{"href":"https:\/\/frvape.com\/es\/wp-json\/wp\/v2\/product\/12645","targetHints":{"allow":["GET"]}}],"collection":[{"href":"https:\/\/frvape.com\/es\/wp-json\/wp\/v2\/product"}],"about":[{"href":"https:\/\/frvape.com\/es\/wp-json\/wp\/v2\/types\/product"}],"replies":[{"embeddable":true,"href":"https:\/\/frvape.com\/es\/wp-json\/wp\/v2\/comments?post=12645"}],"wp:featuredmedia":[{"embeddable":true,"href":"https:\/\/frvape.com\/es\/wp-json\/wp\/v2\/media\/14167"}],"wp:attachment":[{"href":"https:\/\/frvape.com\/es\/wp-json\/wp\/v2\/media?parent=12645"}],"wp:term":[{"taxonomy":"product_brand","embeddable":true,"href":"https:\/\/frvape.com\/es\/wp-json\/wp\/v2\/product_brand?post=12645"},{"taxonomy":"product_cat","embeddable":true,"href":"https:\/\/frvape.com\/es\/wp-json\/wp\/v2\/product_cat?post=12645"},{"taxonomy":"product_tag","embeddable":true,"href":"https:\/\/frvape.com\/es\/wp-json\/wp\/v2\/product_tag?post=12645"}],"curies":[{"name":"wp","href":"https:\/\/api.w.org\/{rel}","templated":true}]}}