{"id":13016,"date":"2025-11-02T12:15:55","date_gmt":"2025-11-02T12:15:55","guid":{"rendered":"https:\/\/frvape.com\/product\/fumot-tornado-25000-disposable-vape-25k-puffs-dual-mesh-coil-smart-touch-screen\/"},"modified":"2026-03-25T10:25:42","modified_gmt":"2026-03-25T10:25:42","slug":"fumot-tornado-25000-vape-desechable-25k-puffs-dual-mesh-coil-smart-touch-screen","status":"publish","type":"product","link":"https:\/\/frvape.com\/es\/producto\/fumot-tornado-25000-vape-desechable-25k-puffs-dual-mesh-coil-smart-touch-screen\/","title":{"rendered":"Fumot Tornado 25000 Disposable Vape - 25K Puffs, Dual Mesh Coil, Smart Touch Screen"},"content":{"rendered":"<h3>Una experiencia de vapeo revolucionaria<\/h3>\n<p>En <strong>Fumot Tornado 25000<\/strong> redefine los vapes desechables con su vanguardista <strong>pantalla t\u00e1ctil inteligente<\/strong> y <strong>bobina de doble malla<\/strong> dise\u00f1o. Con 20 ml de e-l\u00edquido de primera calidad, este dispositivo ofrece una extraordinaria <strong>25.000 bocanadas<\/strong> para satisfacer sus sesiones m\u00e1s largas. Seleccione su <strong>potencia de nicotina<\/strong> (0%, 2%, 3% o 5%) para una satisfacci\u00f3n personalizada.<\/p>\n<h3>Caracter\u00edsticas de alta tecnolog\u00eda<\/h3>\n<p><strong>Pantalla TFT de 1,77<\/strong> muestra en tiempo real los niveles de bater\u00eda y e-l\u00edquido<br \/>\n<strong>Controles t\u00e1ctiles<\/strong> - doble pulsaci\u00f3n para despertar, triple pulsaci\u00f3n para ajustar el vataje<br \/>\nActivaci\u00f3n cu\u00e1druple para un uso exclusivo <strong>modo de juego<\/strong> con dados cibern\u00e9ticos<br \/>\n<strong>Bobina de doble malla<\/strong> garantiza un calentamiento uniforme y un sabor intenso<br \/>\n<strong>Carga USB Tipo-C<\/strong> impulsa r\u00e1pidamente la <strong>Bater\u00eda de 700 mAh<\/strong><\/p>\n<h3>Gran selecci\u00f3n de sabores<\/h3>\n<p>Explora 26 tentadoras <strong>sabores de e-l\u00edquidos<\/strong>:<br \/>\nHielo negro<br \/>\nManzana doble<br \/>\nHelado de melocot\u00f3n jugoso<br \/>\nKiwi Fruta de la pasi\u00f3n Guayaba<br \/>\nAr\u00e1ndanos sobre hielo<br \/>\nDr. Azul<br \/>\nBomba de cereza<br \/>\nMelocot\u00f3n Mango Sand\u00eda<br \/>\nHielo de sand\u00eda<br \/>\nCaramelo de fresa y menta<br \/>\nPi\u00f1a helada<br \/>\nFresa helada<br \/>\nCasa de la Moneda de Miami<br \/>\nFresa Mango<br \/>\nCereza Cola<br \/>\nHielo de pl\u00e1tano<br \/>\nAr\u00e1ndano Frambuesa<br \/>\nHielo de uva<br \/>\nLimonada rosa<br \/>\nGominolas blancas<br \/>\nRed Bull de fresa<br \/>\nUva Lim\u00f3n<br \/>\nSand\u00eda con fresa<br \/>\nMenta fresca<br \/>\nHielo exuberante<br \/>\nTropical Rainbow Blast<\/p>\n<h3>Dise\u00f1ado para el rendimiento<\/h3>\n<p>A diferencia de los desechables tradicionales, el Tornado 25000 presenta <strong>comodidad recargable<\/strong> a trav\u00e9s de su <strong>Puerto Tipo-C<\/strong>evitando el desperdicio entre recargas. El <strong>tecnolog\u00eda de doble malla<\/strong> cubre 200% m\u00e1s superficie que las bobinas est\u00e1ndar, produciendo nubes m\u00e1s ricas y una profundidad de sabor consistente desde la primera hasta la \u00faltima calada. Combinado con la intuitiva <strong>navegaci\u00f3n t\u00e1ctil<\/strong> y personalizaci\u00f3n del vataje, es el vapeador desechable m\u00e1s inteligente del mercado.<\/p>","protected":false},"excerpt":{"rendered":"<p>Experimente lo \u00faltimo <strong>Fumot Tornado 25000<\/strong> vape desechable con <strong>25.000 bocanadas<\/strong> y <strong>bobina de doble malla<\/strong> tecnolog\u00eda. Disfruta de 26 sabores con <strong>pantalla t\u00e1ctil<\/strong> controles, <strong>carga r\u00e1pida Type-C<\/strong>y un <strong>Bater\u00eda de 700 mAh<\/strong> para un uso prolongado.<\/p>","protected":false},"featured_media":13010,"comment_status":"open","ping_status":"closed","template":"","meta":[],"product_brand":[186],"product_cat":[885],"product_tag":[74,112,244,985,115,986],"class_list":{"0":"post-13016","1":"product","2":"type-product","3":"status-publish","4":"has-post-thumbnail","6":"product_brand-fumot","7":"product_cat-fumot","8":"product_tag-25000-puff-vape","9":"product_tag-disposable-vape","10":"product_tag-dual-mesh-coil","11":"product_tag-fumot-tornado-25000","12":"product_tag-rechargeable-vape","13":"product_tag-touch-screen-vape","15":"first","16":"instock","17":"sale","18":"shipping-taxable","19":"purchasable","20":"product-type-variable"},"jetpack_sharing_enabled":true,"tiered_pricing_type":"fixed","tiered_pricing_fixed_rules":[],"tiered_pricing_product_settings":{"layout":"default","base_unit_name":{"singular":null,"plural":null},"default_variation":null},"tiered_pricing_minimum_quantity":null,"tiered_pricing_roles_data":[],"tiered_pricing_percentage_rules":[],"tiered_pricing_maximum_quantity":null,"tiered_pricing_quantity_step":null,"_links":{"self":[{"href":"https:\/\/frvape.com\/es\/wp-json\/wp\/v2\/product\/13016","targetHints":{"allow":["GET"]}}],"collection":[{"href":"https:\/\/frvape.com\/es\/wp-json\/wp\/v2\/product"}],"about":[{"href":"https:\/\/frvape.com\/es\/wp-json\/wp\/v2\/types\/product"}],"replies":[{"embeddable":true,"href":"https:\/\/frvape.com\/es\/wp-json\/wp\/v2\/comments?post=13016"}],"wp:featuredmedia":[{"embeddable":true,"href":"https:\/\/frvape.com\/es\/wp-json\/wp\/v2\/media\/13010"}],"wp:attachment":[{"href":"https:\/\/frvape.com\/es\/wp-json\/wp\/v2\/media?parent=13016"}],"wp:term":[{"taxonomy":"product_brand","embeddable":true,"href":"https:\/\/frvape.com\/es\/wp-json\/wp\/v2\/product_brand?post=13016"},{"taxonomy":"product_cat","embeddable":true,"href":"https:\/\/frvape.com\/es\/wp-json\/wp\/v2\/product_cat?post=13016"},{"taxonomy":"product_tag","embeddable":true,"href":"https:\/\/frvape.com\/es\/wp-json\/wp\/v2\/product_tag?post=13016"}],"curies":[{"name":"wp","href":"https:\/\/api.w.org\/{rel}","templated":true}]}}