{"id":13355,"date":"2025-11-02T12:44:55","date_gmt":"2025-11-02T12:44:55","guid":{"rendered":"https:\/\/frvape.com\/product\/bang-box-35000-puffs-disposable-vape-high-battery-35ml-flavor-power\/"},"modified":"2025-11-02T12:45:02","modified_gmt":"2025-11-02T12:45:02","slug":"bang-box-35000-caladas-vape-desechable-alta-bateria-35ml-potencia-sabor","status":"publish","type":"product","link":"https:\/\/frvape.com\/es\/producto\/bang-box-35000-caladas-vape-desechable-alta-bateria-35ml-potencia-sabor\/","title":{"rendered":"Bang Box 35000 Puffs Vape desechable - Bater\u00eda alta y 35ml de potencia de sabor"},"content":{"rendered":"<h3>Experimenta el m\u00e1ximo rendimiento de vapeo<\/h3>\n<p>En <strong>Bang Box 35000<\/strong> Puffs Vape Desechable est\u00e1 dise\u00f1ado para usuarios que exigen un rendimiento excepcional, potencia de larga duraci\u00f3n, y la satisfacci\u00f3n de sabor puro. Equipado con un <strong>Bater\u00eda de 950 mAh<\/strong> y un <strong>Velocidad de descarga de 5 A<\/strong>Este fiable dispositivo garantiza una producci\u00f3n de vapor constante y un rendimiento robusto para sesiones prolongadas. Perfecto para los entusiastas que buscan resistencia, proporciona hasta 35.000 caladas sin comprometer la calidad ni la suavidad.<\/p>\n<h3>Tecnolog\u00eda avanzada para un sabor intenso<\/h3>\n<p>Su tecnolog\u00eda punta <strong>sistema de calefacci\u00f3n<\/strong> combina un \u00fanico cable calefactor con <strong>bobina de doble malla<\/strong> que produce nubes gruesas y densas y sabores intensos y puros en cada calada. El enorme <strong>Capacidad de 35 ml de e-l\u00edquido<\/strong> reduce significativamente la necesidad de recargas o sustituciones, por lo que es ideal para usuarios intensivos y cazadores de sabor que buscan una comodidad sin igual. Tanto si buscas nubes intensas como sabores matizados, este vapeador ofrece una fiabilidad garantizada.<\/p>\n<h3>Construcci\u00f3n robusta y especificaciones<\/h3>\n<p>Con un peso de s\u00f3lo 105,5 g por dispositivo y 1100 g por caja, Bang Box 35000 destaca por su portabilidad y durabilidad. Estas son las especificaciones exactas: Capacidad de la bater\u00eda: <strong>950mAh<\/strong>Velocidad de descarga: 5A, Sistema de calefacci\u00f3n: Un solo cable calefactor, <strong>bobina de doble malla<\/strong>Capacidad de E-l\u00edquido: <strong>35 ml<\/strong>Peso neto por dispositivo: 105,5 g. Peso de la caja: 1100 g. Estas caracter\u00edsticas garantizan una mayor duraci\u00f3n al tiempo que ofrecen una opci\u00f3n de estilo de vida equilibrado.<\/p>\n<h3>Diversas opciones de sabores<\/h3>\n<p>Elige entre 12 emocionantes <strong>sabores para vapear<\/strong>disponible en varias concentraciones de nicotina: 0%, 2%, 3% y 5%. La lista de sabores incluye: 1. Fresa kiwi<br \/>2. Hielo razz azul<br \/>3. Sand\u00eda con fresas<br \/>4. 4. Fruta de la pasi\u00f3n<br \/>5. Refresco de cola con lim\u00f3n<br \/>6. Hielo de sand\u00eda<br \/>7. Chicle de sand\u00eda<br \/>8. Kiwi fruta de la pasi\u00f3n guayaba<br \/>9. Hielo de ar\u00e1ndanos<br \/>10. Sand\u00eda cereza<br \/>11. Toro rojo<br \/>12. Menta pomelo. Con tanta variedad, cada vapeador encuentra su combinaci\u00f3n perfecta para un disfrute personalizado.<\/p>\n<h3>Valor y atractivo insuperables<\/h3>\n<p>Dise\u00f1ado para el uso diario, el <strong>Bang Box 35000<\/strong> garantiza un vapeo sin esfuerzo gracias a su suave flujo de aire y a su impresionante salida de vapor. Su combinaci\u00f3n de alta capacidad, entrega consistente, y opciones de sabor lo convierten en un destacado en el mercado vape. Para sesiones satisfactorias y duraderas, este <strong>vape desechable<\/strong> redefine la comodidad manteniendo el placer en primer plano: una aut\u00e9ntica potencia en innovaci\u00f3n de vapor y estilo.<\/p>","protected":false},"excerpt":{"rendered":"<p>En <strong>Bang Box 35000<\/strong> ofrece hasta 35.000 caladas en un port\u00e1til, <strong>vape desechable<\/strong> con un <strong>Bater\u00eda de 950 mAh<\/strong> y <strong>Capacidad de 35 ml de e-l\u00edquido<\/strong> para <strong>duradero<\/strong> y un sabor excepcional.<\/p>","protected":false},"featured_media":13350,"comment_status":"open","ping_status":"closed","template":"","meta":[],"product_brand":[108],"product_cat":[995],"product_tag":[543,998,112,244,400,155],"class_list":{"0":"post-13355","1":"product","2":"type-product","3":"status-publish","4":"has-post-thumbnail","6":"product_brand-bangbox","7":"product_cat-bangbox","8":"product_tag-950mah-battery","9":"product_tag-bang-box-35000","10":"product_tag-disposable-vape","11":"product_tag-dual-mesh-coil","12":"product_tag-long-lasting-vape","13":"product_tag-vape-flavors","15":"first","16":"instock","17":"sale","18":"shipping-taxable","19":"purchasable","20":"product-type-variable"},"jetpack_sharing_enabled":true,"tiered_pricing_type":"fixed","tiered_pricing_fixed_rules":[],"tiered_pricing_product_settings":{"layout":"default","base_unit_name":{"singular":null,"plural":null},"default_variation":null},"tiered_pricing_minimum_quantity":null,"tiered_pricing_roles_data":[],"tiered_pricing_percentage_rules":[],"tiered_pricing_maximum_quantity":null,"tiered_pricing_quantity_step":null,"_links":{"self":[{"href":"https:\/\/frvape.com\/es\/wp-json\/wp\/v2\/product\/13355","targetHints":{"allow":["GET"]}}],"collection":[{"href":"https:\/\/frvape.com\/es\/wp-json\/wp\/v2\/product"}],"about":[{"href":"https:\/\/frvape.com\/es\/wp-json\/wp\/v2\/types\/product"}],"replies":[{"embeddable":true,"href":"https:\/\/frvape.com\/es\/wp-json\/wp\/v2\/comments?post=13355"}],"wp:featuredmedia":[{"embeddable":true,"href":"https:\/\/frvape.com\/es\/wp-json\/wp\/v2\/media\/13350"}],"wp:attachment":[{"href":"https:\/\/frvape.com\/es\/wp-json\/wp\/v2\/media?parent=13355"}],"wp:term":[{"taxonomy":"product_brand","embeddable":true,"href":"https:\/\/frvape.com\/es\/wp-json\/wp\/v2\/product_brand?post=13355"},{"taxonomy":"product_cat","embeddable":true,"href":"https:\/\/frvape.com\/es\/wp-json\/wp\/v2\/product_cat?post=13355"},{"taxonomy":"product_tag","embeddable":true,"href":"https:\/\/frvape.com\/es\/wp-json\/wp\/v2\/product_tag?post=13355"}],"curies":[{"name":"wp","href":"https:\/\/api.w.org\/{rel}","templated":true}]}}