{"id":13730,"date":"2025-11-02T13:05:15","date_gmt":"2025-11-02T13:05:15","guid":{"rendered":"https:\/\/frvape.com\/product\/bang-box-15000-disposable-vape-25ml-15k-puffs-mesh-coil-device\/"},"modified":"2025-11-02T13:05:35","modified_gmt":"2025-11-02T13:05:35","slug":"bang-box-15000-dispositivo-vape-desechable-25ml-15k-puffs-mesh-coil","status":"publish","type":"product","link":"https:\/\/frvape.com\/es\/producto\/bang-box-15000-dispositivo-vape-desechable-25ml-15k-puffs-mesh-coil\/","title":{"rendered":"Bang Box 15000 Disposable Vape | 25ml 15K Puffs Mesh Coil Device"},"content":{"rendered":"<h3>Soluci\u00f3n de vapeo de alto rendimiento<\/h3>\n<p>En <strong>Bang Box 15000<\/strong> Puffs Disposable Vape combina una longevidad excepcional con una tecnolog\u00eda avanzada. Dise\u00f1ado tanto para distribuidores como para usuarios exigentes, su <strong>Bater\u00eda 13450 de cobalto puro 650mAh<\/strong> con <strong>Velocidad de descarga de 5 A<\/strong> garantiza un rendimiento inquebrantable durante toda su vida \u00fatil.<\/p>\n<h3>Especificaciones de tecnolog\u00eda avanzada<\/h3>\n<p>1. Bater\u00eda: <strong>13450 - 650mAh<\/strong>cobalto puro, descarga de 5 A<br \/>2. Bobina de calentamiento: <strong>Bobina de malla de 0,8\u03a9<\/strong>, n\u00facleo \u00fanico calefacci\u00f3n \u00fanica<br \/>3. Capacidad de e-l\u00edquido: <strong>25 ml<\/strong><br \/>4. Peso neto: <strong>78g<\/strong> por dispositivo | Tama\u00f1o: <strong>118 \u00d7 60 \u00d7 21 mm<\/strong><br \/>5. Contenido de la caja: <strong>10 unidades\/caja<\/strong> (800g)<br \/>6. Cart\u00f3n: <strong>200 unidades<\/strong> (16.7kg) | Tama\u00f1o: <strong>64,5 \u00d7 24 \u00d7 26 cm<\/strong><\/p>\n<h3>Rica experiencia de sabor<\/h3>\n<p>Disfruta de nubes uniformemente suaves y de un sabor intenso gracias a nuestra gama de sabores premium:<br \/>Fresa uva, Triple baya hielo, Melocot\u00f3n hielo, Fresa kiwi<br \/>Mango melocot\u00f3n sand\u00eda, Fresa mango, Drag\u00f3n negro hielo<br \/>Hielo de sand\u00eda, Sand\u00eda fresa frambuesa, Blue razz ice, Mr blue<\/p>\n<h3>Dise\u00f1ado para la comodidad<\/h3>\n<p>En <strong>bobina de malla de n\u00facleo \u00fanico<\/strong> produce una densidad de vapor y una precisi\u00f3n de sabor inigualables, mientras que el generoso <strong>Capacidad de 25 ml<\/strong> elimina las sustituciones frecuentes. Con s\u00f3lo <strong>78g<\/strong> con dimensiones ultraport\u00e1tiles, este dispositivo ofrece <strong>15.000 bocanadas<\/strong> de satisfacci\u00f3n ininterrumpida. Optimizado para la eficiencia al por mayor con embalaje protector y tama\u00f1o de cart\u00f3n a granel.<\/p>","protected":false},"excerpt":{"rendered":"<p><strong>Bang Box 15000<\/strong> vape desechable entrega <strong>15.000 bocanadas<\/strong> con tecnolog\u00eda <strong>Bobina de malla de 0,8\u03a9<\/strong> tecnolog\u00eda.<br \/>Caracter\u00edsticas <strong>Bater\u00eda de cobalto de 650 mAh<\/strong> &amp; <strong>Capacidad de 25 ml de e-l\u00edquido<\/strong> en dise\u00f1o compacto.<br \/>Disponible en concentraciones de nicotina 0%\/2%\/3%\/5%.<\/p>","protected":false},"featured_media":13726,"comment_status":"open","ping_status":"closed","template":"","meta":[],"product_brand":[108],"product_cat":[995],"product_tag":[255,508,1009,112,77],"class_list":{"0":"post-13730","1":"product","2":"type-product","3":"status-publish","4":"has-post-thumbnail","6":"product_brand-bangbox","7":"product_cat-bangbox","8":"product_tag-15000-puffs-vape","9":"product_tag-25ml-e-liquid","10":"product_tag-bang-box-15000","11":"product_tag-disposable-vape","12":"product_tag-mesh-coil-vape","14":"first","15":"instock","16":"sale","17":"shipping-taxable","18":"purchasable","19":"product-type-variable"},"jetpack_sharing_enabled":true,"tiered_pricing_type":"fixed","tiered_pricing_fixed_rules":[],"tiered_pricing_product_settings":{"layout":"default","base_unit_name":{"singular":null,"plural":null},"default_variation":null},"tiered_pricing_minimum_quantity":null,"tiered_pricing_roles_data":[],"tiered_pricing_percentage_rules":[],"tiered_pricing_maximum_quantity":null,"tiered_pricing_quantity_step":null,"_links":{"self":[{"href":"https:\/\/frvape.com\/es\/wp-json\/wp\/v2\/product\/13730","targetHints":{"allow":["GET"]}}],"collection":[{"href":"https:\/\/frvape.com\/es\/wp-json\/wp\/v2\/product"}],"about":[{"href":"https:\/\/frvape.com\/es\/wp-json\/wp\/v2\/types\/product"}],"replies":[{"embeddable":true,"href":"https:\/\/frvape.com\/es\/wp-json\/wp\/v2\/comments?post=13730"}],"wp:featuredmedia":[{"embeddable":true,"href":"https:\/\/frvape.com\/es\/wp-json\/wp\/v2\/media\/13726"}],"wp:attachment":[{"href":"https:\/\/frvape.com\/es\/wp-json\/wp\/v2\/media?parent=13730"}],"wp:term":[{"taxonomy":"product_brand","embeddable":true,"href":"https:\/\/frvape.com\/es\/wp-json\/wp\/v2\/product_brand?post=13730"},{"taxonomy":"product_cat","embeddable":true,"href":"https:\/\/frvape.com\/es\/wp-json\/wp\/v2\/product_cat?post=13730"},{"taxonomy":"product_tag","embeddable":true,"href":"https:\/\/frvape.com\/es\/wp-json\/wp\/v2\/product_tag?post=13730"}],"curies":[{"name":"wp","href":"https:\/\/api.w.org\/{rel}","templated":true}]}}