{"id":13785,"date":"2025-11-02T13:06:56","date_gmt":"2025-11-02T13:06:56","guid":{"rendered":"https:\/\/frvape.com\/product\/aivono-aim-freak-13000-disposable-vape-20ml-e-liquid-13k-puffs\/"},"modified":"2025-11-02T13:07:10","modified_gmt":"2025-11-02T13:07:10","slug":"aivono-aim-freak-13000-vape-desechable-20ml-e-liquid-13k-puffs","status":"publish","type":"product","link":"https:\/\/frvape.com\/es\/producto\/aivono-aim-freak-13000-vape-desechable-20ml-e-liquid-13k-puffs\/","title":{"rendered":"Aivono AIM FREAK 13000 Vape Desechable | 20ml E-Liquid | 13K Puffs"},"content":{"rendered":"<h3>La experiencia de vapeo m\u00e1s duradera<\/h3>\n<p>Conoce la <strong>Aivono AIM FREAK 13000<\/strong>un sistema compacto y potente <strong>vape desechable<\/strong> dise\u00f1ado para los entusiastas del rendimiento. Ofrece un rendimiento <strong>13.000 bocanadas<\/strong> por dispositivo, esta potencia mantiene una intensidad de sabor y una producci\u00f3n de vapor constantes hasta la \u00faltima calada. Su tecnolog\u00eda <strong>Bobina de malla de 1,0\u03a9<\/strong> permite obtener sabores m\u00e1s ricos y nubes m\u00e1s densas en comparaci\u00f3n con las bobinas normales.<\/p>\n<h3>Dise\u00f1ado para rendir al m\u00e1ximo<\/h3>\n<p>Con una generosa <strong>20 ml de capacidad de e-l\u00edquido<\/strong> Con sus elegantes dimensiones (43\u00d7110 mm), este vape dura m\u00e1s sin dejar de ser port\u00e1til. El intuitivo <strong>Pantalla LED<\/strong> permite controlar en tiempo real la duraci\u00f3n de la bater\u00eda y el nivel de carga. Alimentar tus sesiones es un <strong>recargable<\/strong> <strong>Bater\u00eda de 600 mAh<\/strong> con <strong>Carga r\u00e1pida Tipo-C<\/strong> para un tiempo de inactividad cero entre usos. Personalice su experiencia con <strong>concentraciones de nicotina<\/strong>: 0%, 2%, 3% o 5%.<\/p>\n<h3>Exquisita selecci\u00f3n de sabores<\/h3>\n<p>Disfrute de lo mejor <strong>sabores de los cigarrillos electr\u00f3nicos<\/strong> incluyendo: Pi\u00f1a Mango Melocot\u00f3n, Blue Razz Ice, Uva Grosella, Zumo de Melocot\u00f3n, Fresa Ice, Pi\u00f1a Coco Ice, Limonada Rosa, Lush Bubble Gum, Fresa Kiwi y Sand\u00eda Ice. Cada sabor se elabora con la m\u00e1xima pureza y satisfacci\u00f3n sensorial.<\/p>\n<h3>Hecho para ti<\/h3>\n<p>Ideal para vapeadores viajeros, el AIM FREAK 13000 combina una gran capacidad con una portabilidad ergon\u00f3mica. Su superioridad t\u00e9cnica incluye: Caja Peque\u00f1a (55\u00d730\u00d7100mm), Caja Grande (159\u00d7109\u00d7102mm), y Dimensiones de la Caja (590\u00d7330\u00d7230mm @ 18kg\/200pcs). Experimente una entrega de sabor sin compromisos, una mayor duraci\u00f3n de la bater\u00eda y un dise\u00f1o inteligente: la actualizaci\u00f3n definitiva para <strong>bobina de malla<\/strong> que buscan la combinaci\u00f3n perfecta de innovaci\u00f3n y comodidad.<\/p>","protected":false},"excerpt":{"rendered":"<p>Aivono <strong>AIM FREAK 13000<\/strong> <strong>vape desechable<\/strong> entrega <strong>13.000 bocanadas<\/strong> con capacidad para 20 ml de e-l\u00edquido.<br \/>Caracter\u00edsticas <strong>Tipo C recargable<\/strong> Bater\u00eda de 600 mAh, 1,0\u03a9 <strong>bobina de malla<\/strong> y <strong>Pantalla LED<\/strong>.<br \/>Elija entre 10 sabores y 4 <strong>concentraciones de nicotina<\/strong> (0% a 5%).<\/p>","protected":false},"featured_media":13779,"comment_status":"open","ping_status":"closed","template":"","meta":[],"product_brand":[165],"product_cat":[951],"product_tag":[361,1010,112,592,77,159],"class_list":{"0":"post-13785","1":"product","2":"type-product","3":"status-publish","4":"has-post-thumbnail","6":"product_brand-aivono","7":"product_cat-aivono","8":"product_tag-13000-puff-vape","9":"product_tag-aivono-aim-freak-13000","10":"product_tag-disposable-vape","11":"product_tag-led-display-vape","12":"product_tag-mesh-coil-vape","13":"product_tag-type-c-rechargeable-vape","15":"first","16":"instock","17":"sale","18":"shipping-taxable","19":"purchasable","20":"product-type-variable"},"jetpack_sharing_enabled":true,"tiered_pricing_type":"fixed","tiered_pricing_fixed_rules":[],"tiered_pricing_product_settings":{"layout":"default","base_unit_name":{"singular":null,"plural":null},"default_variation":null},"tiered_pricing_minimum_quantity":null,"tiered_pricing_roles_data":[],"tiered_pricing_percentage_rules":[],"tiered_pricing_maximum_quantity":null,"tiered_pricing_quantity_step":null,"_links":{"self":[{"href":"https:\/\/frvape.com\/es\/wp-json\/wp\/v2\/product\/13785","targetHints":{"allow":["GET"]}}],"collection":[{"href":"https:\/\/frvape.com\/es\/wp-json\/wp\/v2\/product"}],"about":[{"href":"https:\/\/frvape.com\/es\/wp-json\/wp\/v2\/types\/product"}],"replies":[{"embeddable":true,"href":"https:\/\/frvape.com\/es\/wp-json\/wp\/v2\/comments?post=13785"}],"wp:featuredmedia":[{"embeddable":true,"href":"https:\/\/frvape.com\/es\/wp-json\/wp\/v2\/media\/13779"}],"wp:attachment":[{"href":"https:\/\/frvape.com\/es\/wp-json\/wp\/v2\/media?parent=13785"}],"wp:term":[{"taxonomy":"product_brand","embeddable":true,"href":"https:\/\/frvape.com\/es\/wp-json\/wp\/v2\/product_brand?post=13785"},{"taxonomy":"product_cat","embeddable":true,"href":"https:\/\/frvape.com\/es\/wp-json\/wp\/v2\/product_cat?post=13785"},{"taxonomy":"product_tag","embeddable":true,"href":"https:\/\/frvape.com\/es\/wp-json\/wp\/v2\/product_tag?post=13785"}],"curies":[{"name":"wp","href":"https:\/\/api.w.org\/{rel}","templated":true}]}}