{"id":1742,"date":"2025-10-12T02:18:55","date_gmt":"2025-10-12T02:18:55","guid":{"rendered":"https:\/\/frvape.com\/product\/aivono-aim-puffstar-6500-puffs-disposable-vape-13ml-rechargeable-device\/"},"modified":"2025-11-03T02:42:40","modified_gmt":"2025-11-03T02:42:40","slug":"aivono-aim-puffstar-6500-bocanadas-vape-desechable-13ml-dispositivo-recargable","status":"publish","type":"product","link":"https:\/\/frvape.com\/es\/producto\/aivono-aim-puffstar-6500-bocanadas-vape-desechable-13ml-dispositivo-recargable\/","title":{"rendered":"Aivono Aim Puffstar 6500 Puffs Vape Desechable: 13mL Dispositivo Recargable"},"content":{"rendered":"<h3>Revolucionaria experiencia de vapeo desechable<\/h3>\n<p>En <strong>AIVONO AIM PUFFSTAR 6500<\/strong> transforma el vapeo desechable con una resistencia y un rendimiento sin precedentes. Dise\u00f1ado para la m\u00e1xima satisfacci\u00f3n, este dispositivo de vanguardia ofrece un l\u00edder en la industria 6500 caladas - eliminando reemplazos constantes al tiempo que proporciona una consistencia excepcional.<\/p>\n<h3>Especificaciones t\u00e9cnicas<\/h3>\n<p>Impulsado por una <strong>Bater\u00eda de cobalto puro 13400<\/strong> central, este vape garantiza una entrega de potencia estable durante toda su vida \u00fatil. El avanzado <strong>Bobina de malla de 1,2\u03a9<\/strong> optimiza la distribuci\u00f3n del calor para intensificar el sabor y la producci\u00f3n de vapor denso. Con su generoso <strong>13mL de capacidad de e-l\u00edquido<\/strong> y unas dimensiones compactas de 50x80mm (pesa s\u00f3lo 75g), equilibra magistralmente el rendimiento con la portabilidad.<\/p>\n<h3>Dise\u00f1o inteligente y personalizaci\u00f3n<\/h3>\n<p>La recarga se realiza sin problemas a trav\u00e9s del <strong>Interfaz Tipo-C<\/strong>, ampliando la usabilidad al tiempo que se reducen los residuos. Las empresas se benefician de <strong>Asistencia OEM\/ODM<\/strong>lo que permite personalizar la marca y las especificaciones. La flexibilidad del embalaje incluye cajas protectoras peque\u00f1as (28x27x126 mm) y cajas de env\u00edo grandes (60x141x129 mm) con capacidad para 200 unidades.<\/p>\n<h3>Control preciso de la nicotina<\/h3>\n<p>Atiende a las distintas preferencias con <strong>sal de nicotina<\/strong> concentraciones: <strong>0%<\/strong> para disfrutar sin nicotina, <strong>2%<\/strong> para usuarios moderados, y potente <strong>5%<\/strong> opciones para satisfacer los antojos. Esta versatilidad hace que el dispositivo sea ideal tanto para fumadores en transici\u00f3n como para vapeadores experimentados.<\/p>\n<h3>L\u00ednea de sabores premium<\/h3>\n<p>Explore los sabores elaborados por expertos de Aivono en un viaje sensorial:<br \/>- <strong>Mango mixto<\/strong><br \/>- <strong>Caramelos mentolados<\/strong><br \/>- <strong>Zumo de melocot\u00f3n<\/strong><br \/>- <strong>Blue Razz Berry<\/strong><br \/>- <strong>Mezcla de bayas<\/strong><br \/>- <strong>Fresa helada<\/strong><br \/>- <strong>Sand\u00eda<\/strong><br \/>- <strong>Coco Mel\u00f3n<\/strong><br \/>- <strong>Fresa Kiwi<\/strong><br \/>- <strong>Bebida energ\u00e9tica<\/strong><\/p>\n<h3>Ventajas de rendimiento sin precedentes<\/h3>\n<p>En <strong>Bater\u00eda recargable de 400 mAh<\/strong> garantiza un rendimiento sostenido en todas las caladas de 6500, mientras que el <strong>tecnolog\u00eda de n\u00facleo de malla<\/strong> evita los golpes secos y mantiene la integridad del e-l\u00edquido. Pruebas rigurosas garantizan una construcci\u00f3n a prueba de fugas, por lo que es fiable durante los viajes o desplazamientos diarios. El dise\u00f1o ergon\u00f3mico de la boquilla permite prolongar c\u00f3modamente las sesiones.<\/p>\n<h3>Innovaci\u00f3n con conciencia ecol\u00f3gica<\/h3>\n<p>Como dispositivo recargable desechable, el Puffstar reduce significativamente el impacto medioambiental en comparaci\u00f3n con las alternativas de un solo ciclo. La qu\u00edmica de la bater\u00eda de cobalto puro mejora la eficiencia del ciclo de vida al tiempo que minimiza las demandas de frecuencia de carga - una caracter\u00edstica sobresaliente en vaping de alta capacidad.<\/p>\n<h3>Detalles del embalaje comercial<\/h3>\n<p>El embalaje a granel listo para la distribuci\u00f3n (caja principal de 58x35x35 cm con un peso de 16 kg) garantiza la seguridad del transporte y la presentaci\u00f3n al por menor. Cada unidad se somete a una verificaci\u00f3n individual del c\u00f3digo QR para garantizar la autenticidad y la seguridad. El dise\u00f1o del envase se adapta a elementos de marca personalizados gracias a su flexibilidad. <strong>Soluciones OEM\/ODM<\/strong>.<\/p>\n<h3>Especificaciones t\u00e9cnicas<\/h3>\n<p>- Recuento de puff: <strong>6500<\/strong><br \/>- Volumen de e-l\u00edquido: <strong>13 ml<\/strong><br \/>- Bater\u00eda: <strong>400 mAh recargable<\/strong> (n\u00facleo de cobalto)<br \/>- Resistencia: <strong>Malla de 1,2\u03a9<\/strong><br \/>- Carga: USB tipo C<br \/>- Dimensiones: 50x80mm<br \/>- Nicotina: <strong>0% \/ 2% \/ 5%<\/strong> concentraciones de sal<br \/>- Peso: <strong>75g<\/strong> por dispositivo<\/p>\n<p>Experimente la fusi\u00f3n de resistencia, riqueza de sabor y sofisticaci\u00f3n tecnol\u00f3gica con los productos Aivono, que marcan la pauta en el sector <strong>PUFFSTAR 6500<\/strong> - donde la innovaci\u00f3n se une a la comodidad en la perfecci\u00f3n del tama\u00f1o de la palma de la mano.<\/p>","protected":false},"excerpt":{"rendered":"<p>En <strong>Aivono Aim Puffstar 6500<\/strong> ofrece vaporizaci\u00f3n de alta calidad con <strong>6500 bocanadas<\/strong> por dispositivo. Con un <strong>13 ml de e-l\u00edquido<\/strong> capacidad, <strong>bater\u00eda recargable de 400 mAh<\/strong>y elecci\u00f3n de <strong>0%\/2%\/5% nicotina<\/strong>. Dise\u00f1o compacto con opciones OEM\/ODM personalizadas.<\/p>","protected":false},"featured_media":1736,"comment_status":"open","ping_status":"closed","template":"","meta":[],"product_brand":[165],"product_cat":[951],"product_tag":[284,283,282,285,173,75],"class_list":{"0":"post-1742","1":"product","2":"type-product","3":"status-publish","4":"has-post-thumbnail","6":"product_brand-aivono","7":"product_cat-aivono","8":"product_tag-13ml-e-cigarette","9":"product_tag-6500-puff-vape","10":"product_tag-aivono-aim-puffstar-6500","11":"product_tag-nicotine-salt-vape","12":"product_tag-oem-vape-device","13":"product_tag-rechargeable-disposable-vape","15":"first","16":"instock","17":"sale","18":"shipping-taxable","19":"purchasable","20":"product-type-variable"},"jetpack_sharing_enabled":true,"tiered_pricing_type":"fixed","tiered_pricing_fixed_rules":[],"tiered_pricing_product_settings":{"layout":"default","base_unit_name":{"singular":null,"plural":null},"default_variation":null},"tiered_pricing_minimum_quantity":null,"tiered_pricing_roles_data":[],"tiered_pricing_percentage_rules":[],"tiered_pricing_maximum_quantity":null,"tiered_pricing_quantity_step":null,"_links":{"self":[{"href":"https:\/\/frvape.com\/es\/wp-json\/wp\/v2\/product\/1742","targetHints":{"allow":["GET"]}}],"collection":[{"href":"https:\/\/frvape.com\/es\/wp-json\/wp\/v2\/product"}],"about":[{"href":"https:\/\/frvape.com\/es\/wp-json\/wp\/v2\/types\/product"}],"replies":[{"embeddable":true,"href":"https:\/\/frvape.com\/es\/wp-json\/wp\/v2\/comments?post=1742"}],"wp:featuredmedia":[{"embeddable":true,"href":"https:\/\/frvape.com\/es\/wp-json\/wp\/v2\/media\/1736"}],"wp:attachment":[{"href":"https:\/\/frvape.com\/es\/wp-json\/wp\/v2\/media?parent=1742"}],"wp:term":[{"taxonomy":"product_brand","embeddable":true,"href":"https:\/\/frvape.com\/es\/wp-json\/wp\/v2\/product_brand?post=1742"},{"taxonomy":"product_cat","embeddable":true,"href":"https:\/\/frvape.com\/es\/wp-json\/wp\/v2\/product_cat?post=1742"},{"taxonomy":"product_tag","embeddable":true,"href":"https:\/\/frvape.com\/es\/wp-json\/wp\/v2\/product_tag?post=1742"}],"curies":[{"name":"wp","href":"https:\/\/api.w.org\/{rel}","templated":true}]}}