{"id":1782,"date":"2025-10-12T02:22:24","date_gmt":"2025-10-12T02:22:24","guid":{"rendered":"https:\/\/frvape.com\/product\/elfbox-digital-12000-puffs-disposable-vape-with-customizable-nicotine-digital-display\/"},"modified":"2025-11-02T03:50:44","modified_gmt":"2025-11-02T03:50:44","slug":"elfbox-digital-12000-caladas-vape-desechable-con-nicotina-personalizable-pantalla-digital","status":"publish","type":"product","link":"https:\/\/frvape.com\/es\/producto\/elfbox-digital-12000-caladas-vape-desechable-con-nicotina-personalizable-pantalla-digital\/","title":{"rendered":"ElfBox Digital 12000 Puffs Vapeador Desechable con Nicotina Personalizable y Pantalla Digital"},"content":{"rendered":"<h3>La mejor experiencia de vapeo<\/h3>\n<p>En <strong>ELF Box Digital 12000 Puffs<\/strong> redefine el vapeo con su elegante dise\u00f1o met\u00e1lico y su <strong>Tecnolog\u00eda Apple<\/strong>El Vaporizador de la serie G, ofrece una durabilidad y elegancia inigualables a los vapeadores m\u00e1s exigentes. Combina el lujo con la eficiencia, proporcionando una experiencia a medida que abastece tanto a los usuarios ocasionales como a los entusiastas a trav\u00e9s de sus caracter\u00edsticas avanzadas.<\/p>\n<h3>Opciones de vaporizaci\u00f3n personalizables<\/h3>\n<p>Personalice su viaje con <strong>niveles de nicotina personalizables<\/strong> a 0%, 2%, 3% o 5%, para que consigas la intensidad perfecta seg\u00fan tus preferencias. Combinado con un refinado <strong>sistema e-liquid<\/strong>Este dispositivo garantiza un sabor uniforme y <strong>suave producci\u00f3n de vapor<\/strong>para que cada calada resulte f\u00e1cil y satisfactoria.<\/p>\n<h3>Caracter\u00edsticas t\u00e9cnicas avanzadas<\/h3>\n<p>Experimente un uso prolongado con el <strong>Bobina de malla de 0,8 ohmios<\/strong> que optimiza el flujo de vapor y la entrega de sabor, mientras que el <strong>Capacidad de 25 ml de e-l\u00edquido<\/strong> soporta miles de caladas sin compromiso. El <strong>bater\u00eda recargable<\/strong> (13350-500mAh) con carga Type-C permite recargas r\u00e1pidas y un rendimiento duradero, junto con un <strong>pantalla digital<\/strong> que muestra estad\u00edsticas vitales como la duraci\u00f3n de la bater\u00eda y el recuento de caladas para una supervisi\u00f3n perfecta.<\/p>\n<h3>Diversa selecci\u00f3n de sabores<\/h3>\n<p>Del\u00e9itese con una emocionante gama de <strong>sabores de e-l\u00edquidos<\/strong> dise\u00f1ados para todos los gustos, desde refrescantes mezclas afrutadas hasta sensaciones heladas. Las opciones de sabor disponibles incluyen:<br \/>R\u00e1faga de fresas<br \/>Hielo de mora<br \/>Melocot\u00f3n<br \/>Frutas variadas<br \/>Melocot\u00f3n helado<br \/>Fresa helada<br \/>Fresa Pl\u00e1tano<br \/>Sr. Azul<br \/>Sand\u00eda con fresa<br \/>Frambuesa \u00e1cida con ar\u00e1ndanos<br \/>Mango Ice<br \/>Hielo Razz Azul<br \/>Cereza Cola<br \/>Mel\u00f3n de coco<br \/>Hielo de sand\u00eda<br \/>Sand\u00eda Chicle<br \/>Hielo de uva<br \/>Kiwi Maracuy\u00e1<br \/>Manzana doble<br \/>Fresa Kiwi<\/p>\n<h3>Especificaciones completas de los productos<\/h3>\n<p>1. Bocanadas: 12.000 bocanadas<br \/>2. N\u00facleo: <strong>Bobina de malla 0,8ohm<\/strong><br \/>3. E-l\u00edquido: 25ml<br \/>4. Nicotina: <strong>Niveles de nicotina personalizables<\/strong> de 0%\/2%\/3%\/5%<br \/>5. Bater\u00eda: 13350-500mAh<br \/>6. Recargable: Tipo-C<br \/>7. Pantalla digital<br \/>8. Peso del producto: 82 g<br \/>9. Tama\u00f1o del producto: 30*57*101mm<br \/>10. Tama\u00f1o de la caja: 615*223*330mm<br \/>11. CANT.: 200pcs\/ctn, 10pcs\/caja<br \/>12. G.W.: 17.7kg<\/p>\n<h3>Ideal para todos los usuarios<\/h3>\n<p>Con su <strong>dise\u00f1o recargable<\/strong> y construcci\u00f3n duradera, este vape es perfecto para el uso diario, mientras que los minoristas pueden aprovechar <strong>venta al por mayor<\/strong> oportunidades para atender la gran demanda. La inversi\u00f3n en la ELF Box Digital garantiza la satisfacci\u00f3n del cliente gracias a su enfoque en <strong>pantalla digital<\/strong> mejora y <strong>Variedad de e-l\u00edquidos<\/strong>estableci\u00e9ndose como una opci\u00f3n de primer nivel en el mercado de vaporizadores desechables.<\/p>\n<h3>Mayor valor y fiabilidad<\/h3>\n<p>Construido para durar, el ELF Box Digital combina innovaci\u00f3n con practicidad, ofreciendo un <strong>producto premium<\/strong> que reduce la necesidad de sustituciones frecuentes. Su tama\u00f1o compacto y dise\u00f1o ligero lo hacen port\u00e1til, mientras que el robusto sistema de cartuchos permite un disfrute ininterrumpido. Mejore su h\u00e1bito de vapear hoy mismo con este dispositivo de excepcional consistencia de sabor y tecnolog\u00eda centrada en el usuario.<\/p>","protected":false},"excerpt":{"rendered":"<p><strong>ELF Box Digital 12000 Puffs Vape Desechable<\/strong> ofrece una experiencia de vapeo superior con <strong>Tecnolog\u00eda Apple<\/strong>personalizable <strong>niveles de nicotina<\/strong> de 0% a 5%, y una elegante pantalla digital. Disfruta de hasta 12.000 caladas, alimentado por un <strong>bater\u00eda recargable<\/strong> y una bobina de malla de 0,8 ohmios para un vapor suave.<\/p>","protected":false},"featured_media":1776,"comment_status":"open","ping_status":"closed","template":"","meta":[],"product_brand":[206],"product_cat":[207],"product_tag":[287,288,112,222,286,103],"class_list":{"0":"post-1782","1":"product","2":"type-product","3":"status-publish","4":"has-post-thumbnail","6":"product_brand-elfbox","7":"product_cat-elfbox-vape","8":"product_tag-customizable-nicotine-vape","9":"product_tag-digital-display-vape","10":"product_tag-disposable-vape","11":"product_tag-e-liquid-flavors","12":"product_tag-elfbox-digital-12000","13":"product_tag-rechargeable-e-cigarette","15":"first","16":"instock","17":"sale","18":"shipping-taxable","19":"purchasable","20":"product-type-variable"},"jetpack_sharing_enabled":true,"tiered_pricing_type":"fixed","tiered_pricing_fixed_rules":[],"tiered_pricing_product_settings":{"layout":"default","base_unit_name":{"singular":null,"plural":null},"default_variation":null},"tiered_pricing_minimum_quantity":null,"tiered_pricing_roles_data":[],"tiered_pricing_percentage_rules":[],"tiered_pricing_maximum_quantity":null,"tiered_pricing_quantity_step":null,"_links":{"self":[{"href":"https:\/\/frvape.com\/es\/wp-json\/wp\/v2\/product\/1782","targetHints":{"allow":["GET"]}}],"collection":[{"href":"https:\/\/frvape.com\/es\/wp-json\/wp\/v2\/product"}],"about":[{"href":"https:\/\/frvape.com\/es\/wp-json\/wp\/v2\/types\/product"}],"replies":[{"embeddable":true,"href":"https:\/\/frvape.com\/es\/wp-json\/wp\/v2\/comments?post=1782"}],"wp:featuredmedia":[{"embeddable":true,"href":"https:\/\/frvape.com\/es\/wp-json\/wp\/v2\/media\/1776"}],"wp:attachment":[{"href":"https:\/\/frvape.com\/es\/wp-json\/wp\/v2\/media?parent=1782"}],"wp:term":[{"taxonomy":"product_brand","embeddable":true,"href":"https:\/\/frvape.com\/es\/wp-json\/wp\/v2\/product_brand?post=1782"},{"taxonomy":"product_cat","embeddable":true,"href":"https:\/\/frvape.com\/es\/wp-json\/wp\/v2\/product_cat?post=1782"},{"taxonomy":"product_tag","embeddable":true,"href":"https:\/\/frvape.com\/es\/wp-json\/wp\/v2\/product_tag?post=1782"}],"curies":[{"name":"wp","href":"https:\/\/api.w.org\/{rel}","templated":true}]}}