{"id":1985,"date":"2025-10-12T02:36:01","date_gmt":"2025-10-12T02:36:01","guid":{"rendered":"https:\/\/frvape.com\/product\/lavande-bm18000-disposable-vape-18000-puffs-20-flavors-rechargeable\/"},"modified":"2025-10-12T02:36:07","modified_gmt":"2025-10-12T02:36:07","slug":"lavande-bm18000-vape-desechable-18000-caladas-20-sabores-recargable","status":"publish","type":"product","link":"https:\/\/frvape.com\/es\/producto\/lavande-bm18000-vape-desechable-18000-caladas-20-sabores-recargable\/","title":{"rendered":"Vapeador Desechable Lavande BM18000 - 18000 Puffs, 20 Sabores, Recargable"},"content":{"rendered":"<h3>Rendimiento revolucionario<\/h3>\n<p>Presentaci\u00f3n de la <strong>Lavande BM18000<\/strong>un vaporizador desechable l\u00edder en la industria, dise\u00f1ado para una producci\u00f3n de nubes y una intensidad de sabor inolvidables. Con su asombrosa <strong>Capacidad para 18.000 bocanadas<\/strong> con el apoyo de un <strong>E-l\u00edquido precargado de 24 ml<\/strong> dep\u00f3sito, este aparato dura m\u00e1s que sus competidores y ofrece una satisfacci\u00f3n constante. El dep\u00f3sito <strong>Bater\u00eda recargable de 650 mAh<\/strong> se recarga r\u00e1pidamente por USB <strong>Tipo-C<\/strong> eliminando el tiempo de inactividad entre sesiones.<\/p>\n<h3>Especificaciones t\u00e9cnicas de vanguardia<\/h3>\n<p>Desbloquee un control sin precedentes con nuestra ingenier\u00eda avanzada:<br \/>- Cu\u00e1druple potencia <strong>bobinas de malla<\/strong> para intensificar la extracci\u00f3n del sabor<br \/>- Revolucionario <strong>flujo de aire ajustable<\/strong> dial para personalizar la resistencia a la tracci\u00f3n<br \/>- Din\u00e1mica <strong>modo normal\/boost<\/strong> Conmutaci\u00f3n: golpes suaves o nubes intensas a la carta<br \/>- Innovador <strong>Megapantalla Full HD<\/strong> (3.0\u2033) que controla los niveles de bater\u00eda y e-l\u00edquido.<br \/>- Mecanismo de disparo accionado por tracci\u00f3n para un manejo sin esfuerzo<\/p>\n<h3>Espectro de sabores exclusivo<\/h3>\n<p>Del\u00e9itese con nuestra formulaci\u00f3n premium de sales de nicotina (<strong>5% concentraci\u00f3n de nicotina<\/strong>) a trav\u00e9s de 20 sabores meticulosamente elaborados:<br \/>Hielo de ar\u00e1ndano | Skittz arco iris | Hielo de fresa | Menta masticable<br \/>Sand\u00eda Frambuesa | Ar\u00e1ndano Menta | Love66 | Sand\u00eda Masticable<br \/>Hielo de sand\u00eda | Menta con bayas | Hielo de melocot\u00f3n | Menta con lim\u00f3n<br \/>Uva Menta | Mango Ice | Doble Manzana | Doble Uva<br \/>Grosella negra helada | Pi\u00f1a helada | Mr. Blue | Mango Dragon Fruit<\/p>\n<h3>Construcci\u00f3n profesional<\/h3>\n<p>En <strong>Lavande BM18000<\/strong> redefine la durabilidad de los desechables con su estructura a prueba de fugas que combina aerodin\u00e1mica y resistencia. A diferencia de los desechables convencionales, su <strong>capacidad de recarga<\/strong> (1-2 recargas posibles) ofrece una retenci\u00f3n de valor excepcional. La boquilla ergon\u00f3mica se adapta de forma natural a los labios, mientras que el exterior mate garantiza un agarre antideslizante, ideal para sesiones de vapeo prolongadas.<\/p>\n<h3>Ventajas para mayoristas<\/h3>\n<p>Como principal socio mayorista en los Pa\u00edses Bajos, Alemania, B\u00e9lgica y Espa\u00f1a, Elfvaping ofrece inmejorables precios al por mayor. Cada caja incluye <strong>200 unidades<\/strong>Envuelto en pl\u00e1stico retr\u00e1ctil para una mayor eficiencia log\u00edstica y optimizaci\u00f3n del inventario. Maximice los beneficios de la venta al por menor con este SKU de alto rendimiento que combina la demanda de los consumidores con ciclos de uso prolongados (<strong>18000 bocanadas<\/strong>) con el comerciante <strong>fiabilidad de la bobina de malla<\/strong> que minimice los rendimientos.<\/p>\n<h3>Sistema de gesti\u00f3n inteligente<\/h3>\n<p>Navega entre modos sin esfuerzo: Con\u00e9ctate a <strong>modo boost<\/strong> para la saturaci\u00f3n de vapor denso en entornos sociales o activar <strong>modo normal<\/strong> para un uso discreto durante el d\u00eda. La tecnolog\u00eda de conservaci\u00f3n de la bater\u00eda regula la salida de forma inteligente, mientras que los indicadores visibles del estado de la bobina evitan las caladas secas. La curva de potencia optimizada del dispositivo proporciona un suministro de nicotina 30% m\u00e1s constante que los desechables tradicionales durante toda su vida \u00fatil.<\/p>","protected":false},"excerpt":{"rendered":"<p>Experimente la alta calidad <strong>Lavande BM18000<\/strong> vape desechable con <strong>18.000 bocanadas<\/strong>, <strong>bater\u00eda recargable de 650 mAh<\/strong>y <strong>20 sabores explosivos<\/strong>.<br \/>Con flujo de aire ajustable, pantalla digital y doble <strong>modos normal\/boost<\/strong> para una personalizaci\u00f3n definitiva. Perfecto para pedidos al por mayor.<\/p>","protected":false},"featured_media":1979,"comment_status":"open","ping_status":"closed","template":"","meta":[],"product_brand":[298],"product_cat":[299],"product_tag":[302,303,132,301,197,75],"class_list":{"0":"post-1985","1":"product","2":"type-product","3":"status-publish","4":"has-post-thumbnail","6":"product_brand-lavande","7":"product_cat-lavande-vape","8":"product_tag-18000-puffs-vape-pen","9":"product_tag-20-flavors-vape-device","10":"product_tag-bulk-vape-wholesale","11":"product_tag-lavande-bm18000-disposable-vape","12":"product_tag-mesh-coil-e-cigarette","13":"product_tag-rechargeable-disposable-vape","15":"first","16":"instock","17":"sale","18":"shipping-taxable","19":"purchasable","20":"product-type-variable"},"jetpack_sharing_enabled":true,"tiered_pricing_type":"fixed","tiered_pricing_fixed_rules":[],"tiered_pricing_product_settings":{"layout":"default","base_unit_name":{"singular":null,"plural":null},"default_variation":null},"tiered_pricing_minimum_quantity":null,"tiered_pricing_roles_data":[],"tiered_pricing_percentage_rules":[],"tiered_pricing_maximum_quantity":null,"tiered_pricing_quantity_step":null,"_links":{"self":[{"href":"https:\/\/frvape.com\/es\/wp-json\/wp\/v2\/product\/1985","targetHints":{"allow":["GET"]}}],"collection":[{"href":"https:\/\/frvape.com\/es\/wp-json\/wp\/v2\/product"}],"about":[{"href":"https:\/\/frvape.com\/es\/wp-json\/wp\/v2\/types\/product"}],"replies":[{"embeddable":true,"href":"https:\/\/frvape.com\/es\/wp-json\/wp\/v2\/comments?post=1985"}],"wp:featuredmedia":[{"embeddable":true,"href":"https:\/\/frvape.com\/es\/wp-json\/wp\/v2\/media\/1979"}],"wp:attachment":[{"href":"https:\/\/frvape.com\/es\/wp-json\/wp\/v2\/media?parent=1985"}],"wp:term":[{"taxonomy":"product_brand","embeddable":true,"href":"https:\/\/frvape.com\/es\/wp-json\/wp\/v2\/product_brand?post=1985"},{"taxonomy":"product_cat","embeddable":true,"href":"https:\/\/frvape.com\/es\/wp-json\/wp\/v2\/product_cat?post=1985"},{"taxonomy":"product_tag","embeddable":true,"href":"https:\/\/frvape.com\/es\/wp-json\/wp\/v2\/product_tag?post=1985"}],"curies":[{"name":"wp","href":"https:\/\/api.w.org\/{rel}","templated":true}]}}