{"id":2013,"date":"2025-10-12T02:39:59","date_gmt":"2025-10-12T02:39:59","guid":{"rendered":"https:\/\/frvape.com\/product\/bang-king-50000-disposable-vape-50000-puffs-with-dual-favors-and-adjustable-airflow\/"},"modified":"2025-11-04T01:45:08","modified_gmt":"2025-11-04T01:45:08","slug":"bang-king-50000-vape-desechable-50000-bocanadas-con-favores-duales-y-flujo-de-aire-ajustable","status":"publish","type":"product","link":"https:\/\/frvape.com\/es\/producto\/bang-king-50000-vape-desechable-50000-bocanadas-con-favores-duales-y-flujo-de-aire-ajustable\/","title":{"rendered":"Bang King 50000 Vape Desechable - 50.000 Puffs con Favores Duales y Flujo de Aire Ajustable"},"content":{"rendered":"<h3>Presentamos la Bang King 50000<\/h3>\n<p>En <strong>Bang King 50000<\/strong> es un revolucionario <strong>vape desechable<\/strong> dise\u00f1ado tanto para usuarios individuales como para <strong>venta al por mayor<\/strong> minoristas. Con una extraordinaria <strong>50.000 caladas<\/strong> capacidad y una serie de <strong>sabor dual<\/strong> combinaciones, establece un nuevo est\u00e1ndar en la industria del vaping. Con elementos avanzados como un <strong>pantalla digital<\/strong> y <strong>flujo de aire ajustable<\/strong>ofrece personalizaci\u00f3n y longevidad, lo que la convierte en una de las <strong>mejor vape desechable<\/strong> opciones para 2024.<\/p>\n<h3>Caracter\u00edsticas del producto<\/h3>\n<p><strong>Vapes desechables al por mayor para minoristas:<\/strong> La Bang King 50000 es ideal para <strong>venta al por mayor<\/strong> vendedores cuyo objetivo es almacenar vapes desechables de primera calidad. Con hasta 50.000 caladas y <strong>sabor dual<\/strong> ofrece una experiencia de vapeo prolongada que atrae a los clientes que buscan dispositivos de alto rendimiento. Por ello, es perfecto para minoristas o distribuidores que deseen ofrecer una experiencia de vapeo fiable y agradable. <strong>vape desechable<\/strong> productos que responden a diversas preferencias.<\/p>\n<p><strong>El mejor vaporizador desechable para un uso duradero:<\/strong> Como uno de los principales <strong>mejores modelos de vape desechables<\/strong>Este dispositivo ofrece un valor excepcional gracias a su enorme cantidad de caladas. El innovador <strong>pantalla digital<\/strong> realiza un seguimiento de su progreso de vapeo, asegurando que maximiza cada calada y disfruta de una satisfacci\u00f3n constante. Est\u00e1 dise\u00f1ado para durar, reduciendo la necesidad de reemplazos frecuentes y aumentando la comodidad del usuario.<\/p>\n<p><strong>Doble sabor y flujo de aire ajustable:<\/strong> Experimenta un viaje de vaporizaci\u00f3n rico en capas con el <strong>sabor dual<\/strong> que le permite alternar entre dos sabores distintos sin esfuerzo. El <strong>flujo de aire ajustable<\/strong> te permite ajustar la intensidad de la calada para un golpe perfecto y personalizado en todo momento. Esta sinergia crea uno de los <strong>buenos vapes desechables<\/strong> disponibles, que proporcionan versatilidad y control.<\/p>\n<p><strong>Innovadora pantalla de visualizaci\u00f3n digital:<\/strong> El sistema <strong>pantalla digital<\/strong> te mantiene informado mostrando actualizaciones en tiempo real sobre el recuento de caladas, el nivel de bater\u00eda y la capacidad de e-l\u00edquido. Este control inteligente mejora tu experiencia ayud\u00e1ndote a gestionar el uso de forma eficiente, reduciendo las interrupciones y garantizando un funcionamiento fiable. <strong>vape desechable<\/strong> rendimiento.<\/p>\n<h3>Ventajas del producto<\/h3>\n<p><strong>50.000 inhalaciones para una m\u00e1xima longevidad:<\/strong> El enorme <strong>50.000 caladas<\/strong> del Bang King 50000 minimizan los recambios y ofrecen un valor incre\u00edble. Soporta el uso a largo plazo, perfecto para los vapers que exigen el <strong>mejor vape desechable<\/strong> experiencia con una resistencia y rentabilidad inigualables.<\/p>\n<p><strong>Dos sabores para personalizar:<\/strong> Con <strong>sabor dual<\/strong> puedes personalizar tu vapeo para adaptarlo a tus preferencias, proporcionando una sesi\u00f3n m\u00e1s din\u00e1mica y agradable que los dispositivos est\u00e1ndar de un solo sabor. Esta caracter\u00edstica subraya por qu\u00e9 est\u00e1 entre los <strong>buenos vapes desechables<\/strong> para los entusiastas del sabor.<\/p>\n<p><strong>Flujo de aire ajustable para una extracci\u00f3n perfecta:<\/strong> Adapta tu golpe con precisi\u00f3n utilizando el <strong>flujo de aire ajustable<\/strong>que se adapta al ajuste o la holgura deseados. Esto garantiza una comodidad y satisfacci\u00f3n constantes, destacando la innovaci\u00f3n en <strong>cigarrillo electr\u00f3nico de doble sabor<\/strong> dise\u00f1os.<\/p>\n<p><strong>Pantalla digital inteligente para facilitar la supervisi\u00f3n:<\/strong> En <strong>pantalla digital<\/strong> proporciona lecturas precisas sobre el recuento de caladas y el estado de la bater\u00eda, lo que simplifica la gesti\u00f3n del dispositivo y reduce los tiempos de inactividad inesperados. Esta inteligencia lo convierte en <strong>vape desechable<\/strong> para usuarios expertos en tecnolog\u00eda que buscan transparencia.<\/p>\n<h3>Especificaciones t\u00e9cnicas<\/h3>\n<p>El Bang King 50000 incluye especificaciones de vanguardia para mejorar su vapeo: Opciones de potencia de nicotina de 0%, 2%, 3% y 5% para una intensidad a medida; una enorme vida \u00fatil de 50.000 caladas; 50ml de capacidad de e-l\u00edquido para sesiones prolongadas; una bobina de malla de 1,0ohm de alto rendimiento que garantiza una producci\u00f3n de vapor suave; una bater\u00eda recargable de 850mAh para mayor fiabilidad; una pantalla digital intuitiva que muestra los niveles de bater\u00eda y e-l\u00edquido; flujo de aire totalmente ajustable; 12 sabores duales variados para elegir; un puerto USB Tipo-C para una carga r\u00e1pida; y un c\u00f3modo embalaje con 10 unidades por caja y 200 unidades por cart\u00f3n.<\/p>\n<h3>Exquisitas opciones de sabor<\/h3>\n<p>Elija entre nuestras combinaciones de sabores duales de primera calidad:<\/p>\n<p>Fresa Mango\/Fresa Kiwi<br \/>Red Bull\/pl\u00e1tano con fresa<br \/>Sand\u00eda helada\/Menta con ar\u00e1ndanos<br \/>Sand\u00eda helada\/Azul cereza<br \/>Chicle de fresa, mango y sand\u00eda<br \/>Hielo de ar\u00e1ndanos\/hielo de melocot\u00f3n<br \/>Ar\u00e1ndano Frambuesa\/Mezcla de bayas<br \/>Sand\u00eda con fresa\/Hielo de drag\u00f3n negro<br \/>Fresa Sand\u00eda\/Kiwi Maracuy\u00e1 Guayaba<br \/>Hielo de ar\u00e1ndano, frambuesa y uva<br \/>Ar\u00e1ndanos Hielo\/Melocot\u00f3n Mango Sand\u00eda<br \/>Red Bull\/Sand\u00eda azul<\/p>\n<h3>\u00bfPor qu\u00e9 elegir Bang King 50000?<\/h3>\n<p>Actualizar a la <strong>Bang King 50000<\/strong> para una \u00e9lite <strong>vape desechable<\/strong> experiencia que combina potencia, personalizaci\u00f3n y rendimiento. Ideal para <strong>venta al por mayor<\/strong> operaciones y usuarios diarios, ofrece la <strong>mejor vape desechable<\/strong> en un dise\u00f1o elegante y f\u00e1cil de usar. Apueste por la innovaci\u00f3n y la variedad de sabores: haga su pedido hoy mismo para obtener una satisfacci\u00f3n sin igual.<\/p>","protected":false},"excerpt":{"rendered":"<p>En <strong>Bang King 50000<\/strong> ofrece hasta un impresionante <strong>50.000 caladas<\/strong> con <strong>sabor dual<\/strong> opciones, perfectas para <strong>venta al por mayor<\/strong> negocios. Presenta una <strong>flujo de aire ajustable<\/strong> e inteligente <strong>pantalla digital<\/strong> para mejorar la vigilancia.<br \/>Experimenta un vapeo de larga duraci\u00f3n con este dispositivo desechable de primera categor\u00eda.<\/p>","protected":false},"featured_media":2007,"comment_status":"open","ping_status":"closed","template":"","meta":[],"product_brand":[133],"product_cat":[856],"product_tag":[305,307,309,308,306],"class_list":{"0":"post-2013","1":"product","2":"type-product","3":"status-publish","4":"has-post-thumbnail","6":"product_brand-bangking","7":"product_cat-bangking","8":"product_tag-50000-puffs-vape","9":"product_tag-adjustable-airflow-disposable","10":"product_tag-bang-king-vape","11":"product_tag-digital-screen-vape","12":"product_tag-dual-flavor-e-cigarette","14":"first","15":"instock","16":"sale","17":"shipping-taxable","18":"purchasable","19":"product-type-variable"},"jetpack_sharing_enabled":true,"tiered_pricing_type":"fixed","tiered_pricing_fixed_rules":[],"tiered_pricing_product_settings":{"layout":"default","base_unit_name":{"singular":null,"plural":null},"default_variation":null},"tiered_pricing_minimum_quantity":null,"tiered_pricing_roles_data":[],"tiered_pricing_percentage_rules":[],"tiered_pricing_maximum_quantity":null,"tiered_pricing_quantity_step":null,"_links":{"self":[{"href":"https:\/\/frvape.com\/es\/wp-json\/wp\/v2\/product\/2013","targetHints":{"allow":["GET"]}}],"collection":[{"href":"https:\/\/frvape.com\/es\/wp-json\/wp\/v2\/product"}],"about":[{"href":"https:\/\/frvape.com\/es\/wp-json\/wp\/v2\/types\/product"}],"replies":[{"embeddable":true,"href":"https:\/\/frvape.com\/es\/wp-json\/wp\/v2\/comments?post=2013"}],"wp:featuredmedia":[{"embeddable":true,"href":"https:\/\/frvape.com\/es\/wp-json\/wp\/v2\/media\/2007"}],"wp:attachment":[{"href":"https:\/\/frvape.com\/es\/wp-json\/wp\/v2\/media?parent=2013"}],"wp:term":[{"taxonomy":"product_brand","embeddable":true,"href":"https:\/\/frvape.com\/es\/wp-json\/wp\/v2\/product_brand?post=2013"},{"taxonomy":"product_cat","embeddable":true,"href":"https:\/\/frvape.com\/es\/wp-json\/wp\/v2\/product_cat?post=2013"},{"taxonomy":"product_tag","embeddable":true,"href":"https:\/\/frvape.com\/es\/wp-json\/wp\/v2\/product_tag?post=2013"}],"curies":[{"name":"wp","href":"https:\/\/api.w.org\/{rel}","templated":true}]}}