{"id":2199,"date":"2025-10-12T03:04:37","date_gmt":"2025-10-12T03:04:37","guid":{"rendered":"https:\/\/frvape.com\/product\/aivono-aim-fatpro-22000-disposable-vape-up-to-22000-puffs-with-direct-lung-design\/"},"modified":"2025-12-16T09:37:01","modified_gmt":"2025-12-16T09:37:01","slug":"aivono-aim-fatpro-22000-vape-desechable-hasta-22000-caladas-con-diseno-de-pulmon-directo","status":"publish","type":"product","link":"https:\/\/frvape.com\/es\/producto\/aivono-aim-fatpro-22000-vape-desechable-hasta-22000-caladas-con-diseno-de-pulmon-directo\/","title":{"rendered":"Vapeador desechable Aivono Aim Fatpro 22000 - Hasta 22.000 caladas con dise\u00f1o de pulm\u00f3n directo"},"content":{"rendered":"<h3>Productos<\/h3>\n<p>Descubra lo \u00faltimo en comodidad y placer con el <strong>Vapeador desechable Aivono Aim Fatpro 22000<\/strong>. Dise\u00f1ado para ofrecer potencia y resistencia, este dispositivo proporciona hasta <strong>22.000 bocanadas<\/strong> para sesiones de vapeo ininterrumpidas, lo que la convierte en la mejor elecci\u00f3n para los entusiastas de las nubes y los aficionados a las narguiles.<br \/>Con un <strong>robusta bater\u00eda de cobalto puro de 600 mAh<\/strong> y <strong>carga r\u00e1pida Type-C<\/strong>garantiza una reutilizaci\u00f3n fiable, mientras que el <strong>DTL (pulm\u00f3n directo)<\/strong> produce voluminosas nubes de vapor para una inmersi\u00f3n similar a la del narguile.<\/p>\n<h3>Caracter\u00edsticas principales<\/h3>\n<p><strong>Gran cantidad de puff:<\/strong> Este vape proporciona una <strong>22.000 inhalaciones por dispositivo<\/strong>superando las opciones desechables est\u00e1ndar.<br \/>Su <strong>resistencia excepcional<\/strong> satisface a los grandes consumidores eliminando las recargas frecuentes.<br \/><strong>Dise\u00f1o pulmonar directo (DTL):<\/strong> Optimizado para <strong>inhalaci\u00f3n pulmonar<\/strong> para crear nubes de vapor masivas, esta caracter\u00edstica es ideal para los usuarios que buscan una satisfacci\u00f3n profunda, similar a la hookah.<br \/><strong>Sabores inspirados en el narguile:<\/strong> Experimenta sabores ricos y arom\u00e1ticos que reproducen las sensaciones de la hookah tradicional.<br \/>La avanzada tecnolog\u00eda de sabor garantiza que cada calada ofrezca un vapor uniforme y suave adaptado a <strong>aficionados al narguile<\/strong>.<br \/><strong>Funcionamiento sin aceite:<\/strong> Incluso con <strong>niveles de e-l\u00edquido<\/strong>el aparato sigue funcionando sin problemas.<br \/>Esta innovaci\u00f3n evita interrupciones inesperadas, aunque se recomienda rellenar a tiempo para proteger el <strong>n\u00facleo del atomizador<\/strong> y prolongar la vida \u00fatil del dispositivo.<br \/><strong>Gran capacidad de e-l\u00edquido:<\/strong> Con una generosa <strong>28 ml de capacidad de e-l\u00edquido<\/strong>minimiza la frecuencia de rellenado.<br \/>Este gran volumen admite miles de caladas sin renunciar a <strong>calidad del vapor<\/strong>.<br \/><strong>Rendimiento robusto de la bater\u00eda:<\/strong> Disfruta de la potencia constante del <strong>bater\u00eda de n\u00facleo de cobalto puro<\/strong>.<br \/>En <strong>Capacidad de 600 mAh<\/strong> permite una recarga eficaz mediante el moderno <strong>Puerto Tipo-C<\/strong> para recargas r\u00e1pidas en cualquier entorno.<br \/><strong>Tecnolog\u00eda de bobina de malla:<\/strong> En <strong>Bobina de malla de 0,6\u03a9 de resistencia<\/strong> garantiza una producci\u00f3n de vapor superior con una mayor claridad de sabor.<br \/>Funciona eficazmente para mantener <strong>rico sabor consistencia<\/strong> incluso con un alto n\u00famero de soplidos.<\/p>\n<h3>Funcionalidad avanzada<\/h3>\n<p>Experimenta innovaciones f\u00e1ciles de usar con un <strong>pantalla digital<\/strong> que muestra claramente <strong>energ\u00eda restante de la bater\u00eda<\/strong> y <strong>niveles de e-l\u00edquido<\/strong>.<br \/><strong>Portabilidad ligera<\/strong> es una ventaja fundamental en <strong>96 g de peso neto<\/strong>que facilita el vapeo sobre la marcha.<br \/>Adem\u00e1s, las nicotinas personalizables se adaptan a las preferencias personales, con opciones de <strong>Contenido en sales de nicotina 0%, 2%, 3% o 5%<\/strong> para adaptarse a su tolerancia.<\/p>\n<h3>Sabores disponibles<\/h3>\n<p><strong>Lista de sabores:<\/strong> Explore <strong>sabor a narguile<\/strong> con una rica selecci\u00f3n para todos los paladares:<br \/><strong>Hielo exuberante<\/strong><br \/><strong>Sue\u00f1o l\u00facido<\/strong><br \/><strong>Dos manzanas<\/strong><br \/><strong>Uva Min<\/strong><br \/><strong>Cereza Frambuesa<\/strong><br \/><strong>Hielo de bayas<\/strong><br \/><strong>Melocot\u00f3n helado<\/strong><br \/><strong>Amor 66<\/strong><br \/><strong>Ponche de fresa<\/strong><br \/><strong>Goma de ar\u00e1ndano<\/strong><br \/>Cada <strong>opci\u00f3n de sabor<\/strong> reproduce la profundidad tradicional de las narguiles al tiempo que proporciona un vapor suave e intenso.<\/p>\n<h3>Especificaciones del producto<\/h3>\n<p><strong>Especificaciones esenciales:<\/strong> Conteo de Puff: <strong>22.000 bocanadas DTL<\/strong><br \/>Capacidad de e-l\u00edquido: <strong>28 ml<\/strong><br \/>Tecnolog\u00eda de bater\u00eda: <strong>18250 bater\u00eda de cobalto puro<\/strong> con <strong>Capacidad de 600 mAh<\/strong> (recargable)<br \/>Cargando: <strong>Puerto Tipo-C<\/strong> compatible<br \/>Cable calefactor: <strong>Bobina de malla de 0,6\u03a9<\/strong> para un vapor \u00f3ptimo<br \/>Dimensiones del dispositivo: <strong>32\u00d7126 mm<\/strong><br \/>Peso individual: <strong>96g<\/strong><br \/>Opciones de sales de nicotina: <strong>0%, 2%, 3%, 5%<\/strong><br \/>Funciones b\u00e1sicas: <strong>Inhalaci\u00f3n pulmonar<\/strong>Indicador digital de bater\u00eda y aceite, <strong>simulaci\u00f3n del sabor del narguile<\/strong><br \/>Detalles del embalaje: Caja peque\u00f1a (<strong>40\u00d740\u00d7140mm<\/strong>), Tama\u00f1o de caja grande (<strong>83\u00d7140\u00d7120mm<\/strong>), La caja est\u00e1ndar contiene <strong>200 unidades por caja<\/strong>con las dimensiones totales de la caja (<strong>68,5\u00d738\u00d724cm<\/strong>) y el peso (<strong>20 kg<\/strong>) para la manipulaci\u00f3n a granel.<br \/>Soporte OEM\/ODM: Opciones de personalizaci\u00f3n completas para clientes mayoristas.<\/p>\n<h3>Valor y calidad<\/h3>\n<p>En <strong>Aivono Aim Fatpro 22000<\/strong> entrega <strong>un valor excepcional<\/strong> equilibrando las prestaciones de gama alta con la asequibilidad.<br \/>Su precio competitivo se adapta a los vapeadores preocupados por el presupuesto que buscan ahorros a largo plazo.<br \/>Respaldado por <strong>garant\u00eda de calidad<\/strong>Cada dispositivo cumple estrictas normas de producci\u00f3n para garantizar su fiabilidad.<br \/>Nuestra <strong>atenci\u00f3n al cliente especializada<\/strong> garantiza una experiencia de compra fluida, y <strong>env\u00edo r\u00e1pido<\/strong> garantizan a las empresas una reposici\u00f3n puntual.<br \/>Perfecto para asociaciones mayoristas, admite la escalabilidad <strong>Personalizaci\u00f3n OEM\/ODM<\/strong>.<\/p>","protected":false},"excerpt":{"rendered":"<p>En <strong>Aivono Aim Fatpro 22000<\/strong> ofrece un impresionante <strong>22.000 bocanadas<\/strong> en un c\u00f3modo <strong>vape desechable<\/strong>con <strong>Dise\u00f1o DTL<\/strong> y aut\u00e9ntico <strong>sabores de narguile<\/strong> para un viaje de vapeo mejorado.<br \/>Disfrute de un rendimiento duradero con un <strong>28 ml de capacidad de e-l\u00edquido<\/strong> y reutilizables <strong>Carga Tipo-C<\/strong> en m\u00faltiples potencias de nicotina.<\/p>","protected":false},"featured_media":2193,"comment_status":"open","ping_status":"closed","template":"","meta":[],"product_brand":[165],"product_cat":[951],"product_tag":[1022,1121,321,112,319,320,84],"class_list":{"0":"post-2199","1":"product","2":"type-product","3":"status-publish","4":"has-post-thumbnail","6":"product_brand-aivono","7":"product_cat-aivono","8":"product_tag-000-puffs-vape","9":"product_tag-1121","10":"product_tag-aivono-fatpro-22000","11":"product_tag-disposable-vape","12":"product_tag-dtl-electronic-cigarette","13":"product_tag-hookah-flavor-vape","14":"product_tag-rechargeable-vape-pen","16":"first","17":"instock","18":"sale","19":"shipping-taxable","20":"purchasable","21":"product-type-variable"},"jetpack_sharing_enabled":true,"tiered_pricing_type":"fixed","tiered_pricing_fixed_rules":[],"tiered_pricing_product_settings":{"layout":"default","base_unit_name":{"singular":null,"plural":null},"default_variation":null},"tiered_pricing_minimum_quantity":null,"tiered_pricing_roles_data":[],"tiered_pricing_percentage_rules":[],"tiered_pricing_maximum_quantity":null,"tiered_pricing_quantity_step":null,"_links":{"self":[{"href":"https:\/\/frvape.com\/es\/wp-json\/wp\/v2\/product\/2199","targetHints":{"allow":["GET"]}}],"collection":[{"href":"https:\/\/frvape.com\/es\/wp-json\/wp\/v2\/product"}],"about":[{"href":"https:\/\/frvape.com\/es\/wp-json\/wp\/v2\/types\/product"}],"replies":[{"embeddable":true,"href":"https:\/\/frvape.com\/es\/wp-json\/wp\/v2\/comments?post=2199"}],"wp:featuredmedia":[{"embeddable":true,"href":"https:\/\/frvape.com\/es\/wp-json\/wp\/v2\/media\/2193"}],"wp:attachment":[{"href":"https:\/\/frvape.com\/es\/wp-json\/wp\/v2\/media?parent=2199"}],"wp:term":[{"taxonomy":"product_brand","embeddable":true,"href":"https:\/\/frvape.com\/es\/wp-json\/wp\/v2\/product_brand?post=2199"},{"taxonomy":"product_cat","embeddable":true,"href":"https:\/\/frvape.com\/es\/wp-json\/wp\/v2\/product_cat?post=2199"},{"taxonomy":"product_tag","embeddable":true,"href":"https:\/\/frvape.com\/es\/wp-json\/wp\/v2\/product_tag?post=2199"}],"curies":[{"name":"wp","href":"https:\/\/api.w.org\/{rel}","templated":true}]}}