{"id":2933,"date":"2025-10-12T04:19:29","date_gmt":"2025-10-12T04:19:29","guid":{"rendered":"https:\/\/frvape.com\/product\/bang-blaze-40000-disposable-vape-40000-puffs-rechargeable-12-flavors\/"},"modified":"2025-12-16T09:52:48","modified_gmt":"2025-12-16T09:52:48","slug":"bang-blaze-40000-vape-desechable-40000-caladas-recargable-12-sabores","status":"publish","type":"product","link":"https:\/\/frvape.com\/es\/producto\/bang-blaze-40000-vape-desechable-40000-caladas-recargable-12-sabores\/","title":{"rendered":"Bang Blaze 40000 Vape Desechable | 40.000 Puffs, Recargable, 12 Sabores"},"content":{"rendered":"<h3>Revolucionaria experiencia de vapeo desechable<\/h3>\n<p>En <strong>Bang Blaze 40000<\/strong> redefine el vapeo desechable con una resistencia y una entrega de sabor sin precedentes. Dise\u00f1ado para la durabilidad y el rendimiento, este vaporizador desechable ofrece una extraordinaria... <strong>40.000 bocanadas<\/strong> por dispositivo, muy por encima de los desechables tradicionales. Alberga una generosa <strong>40 ml<\/strong> garantiza un disfrute ininterrumpido durante largos periodos de tiempo sin tener que sustituirlo constantemente. Su dise\u00f1o compacto pero potente incorpora un <strong>Bater\u00eda recargable de 1000 mAh<\/strong> con una r\u00e1pida <strong>Carga Tipo-C<\/strong>por lo que es port\u00e1til y sostenible.<\/p>\n<h3>Opciones de nicotina personalizables<\/h3>\n<p>Para satisfacer todas las preferencias de los usuarios, Bang Blaze 40000 ofrece concentraciones de nicotina vers\u00e1tiles: <strong>0%<\/strong> (sin nicotina), <strong>2%<\/strong>, <strong>3%<\/strong>y <strong>5%<\/strong>. Esta gama se adapta a todo el mundo, desde los que disfrutan de nubes puramente aromatizadas hasta los vapeadores en transici\u00f3n desde los cigarrillos tradicionales. La concentraci\u00f3n m\u00e1s popular es <strong>20 mg de nicotina<\/strong>El humo de los cigarrillos de nicotina es muy suave y proporciona un golpe satisfactorio comparable al de los cigarrillos convencionales. Cada dispositivo mantiene una pureza constante con sales de nicotina de grado farmac\u00e9utico para golpes de garganta m\u00e1s suaves y una r\u00e1pida absorci\u00f3n.<\/p>\n<h3>Construcci\u00f3n y Tecnolog\u00eda Premium<\/h3>\n<p>Experimenta un sabor y una producci\u00f3n de vapor mejorados con el <strong>Bobina de malla<\/strong> (0.6ohm) que proporciona perfiles de sabor m\u00e1s ricos y una salida de nube m\u00e1s densa. El <strong>aceite rellenable<\/strong> funciona perfectamente con sales de nicotina y l\u00edquidos de nicotina de base libre, ofreciendo un funcionamiento rentable. Dise\u00f1ado con elegancia moderna, su perfil estilizado combina la comodidad ergon\u00f3mica con el atractivo est\u00e9tico, desliz\u00e1ndose sin esfuerzo en los bolsillos. El sistema de c\u00e1psulas herm\u00e9ticas evita las fugas y conserva la frescura del e-l\u00edquido durante toda la vida \u00fatil del dispositivo.<\/p>\n<h3>Soluciones globales de vapeo<\/h3>\n<p>Espec\u00edficamente dise\u00f1ados para minoristas y consumidores, ofrecemos programas superiores de venta al por mayor de cigarrillos electr\u00f3nicos con precios rentables y exclusivos paquetes de descuento para vapear. Las empresas se benefician de cajas expositoras a granel (10 unidades por caja) para agilizar el almacenamiento. Nuestra red de log\u00edstica global garantiza una entrega r\u00e1pida, <strong>env\u00edo gratuito<\/strong> con <strong>libre de impuestos<\/strong> entrega a todos los pa\u00edses de la UE. Los entusiastas del vapeo y los empresarios que buscan una calidad premium asequible apreciar\u00e1n esta propuesta de valor excepcional respaldada por la fiabilidad del producto.<\/p>\n<h3>Colecci\u00f3n Sabor Exquisito<\/h3>\n<p>El Bang Blaze 40000 cuenta con 12 variedades de E-l\u00edquidos magistralmente mezclados para los conocedores de sabores. Descubre nuestra selecci\u00f3n premium:<br \/>Pi\u00f1a Colada<br \/>Melocot\u00f3n helado<br \/>Frutas variadas<br \/>Sand\u00eda<br \/>Hielo de ar\u00e1ndanos<br \/>Manzanas dobles<br \/>Fresa helada<br \/>Sand\u00eda Fresa<br \/>Uvas en flor<br \/>Ar\u00e1ndano Frambuesa<br \/>Mango Melocot\u00f3n<br \/>Red Bull Energy<\/p>\n<p>Los m\u00e1s vendidos incluyen la sensaci\u00f3n refrescante de <strong>Hielo de ar\u00e1ndanos<\/strong>la dulzura \u00e1cida de <strong>Sand\u00eda Fresa<\/strong>y la refrescante r\u00e1faga de <strong>Fresa helada<\/strong>. Cada vaporizador desechable ofrece un sabor consistente desde la primera calada hasta la \u00faltima, utilizando ingredientes de alta calidad. Dise\u00f1ado para el estilo de vapeo MTL (boca a pulm\u00f3n), ofrece suaves caladas perfectamente calibradas tanto para los entusiastas de la nube como para los buscadores de satisfacci\u00f3n de la nicotina.<\/p>","protected":false},"excerpt":{"rendered":"<p><strong>Bang Blaze 40000<\/strong> <strong>vape desechable<\/strong> 40.000 caladas con un dep\u00f3sito de 40 ml. <strong>e-l\u00edquido<\/strong> y 12 sabores ex\u00f3ticos.<br \/>Caracter\u00edsticas <strong>recargable 1000mAh<\/strong> bater\u00eda con <strong>Tipo-C<\/strong> carga y m\u00faltiples <strong>concentraciones de nicotina<\/strong> (0%\/2%\/3%\/5%).<br \/>Perfecto para <strong>vape al por mayor<\/strong> y uso personal con <strong>libre de impuestos<\/strong> Env\u00edo a la UE.<\/p>","protected":false},"featured_media":2928,"comment_status":"open","ping_status":"closed","template":"","meta":[],"product_brand":[385],"product_cat":[881],"product_tag":[389,388,390,112,115,116],"class_list":{"0":"post-2933","1":"product","2":"type-product","3":"status-publish","4":"has-post-thumbnail","6":"product_brand-bangblaze","7":"product_cat-bangblaze","8":"product_tag-40000-puffs-vape","9":"product_tag-bang-blaze-40000","10":"product_tag-discount-vape","11":"product_tag-disposable-vape","12":"product_tag-rechargeable-vape","13":"product_tag-vape-wholesale","15":"first","16":"instock","17":"sale","18":"shipping-taxable","19":"purchasable","20":"product-type-variable"},"jetpack_sharing_enabled":true,"tiered_pricing_type":"fixed","tiered_pricing_fixed_rules":[],"tiered_pricing_product_settings":{"layout":"default","base_unit_name":{"singular":null,"plural":null},"default_variation":null},"tiered_pricing_minimum_quantity":null,"tiered_pricing_roles_data":[],"tiered_pricing_percentage_rules":[],"tiered_pricing_maximum_quantity":null,"tiered_pricing_quantity_step":null,"_links":{"self":[{"href":"https:\/\/frvape.com\/es\/wp-json\/wp\/v2\/product\/2933","targetHints":{"allow":["GET"]}}],"collection":[{"href":"https:\/\/frvape.com\/es\/wp-json\/wp\/v2\/product"}],"about":[{"href":"https:\/\/frvape.com\/es\/wp-json\/wp\/v2\/types\/product"}],"replies":[{"embeddable":true,"href":"https:\/\/frvape.com\/es\/wp-json\/wp\/v2\/comments?post=2933"}],"wp:featuredmedia":[{"embeddable":true,"href":"https:\/\/frvape.com\/es\/wp-json\/wp\/v2\/media\/2928"}],"wp:attachment":[{"href":"https:\/\/frvape.com\/es\/wp-json\/wp\/v2\/media?parent=2933"}],"wp:term":[{"taxonomy":"product_brand","embeddable":true,"href":"https:\/\/frvape.com\/es\/wp-json\/wp\/v2\/product_brand?post=2933"},{"taxonomy":"product_cat","embeddable":true,"href":"https:\/\/frvape.com\/es\/wp-json\/wp\/v2\/product_cat?post=2933"},{"taxonomy":"product_tag","embeddable":true,"href":"https:\/\/frvape.com\/es\/wp-json\/wp\/v2\/product_tag?post=2933"}],"curies":[{"name":"wp","href":"https:\/\/api.w.org\/{rel}","templated":true}]}}