{"id":2992,"date":"2025-10-12T04:22:38","date_gmt":"2025-10-12T04:22:38","guid":{"rendered":"https:\/\/frvape.com\/product\/bang-king-switch-duo-35000-puffs-dual-flavors-wholesale-disposable-vape\/"},"modified":"2025-11-04T01:45:07","modified_gmt":"2025-11-04T01:45:07","slug":"bang-king-switch-duo-35000-puffs-dual-flavors-venta-al-por-mayor-vape-desechable","status":"publish","type":"product","link":"https:\/\/frvape.com\/es\/producto\/bang-king-switch-duo-35000-puffs-dual-flavors-venta-al-por-mayor-vape-desechable\/","title":{"rendered":"Bang King Switch Duo 35000 Puffs Doble Sabor Vape Desechable al por mayor"},"content":{"rendered":"<p>Experimente una satisfacci\u00f3n de vapeo sin precedentes con el <strong>Bang King Switch Duo 35000 Puffs Vape Desechable<\/strong>Dise\u00f1ado para ofrecer la m\u00e1xima comodidad y diversi\u00f3n. Este dispositivo destaca como la mejor opci\u00f3n tanto para principiantes como para usuarios experimentados, ya que ofrece una extraordinaria <strong>Capacidad para 35.000 bocanadas<\/strong> y la capacidad \u00fanica de cambiar entre dos sabores distintos. Elaborado con <strong>bobina de doble malla<\/strong> mejora la producci\u00f3n de vapor y la intensidad del sabor, mientras que la tecnolog\u00eda de <strong>Bater\u00eda recargable de 650 mAh<\/strong> garantiza un rendimiento duradero gracias a un <strong>Carga Tipo-C<\/strong> puerto. <strong>Venta al por mayor<\/strong>, viene<strong>s en envases a granel<\/strong>por lo que es ideal para una distribuci\u00f3n rentable.<\/p>\n<h3>Caracter\u00edsticas principales<\/h3>\n<p>Emb\u00e1rcate en un viaje de vapeo vers\u00e1til con el Bang King 35000, donde cada calada se ve realzada por innovadores <strong>sabores duales<\/strong> funcionalidad. Alterna sin esfuerzo entre dos sabores complementarios para evitar la fatiga de sabor y mantener una experiencia fresca. La avanzada <strong>sistema de bobina de doble malla<\/strong> optimiza la distribuci\u00f3n del calor para obtener nubes m\u00e1s densas y perfiles de sabor m\u00e1s ricos. Con un <strong>dise\u00f1o elegante y ergon\u00f3mico<\/strong>, este dispositivo se adapta c\u00f3modamente a la mano y desprende una est\u00e9tica moderna. Tambi\u00e9n ofrece un <strong>experiencia nicot\u00ednica personalizable<\/strong>que permite a los usuarios elegir entre los niveles de nicotina 0%, 2%, 3% o 5%. <strong>sin nicotina<\/strong> y los que prefieren un golpe m\u00e1s fuerte.<\/p>\n<h3>Especificaciones completas<\/h3>\n<p>El Bang King Switch Duo 35000 destaca por su durabilidad y rendimiento, con unas especificaciones excepcionales en un chasis compacto. Las m\u00e9tricas clave incluyen: <strong>35.000 bocanadas<\/strong> por dispositivo, lo que garantiza semanas de uso constante sin sustituciones frecuentes. Un e-l\u00edquido sustancial <strong>capacidad de 28x2ml (56ml en total)<\/strong> garantiza un disfrute prolongado, mientras que el <strong>Bobina de malla dual de 1,0ohm<\/strong> garantiza unas caladas suaves e intensas. La seguridad y la eficacia son las m\u00e1ximas prioridades con su <strong>Bater\u00eda de 650 mAh<\/strong>respaldado por <strong>Carga r\u00e1pida Tipo-C<\/strong> para recargas r\u00e1pidas. Por razones de viabilidad comercial, se ha optimizado el esquema de envasado: los dispositivos vienen en juegos de <strong>10 unidades por caja<\/strong>con <strong>200 unidades por caja<\/strong>racionalizaci\u00f3n a gran escala <strong>distribuci\u00f3n mayorista<\/strong>. Esto lo hace perfecto para los minoristas que desean almacenar productos de gran demanda.<\/p>\n<h3>Perfil de sabores variados<\/h3>\n<p>Sum\u00e9rjase en un mundo de sensaciones gustativas con nuestra meticulosa selecci\u00f3n. <strong>sabores duales<\/strong> ofertas. Cada combinaci\u00f3n ofrece un equilibrio armonioso, desde delicias afrutadas hasta refrescantes helados. A continuaci\u00f3n encontrar\u00e1 la lista completa de opciones disponibles: elija su par perfecto para elevar cada sesi\u00f3n de vapeo: Bomba de cereza\/Hielo de uva<br \/>Black Dragon Ice\/Fresa Kiwi<br \/>Red Bull\/Melocot\u00f3n<br \/>Cherry Pop\/Mr Blue<br \/>Kiwi Fruta de la pasi\u00f3n Guayaba\/Cereza azul Lim\u00f3n<br \/>Mango a la lima\/Menta fr\u00eda<br \/>Blue Razz Ice\/Juicy Peach Ice<br \/>Pink Lemon\/Mr Blue<br \/>Mango melocot\u00f3n\/mango fresa<br \/>Sand\u00eda con fresa\/Hielo de sand\u00eda<br \/>Fresa Pl\u00e1tano\/Doble Manzana<br \/>Triple Berry Ice\/Frutas tropicales<\/p>\n<h3>Experiencia de usuario ideal<\/h3>\n<p>La Bang King 35000 est\u00e1 dise\u00f1ada para un atractivo universal, en particular <strong>venta al por mayor<\/strong>-clientes que buscan soluciones fiables y de gran capacidad. Los vapeadores se benefician de un enfoque f\u00e1cil de usar, sin necesidad de mantenimiento, gracias a su <strong>naturaleza desechable<\/strong>Sin embargo, incluye un <strong>opci\u00f3n de recarga<\/strong> para ampliar la usabilidad. Este equilibrio entre comodidad y rendimiento reduce los residuos electr\u00f3nicos al tiempo que maximiza el valor. Su <strong>construcci\u00f3n ergon\u00f3mica<\/strong> garantiza una c\u00f3moda portabilidad para su uso sobre la marcha, adapt\u00e1ndose perfectamente a las rutinas diarias. Para los minoristas, el embalaje a granel (10 unidades\/caja, 200 unidades\/cart\u00f3n) se traduce en menores costes y mayores m\u00e1rgenes de beneficio, lo que aumenta su atractivo en mercados competitivos. En definitiva, este dispositivo ofrece <strong>una experiencia de vapeo inigualable<\/strong>Con cada calada ofrece un sabor consistente y suaves nubes de vapor que satisfacen los antojos sin compromiso.<\/p>","protected":false},"excerpt":{"rendered":"<p>En <strong>Bang King 35000<\/strong> El vaporizador desechable proporciona hasta <strong>35.000 bocanadas<\/strong> con sabores duales y niveles de nicotina personalizables.<br \/>Perfecto para <strong>pedidos al por mayor<\/strong>Cuenta con una bater\u00eda recargable y un dise\u00f1o elegante.<\/p>","protected":false},"featured_media":2986,"comment_status":"open","ping_status":"closed","template":"","meta":[],"product_brand":[133],"product_cat":[856],"product_tag":[391,309,392,394,75,393],"class_list":{"0":"post-2992","1":"product","2":"type-product","3":"status-publish","4":"has-post-thumbnail","6":"product_brand-bangking","7":"product_cat-bangking","8":"product_tag-35000-puffs-disposable","9":"product_tag-bang-king-vape","10":"product_tag-dual-flavors-e-cigarette","11":"product_tag-nicotine-free-option","12":"product_tag-rechargeable-disposable-vape","13":"product_tag-wholesale-vape-device","15":"first","16":"instock","17":"sale","18":"shipping-taxable","19":"purchasable","20":"product-type-variable"},"jetpack_sharing_enabled":true,"tiered_pricing_type":"fixed","tiered_pricing_fixed_rules":[],"tiered_pricing_product_settings":{"layout":"default","base_unit_name":{"singular":null,"plural":null},"default_variation":null},"tiered_pricing_minimum_quantity":null,"tiered_pricing_roles_data":[],"tiered_pricing_percentage_rules":[],"tiered_pricing_maximum_quantity":null,"tiered_pricing_quantity_step":null,"_links":{"self":[{"href":"https:\/\/frvape.com\/es\/wp-json\/wp\/v2\/product\/2992","targetHints":{"allow":["GET"]}}],"collection":[{"href":"https:\/\/frvape.com\/es\/wp-json\/wp\/v2\/product"}],"about":[{"href":"https:\/\/frvape.com\/es\/wp-json\/wp\/v2\/types\/product"}],"replies":[{"embeddable":true,"href":"https:\/\/frvape.com\/es\/wp-json\/wp\/v2\/comments?post=2992"}],"wp:featuredmedia":[{"embeddable":true,"href":"https:\/\/frvape.com\/es\/wp-json\/wp\/v2\/media\/2986"}],"wp:attachment":[{"href":"https:\/\/frvape.com\/es\/wp-json\/wp\/v2\/media?parent=2992"}],"wp:term":[{"taxonomy":"product_brand","embeddable":true,"href":"https:\/\/frvape.com\/es\/wp-json\/wp\/v2\/product_brand?post=2992"},{"taxonomy":"product_cat","embeddable":true,"href":"https:\/\/frvape.com\/es\/wp-json\/wp\/v2\/product_cat?post=2992"},{"taxonomy":"product_tag","embeddable":true,"href":"https:\/\/frvape.com\/es\/wp-json\/wp\/v2\/product_tag?post=2992"}],"curies":[{"name":"wp","href":"https:\/\/api.w.org\/{rel}","templated":true}]}}