{"id":3082,"date":"2025-10-12T04:30:40","date_gmt":"2025-10-12T04:30:40","guid":{"rendered":"https:\/\/frvape.com\/product\/uwin-crystal-twins-40000-disposable-vape-long-lasting-rechargeable\/"},"modified":"2025-11-04T01:53:24","modified_gmt":"2025-11-04T01:53:24","slug":"uwin-crystal-twins-40000-vape-desechable-recargable-de-larga-duracion","status":"publish","type":"product","link":"https:\/\/frvape.com\/es\/producto\/uwin-crystal-twins-40000-vape-desechable-recargable-de-larga-duracion\/","title":{"rendered":"Uwin Crystal Twins 40000 Vape desechable | Larga duraci\u00f3n y recargable"},"content":{"rendered":"<h3>Presentamos el vaporizador desechable Uwin Crystal Twins 40000<\/h3>\n<p>Ad\u00e9ntrese en un mundo de vapeo premium con el <strong>Gemelos de cristal Uwin 40000<\/strong>dise\u00f1ado para ofrecer <strong>40.000 bocanadas<\/strong> de puro placer. Este innovador dispositivo garantiza una experiencia de sabor prolongada y rica con cada inhalaci\u00f3n, combinando un llamativo brillo met\u00e1lico y un suave acabado acr\u00edlico para un viaje sensorial realmente refinado. Su <strong>recargable<\/strong> a trav\u00e9s de un puerto Type-C proporciona un rendimiento duradero, por lo que es perfecto para los entusiastas del vapeo diario que buscan satisfacci\u00f3n.<\/p>\n<h3>Rendimiento y especificaciones inigualables<\/h3>\n<p>En <strong>Gemelos de cristal Uwin 40000<\/strong> est\u00e1 dise\u00f1ado con tecnolog\u00eda de vanguardia para elevar su placer vaping. Las especificaciones clave incluyen un recuento masivo de caladas de <strong>40,000<\/strong>El dispositivo tiene una capacidad de carga considerable. El dispositivo tiene una capacidad <strong>32 ml<\/strong> capacidad de e-l\u00edquido y cuenta con un potente <strong>Bater\u00eda de 850 mAh<\/strong> con optimizaci\u00f3n de cobalto para una carga r\u00e1pida y eficiente. Con un avanzado <strong>bobina de malla<\/strong> ofrece un sabor intenso y consistente en cada calada, adem\u00e1s de un c\u00f3modo <strong>indicador de potencia de aceite<\/strong> para evitar que se acabe. Ideal tanto para nuevos usuarios como para vapeadores, admite m\u00faltiples concentraciones de nicotina para experiencias personalizadas.<\/p>\n<h3>Sabores vers\u00e1tiles para cada ocasi\u00f3n.<\/h3>\n<p><p>Mejore sus momentos de vapeo con nuestra variada gama de <strong>20 tentadores sabores<\/strong>Con un dise\u00f1o de doble sabor para adaptarse a su estado de \u00e1nimo sin esfuerzo. Cada sabor ofrece una mezcla \u00fanica de riqueza y suavidad, tanto si le apetecen delicias afrutadas como sensaciones heladas. Explore nuestra amplia gama <strong>gama de sabores<\/strong>:<\/p>\n<p><strong>Ar\u00e1ndanos sobre hielo<\/strong><br \/><strong>Kiwi Fruta de la pasi\u00f3n Guayaba<\/strong><br \/><strong>Hielo de uva<\/strong><br \/><strong>Fresa Frambuesa Cereza<\/strong><br \/><strong>Fresa Kiwi<\/strong><br \/><strong>Sr. Azul<\/strong><br \/><strong>Melocot\u00f3n Mango Pi\u00f1a<\/strong><br \/><strong>Cereza helada<\/strong><br \/><strong>Lim\u00f3n Lima<\/strong><br \/><strong>Love 66 (Hielo de mel\u00f3n y fruta de la pasi\u00f3n)<\/strong><br \/><strong>Fresa Pl\u00e1tano<\/strong><br \/><strong>Dos manzanas<\/strong><br \/><strong>Kiwi Fruta de la pasi\u00f3n Guayaba<\/strong><br \/><strong>Hielo de sand\u00eda<\/strong><br \/><strong>Ar\u00e1ndano Frambuesa<\/strong><br \/><strong>Red Bull<\/strong><br \/><strong>Sand\u00eda con fresa<\/strong><br \/><strong>Mezcla de bayas<\/strong><br \/><strong>Ar\u00e1ndano Frambuesa<\/strong><br \/><strong>Helado de melocot\u00f3n de verano<\/strong><\/p>\n<p>Con estos <strong>opciones exclusivas<\/strong>Con la nueva cafetera, puede alternar entre infusiones de fruta fresca, notas \u00e1cidas y efectos de hielo refrescante para un placer infinito.<\/p>\n<\/p>\n<h3>Embalaje c\u00f3modo e integraci\u00f3n en el estilo de vida<\/h3>\n<p>Dise\u00f1ado para ser pr\u00e1ctico y f\u00e1cil de usar, el <strong>Gemelos de cristal Uwin 40000<\/strong> se presenta en envases vers\u00e1tiles: cada caja incluye 10 dispositivos y cada cart\u00f3n contiene 200 unidades. Este <strong>vape desechable<\/strong> pesa 22,5 kg por caja, con dimensiones de cart\u00f3n optimizadas en CM para un almacenamiento y transporte eficaces. Su <strong>recargable<\/strong> que le permite mantener la velocidad de la <strong>40.000 puff<\/strong> mediante una carga Type-C constante. Disfruta de una experiencia de vapeo sin complicaciones que se adapta perfectamente a cualquier estilo de vida, desde tardes tranquilas hasta aventuras activas.<\/p>\n<h3>\u00bfPor qu\u00e9 elegir Uwin Crystal Twins?<\/h3>\n<p>Este excepcional dispositivo combina estilo y sustancia, ofreciendo un dise\u00f1o duradero, <strong>bobina de malla<\/strong>-rendimiento mejorado para una calidad de vapor impecable. Los usuarios informan de una mayor satisfacci\u00f3n con el <strong>opciones de nicotina<\/strong> que van de 0% a 5%, satisfaciendo tanto las preferencias sin nicotina como las de los que buscan grandes dosis. En <strong>indicador de potencia de aceite<\/strong> le garantiza que nunca adivinar\u00e1 cu\u00e1ndo ha llegado el momento de reponerla. Adem\u00e1s, la gran variedad de sabores y la <strong>vida puff<\/strong> garantizan valor y emoci\u00f3n en cada uso.<\/p>\n<p>Transforma tu rutina de vapeo con el <strong>Gemelos de cristal Uwin 40000<\/strong> - donde la tecnolog\u00eda avanzada se une a la elegancia. Descubra por qu\u00e9 es la primera opci\u00f3n entre <strong>vape desechable<\/strong> entusiastas de hoy.<\/p>","protected":false},"excerpt":{"rendered":"<p>Experiencia <strong>40.000 bocanadas<\/strong> de puro placer con <strong>Gemelos de cristal Uwin 40000<\/strong>con un elegante brillo met\u00e1lico y un suave tacto acr\u00edlico.<\/p>\n<p>Disfruta de la versatilidad <strong>sabores<\/strong> para cada estado de \u00e1nimo, opciones de nicotina de 0%\/2%\/3%\/5%, y un <strong>recargable<\/strong> dise\u00f1o.<\/p>","protected":false},"featured_media":3076,"comment_status":"open","ping_status":"closed","template":"","meta":[],"product_brand":[404],"product_cat":[1017,850],"product_tag":[389,112,372,229,407,155],"class_list":{"0":"post-3082","1":"product","2":"type-product","3":"status-publish","4":"has-post-thumbnail","6":"product_brand-uwin","7":"product_cat-crystal-vapes","8":"product_cat-uwin","9":"product_tag-40000-puffs-vape","10":"product_tag-disposable-vape","11":"product_tag-mesh-coil","12":"product_tag-rechargeable-electronic-cigarette","13":"product_tag-uwin-crystal-twins","14":"product_tag-vape-flavors","16":"first","17":"instock","18":"sale","19":"shipping-taxable","20":"purchasable","21":"product-type-variable"},"jetpack_sharing_enabled":true,"tiered_pricing_type":"fixed","tiered_pricing_fixed_rules":[],"tiered_pricing_product_settings":{"layout":"default","base_unit_name":{"singular":null,"plural":null},"default_variation":null},"tiered_pricing_minimum_quantity":null,"tiered_pricing_roles_data":[],"tiered_pricing_percentage_rules":[],"tiered_pricing_maximum_quantity":null,"tiered_pricing_quantity_step":null,"_links":{"self":[{"href":"https:\/\/frvape.com\/es\/wp-json\/wp\/v2\/product\/3082","targetHints":{"allow":["GET"]}}],"collection":[{"href":"https:\/\/frvape.com\/es\/wp-json\/wp\/v2\/product"}],"about":[{"href":"https:\/\/frvape.com\/es\/wp-json\/wp\/v2\/types\/product"}],"replies":[{"embeddable":true,"href":"https:\/\/frvape.com\/es\/wp-json\/wp\/v2\/comments?post=3082"}],"wp:featuredmedia":[{"embeddable":true,"href":"https:\/\/frvape.com\/es\/wp-json\/wp\/v2\/media\/3076"}],"wp:attachment":[{"href":"https:\/\/frvape.com\/es\/wp-json\/wp\/v2\/media?parent=3082"}],"wp:term":[{"taxonomy":"product_brand","embeddable":true,"href":"https:\/\/frvape.com\/es\/wp-json\/wp\/v2\/product_brand?post=3082"},{"taxonomy":"product_cat","embeddable":true,"href":"https:\/\/frvape.com\/es\/wp-json\/wp\/v2\/product_cat?post=3082"},{"taxonomy":"product_tag","embeddable":true,"href":"https:\/\/frvape.com\/es\/wp-json\/wp\/v2\/product_tag?post=3082"}],"curies":[{"name":"wp","href":"https:\/\/api.w.org\/{rel}","templated":true}]}}