{"id":3297,"date":"2025-10-12T04:44:58","date_gmt":"2025-10-12T04:44:58","guid":{"rendered":"https:\/\/frvape.com\/product\/fizzy-pandora-12000-rechargeable-disposable-vape-with-12000-puffs\/"},"modified":"2025-11-04T01:47:12","modified_gmt":"2025-11-04T01:47:12","slug":"fizzy-pandora-12000-vape-recargable-desechable-con-12000-caladas","status":"publish","type":"product","link":"https:\/\/frvape.com\/es\/producto\/fizzy-pandora-12000-vape-recargable-desechable-con-12000-caladas\/","title":{"rendered":"Vapeador Desechable Recargable Fizzy Pandora 12000 con 12000 Puffs"},"content":{"rendered":"<h3>Presentamos el Fizzy Pandora 12000: Revoluciona tu experiencia de vapeo<\/h3>\n<p>Como l\u00edder <strong>plataforma mayorista en l\u00ednea de vapes desechables<\/strong> en los Pa\u00edses Bajos, Alemania, B\u00e9lgica y Espa\u00f1a, presentamos el Fizzy Pandora 12000 Puffs. Este elegante vaporizador de alto rendimiento se dirige tanto a usuarios particulares como a minoristas, combinando un dise\u00f1o moderno con tecnolog\u00eda de vanguardia. Ideal para compras al por mayor, combina una configuraci\u00f3n recargable con la comodidad de los desechables, garantizando una satisfacci\u00f3n prolongada sin compromisos.<\/p>\n<h3>Especificaciones y caracter\u00edsticas principales<\/h3>\n<p>Dise\u00f1ada para ofrecer durabilidad y eficiencia, la Fizzy Pandora 12000 ofrece una fiabilidad insuperable. Su robusta construcci\u00f3n -con materiales met\u00e1licos de alta calidad- incorpora un orificio para cord\u00f3n que facilita su transporte, lo que la hace perfecta para llevar un estilo de vida activo. Con un <strong>20ML de capacidad de l\u00edquido<\/strong> y un <strong>dise\u00f1o rellenable de aceite<\/strong>Este dispositivo minimiza los residuos al tiempo que maximiza su uso. Descubra sus principales ventajas:<\/p>\n<p>&#8211; <strong>Nicotina salada<\/strong>: Elija entre <strong>Fuerzas 2% o 5%<\/strong> para una satisfacci\u00f3n a medida.<br \/>&#8211; <strong>Puffs<\/strong>: Disfrute de hasta <strong>12000 bocanadas<\/strong> por unidad, lo que reduce la necesidad de sustituciones frecuentes.<br \/>&#8211; <strong>Recargable<\/strong>: Impulsado por un <strong>Bater\u00eda de 650 mAh<\/strong> para un uso sostenido, complementado con un <strong>Puerto de carga Tipo-C<\/strong>.<br \/>&#8211; <strong>Bobina de malla<\/strong>: Avanzado <strong>tecnolog\u00eda de bobinas de malla<\/strong> asegura un sabor consistente y una producci\u00f3n de vapor suave.<br \/>&#8211; <strong>Pantalla LCD<\/strong>: Controla la duraci\u00f3n de la bater\u00eda y el e-l\u00edquido restante a trav\u00e9s de una pantalla intuitiva.<br \/>&#8211; <strong>Embalaje<\/strong>: Se vende a granel con <strong>200 unidades por caja<\/strong>lo que la convierte en una opci\u00f3n estelar para la venta al por mayor.<\/p>\n<h3>Una experiencia gustativa inigualable<\/h3>\n<p>Sum\u00e9rjase en nuestra variada cartera de sabores con 12 opciones \u00fanicas que se adaptan a cualquier paladar. Cada sabor est\u00e1 hecho a mano para la riqueza y la longevidad, gracias a la integraci\u00f3n de la bobina de malla:<\/p>\n<p> &#8211; <strong>Ar\u00e1ndano Frambuesa<\/strong><br \/> &#8211; <strong>Sand\u00eda Ar\u00e1ndano<\/strong><br \/> &#8211; <strong>Fresa Kiwi Granada<\/strong><br \/> &#8211; <strong>Melocot\u00f3n<\/strong><br \/> &#8211; <strong>Sand\u00eda<\/strong><br \/> &#8211; <strong>Ar\u00e1ndanos<\/strong><br \/> &#8211; <strong>Uva<\/strong><br \/> &#8211; <strong>Naranja Mango Sand\u00eda<\/strong><br \/> &#8211; <strong>Mango<\/strong><br \/> &#8211; <strong>Menta helada<\/strong><br \/> &#8211; <strong>Granada<\/strong><br \/> &#8211; <strong>Fresa<\/strong><\/p>\n<h3>Dise\u00f1ado para la comodidad y la excelencia al por mayor<\/h3>\n<p>Disfruta de un vapeo sin complicaciones con funciones adaptadas a los usuarios modernos. El port\u00e1til, <strong>vaporizador desechable<\/strong> mejorado por su carcasa met\u00e1lica duradera y la integraci\u00f3n del cord\u00f3n, se adapta perfectamente a la vida diaria. Tanto si es un particular que busca una calada de primera calidad como si es un minorista que quiere abastecerse, el Fizzy Pandora 12000 destaca en <strong>vapes al por mayor<\/strong>. Su <strong>recargable<\/strong> La naturaleza y el dise\u00f1o eficiente prolongan la vida \u00fatil del dispositivo, perfecto para mercados de gran demanda en toda Europa.<\/p>\n<p>Mejora tu experiencia de vapeo hoy mismo: opta por un dispositivo que combina innovaci\u00f3n, diversidad de sabores y carga respetuosa con el medio ambiente. Con su <strong>12000 bocanadas<\/strong> y vers\u00e1tiles opciones de nicotina, el Fizzy Pandora 12000 redefine lo que es un <strong>vape desechable<\/strong> puede conseguir.<\/p>","protected":false},"excerpt":{"rendered":"<p>La Fizzy Pandora 12000 es una <strong>vaporizador desechable<\/strong> con un <strong>Bater\u00eda recargable de 650 mAh<\/strong>, entregando hasta <strong>12000 bocanadas<\/strong>. En <strong>tecnolog\u00eda de bobinas de malla<\/strong> y un <strong>Pantalla LCD<\/strong>Ofrece la posibilidad de personalizar <strong>Concentraciones de nicotina 2% o 5%<\/strong> a trav\u00e9s de 12 refrescantes sabores.<\/p>","protected":false},"featured_media":3291,"comment_status":"open","ping_status":"closed","template":"","meta":[],"product_brand":[124],"product_cat":[868],"product_tag":[371,112,422,77,84,368],"class_list":{"0":"post-3297","1":"product","2":"type-product","3":"status-publish","4":"has-post-thumbnail","6":"product_brand-fizzy","7":"product_cat-fizzy","8":"product_tag-12000-puffs","9":"product_tag-disposable-vape","10":"product_tag-fizzy-pandora-12000","11":"product_tag-mesh-coil-vape","12":"product_tag-rechargeable-vape-pen","13":"product_tag-wholesale-vapes","15":"first","16":"instock","17":"sale","18":"shipping-taxable","19":"purchasable","20":"product-type-variable"},"jetpack_sharing_enabled":true,"tiered_pricing_type":"fixed","tiered_pricing_fixed_rules":[],"tiered_pricing_product_settings":{"layout":"default","base_unit_name":{"singular":null,"plural":null},"default_variation":null},"tiered_pricing_minimum_quantity":null,"tiered_pricing_roles_data":[],"tiered_pricing_percentage_rules":[],"tiered_pricing_maximum_quantity":null,"tiered_pricing_quantity_step":null,"_links":{"self":[{"href":"https:\/\/frvape.com\/es\/wp-json\/wp\/v2\/product\/3297","targetHints":{"allow":["GET"]}}],"collection":[{"href":"https:\/\/frvape.com\/es\/wp-json\/wp\/v2\/product"}],"about":[{"href":"https:\/\/frvape.com\/es\/wp-json\/wp\/v2\/types\/product"}],"replies":[{"embeddable":true,"href":"https:\/\/frvape.com\/es\/wp-json\/wp\/v2\/comments?post=3297"}],"wp:featuredmedia":[{"embeddable":true,"href":"https:\/\/frvape.com\/es\/wp-json\/wp\/v2\/media\/3291"}],"wp:attachment":[{"href":"https:\/\/frvape.com\/es\/wp-json\/wp\/v2\/media?parent=3297"}],"wp:term":[{"taxonomy":"product_brand","embeddable":true,"href":"https:\/\/frvape.com\/es\/wp-json\/wp\/v2\/product_brand?post=3297"},{"taxonomy":"product_cat","embeddable":true,"href":"https:\/\/frvape.com\/es\/wp-json\/wp\/v2\/product_cat?post=3297"},{"taxonomy":"product_tag","embeddable":true,"href":"https:\/\/frvape.com\/es\/wp-json\/wp\/v2\/product_tag?post=3297"}],"curies":[{"name":"wp","href":"https:\/\/api.w.org\/{rel}","templated":true}]}}