{"id":3720,"date":"2025-10-12T05:11:31","date_gmt":"2025-10-12T05:11:31","guid":{"rendered":"https:\/\/frvape.com\/product\/bang-smart-screen-15000-disposable-vape-with-15000-puffs-rechargeable\/"},"modified":"2025-11-25T03:17:11","modified_gmt":"2025-11-25T03:17:11","slug":"bang-smart-screen-15000-vape-desechable-con-15000-caladas-recargable","status":"publish","type":"product","link":"https:\/\/frvape.com\/es\/producto\/bang-smart-screen-15000-vape-desechable-con-15000-caladas-recargable\/","title":{"rendered":"Bang Smart Screen 15000 Vape Desechable con 15000 Puffs Recargable"},"content":{"rendered":"<h3>Presentamos el Bang Smart Screen 15000 Vape desechable<\/h3>\n<p>Descubra el futuro de la innovaci\u00f3n en vapeo con nuestra tecnolog\u00eda de vanguardia. <strong>Pantalla Bang Smart 15000<\/strong> Vapeador desechable. Dise\u00f1ado para la m\u00e1xima comodidad y rendimiento, este dispositivo combina ingenier\u00eda de alta calidad con funciones f\u00e1ciles de usar para ofrecer una experiencia extraordinaria. Como l\u00edder mundial en el <strong>industria del cigarrillo electr\u00f3nico<\/strong>nos enorgullecemos de crear productos que redefinen los est\u00e1ndares y permiten a los consumidores disfrutar de una alternativa m\u00e1s saludable al tabaco tradicional. Con una misi\u00f3n centrada en la innovaci\u00f3n, nuestro objetivo es ofrecer un vapeo fluido y agradable que satisfaga las necesidades de los usuarios de todo el mundo, respaldado por un servicio de atenci\u00f3n al cliente de primer nivel y unas pr\u00e1cticas de fabricaci\u00f3n sostenibles.<\/p>\n<h3>Principales caracter\u00edsticas y especificaciones<\/h3>\n<p>Bang Smart Screen 15000 destaca por sus impresionantes especificaciones que garantizan un rendimiento de primera. Cuenta con un potente <strong>Bater\u00eda de 650 mAh<\/strong>que garantiza un uso prolongado sin recargas constantes. El dispositivo tiene una generosa <strong>25,0 ml de capacidad de e-l\u00edquido<\/strong>lo que permite una asombrosa <strong>15000 bocanadas<\/strong> por unidad para una longevidad sin igual. Equipado con un <strong>Bobina de malla de 1,2\u03a9<\/strong>El vaporizador de alta calidad, proporciona una producci\u00f3n de vapor rica y consistente y mejora la intensidad del sabor. Este <strong>vape desechable<\/strong> est\u00e1 dise\u00f1ado para un f\u00e1cil transporte con un tama\u00f1o compacto de 90*47mm, ideal para los entusiastas del vapeo sobre la marcha. La recarga es r\u00e1pida y sin esfuerzo a trav\u00e9s de la bater\u00eda integrada. <strong>Carga Tipo-C<\/strong> puerto, eliminando el tiempo de inactividad. Adem\u00e1s, con un <strong>5% concentraci\u00f3n de nicotina<\/strong>ofrece un satisfactorio golpe de garganta que imita a los cigarrillos tradicionales al tiempo que reduce los efectos nocivos.<\/p>\n<h3>Explore nuestras exquisitas selecciones de 12 sabores<\/h3>\n<p>Sum\u00e9rgete en un mundo de sabores tentadores con nuestra colecci\u00f3n de 12 sabores de e-l\u00edquidos, todos infundidos con <strong>Potencia de nicotina 5%<\/strong> para una experiencia de vapeo equilibrada. Cada sabor se elabora con ingredientes de primera calidad para una sensaci\u00f3n suave y refrescante:<\/p>\n<p><strong>Berry BLAST, melocot\u00f3n Berry, melocot\u00f3n helado, fresa sand\u00eda, frutas tropicales, hielo exuberante, uva helada, azul helado, fresa lichi, menta fresca, azul cereza lim\u00f3n, manzana \u00e1cida ar\u00e1ndano.<\/strong><\/p>\n<p>Esta amplia gama garantiza que haya algo para todos los paladares, desde mezclas dulces y afrutadas hasta notas heladas y refrescantes, lo que convierte a Bang Smart Screen 15000 en una opci\u00f3n vers\u00e1til para el disfrute diario.<\/p>\n<h3>Compromiso con la innovaci\u00f3n y la atenci\u00f3n al cliente<\/h3>\n<p>Nuestra especialidad es la investigaci\u00f3n, el desarrollo y la distribuci\u00f3n mundial de <strong>vape desechable<\/strong> con el objetivo de revolucionar el panorama del vapeo. Nuestra dedicaci\u00f3n a la innovaci\u00f3n continua nos ha convertido en un fabricante de primera clase, atrayendo la lealtad masiva de los consumidores con ofertas fiables y de alta calidad que van desde el nivel b\u00e1sico hasta las soluciones de vapeo definitivas. Al centrarnos en <strong>OEM y ODM<\/strong> Si lo desea, puede visitar nuestra f\u00e1brica en cualquier momento para conocer de primera mano nuestro proceso de producci\u00f3n. Mantenemos un completo sistema de atenci\u00f3n al cliente para garantizar una colaboraci\u00f3n fluida y eficaz, dando prioridad no s\u00f3lo a un dise\u00f1o y una calidad excepcionales, sino tambi\u00e9n a una asistencia de primera clase para lograr resultados beneficiosos para todas las partes interesadas en todo el mundo. \u00danase a nosotros en la exploraci\u00f3n de alternativas m\u00e1s sanas y felices al tabaco a trav\u00e9s de nuestros productos en constante evoluci\u00f3n. <strong>tecnolog\u00eda vaping<\/strong>.<\/p>","protected":false},"excerpt":{"rendered":"<p>Experimente el vapeo de primera calidad con el <strong>Pantalla Bang Smart 15000<\/strong> vape desechable, con <strong>15000 bocanadas<\/strong> y <strong>recargable<\/strong> Capacidad Tipo-C.<br \/>Disfrute de <strong>12 sabores diferentes<\/strong> con <strong>Potencia de nicotina 5%<\/strong> para una satisfacci\u00f3n duradera.<\/p>","protected":false},"featured_media":3715,"comment_status":"open","ping_status":"closed","template":"","meta":[],"product_brand":[107],"product_cat":[1072],"product_tag":[280,446,445,112,372,229],"class_list":{"0":"post-3720","1":"product","2":"type-product","3":"status-publish","4":"has-post-thumbnail","6":"product_brand-bang","7":"product_cat-bang","8":"product_tag-15000-puffs","9":"product_tag-5-nicotine","10":"product_tag-bang-smart-screen-15000","11":"product_tag-disposable-vape","12":"product_tag-mesh-coil","13":"product_tag-rechargeable-electronic-cigarette","15":"first","16":"instock","17":"sale","18":"shipping-taxable","19":"purchasable","20":"product-type-variable"},"jetpack_sharing_enabled":true,"tiered_pricing_type":"fixed","tiered_pricing_fixed_rules":[],"tiered_pricing_product_settings":{"layout":"default","base_unit_name":{"singular":null,"plural":null},"default_variation":null},"tiered_pricing_minimum_quantity":null,"tiered_pricing_roles_data":[],"tiered_pricing_percentage_rules":[],"tiered_pricing_maximum_quantity":null,"tiered_pricing_quantity_step":null,"_links":{"self":[{"href":"https:\/\/frvape.com\/es\/wp-json\/wp\/v2\/product\/3720","targetHints":{"allow":["GET"]}}],"collection":[{"href":"https:\/\/frvape.com\/es\/wp-json\/wp\/v2\/product"}],"about":[{"href":"https:\/\/frvape.com\/es\/wp-json\/wp\/v2\/types\/product"}],"replies":[{"embeddable":true,"href":"https:\/\/frvape.com\/es\/wp-json\/wp\/v2\/comments?post=3720"}],"wp:featuredmedia":[{"embeddable":true,"href":"https:\/\/frvape.com\/es\/wp-json\/wp\/v2\/media\/3715"}],"wp:attachment":[{"href":"https:\/\/frvape.com\/es\/wp-json\/wp\/v2\/media?parent=3720"}],"wp:term":[{"taxonomy":"product_brand","embeddable":true,"href":"https:\/\/frvape.com\/es\/wp-json\/wp\/v2\/product_brand?post=3720"},{"taxonomy":"product_cat","embeddable":true,"href":"https:\/\/frvape.com\/es\/wp-json\/wp\/v2\/product_cat?post=3720"},{"taxonomy":"product_tag","embeddable":true,"href":"https:\/\/frvape.com\/es\/wp-json\/wp\/v2\/product_tag?post=3720"}],"curies":[{"name":"wp","href":"https:\/\/api.w.org\/{rel}","templated":true}]}}