{"id":3815,"date":"2025-10-12T05:28:39","date_gmt":"2025-10-12T05:28:39","guid":{"rendered":"https:\/\/frvape.com\/product\/uzy-vaper-9000-disposable-vape-9000-puffs-18ml-capacity-15-flavors\/"},"modified":"2025-11-04T01:54:07","modified_gmt":"2025-11-04T01:54:07","slug":"uzy-vaper-9000-vape-desechable-9000-caladas-18ml-capacidad-15-sabores","status":"publish","type":"product","link":"https:\/\/frvape.com\/es\/producto\/uzy-vaper-9000-vape-desechable-9000-caladas-18ml-capacidad-15-sabores\/","title":{"rendered":"Uzy Vaper 9000 Vape Desechable - 9000 Puffs, 18ml Capacidad, 15 Sabores"},"content":{"rendered":"<h3>Introducci\u00f3n a Uzy Vaper 9000<\/h3>\n<p>Descubra la \u00faltima revoluci\u00f3n en vapeo con el <strong>Uzy Vaper 9000<\/strong> - dise\u00f1ado para ofrecer una satisfacci\u00f3n sin precedentes a trav\u00e9s de la tecnolog\u00eda avanzada y un dise\u00f1o cuidado. Este innovador dispositivo combina un rendimiento excepcional con una est\u00e9tica impresionante, redefiniendo los est\u00e1ndares del vapeo desechable.<\/p>\n<h3>Especificaciones<\/h3>\n<p><strong>Capacidad de la bater\u00eda<\/strong>: La enorme bater\u00eda recargable Type-C de 850 mAh garantiza un uso prolongado sin concesiones.<br \/><strong>Volumen de e-l\u00edquido<\/strong>: Generosa capacidad precargada de 18 ml para un disfrute duradero.<br \/><strong>Recuento de puff<\/strong>: Proporciona una <strong>9000 bocanadas<\/strong> por dispositivo.<br \/><strong>Opciones de nicotina<\/strong>: Concentraciones flexibles de nicotina en sal - <strong>0%, 2%, 3% y 5%<\/strong> para satisfacer todas las preferencias.<br \/><strong>Tecnolog\u00eda de bobinas<\/strong>: Sistema de bobina Premium Mesh (1.2\u03a9) optimizado para la pureza del sabor.<\/p>\n<h3>Caracter\u00edsticas de dise\u00f1o revolucionarias<\/h3>\n<p>En <strong>boquilla ergon\u00f3mica<\/strong> crea una experiencia de ajuste personalizado que se adapta a cualquier situaci\u00f3n de vapeo y garantiza la m\u00e1xima comodidad durante sesiones prolongadas. Transici\u00f3n sin problemas entre la relajaci\u00f3n en el hogar, los desplazamientos, o salidas sociales con este dispositivo perfectamente contorneada que se siente como una extensi\u00f3n de su mano.<\/p>\n<p>Eleva tus sesiones nocturnas con vibrantes <strong>Efectos de iluminaci\u00f3n RGB<\/strong> que transforman tu vapeo en una experiencia multisensorial. Estas luces hipnotizadoras crean patrones visuales cautivadores en entornos con poca luz, convirtiendo cada calada en una ocasi\u00f3n y haciendo que tu dispositivo destaque entre la multitud.<\/p>\n<h3>Una propuesta de valor inigualable<\/h3>\n<p>Experiencia <strong>rendimiento superior<\/strong> sin la etiqueta de precio premium. El Uzy Vaper 9000 logra la armon\u00eda perfecta entre la construcci\u00f3n de lujo, <strong>mayor duraci\u00f3n de la bater\u00eda<\/strong>y ricos perfiles de sabor, todo ello a un precio asequible. Su robusta calidad de construcci\u00f3n garantiza un funcionamiento fiable durante toda la vida \u00fatil, validando su reputaci\u00f3n de ofrecer un valor excepcional a los vapeadores conscientes de los costes que buscan una calidad sin compromisos.<\/p>\n<h3>Amplia selecci\u00f3n de sabores<\/h3>\n<p>Explore nuestra variada gama de 15 sabores elaborados por expertos y dise\u00f1ados para satisfacer todos los paladares. Cada opci\u00f3n ofrece experiencias de sabor por capas utilizando ingredientes de primera calidad:<\/p>\n<ul>\n<li>Fresa helada<\/li>\n<li>Melocot\u00f3n baya<\/li>\n<li>Kiwi Fruta de la pasi\u00f3n Guayaba<\/li>\n<li>Hielo de sand\u00eda<\/li>\n<li>Melocot\u00f3n Mango Pi\u00f1a<\/li>\n<li>Sr. Azul<\/li>\n<li>Mezcla de bayas<\/li>\n<li>Hielo de ar\u00e1ndanos<\/li>\n<li>Fresa Pl\u00e1tano<\/li>\n<li>Fresa Frambuesa Cereza Helado<\/li>\n<li>Cereza helada<\/li>\n<li>Ar\u00e1ndano Frambuesa<\/li>\n<li>Sand\u00eda con fresa<\/li>\n<li>Hielo de uva<\/li>\n<li>Melocot\u00f3n helado<\/li>\n<\/ul>\n<p>Estos sofisticados perfiles de sabor est\u00e1n disponibles en todas las concentraciones de nicotina (0%\/2%\/3%\/5%), lo que garantiza una satisfacci\u00f3n personalizada. Nuestros artesanos desarrollan meticulosamente cada receta para mostrar aut\u00e9nticas esencias frutales y refrescantes acabados helados.<\/p>\n<h3>Innovaci\u00f3n t\u00e9cnica<\/h3>\n<p>En <strong>Carga Tipo-C<\/strong> permite una r\u00e1pida reposici\u00f3n de energ\u00eda, reduciendo el tiempo de inactividad gracias a la compatibilidad universal de los conectores. La direcci\u00f3n <strong>tecnolog\u00eda de bobinas de malla<\/strong> genera consistentemente ricas nubes de vapor mientras mantiene la integridad del sabor desde la primera hasta la \u00faltima calada. Los mecanismos de seguridad incluyen gesti\u00f3n inteligente de la energ\u00eda, protecci\u00f3n contra sobrecarga y sistemas de corte autom\u00e1tico que funcionan silenciosamente en segundo plano.<\/p>\n<h3>\u00bfPor qu\u00e9 elegir Uzy Vaper 9000?<\/h3>\n<p>Esto representa el pin\u00e1culo de la evoluci\u00f3n del vape desechable - enorme <strong>Capacidad de 18 ml<\/strong> elimina las sustituciones frecuentes, mientras que el potente <strong>Bater\u00eda de 850 mAh<\/strong> soporta largas sesiones de vapeo. El <strong>9000 puff de garant\u00eda<\/strong> establece nuevas referencias en el sector, complementadas con la libertad de la personalizaci\u00f3n de la nicotina y el toque art\u00edstico de la firma <strong>Iluminaci\u00f3n RGB<\/strong>.<\/p>\n<p>Dise\u00f1ado para usuarios exigentes que priorizan tanto la sustancia como el estilo, el Uzy Vaper 9000 transforma el vapeo diario en un extraordinario viaje sensorial. Ya sea que est\u00e9 en transici\u00f3n de los cigarrillos o la actualizaci\u00f3n de su dispositivo actual, esta soluci\u00f3n tecnol\u00f3gicamente avanzada proporciona satisfacci\u00f3n m\u00e1s all\u00e1 de las expectativas, manteniendo la asequibilidad excepcional.<\/p>","protected":false},"excerpt":{"rendered":"<p>Experimente el vapeo de primera calidad con el <strong>Uzy Vaper 9000<\/strong> desechables de gran tama\u00f1o <strong>9000 bocanadas<\/strong> y enorme <strong>Capacidad de 18 ml<\/strong>.<br \/>Disfrute de <strong>15 deliciosos sabores<\/strong> con <strong>0%-5% sal nicotina<\/strong> opciones e hipnotizante <strong>Iluminaci\u00f3n RGB<\/strong>.<\/p>","protected":false},"featured_media":3809,"comment_status":"open","ping_status":"closed","template":"","meta":[],"product_brand":[237],"product_cat":[846],"product_tag":[464,463,115,465,315,462],"class_list":{"0":"post-3815","1":"product","2":"type-product","3":"status-publish","4":"has-post-thumbnail","6":"product_brand-uzy","7":"product_cat-uzy","8":"product_tag-18ml-e-cigarette","9":"product_tag-9000-puffs-disposable","10":"product_tag-rechargeable-vape","11":"product_tag-rgb-vape-pen","12":"product_tag-salt-nicotine-vape","13":"product_tag-uzy-vaper-9000","15":"first","16":"instock","17":"sale","18":"shipping-taxable","19":"purchasable","20":"product-type-variable"},"jetpack_sharing_enabled":true,"tiered_pricing_type":"fixed","tiered_pricing_fixed_rules":[],"tiered_pricing_product_settings":{"layout":"default","base_unit_name":{"singular":null,"plural":null},"default_variation":null},"tiered_pricing_minimum_quantity":null,"tiered_pricing_roles_data":[],"tiered_pricing_percentage_rules":[],"tiered_pricing_maximum_quantity":null,"tiered_pricing_quantity_step":null,"_links":{"self":[{"href":"https:\/\/frvape.com\/es\/wp-json\/wp\/v2\/product\/3815","targetHints":{"allow":["GET"]}}],"collection":[{"href":"https:\/\/frvape.com\/es\/wp-json\/wp\/v2\/product"}],"about":[{"href":"https:\/\/frvape.com\/es\/wp-json\/wp\/v2\/types\/product"}],"replies":[{"embeddable":true,"href":"https:\/\/frvape.com\/es\/wp-json\/wp\/v2\/comments?post=3815"}],"wp:featuredmedia":[{"embeddable":true,"href":"https:\/\/frvape.com\/es\/wp-json\/wp\/v2\/media\/3809"}],"wp:attachment":[{"href":"https:\/\/frvape.com\/es\/wp-json\/wp\/v2\/media?parent=3815"}],"wp:term":[{"taxonomy":"product_brand","embeddable":true,"href":"https:\/\/frvape.com\/es\/wp-json\/wp\/v2\/product_brand?post=3815"},{"taxonomy":"product_cat","embeddable":true,"href":"https:\/\/frvape.com\/es\/wp-json\/wp\/v2\/product_cat?post=3815"},{"taxonomy":"product_tag","embeddable":true,"href":"https:\/\/frvape.com\/es\/wp-json\/wp\/v2\/product_tag?post=3815"}],"curies":[{"name":"wp","href":"https:\/\/api.w.org\/{rel}","templated":true}]}}