{"id":4678,"date":"2025-10-12T06:29:45","date_gmt":"2025-10-12T06:29:45","guid":{"rendered":"https:\/\/frvape.com\/product\/razz-bar-15000-puffs-disposable-vape-high-capacity-rechargeable-e-cig-with-mesh-coil\/"},"modified":"2026-01-26T05:21:45","modified_gmt":"2026-01-26T05:21:45","slug":"razz-bar-15000-caladas-vape-desechable-alta-capacidad-e-cig-recargable-con-bobina-de-malla","status":"publish","type":"product","link":"https:\/\/frvape.com\/es\/producto\/razz-bar-15000-caladas-vape-desechable-alta-capacidad-e-cig-recargable-con-bobina-de-malla\/","title":{"rendered":"Razz Bar 15000 Puffs Vape desechable - E-Cig recargable de alta capacidad con bobina de malla"},"content":{"rendered":"<h3>Presentamos el Vape Desechable Razz Bar 15000<\/h3>\n<p>Revoluciona tu experiencia con el <strong>Razz Bar 15000 Puffs Vape Desechable<\/strong>una tecnolog\u00eda <strong>cigarrillo electr\u00f3nico<\/strong> dise\u00f1ado para la m\u00e1xima comodidad y satisfacci\u00f3n. Este <strong>vape desechable<\/strong> combina un alto rendimiento con funciones f\u00e1ciles de usar, lo que garantiza una experiencia perfecta. Como l\u00edder del sector desde 2017, Razz Bar ofrece <strong>calidad superior<\/strong> respaldados por rigurosas pruebas y certificaciones. Explore un mundo de sabores con el <strong>razz bar vape<\/strong>. Perfecto para los vapers adultos que buscan un <strong>e-cig desechable<\/strong> soluci\u00f3n.<\/p>\n<h3>Especificaciones del producto<\/h3>\n<p>La Razz Bar 15000 cuenta con impresionantes especificaciones adaptadas al uso diario. Entre sus principales caracter\u00edsticas se incluyen <strong>vida \u00fatil prolongada de 15000 bocanadas<\/strong>reduciendo la necesidad de recarga constante. El sitio <strong>28 ml de capacidad de e-l\u00edquido<\/strong> garantiza un disfrute prolongado entre recargas. Envasado para la venta al por mayor, cada <strong>la caja contiene 200 unidades<\/strong>por lo que es ideal para minoristas y compradores al por mayor. El dispositivo funciona con un <strong>Bater\u00eda recargable de 650 mAh<\/strong>con un moderno <strong>Puerto de carga Tipo-C<\/strong> para un encendido r\u00e1pido y eficaz. La entrega de sabor mejorada est\u00e1 garantizada con <strong>tecnolog\u00eda de bobinas de malla<\/strong>que proporciona nubes de vapor suaves y ricas. Disponible con <strong>concentraciones de nicotina de 2% o 5%<\/strong>, nuestro <strong>vape desechable<\/strong> satisface las distintas preferencias para una experiencia nicot\u00ednica a medida.<\/p>\n<h3>Paleta de sabores extraordinarios<\/h3>\n<p>Sum\u00e9rjase en una amplia gama de sabores de primera calidad con la Razz Bar 15000. Cada opci\u00f3n est\u00e1 meticulosamente elaborada para ofrecer un sabor y una satisfacci\u00f3n excepcionales, utilizando <strong>tecnolog\u00eda de bobinas de malla<\/strong> para mejorar la calidad del vapor. Nuestros sabores incluyen opciones premium como:<\/p>\n<p>Chicle de sand\u00eda<br \/>Fresa helada<br \/>Fresa Kiwi<br \/>Red Bull Ice<br \/>Ar\u00e1ndano Frambuesa Lim\u00f3n<br \/>Ar\u00e1ndanos sobre hielo<br \/>Caramelo de frambuesa<br \/>Mezcla de bayas<br \/>Lim\u00f3n Lima<br \/>Hielo de sand\u00eda<br \/>Melocot\u00f3n helado<br \/>Melocot\u00f3n Mango Pi\u00f1a<br \/>Mamba<br \/>Cola Ice<br \/>Manzana doble<br \/>Kiwi Fruta de la pasi\u00f3n Guayaba<\/p>\n<p>Con <strong>16 opciones distintas<\/strong>Nuestra cartera de sabores ofrece algo para todos los gustos, desde dulces mezclas de frutas hasta heladas sensaciones mentoladas.<\/p>\n<h3>Por qu\u00e9 destaca Razz Bar<\/h3>\n<p>Desde su lanzamiento en 2017, <strong>Bar Razz<\/strong> se ha convertido en un nombre de confianza <strong>cigarrillo electr\u00f3nico<\/strong> industria. Nos enorgullecemos de la innovaci\u00f3n y producimos en nuestra propia f\u00e1brica para garantizar un control de calidad de primer nivel. Nuestro experimentado equipo de ingenieros emplea procesos como IQC, IPQC y FQC para realizar exhaustivos controles de seguridad, garantizando que cada unidad cumple las normas internacionales. Certificaciones como <strong>CE<\/strong> y <strong>RoHS<\/strong> afirman nuestro compromiso con el cumplimiento y la fiabilidad. M\u00e1s all\u00e1 de nuestra oferta de marcas, proporcionamos expertos <strong>Servicios OEM y ODM<\/strong>ayudar a los clientes a personalizar <strong>productos para vapear<\/strong> a sus necesidades espec\u00edficas. Como resultado, nuestros <strong>vape desechable<\/strong> ha ganado popularidad en todo el mundo, impulsada por la fidelidad de sus clientes y su reputaci\u00f3n estelar.<\/p>\n<h3>Experiencia de vapeo perfecta<\/h3>\n<p>Nuestra <strong>Barra Razz 15000<\/strong> hace hincapi\u00e9 en la comodidad y accesibilidad del usuario. Dise\u00f1ada para ser port\u00e1til, presenta una estructura ligera que cabe perfectamente en bolsillos o bolsas. El sitio <strong>Carga Tipo-C<\/strong> garantiza una recarga r\u00e1pida, lo que le permite vapear sobre la marcha sin interrupciones. Adem\u00e1s, el sencillo mecanismo plug-and-play no requiere mantenimiento, por lo que es perfecto tanto para principiantes como para vapeadores experimentados. Con m\u00e1s de <strong>15000 bocanadas<\/strong>Adem\u00e1s, ofrece un valor excepcional, superando a muchos competidores y proporcionando un sabor constante. Sin complicaciones <strong>cigarrillo electr\u00f3nico<\/strong> garantiza una alternativa satisfactoria para quienes abandonan el tabaquismo tradicional.<\/p>\n<h3>Compromiso con la calidad y la satisfacci\u00f3n<\/h3>\n<p>En Razz Bar, damos prioridad a la confianza del cliente centr\u00e1ndonos en la producci\u00f3n sostenible y las pr\u00e1cticas \u00e9ticas. Nuestros equipos de marketing, dise\u00f1o y ventas trabajan en colaboraci\u00f3n para adelantarse a las tendencias del mercado. Unas pruebas rigurosas en cada fase eliminan los defectos, garantizando que los dispositivos funcionen de forma segura y eficiente. Al ofrecer doble <strong>opciones de nicotina<\/strong> y una amplia gama de sabores, el <strong>razz bar vape<\/strong> satisface las diversas preferencias de los adultos de todo el mundo. Abrace el futuro del vapeo con nuestro fiable y agradable <strong>e-cig desechable<\/strong>. Para pedidos personalizados, nuestro <strong>Capacidad OEM y ODM<\/strong> permiten soluciones a medida: p\u00f3ngase en contacto con nosotros hoy mismo para mejorar su experiencia de vapeo.<\/p>","protected":false},"excerpt":{"rendered":"<p>Experimente el vapeo de primera calidad con el <strong>Razz Bar 15000 Puffs Vape Desechable<\/strong>. Con un enorme <strong>Capacidad de 28 ml<\/strong>, <strong>bater\u00eda recargable de 650 mAh<\/strong>, <strong>tecnolog\u00eda de bobinas de malla<\/strong>y <strong>opciones de nicotina de 2% o 5%<\/strong>. Disfrute de la satisfacci\u00f3n de un sabor duradero en un dispositivo compacto y f\u00e1cil de usar.<\/p>","protected":false},"featured_media":4672,"comment_status":"open","ping_status":"closed","template":"","meta":[],"product_brand":[70],"product_cat":[893],"product_tag":[280,112,153,223,522,115],"class_list":{"0":"post-4678","1":"product","2":"type-product","3":"status-publish","4":"has-post-thumbnail","6":"product_brand-razzbar","7":"product_cat-razzbar","8":"product_tag-15000-puffs","9":"product_tag-disposable-vape","10":"product_tag-e-cigarette","11":"product_tag-nicotine-vape","12":"product_tag-razz-bar-vape","13":"product_tag-rechargeable-vape","15":"first","16":"instock","17":"sale","18":"shipping-taxable","19":"purchasable","20":"product-type-variable"},"jetpack_sharing_enabled":true,"tiered_pricing_type":"fixed","tiered_pricing_fixed_rules":[],"tiered_pricing_product_settings":{"layout":"default","base_unit_name":{"singular":null,"plural":null},"default_variation":null},"tiered_pricing_minimum_quantity":null,"tiered_pricing_roles_data":[],"tiered_pricing_percentage_rules":[],"tiered_pricing_maximum_quantity":null,"tiered_pricing_quantity_step":null,"_links":{"self":[{"href":"https:\/\/frvape.com\/es\/wp-json\/wp\/v2\/product\/4678","targetHints":{"allow":["GET"]}}],"collection":[{"href":"https:\/\/frvape.com\/es\/wp-json\/wp\/v2\/product"}],"about":[{"href":"https:\/\/frvape.com\/es\/wp-json\/wp\/v2\/types\/product"}],"replies":[{"embeddable":true,"href":"https:\/\/frvape.com\/es\/wp-json\/wp\/v2\/comments?post=4678"}],"wp:featuredmedia":[{"embeddable":true,"href":"https:\/\/frvape.com\/es\/wp-json\/wp\/v2\/media\/4672"}],"wp:attachment":[{"href":"https:\/\/frvape.com\/es\/wp-json\/wp\/v2\/media?parent=4678"}],"wp:term":[{"taxonomy":"product_brand","embeddable":true,"href":"https:\/\/frvape.com\/es\/wp-json\/wp\/v2\/product_brand?post=4678"},{"taxonomy":"product_cat","embeddable":true,"href":"https:\/\/frvape.com\/es\/wp-json\/wp\/v2\/product_cat?post=4678"},{"taxonomy":"product_tag","embeddable":true,"href":"https:\/\/frvape.com\/es\/wp-json\/wp\/v2\/product_tag?post=4678"}],"curies":[{"name":"wp","href":"https:\/\/api.w.org\/{rel}","templated":true}]}}