{"id":5046,"date":"2025-10-12T06:52:34","date_gmt":"2025-10-12T06:52:34","guid":{"rendered":"https:\/\/frvape.com\/product\/waspe-20000-disposable-vape-with-dual-mesh-coil-and-rechargeable-battery\/"},"modified":"2025-11-26T08:59:47","modified_gmt":"2025-11-26T08:59:47","slug":"waspe-20000-vape-desechable-con-doble-bobina-de-malla-y-bateria-recargable","status":"publish","type":"product","link":"https:\/\/frvape.com\/es\/producto\/waspe-20000-vape-desechable-con-doble-bobina-de-malla-y-bateria-recargable\/","title":{"rendered":"WASPE 20000 Vape desechable con doble bobina de malla y bater\u00eda recargable"},"content":{"rendered":"<h3>Visi\u00f3n general<\/h3>\n<p>En <strong>WASPE 20000 PUFFS Caja de malla doble<\/strong> redefine el vapeo desechable premium, ofreciendo una experiencia incomparable de lujo y rendimiento. Como <strong>vape desechable<\/strong>combina un dise\u00f1o elegante con <strong>tecnolog\u00eda de bobina de doble malla<\/strong> para garantizar una producci\u00f3n \u00f3ptima de vapor y una rica entrega de sabor. Con una intuitiva <strong>Pantalla LED<\/strong> para un control en tiempo real, este dispositivo satisface a los vapeadores que buscan estilo y sustancia. Con una generosa capacidad de 20000 caladas y un vers\u00e1til <strong>opciones de nicotina<\/strong> que van de 0% a 5%, el WASPE 20000 se adapta a diversas preferencias, tanto si es un principiante como un entusiasta que busca un viaje de vapeo duradero y sin complicaciones.<\/p>\n<h3>Especificaciones del producto<\/h3>\n<p>1. Puffs: <strong>20000 Puffs<\/strong><br \/>\n2. Bobina de malla doble: <strong>1ohmio<\/strong> + <strong>1ohmio<\/strong><br \/>\n3. E-l\u00edquido: <strong>24 ml<\/strong><br \/>\n4. Nicotina: <strong>0%<\/strong>\/<strong>2%<\/strong>\/<strong>3%<\/strong>\/<strong>5%<\/strong><br \/>\n5. Bater\u00eda: <strong>900 mAh<\/strong> <strong>bater\u00eda recargable<\/strong><br \/>\n6. Recargable: <strong>Tipo-C<\/strong> para una carga r\u00e1pida y c\u00f3moda<br \/>\n7. Pantalla LED: Incorporada para facilitar el seguimiento del uso y el estado de la bater\u00eda.<br \/>\n8. Peso del producto: <strong>98g<\/strong> por pieza<br \/>\n9. Tama\u00f1o del producto: <strong>52 mm<\/strong> \u00d7 <strong>33 mm<\/strong> \u00d7 <strong>107 mm<\/strong><br \/>\n10. Tama\u00f1o de la caja: <strong>545 mm<\/strong> \u00d7 <strong>335 mm<\/strong> \u00d7 <strong>235 mm<\/strong><br \/>\n11. CANT: <strong>200 unidades por caja<\/strong>embalado como <strong>10 unidades por caja<\/strong><br \/>\n12. G.W.: Aproximadamente <strong>21 kg<\/strong> por caja<\/p>\n<h3>Principales caracter\u00edsticas y ventajas<\/h3>\n<p>Experimenta el vapeo sin interrupciones con el <strong>WASPE 20000<\/strong> gracias a su innovador <strong>bobina de doble malla<\/strong> que mejora la distribuci\u00f3n del calor y la intensidad del sabor en cada inhalaci\u00f3n. El <strong>robusta bater\u00eda de 900 mAh<\/strong> proporciona un uso prolongado y se recarga eficazmente a trav\u00e9s del <strong>Tipo-C<\/strong> para que nunca te quedes sin electricidad. Este <strong>vape desechable<\/strong> es perfecto para compras al por mayor, ya que cada caja contiene 200 piezas ideales para el disfrute personal o la distribuci\u00f3n comercial. El <strong>Capacidad de 24 ml de e-l\u00edquido<\/strong> garantiza una sesi\u00f3n de vapeo prolongada, reduciendo la necesidad de reemplazos frecuentes, mientras que la construcci\u00f3n ligera y ergon\u00f3mica del dispositivo lo hacen altamente port\u00e1til. Dise\u00f1ado para la fiabilidad, eleva su rutina con una mezcla de durabilidad, comodidad y tecnolog\u00eda avanzada.<\/p>\n<h3>Opciones de sabor<\/h3>\n<p>Disfrute de una gran variedad de <strong>deliciosos sabores<\/strong> a la medida de cada paladar. Cada opci\u00f3n ofrece un perfil de sabor \u00fanico, elaborado para mejorar su satisfacci\u00f3n de vapeo. Disfrute de estos e-l\u00edquidos premium <strong>sabores<\/strong>: Fresa Frambuesa Cereza<br \/>\nDoble manzana helada<br \/>\nHielo de ar\u00e1ndanos<br \/>\nLimonada de ar\u00e1ndanos y frambuesas<br \/>\nSand\u00eda con fresa<br \/>\nSand\u00eda Chicle<br \/>\nHielo exuberante<br \/>\nFresa Kiwi<br \/>\nMezcla de bayas<br \/>\nHielo de uva<br \/>\nKiwi Fruta de la pasi\u00f3n Guayaba<br \/>\nMelocot\u00f3n helado<\/p>\n<h3>Rendimiento detallado<\/h3>\n<p>En <strong>WASPE 20000<\/strong> destaca por su gran capacidad <strong>n\u00famero de caladas<\/strong>por lo que es una opci\u00f3n rentable que maximiza el valor para los vapeadores. La configuraci\u00f3n de doble malla, que funciona a <strong>1ohm + 1ohm<\/strong>garantiza un control constante de la temperatura y nubes de vapor espesas sin riesgo de golpes secos. Tanto si prefieres la nicotina para un golpe de garganta o una experiencia suave sin nicotina, este dispositivo ofrece una satisfacci\u00f3n personalizable. El <strong>Pantalla LED<\/strong> te mantiene informado con datos en tiempo real sobre la duraci\u00f3n de la bater\u00eda y el uso de las caladas, a\u00f1adiendo un toque de moderna sofisticaci\u00f3n. Los usuarios concienciados con el medio ambiente aprecian el <strong>recargable<\/strong> reduciendo los residuos en comparaci\u00f3n con las alternativas de un solo uso. Para un vapeo premium que combina rendimiento, variedad y dise\u00f1o f\u00e1cil de usar, el WASPE 20000 PUFFS Dual Mesh Box es su elecci\u00f3n definitiva.<\/p>\n<h3>\u00bfPor qu\u00e9 elegir WASPE 20000?<\/h3>\n<p>Este excepcional <strong>vape desechable<\/strong> ofrece una soluci\u00f3n duradera con su <strong>20000 puff masivos<\/strong> vida \u00fatil, ideal para viajes largos o uso diario. Su tama\u00f1o compacto y <strong>peso ligero 98g<\/strong> f\u00e1cil de transportar y, al mismo tiempo, tiene una gran capacidad de carga. <strong>potente salida de vapor<\/strong> de las bobinas dobles. Para los minoristas, la comodidad de embalaje con <strong>200 unidades por caja<\/strong> simplifica la gesti\u00f3n de existencias y las ventas. Los vapers pueden explorar la <strong>rica mezcla de sabores<\/strong>Desde afrutados hasta helados, hay para todos los gustos. La fiabilidad del <strong>Bater\u00eda de 900 mAh<\/strong> significa menos interrupciones, y la r\u00e1pida <strong>Tipo-C<\/strong> garantiza que siempre est\u00e9 listo para vapear. P\u00e1sate al WASPE 20000 para disfrutar de un viaje mejor definido por el lujo, la innovaci\u00f3n y el puro placer.<\/p>","protected":false},"excerpt":{"rendered":"<p>Presentaci\u00f3n de la <strong>WASPE 20000<\/strong> Vape desechable, con un <strong>impresionante capacidad de 20000 bocanadas<\/strong> y <strong>tecnolog\u00eda punta de doble bobina de malla<\/strong> para un sabor y vapor superiores. Elija entre m\u00faltiples <strong>concentraciones de nicotina<\/strong> (0% a 5%) y disfruta de un dise\u00f1o elegante con <strong>pantalla LCD en tiempo real<\/strong>. Impulsado por un <strong>bater\u00eda recargable<\/strong> a trav\u00e9s del puerto Type-C, ofrece un rendimiento duradero y comodidad para un vapeo de lujo.<\/p>","protected":false},"featured_media":5040,"comment_status":"open","ping_status":"closed","template":"","meta":[],"product_brand":[332],"product_cat":[1016,1068],"product_tag":[512,112,244,541,342,540],"class_list":{"0":"post-5046","1":"product","2":"type-product","3":"status-publish","4":"has-post-thumbnail","6":"product_brand-waspe","7":"product_cat-big-puffs-vapes","8":"product_cat-waspe","9":"product_tag-20000-puffs","10":"product_tag-disposable-vape","11":"product_tag-dual-mesh-coil","12":"product_tag-flavored-e-cig","13":"product_tag-rechargeable-battery","14":"product_tag-waspe-20000","16":"first","17":"instock","18":"sale","19":"shipping-taxable","20":"purchasable","21":"product-type-variable"},"jetpack_sharing_enabled":true,"tiered_pricing_type":"fixed","tiered_pricing_fixed_rules":[],"tiered_pricing_product_settings":{"layout":"default","base_unit_name":{"singular":null,"plural":null},"default_variation":null},"tiered_pricing_minimum_quantity":null,"tiered_pricing_roles_data":[],"tiered_pricing_percentage_rules":[],"tiered_pricing_maximum_quantity":null,"tiered_pricing_quantity_step":null,"_links":{"self":[{"href":"https:\/\/frvape.com\/es\/wp-json\/wp\/v2\/product\/5046","targetHints":{"allow":["GET"]}}],"collection":[{"href":"https:\/\/frvape.com\/es\/wp-json\/wp\/v2\/product"}],"about":[{"href":"https:\/\/frvape.com\/es\/wp-json\/wp\/v2\/types\/product"}],"replies":[{"embeddable":true,"href":"https:\/\/frvape.com\/es\/wp-json\/wp\/v2\/comments?post=5046"}],"wp:featuredmedia":[{"embeddable":true,"href":"https:\/\/frvape.com\/es\/wp-json\/wp\/v2\/media\/5040"}],"wp:attachment":[{"href":"https:\/\/frvape.com\/es\/wp-json\/wp\/v2\/media?parent=5046"}],"wp:term":[{"taxonomy":"product_brand","embeddable":true,"href":"https:\/\/frvape.com\/es\/wp-json\/wp\/v2\/product_brand?post=5046"},{"taxonomy":"product_cat","embeddable":true,"href":"https:\/\/frvape.com\/es\/wp-json\/wp\/v2\/product_cat?post=5046"},{"taxonomy":"product_tag","embeddable":true,"href":"https:\/\/frvape.com\/es\/wp-json\/wp\/v2\/product_tag?post=5046"}],"curies":[{"name":"wp","href":"https:\/\/api.w.org\/{rel}","templated":true}]}}