{"id":802,"date":"2025-10-11T15:42:57","date_gmt":"2025-10-11T15:42:57","guid":{"rendered":"https:\/\/frvape.com\/product\/bang-9000-18000-disposable-vape-rechargeable-18000-puffs-0-5-nicotine-12-flavors\/"},"modified":"2025-11-26T09:19:36","modified_gmt":"2025-11-26T09:19:36","slug":"bang-9000-18000-vape-desechable-recargable-18000-caladas-0-5-nicotina-12-sabores","status":"publish","type":"product","link":"https:\/\/frvape.com\/es\/producto\/bang-9000-18000-vape-desechable-recargable-18000-caladas-0-5-nicotina-12-sabores\/","title":{"rendered":"Bang 9000-18000 Vape Desechable | Recargable, 18000 Puffs, 0\/5% Nicotina, 12 Sabores"},"content":{"rendered":"<h3>\u00bfPor qu\u00e9 Bang 9000-18000 es tu mejor elecci\u00f3n?<\/h3>\n<p>Presentaci\u00f3n de la <strong>Bang 9000-18000<\/strong>una vanguardia <strong>vape desechable<\/strong> dise\u00f1ado para <strong>satisfacci\u00f3n con el vaping<\/strong>. Perfecto para estilos de vida ajetreados, este dispositivo ofrece una impresionante <strong>18.000 bocanadas<\/strong> por unidad, gracias a su gran <strong>16 ml de e-l\u00edquido<\/strong> dep\u00f3sito y robusto <strong>Bater\u00eda de 650 mAh<\/strong>. Puede personalizar su <strong>potencia de nicotina<\/strong> con opciones que van desde <strong>0% (sin nicotina)<\/strong> a <strong>Resistencia 5%<\/strong>por lo que es ideal para quienes buscan <strong>una alternativa m\u00e1s sana al tabaco<\/strong>. Adopte la innovaci\u00f3n con nuestro <strong>Carga Tipo-C<\/strong> que garantiza una recarga r\u00e1pida y c\u00f3moda en cualquier momento y lugar.<\/p>\n<h3>Principales caracter\u00edsticas y especificaciones<\/h3>\n<p>En <strong>Bang 9000-18000<\/strong> se distingue por <strong>tecnolog\u00eda vaping desechable<\/strong>. Las especificaciones clave incluyen un <strong>Bater\u00eda: 650mAh<\/strong> para un uso duradero, <strong>E-l\u00edquido: 16.0ml<\/strong> para disfrutar al m\u00e1ximo, y <strong>Puffs: 18.000<\/strong> para garantizar semanas de vapeo ininterrumpido. Como <strong>Desechable<\/strong> elimina las molestias de mantenimiento al tiempo que proporciona <strong>rendimiento de los cigarrillos electr\u00f3nicos<\/strong>. En <strong>12 sabores distintos<\/strong> disponible, cada sesi\u00f3n se convierte en una <strong>aventura arom\u00e1tica<\/strong>. Nuestro dise\u00f1o prioriza un flujo de aire suave y una producci\u00f3n de vapor consistente, lo que permite a los usuarios disfrutar de un... <strong>estilo de vida sin humo<\/strong> sin compromiso.<\/p>\n<h3>Nuestro compromiso con la excelencia en vapeo<\/h3>\n<p>En esencia, nos dedicamos a <strong>producir innovaci\u00f3n<\/strong> y crear experiencias de usuario extraordinarias para <strong>industria del vapeo<\/strong>. Nos especializamos en la investigaci\u00f3n, el desarrollo y la venta mundial de <strong>vapes desechables<\/strong>, abarcando mercados desde Asia hasta Europa y Am\u00e9rica. Gracias a la innovaci\u00f3n continua, nuestros productos como el <strong>Bang 9000-18000<\/strong> han atra\u00eddo a millones de consumidores, estableci\u00e9ndonos como un <strong>fabricante mundial de primera clase<\/strong> en el <strong>cigarrillo electr\u00f3nico<\/strong> sector. Nuestra amplia gama incluye vaporizadores desde el nivel b\u00e1sico hasta el m\u00e1s avanzado, todos ellos dise\u00f1ados para <strong>capacitar a los vapers preocupados por su salud<\/strong> que quieren una alternativa m\u00e1s feliz y segura a los cigarrillos. <strong>Tecnolog\u00eda de vapeo<\/strong> evoluciona constantemente con posibilidades ilimitadas, y nosotros estamos a la vanguardia, creando mejores formas de vapear. Adem\u00e1s, nuestro completo sistema de atenci\u00f3n al cliente garantiza una colaboraci\u00f3n fluida y eficaz, centrada no s\u00f3lo en el dise\u00f1o y la calidad, sino tambi\u00e9n en la entrega. <strong>atenci\u00f3n al cliente de primera clase<\/strong>. Aceptamos <strong>Requisitos OEM y ODM<\/strong>As\u00ed que no dude en visitar nuestra f\u00e1brica en cualquier momento para ver nuestros productos. <strong>proceso de producci\u00f3n en acci\u00f3n<\/strong>-se trata de lograr un <strong>colaboraci\u00f3n beneficiosa para todos<\/strong>.<\/p>\n<h3>Perfiles de sabores: Explora 12 Exquisitas Opciones de E-L\u00edquidos<\/h3>\n<p>Disfrute de nuestra diversidad <strong>sabores de cigarrillos electr\u00f3nicos<\/strong> lista, elaborada por expertos para deleitar sus sentidos y elevar su <strong>viaje vaping<\/strong>. Cada sabor utiliza ingredientes de alta calidad para un sabor suave y refrescante. A continuaci\u00f3n encontrar\u00e1 una <strong>surtido de sabores<\/strong> para Bang 9000-18000, con breves descripciones que le ayudar\u00e1n a elegir:<\/p>\n<p>1. <strong>Hielo de manzana \u00e1cida<\/strong>: Una explosi\u00f3n de manzana \u00e1cida y crujiente seguida de un final helado, perfecto para momentos revitalizantes.<br \/>2. <strong>Helado de melocot\u00f3n jugoso<\/strong>: Dulce y suculenta esencia de melocot\u00f3n realzada por un fresco matiz helado, que proporciona vibraciones veraniegas durante todo el a\u00f1o.<br \/>3. <strong>Hielo triple de bayas<\/strong>: Una refrescante mezcla de bayas mixtas con un toque helado, que ofrece una dulzura audaz y un vapor suave.<br \/>4. <strong>Bomba de cereza<\/strong>: Notas intensas y dulces de cereza que explotan de sabor, ideal para los amantes de los perfiles robustos y afrutados.<br \/>5. <strong>Sand\u00eda con fresa<\/strong>: Jugosa sand\u00eda combinada con fresas maduras para una combinaci\u00f3n refrescante que quita la sed.<br \/>6. <strong>Hielo Razz Azul<\/strong>: Frambuesa azul \u00e1cida fusionada con una sensaci\u00f3n de hielo fr\u00edo, creando un vape picante y vigorizante.<br \/>7. <strong>Hielo de uva<\/strong>: Profundo dulzor de uva atenuado por una refrescante capa helada, que evoca un sabor nost\u00e1lgico y fresco.<br \/>8. <strong>Fresa Pl\u00e1tano<\/strong>: Pl\u00e1tano cremoso mezclado con fresas frescas, proporcionando una experiencia suave, parecida a un postre.<br \/>9. <strong>Fresa Mango<\/strong>: Mango tropical mezclado con la dulzura de la fresa para un disfrute ex\u00f3tico y ba\u00f1ado por el sol.<br \/>10. <strong>Hielo de sand\u00eda<\/strong>: Crujiente sabor a sand\u00eda duplicado por un regusto helado, perfecto para refrescar los d\u00edas calurosos.<br \/>11. <strong>Mango Melocot\u00f3n<\/strong>: Rico mango fusionado con jugoso melocot\u00f3n, que proporciona un suave y satisfactorio toque tropical.<br \/>12. <strong>Frutas variadas<\/strong>: Una vibrante mezcla de frutas variadas con un dulzor equilibrado, que ofrece un vapeo vers\u00e1til y satisfactorio durante todo el d\u00eda.<\/p>\n<h3>Ventajas de la Bang 9000-18000<\/h3>\n<p>Elegir el <strong>Bang 9000-18000<\/strong> significa invertir en <strong>alternativa al vapeo<\/strong>. Reduce la necesidad de consumir tabaco ofreciendo un control <strong>niveles de nicotina<\/strong> (0% o 5%), ayudando a los usuarios a dar un paso hacia un <strong>un estilo de vida m\u00e1s sano<\/strong>. La larga duraci\u00f3n <strong>18.000 bocanadas<\/strong> garantizan menos sustituciones y ahorro de costes, mientras que la <strong>dise\u00f1o recargable<\/strong> a trav\u00e9s del puerto Tipo-C fomenta el respeto por el medio ambiente al minimizar los residuos. Como <strong>vape desechable de gama alta<\/strong>est\u00e1 dise\u00f1ado para ser discreto, port\u00e1til y a prueba de fugas, perfecto para viajar o para el uso diario. Adem\u00e1s, nuestras certificaciones globales garantizan la seguridad y la calidad, lo que nos convierte en un socio de confianza en su viaje hacia una vida sin humo. Visite nuestro sitio web para explorar modelos y sabores; estamos aqu\u00ed para proporcionarle <strong>un servicio al cliente excepcional<\/strong> y satisfacer sus necesidades de vapeo.<\/p>","protected":false},"excerpt":{"rendered":"<p>Descubra la poderosa <strong>Vape desechable Bang 9000-18000<\/strong>repleto de <strong>18.000 bocanadas<\/strong> y un enorme <strong>16 ml de e-l\u00edquido<\/strong> capacidad.<br \/>Elija su opci\u00f3n preferida <strong>nivel de nicotina: 0% o 5%<\/strong>y disfruta de cualquiera de los <strong>12 sabores refrescantes<\/strong>.<br \/>Con <strong>Carga Tipo-C<\/strong> y un <strong>Bater\u00eda de 650 mAh<\/strong>es lo \u00faltimo <strong>cigarrillo electr\u00f3nico port\u00e1til<\/strong> experiencia.<\/p>","protected":false},"featured_media":797,"comment_status":"open","ping_status":"closed","template":"","meta":[],"product_brand":[97],"product_cat":[17,860],"product_tag":[152,112,153,154,156,155],"class_list":{"0":"post-802","1":"product","2":"type-product","3":"status-publish","4":"has-post-thumbnail","6":"product_brand-zooy","7":"product_cat-uncategorized","8":"product_cat-zooy","9":"product_tag-bang-vape","10":"product_tag-disposable-vape","11":"product_tag-e-cigarette","12":"product_tag-high-puff-vape","13":"product_tag-rechargeable-e-cig","14":"product_tag-vape-flavors","16":"first","17":"instock","18":"sale","19":"shipping-taxable","20":"purchasable","21":"product-type-variable"},"jetpack_sharing_enabled":true,"tiered_pricing_type":"fixed","tiered_pricing_fixed_rules":[],"tiered_pricing_product_settings":{"layout":"default","base_unit_name":{"singular":null,"plural":null},"default_variation":null},"tiered_pricing_minimum_quantity":null,"tiered_pricing_roles_data":[],"tiered_pricing_percentage_rules":[],"tiered_pricing_maximum_quantity":null,"tiered_pricing_quantity_step":null,"_links":{"self":[{"href":"https:\/\/frvape.com\/es\/wp-json\/wp\/v2\/product\/802","targetHints":{"allow":["GET"]}}],"collection":[{"href":"https:\/\/frvape.com\/es\/wp-json\/wp\/v2\/product"}],"about":[{"href":"https:\/\/frvape.com\/es\/wp-json\/wp\/v2\/types\/product"}],"replies":[{"embeddable":true,"href":"https:\/\/frvape.com\/es\/wp-json\/wp\/v2\/comments?post=802"}],"wp:featuredmedia":[{"embeddable":true,"href":"https:\/\/frvape.com\/es\/wp-json\/wp\/v2\/media\/797"}],"wp:attachment":[{"href":"https:\/\/frvape.com\/es\/wp-json\/wp\/v2\/media?parent=802"}],"wp:term":[{"taxonomy":"product_brand","embeddable":true,"href":"https:\/\/frvape.com\/es\/wp-json\/wp\/v2\/product_brand?post=802"},{"taxonomy":"product_cat","embeddable":true,"href":"https:\/\/frvape.com\/es\/wp-json\/wp\/v2\/product_cat?post=802"},{"taxonomy":"product_tag","embeddable":true,"href":"https:\/\/frvape.com\/es\/wp-json\/wp\/v2\/product_tag?post=802"}],"curies":[{"name":"wp","href":"https:\/\/api.w.org\/{rel}","templated":true}]}}