{"id":8583,"date":"2025-10-14T05:17:58","date_gmt":"2025-10-14T05:17:58","guid":{"rendered":"https:\/\/frvape.com\/product\/vapsolo-king-10000-disposable-vape-10000-puffs-20ml-e-liquid-rechargeable\/"},"modified":"2025-12-16T09:22:25","modified_gmt":"2025-12-16T09:22:25","slug":"vapsolo-king-10000-vape-desechable-10000-puffs-20ml-e-liquid-recargable","status":"publish","type":"product","link":"https:\/\/frvape.com\/es\/producto\/vapsolo-king-10000-vape-desechable-10000-puffs-20ml-e-liquid-recargable\/","title":{"rendered":"Vapsolo King 10000 Vape Desechable - 10000 Puffs, 20ml E-Liquid, Recargable"},"content":{"rendered":"<h3>Libera al rey ciberpunk<\/h3>\n<p>Ad\u00e9ntrese en el futuro del vapeo con el <strong>Vapsolo King 10000<\/strong> - el soberano indiscutible de los vaporizadores desechables. Dise\u00f1ado para la dominaci\u00f3n, este dispositivo de potencia ofrece una asombrosa <strong>10.000 bocanadas<\/strong> por unidad, envuelto en un dise\u00f1o de inspiraci\u00f3n ciberpunk que llama la atenci\u00f3n. Con su enorme <strong>20 ml de e-l\u00edquido<\/strong> y tecnolog\u00eda punta, cada calada te sumerge en un sabor intenso y una producci\u00f3n de vapor que redefine las expectativas.<\/p>\n<h3>Control total de la personalizaci\u00f3n<\/h3>\n<p>Tome las riendas de su viaje de vapeo como nunca antes:<br \/>\n&#8211; <strong>V\u00e1lvula de flujo de aire de tres niveles<\/strong> en la base permite ajustar con precisi\u00f3n la resistencia a la tracci\u00f3n<br \/>\n- Ajuste de MTL apretado a RDL aireado con un simple giro<br \/>\n- Personaliza la intensidad del sabor y la densidad del vapor seg\u00fan tus preferencias<br \/>\n- Comb\u00ednelo con nuestra amplia selecci\u00f3n de sabores para obtener un aut\u00e9ntico <strong>experiencia personalizada<\/strong><\/p>\n<h3>Revoluci\u00f3n visual con adhesivos creativos<\/h3>\n<p>Desde la elegancia minimalista hasta el arte vanguardista, expresa tu identidad \u00fanica a trav\u00e9s de 21 dise\u00f1os distintos de pegatinas. No se trata de meros adornos, sino de declaraciones que se pueden llevar puestas y que transforman tu vapeador en un objeto \u00fanico. <strong>obra maestra personalizada<\/strong>. Cada detalle es una muestra de artesan\u00eda, que garantiza que su dispositivo refleje su personalidad al tiempo que mantiene una funcionalidad suprema.<\/p>\n<h3>Dise\u00f1ado para la perfecci\u00f3n<\/h3>\n<p>En <strong>dise\u00f1o ergon\u00f3mico<\/strong> se funde con la palma de la mano, proporcionando una comodidad excepcional durante sesiones prolongadas. Bajo su revolucionario exterior se esconde una avanzada tecnolog\u00eda de vaporizaci\u00f3n:<br \/>\n- Alto rendimiento <strong>Bobina de malla (1,0\u03a9)<\/strong> para una claridad de sabor incomparable<br \/>\n&#8211; <strong>Bater\u00eda recargable de 650 mAh<\/strong> con una r\u00e1pida <strong>Carga Tipo-C<\/strong><br \/>\n- Chasis de precisi\u00f3n que pesa s\u00f3lo 90 g<br \/>\n- Materiales de calidad alimentaria que garantizan la pureza en cada calada<\/p>\n<h3>21 Experiencias de sabores exquisitos<\/h3>\n<p>Descubra su combinaci\u00f3n perfecta en nuestra gama de sabores premium:<\/p>\n<ul>\n<li>Ar\u00e1ndano Frambuesa<\/li>\n<li>Sand\u00eda de fresa Prime<\/li>\n<li>Hielo de pl\u00e1tano<\/li>\n<li>Hielo de sand\u00eda<\/li>\n<li>Red Bull Energy<\/li>\n<li>Fresa Pl\u00e1tano<\/li>\n<li>Melocot\u00f3n Mango Pi\u00f1a<\/li>\n<li>Lluvia p\u00farpura<\/li>\n<li>Fresa Frambuesa Cereza Helado<\/li>\n<li>Fresa Kiwi<\/li>\n<li>Manzana roja<\/li>\n<li>Hielo de ar\u00e1ndanos<\/li>\n<li>Hielo de pi\u00f1a agria<\/li>\n<li>Blue Razz<\/li>\n<li>Sand\u00eda con frambuesa<\/li>\n<li>Fresa helada<\/li>\n<li>Kiwi Fruta de la pasi\u00f3n Guayaba<\/li>\n<li>Cereza efervescente<\/li>\n<li>Mezcla de bayas<\/li>\n<li>Lim\u00f3n Lima<\/li>\n<li>Sr. Azul<\/li>\n<\/ul>\n<p>Cada <strong>Potencia de nicotina 2%<\/strong> ofrece perfiles de sabor aut\u00e9nticos con acentos helados cuando se desea. Nuestros e-l\u00edquidos se someten a rigurosas pruebas de calidad para garantizar <strong>satisfacci\u00f3n constante<\/strong> desde la primera calada hasta la \u00faltima.<\/p>\n<h3>Especificaciones sin concesiones<\/h3>\n<p>Componentes de primera calidad para un rendimiento de nivel profesional:<br \/>\n&#8211; <strong>Conteo de Puff:<\/strong> 10,000+<br \/>\n&#8211; <strong>Capacidad de e-l\u00edquido:<\/strong> 20 ml (precargada)<br \/>\n&#8211; <strong>Bater\u00eda:<\/strong> Recargable integrada de 650 mAh<br \/>\n&#8211; <strong>Cargando:<\/strong> Puerto USB tipo C<br \/>\n&#8211; <strong>Bobina:<\/strong> Tecnolog\u00eda de bobina de malla avanzada (1.0\u03a9)<br \/>\n&#8211; <strong>Flujo de aire:<\/strong> Sistema de triple modo ajustable<br \/>\n&#8211; <strong>Nicotina:<\/strong> 20mg\/ml (2%) formulaci\u00f3n salina de nicotina<\/p>\n<h3>Envases industriales<\/h3>\n<p>Optimizado para la distribuci\u00f3n mundial:<br \/>\n- Caja de venta al p\u00fablico: 10 dispositivos por caja<br \/>\n- Caja Master: 200 unidades (44\u00d743\u00d726,5cm)<br \/>\n- Peso de la caja: 18 kg<br \/>\nDise\u00f1ados para ofrecer la m\u00e1xima protecci\u00f3n durante el transporte y minimizar la huella medioambiental mediante un apilamiento eficiente.<\/p>","protected":false},"excerpt":{"rendered":"<p>Experimente lo \u00faltimo en vaporizaci\u00f3n con <strong>Vapsolo King 10000<\/strong> vape desechable, entrega <strong>10000 bocanadas<\/strong> y un enorme <strong>20 ml de e-l\u00edquido<\/strong> capacidad.<br \/>\nEn <strong>flujo de aire ajustable<\/strong>, <strong>recargable Tipo-C<\/strong> bater\u00eda, y <strong>21 sabores premium<\/strong> para una satisfacci\u00f3n sin igual.<\/p>","protected":false},"featured_media":8577,"comment_status":"open","ping_status":"closed","template":"","meta":[],"product_brand":[408],"product_cat":[863],"product_tag":[128,705,102,77,115,704],"class_list":{"0":"post-8583","1":"product","2":"type-product","3":"status-publish","4":"has-post-thumbnail","6":"product_brand-vapsolo","7":"product_cat-vapsolo","8":"product_tag-10000-puffs-disposable-vape","9":"product_tag-20ml-e-liquid","10":"product_tag-adjustable-airflow-vape","11":"product_tag-mesh-coil-vape","12":"product_tag-rechargeable-vape","13":"product_tag-vapsolo-king-10000","15":"first","16":"instock","17":"sale","18":"shipping-taxable","19":"purchasable","20":"product-type-variable"},"jetpack_sharing_enabled":true,"tiered_pricing_type":"fixed","tiered_pricing_fixed_rules":[],"tiered_pricing_product_settings":{"layout":"default","base_unit_name":{"singular":null,"plural":null},"default_variation":null},"tiered_pricing_minimum_quantity":null,"tiered_pricing_roles_data":[],"tiered_pricing_percentage_rules":[],"tiered_pricing_maximum_quantity":null,"tiered_pricing_quantity_step":null,"_links":{"self":[{"href":"https:\/\/frvape.com\/es\/wp-json\/wp\/v2\/product\/8583","targetHints":{"allow":["GET"]}}],"collection":[{"href":"https:\/\/frvape.com\/es\/wp-json\/wp\/v2\/product"}],"about":[{"href":"https:\/\/frvape.com\/es\/wp-json\/wp\/v2\/types\/product"}],"replies":[{"embeddable":true,"href":"https:\/\/frvape.com\/es\/wp-json\/wp\/v2\/comments?post=8583"}],"wp:featuredmedia":[{"embeddable":true,"href":"https:\/\/frvape.com\/es\/wp-json\/wp\/v2\/media\/8577"}],"wp:attachment":[{"href":"https:\/\/frvape.com\/es\/wp-json\/wp\/v2\/media?parent=8583"}],"wp:term":[{"taxonomy":"product_brand","embeddable":true,"href":"https:\/\/frvape.com\/es\/wp-json\/wp\/v2\/product_brand?post=8583"},{"taxonomy":"product_cat","embeddable":true,"href":"https:\/\/frvape.com\/es\/wp-json\/wp\/v2\/product_cat?post=8583"},{"taxonomy":"product_tag","embeddable":true,"href":"https:\/\/frvape.com\/es\/wp-json\/wp\/v2\/product_tag?post=8583"}],"curies":[{"name":"wp","href":"https:\/\/api.w.org\/{rel}","templated":true}]}}