{"id":8651,"date":"2025-10-14T08:10:12","date_gmt":"2025-10-14T08:10:12","guid":{"rendered":"https:\/\/frvape.com\/product\/vapsolo-dg18000-rechargeable-disposable-vape-with-lcd-screen-18000-puffs\/"},"modified":"2025-12-16T08:39:36","modified_gmt":"2025-12-16T08:39:36","slug":"vapsolo-dg18000-vape-desechable-recargable-con-pantalla-lcd-18000-caladas","status":"publish","type":"product","link":"https:\/\/frvape.com\/es\/producto\/vapsolo-dg18000-vape-desechable-recargable-con-pantalla-lcd-18000-caladas\/","title":{"rendered":"Vapsolo DG18000 Vape Desechable Recargable con Pantalla LCD | 18.000 Puffs"},"content":{"rendered":"<h3>Presentamos el Vapsolo DG18000: un revolucionario vaporizador desechable<\/h3>\n<p>En <strong>Vapsolo DG18000<\/strong> se ha dise\u00f1ado para ofrecer una comodidad y un rendimiento inigualables, con un elegante cuerpo fabricado en dos colores cosidos armoniosamente. Con un enorme <strong>28 ml de e-l\u00edquido precargado<\/strong> capacidad y una potente <strong>Bater\u00eda recargable de 650 mAh<\/strong>Este vaporizador proporciona hasta <strong>18.000 bocanadas<\/strong>para un disfrute duradero. Dise\u00f1ado con un enfoque centrado en el usuario, incluye un <strong>sistema de control del flujo de aire<\/strong> y funciona con dos modos seleccionables-<strong>modo inteligente<\/strong> y <strong>modo boost<\/strong>-para una experiencia personalizada. Si usted es un principiante o un perseguidor de la nube, el Vapsolo DG18000 combina la est\u00e9tica de primera calidad con tecnolog\u00eda de vanguardia para proporcionar una experiencia vaping sin problemas, sin preocupaciones.<\/p>\n<h3>Principales caracter\u00edsticas e innovaciones<\/h3>\n<p>El Vapsolo DG18000 destaca por sus funciones avanzadas que optimizan la usabilidad y la satisfacci\u00f3n. El <strong>Pantalla LCD<\/strong> rastrea meticulosamente tanto <strong>duraci\u00f3n de la bater\u00eda<\/strong> y <strong>niveles de l\u00edquido<\/strong> en tiempo real, utilizando una pantalla de iconos de cuatro niveles que le mantiene totalmente informado durante cada uso. En <strong>Indicador luminoso LED<\/strong> mejora a\u00fan m\u00e1s el control guiando el cambio de modo y alertando del estado de uso. Alterna sin esfuerzo entre <strong>modo suave<\/strong> para un vapeo suave y constante (indicado por un icono verde) y <strong>modo de energ\u00eda<\/strong> para intensificar el sabor y el aroma (indicado con un icono rojo). Este vape incorpora un <strong>dise\u00f1o irrellenable<\/strong> para una fiabilidad a prueba de fugas y una <strong>bobina de doble malla<\/strong> para garantizar una rica producci\u00f3n de vapor. Adem\u00e1s, su inclusi\u00f3n de un <strong>Puerto de carga Tipo-C<\/strong> garantiza una recarga r\u00e1pida, lo que la convierte en la mejor opci\u00f3n para los estilos de vida sobre la marcha.<\/p>\n<h3>Opciones de sabor<\/h3>\n<p>Elija entre nuestra variada paleta de 10 deliciosos sabores, cada uno de ellos elaborado para ofrecer un sabor y una satisfacci\u00f3n excepcionales:<br \/>\n- Fresa Kiwi<br \/>\n- Mezcla de bayas<br \/>\n- Melocot\u00f3n Mango Pi\u00f1a<br \/>\n- Fruta de la pasi\u00f3n Kiwi Ice<br \/>\n- Lim\u00f3n Lima<br \/>\n- Hielo de sand\u00eda<br \/>\n\u00e2 Fresa Pl\u00e1tano<br \/>\n- Sand\u00eda de fresa de primera<br \/>\n- Red Bull<br \/>\n- Ar\u00e1ndano Cereza Ar\u00e1ndano<\/p>\n<h3>Dise\u00f1o compacto y listo para viajar<\/h3>\n<p>Disfrute de un vapeador que destaca tanto por su forma como por su funcionalidad. Su estructura compacta y ligera, con un peso de s\u00f3lo <strong>95 g por pieza<\/strong>garantiza un agarre c\u00f3modo y una portabilidad sin esfuerzo. Experimenta hasta <strong>18.000 bocanadas<\/strong> con la confianza de saber que su estructura duradera resiste el uso diario. Dise\u00f1ado para disfrutar sin preocupaciones en cualquier lugar, este modelo hace hincapi\u00e9 en un manejo seguro que mejora cada momento vaping.<\/p>\n<h3>Especificaciones detalladas<\/h3>\n<p>El Vapsolo DG18000 viene repleto de especificaciones de alto rendimiento a un precio inmejorable. Las especificaciones clave incluyen: <strong>Control del flujo de aire<\/strong> sistema de tracci\u00f3n regulable; un <strong>Capacidad de e-l\u00edquido de 28mL<\/strong>; un <strong>capacidad de la bater\u00eda de 650mAh<\/strong>; a <strong>bobina de malla<\/strong> con <strong>Resistencia de 0,6\u03a9<\/strong> para golpes suaves; carga r\u00e1pida mediante un <strong>Puerto Tipo-C<\/strong>no recargable para mayor seguridad. La log\u00edstica de embalaje garantiza la eficacia: cada caja contiene 200 unidades, embaladas en 10 cajas por caja; con unas dimensiones de 44*43*26,5CM y un peso total de 18,6kg por caja. Esto hace que los pedidos al por mayor sean ideales para distribuidores que buscan precios competitivos y entregas r\u00e1pidas.<\/p>","protected":false},"excerpt":{"rendered":"<p>Experimente el Vapsolo DG18000 premium con <strong>pantalla digital LCD<\/strong> para la supervisi\u00f3n en tiempo real. Hasta <strong>18.000 bocanadas<\/strong>, <strong>28 ml de capacidad de e-l\u00edquido<\/strong>y <strong>bater\u00eda recargable de 650 mAh<\/strong>. Caracter\u00edsticas <strong>control del flujo de aire<\/strong> y modos duales. Disponible en 10 deliciosos sabores.<br \/>\nLos pedidos al por mayor obtienen los mejores precios y un env\u00edo r\u00e1pido.<\/p>","protected":false},"featured_media":8645,"comment_status":"open","ping_status":"closed","template":"","meta":[],"product_brand":[408],"product_cat":[863],"product_tag":[383,308,112,372,115,710],"class_list":{"0":"post-8651","1":"product","2":"type-product","3":"status-publish","4":"has-post-thumbnail","6":"product_brand-vapsolo","7":"product_cat-vapsolo","8":"product_tag-18000-puffs","9":"product_tag-digital-screen-vape","10":"product_tag-disposable-vape","11":"product_tag-mesh-coil","12":"product_tag-rechargeable-vape","13":"product_tag-vapsolo-dg18000","15":"first","16":"instock","17":"sale","18":"shipping-taxable","19":"purchasable","20":"product-type-variable"},"jetpack_sharing_enabled":true,"tiered_pricing_type":"fixed","tiered_pricing_fixed_rules":[],"tiered_pricing_product_settings":{"layout":"default","base_unit_name":{"singular":null,"plural":null},"default_variation":null},"tiered_pricing_minimum_quantity":null,"tiered_pricing_roles_data":[],"tiered_pricing_percentage_rules":[],"tiered_pricing_maximum_quantity":null,"tiered_pricing_quantity_step":null,"_links":{"self":[{"href":"https:\/\/frvape.com\/es\/wp-json\/wp\/v2\/product\/8651","targetHints":{"allow":["GET"]}}],"collection":[{"href":"https:\/\/frvape.com\/es\/wp-json\/wp\/v2\/product"}],"about":[{"href":"https:\/\/frvape.com\/es\/wp-json\/wp\/v2\/types\/product"}],"replies":[{"embeddable":true,"href":"https:\/\/frvape.com\/es\/wp-json\/wp\/v2\/comments?post=8651"}],"wp:featuredmedia":[{"embeddable":true,"href":"https:\/\/frvape.com\/es\/wp-json\/wp\/v2\/media\/8645"}],"wp:attachment":[{"href":"https:\/\/frvape.com\/es\/wp-json\/wp\/v2\/media?parent=8651"}],"wp:term":[{"taxonomy":"product_brand","embeddable":true,"href":"https:\/\/frvape.com\/es\/wp-json\/wp\/v2\/product_brand?post=8651"},{"taxonomy":"product_cat","embeddable":true,"href":"https:\/\/frvape.com\/es\/wp-json\/wp\/v2\/product_cat?post=8651"},{"taxonomy":"product_tag","embeddable":true,"href":"https:\/\/frvape.com\/es\/wp-json\/wp\/v2\/product_tag?post=8651"}],"curies":[{"name":"wp","href":"https:\/\/api.w.org\/{rel}","templated":true}]}}