{"id":9150,"date":"2025-10-31T14:54:58","date_gmt":"2025-10-31T14:54:58","guid":{"rendered":"https:\/\/frvape.com\/product\/aivono-aim-150k-puffs-disposable-vape-rechargeable-58ml-mesh-coil-device\/"},"modified":"2025-12-16T09:09:50","modified_gmt":"2025-12-16T09:09:50","slug":"aivono-aim-150k-puffs-vape-desechable-recargable-58ml-dispositivo-mesh-coil","status":"publish","type":"product","link":"https:\/\/frvape.com\/es\/producto\/aivono-aim-150k-puffs-vape-desechable-recargable-58ml-dispositivo-mesh-coil\/","title":{"rendered":"Aivono Aim 150K Puffs Vape Desechable - Recargable 58ml Mesh Coil Dispositivo"},"content":{"rendered":"<h3>La experiencia de vapeo m\u00e1s duradera<\/h3>\n<p>Descubra el innovador <strong>Aivono Aim 150K Puffs<\/strong> dise\u00f1ado para vapeadores que buscan una resistencia excepcional y un sabor de primera calidad. Este dispositivo de vanguardia establece nuevos est\u00e1ndares en el mercado de vaporizadores desechables con su extraordinaria capacidad de 150.000 caladas, perfecta para usuarios intensivos y entusiastas del sabor que exigen una satisfacci\u00f3n ininterrumpida.<\/p>\n<h3>Tecnolog\u00eda avanzada de bobina de malla<\/h3>\n<p>Experimenta una consistencia de vapor inigualable con nuestro innovador sistema de cuatro n\u00facleos que alberga cuatro bobinas de malla de 1,2\u03a9. Esta configuraci\u00f3n avanzada garantiza que cada calada proporcione <strong>denso<\/strong>, sabrosas nubes mientras se mantiene la estabilidad de la temperatura desde el primer hasta el \u00faltimo uso. El <strong>bobina de malla<\/strong> maximiza la utilizaci\u00f3n del e-l\u00edquido y proporciona un calentamiento r\u00e1pido para una satisfacci\u00f3n instant\u00e1nea.<\/p>\n<h3>Experiencia de nicotina personalizable<\/h3>\n<p>Adapte su viaje de vapeo con m\u00faltiples <strong>potencia de nicotina<\/strong> (0%, 2%, 3%, 5%) para adaptarse a sus preferencias personales. Ya sea que est\u00e9 en transici\u00f3n de los cigarrillos tradicionales o simplemente disfrutar de la satisfacci\u00f3n de la nicotina, nuestros niveles cuidadosamente calibrados ofrecen golpes de garganta suaves sin comprometer la integridad del sabor, por lo que es ideal para todos los estilos vaping.<\/p>\n<h3>Gran capacidad de e-l\u00edquido y funciones inteligentes<\/h3>\n<p>En el coraz\u00f3n de este impresionante dispositivo se encuentra un importante <strong>58 ml de e-l\u00edquido precargado<\/strong> dep\u00f3sito. Esta generosa capacidad garantiza un uso prolongado sin sustituciones frecuentes, lo que la hace rentable y c\u00f3moda. Mant\u00e9ngase informado con la pantalla LED integrada que controla continuamente <strong>bater\u00eda<\/strong> estado y niveles de zumo restantes.<\/p>\n<h3>Rendimiento Premium recargable<\/h3>\n<p>La bater\u00eda de alta capacidad de 850 mAh proporciona una potencia duradera a la altura de la excepcional cantidad de caladas. Recarga r\u00e1pidamente con la tecnolog\u00eda USB-C, evitando el tiempo de inactividad al tiempo que ofrece una r\u00e1pida eficiencia de carga. Esta funci\u00f3n f\u00e1cil de usar prolonga tus sesiones de vapeo sin necesidad de alternativas desechables.<\/p>\n<h3>Deliciosa variedad de sabores<\/h3>\n<p>Del\u00e9itese con nuestra variada selecci\u00f3n de sofisticados perfiles de sabor:<\/p>\n<p><strong>Sand\u00eda + Frambuesa + Cereza + Cola<br \/>Hielo de fresa + Hielo de sand\u00eda + Hielo de melocot\u00f3n + Hielo de fruta de la pasi\u00f3n<br \/>Helado de Fresa + Mango + Pi\u00f1a + Helado<br \/>Pi\u00f1a Coco + Hielo Lim\u00f3n + Hielo Ar\u00e1ndanos + Bebida Energ\u00e9tica<br \/>Hielo de fresa + Hielo de ar\u00e1ndano + Hielo de uva + Hielo de manzana verde<br \/>Hielo de pl\u00e1tano + Hielo de fresa + Hielo de sand\u00eda + Hielo de lim\u00f3n<br \/>Fresa Kiwi + Ar\u00e1ndano Coco + Ciruela Mixta + Mango<br \/>Hielo de fresa + Hielo de pi\u00f1a y coco + Hielo de mango + Hielo de fruta de la pasi\u00f3n<br \/>Hielo de ar\u00e1ndanos + Hielo de frambuesa y lim\u00f3n + Chicle de sand\u00eda + Menta<br \/>Hielo de uva + Melocot\u00f3n de mango + Hielo de sand\u00eda + Hielo de ar\u00e1ndanos<\/strong><\/p>\n<h3>Especificaciones t\u00e9cnicas<\/h3>\n<p>Puffs: 150.000<br \/>Tipo de bobina: Sistema de bobina de malla Quad 1.2\u03a9<br \/>Capacidad del e-l\u00edquido: 58ml<br \/>Potencias de nicotina: 0%\/2%\/3%\/5%<br \/>Bater\u00eda: 850mAh Recargable<br \/>Carga: Interfaz USB Tipo-C<br \/>Indicador: Indicadores LED de bater\u00eda\/l\u00edquido<br \/>Dimensiones: 39 x 39 x 118 mm<br \/>Dimensiones del paquete (peque\u00f1o): 47x47x135mm<br \/>Dimensiones de la caja de env\u00edo (caja grande): 97x243x138mm<br \/>Dimensiones de la caja principal: 685x380x240mm<br \/>Peso de la caja: 23 kg (150 unidades)<\/p>\n<h3>La elecci\u00f3n definitiva para los vapeadores de alto rendimiento<\/h3>\n<p>En <strong>Aivono Aim 150K Puffs<\/strong> redefine los est\u00e1ndares del vapeo desechable combinando una capacidad r\u00e9cord con una construcci\u00f3n de primera calidad. Cada componente cuidadosamente dise\u00f1ado, desde las eficientes bobinas de malla hasta el sistema de flujo de aire perfectamente ajustado, ofrece una consistencia inquebrantable a lo largo de su excepcional vida \u00fatil. Este sistema de vapeo aut\u00f3nomo elimina las necesidades de mantenimiento al tiempo que proporciona un rendimiento de nivel profesional, por lo que es igualmente adecuado para el disfrute personal o la distribuci\u00f3n comercial. Transforme su experiencia de vapeo con esta innovadora combinaci\u00f3n de durabilidad, riqueza de sabor e ingenier\u00eda pr\u00e1ctica.<\/p>","protected":false},"excerpt":{"rendered":"<p>Experimente la m\u00e1xima longevidad con el <strong>Aivono Aim 150K Puffs<\/strong> vape desechable con <strong>58 ml de capacidad<\/strong> y <strong>150.000 caladas<\/strong>.<br \/>Disfrute de <strong>cuatro bobinas de malla<\/strong> para un rico sabor, ajustable <strong>potencia de nicotina<\/strong> (0%\/2%\/3%\/5%), y recarga USB-C.<\/p>","protected":false},"featured_media":9144,"comment_status":"open","ping_status":"closed","template":"","meta":[],"product_brand":[165],"product_cat":[951,1016],"product_tag":[734,735,733,112,77,115],"class_list":{"0":"post-9150","1":"product","2":"type-product","3":"status-publish","4":"has-post-thumbnail","6":"product_brand-aivono","7":"product_cat-aivono","8":"product_cat-big-puffs-vapes","9":"product_tag-150000-puffs-vape","10":"product_tag-58ml-e-liquid","11":"product_tag-aivono-aim-150000-puffs","12":"product_tag-disposable-vape","13":"product_tag-mesh-coil-vape","14":"product_tag-rechargeable-vape","16":"first","17":"instock","18":"sale","19":"shipping-taxable","20":"purchasable","21":"product-type-variable"},"jetpack_sharing_enabled":true,"tiered_pricing_type":"fixed","tiered_pricing_fixed_rules":[],"tiered_pricing_product_settings":{"layout":"default","base_unit_name":{"singular":null,"plural":null},"default_variation":null},"tiered_pricing_minimum_quantity":null,"tiered_pricing_roles_data":[],"tiered_pricing_percentage_rules":[],"tiered_pricing_maximum_quantity":null,"tiered_pricing_quantity_step":null,"_links":{"self":[{"href":"https:\/\/frvape.com\/es\/wp-json\/wp\/v2\/product\/9150","targetHints":{"allow":["GET"]}}],"collection":[{"href":"https:\/\/frvape.com\/es\/wp-json\/wp\/v2\/product"}],"about":[{"href":"https:\/\/frvape.com\/es\/wp-json\/wp\/v2\/types\/product"}],"replies":[{"embeddable":true,"href":"https:\/\/frvape.com\/es\/wp-json\/wp\/v2\/comments?post=9150"}],"wp:featuredmedia":[{"embeddable":true,"href":"https:\/\/frvape.com\/es\/wp-json\/wp\/v2\/media\/9144"}],"wp:attachment":[{"href":"https:\/\/frvape.com\/es\/wp-json\/wp\/v2\/media?parent=9150"}],"wp:term":[{"taxonomy":"product_brand","embeddable":true,"href":"https:\/\/frvape.com\/es\/wp-json\/wp\/v2\/product_brand?post=9150"},{"taxonomy":"product_cat","embeddable":true,"href":"https:\/\/frvape.com\/es\/wp-json\/wp\/v2\/product_cat?post=9150"},{"taxonomy":"product_tag","embeddable":true,"href":"https:\/\/frvape.com\/es\/wp-json\/wp\/v2\/product_tag?post=9150"}],"curies":[{"name":"wp","href":"https:\/\/api.w.org\/{rel}","templated":true}]}}