{"id":9412,"date":"2025-10-31T15:36:54","date_gmt":"2025-10-31T15:36:54","guid":{"rendered":"https:\/\/frvape.com\/product\/mr-goodie-abyss-mirror-50000-puffs-vape-with-adjustable-ice-party-mode\/"},"modified":"2025-12-16T09:51:59","modified_gmt":"2025-12-16T09:51:59","slug":"mr-goodie-abyss-mirror-50000-puffs-vape-con-modo-ice-party-ajustable","status":"publish","type":"product","link":"https:\/\/frvape.com\/es\/producto\/mr-goodie-abyss-mirror-50000-puffs-vape-con-modo-ice-party-ajustable\/","title":{"rendered":"Mr.Goodie Abyss Mirror 50.000 Puffs Vape con Hielo Ajustable y Modo Fiesta"},"content":{"rendered":"<h3>Vaping premium redefinido<\/h3>\n<p>En <strong>Mr.Goodie Abyss Espejo<\/strong> establece nuevos est\u00e1ndares en el vaping desechable con <strong>50.000 caladas<\/strong> capacidad. Dise\u00f1ado para entusiastas que buscan rendimiento y estilo, su completo <strong>Pantalla con espejo Abyss<\/strong> realiza un seguimiento de la bater\u00eda, el e-l\u00edquido y el recuento de caladas en tiempo real, combinando una est\u00e9tica futurista con una funcionalidad inigualable.<\/p>\n<h3>Funciones avanzadas<\/h3>\n<p>Personalice cada sesi\u00f3n con <strong>Hielo regulable en 3 niveles<\/strong> para una intensidad de enfriamiento personalizable. Activar <strong>Modo Party Vibez<\/strong> para sincronizar los efectos de luz LED din\u00e1micos con tus sorteos. Doble <strong>bobinas de malla<\/strong> proporcionan un vapor rico y suave mientras que el <strong>Bater\u00eda de 900 mAh<\/strong> garantiza un uso prolongado. R\u00e1pido <strong>Carga Tipo-C<\/strong> rejuvenece el aparato r\u00e1pidamente entre sesiones.<\/p>\n<h3>Capacidad y opciones masivas<\/h3>\n<p>Vivienda <strong>40 ml de e-l\u00edquido precargado<\/strong> y disponible en <strong>20 mg<\/strong> y potente <strong>50 mg de nicotina salada<\/strong> este dispositivo satisface todas las preferencias. Sus materiales de primera calidad y su construcci\u00f3n a prueba de fugas garantizan un rendimiento fiable desde la primera hasta la \u00faltima calada.<\/p>\n<h3>Exquisita selecci\u00f3n de sabores<\/h3>\n<p>Elija entre 10 sabores elaborados por expertos:<br \/>\n<strong>Hielo de sand\u00eda<br \/>\nHielo de lim\u00f3n verde<br \/>\nManzana y canela<br \/>\nHelado de melocot\u00f3n jugoso<br \/>\nBlue Razz<br \/>\nBatido de fresa<br \/>\nFruta de la pasi\u00f3n a la vainilla<br \/>\nHielo de naranja sanguina<br \/>\nHielo de mango y pi\u00f1a<br \/>\nAmor 66<\/strong><\/p>\n<h3>\u00bfPor qu\u00e9 elegir Abyss Mirror?<\/h3>\n<p>No es s\u00f3lo un vaporizador desechable, es una fusi\u00f3n de innovaci\u00f3n y lujo. Un n\u00famero de caladas sin igual, <strong>tecnolog\u00eda de hielo regulable<\/strong>luces hipnotizantes Party Vibez, y <strong>bobinas de doble malla<\/strong> crear una experiencia sensorial extraordinaria. Tanto si priorizas la densidad de nubes, los sabores atrevidos o un dise\u00f1o llamativo, el Abyss Mirror supera las expectativas.<\/p>","protected":false},"excerpt":{"rendered":"<p>Experimenta una vaporizaci\u00f3n revolucionaria con el <strong>Mr.Goodie Abyss Espejo<\/strong> - con <strong>50.000 caladas<\/strong>una pantalla futurista y 10 sabores vibrantes.<br \/>\nExplorar 3 niveles <strong>refrigeraci\u00f3n por hielo regulable<\/strong> e inmersiva <strong>Modo Party Vibez<\/strong> efectos de iluminaci\u00f3n para sesiones personalizadas.<\/p>","protected":false},"featured_media":9406,"comment_status":"open","ping_status":"closed","template":"","meta":[],"product_brand":[769],"product_cat":[873],"product_tag":[1023,1021,774,776,772,775,271],"class_list":{"0":"post-9412","1":"product","2":"type-product","3":"status-publish","4":"has-post-thumbnail","6":"product_brand-mr-goodie","7":"product_cat-mr-goodie","8":"product_tag-000-puffs-disposable-vape","9":"product_tag-1021","10":"product_tag-adjustable-ice-levels","11":"product_tag-dual-mesh-coils","12":"product_tag-mr-goodie-abyss-mirror","13":"product_tag-party-vibez-mode","14":"product_tag-type-c-vape","16":"first","17":"instock","18":"sale","19":"shipping-taxable","20":"purchasable","21":"product-type-variable"},"jetpack_sharing_enabled":true,"tiered_pricing_type":"fixed","tiered_pricing_fixed_rules":[],"tiered_pricing_product_settings":{"layout":"default","base_unit_name":{"singular":null,"plural":null},"default_variation":null},"tiered_pricing_minimum_quantity":null,"tiered_pricing_roles_data":[],"tiered_pricing_percentage_rules":[],"tiered_pricing_maximum_quantity":null,"tiered_pricing_quantity_step":null,"_links":{"self":[{"href":"https:\/\/frvape.com\/es\/wp-json\/wp\/v2\/product\/9412","targetHints":{"allow":["GET"]}}],"collection":[{"href":"https:\/\/frvape.com\/es\/wp-json\/wp\/v2\/product"}],"about":[{"href":"https:\/\/frvape.com\/es\/wp-json\/wp\/v2\/types\/product"}],"replies":[{"embeddable":true,"href":"https:\/\/frvape.com\/es\/wp-json\/wp\/v2\/comments?post=9412"}],"wp:featuredmedia":[{"embeddable":true,"href":"https:\/\/frvape.com\/es\/wp-json\/wp\/v2\/media\/9406"}],"wp:attachment":[{"href":"https:\/\/frvape.com\/es\/wp-json\/wp\/v2\/media?parent=9412"}],"wp:term":[{"taxonomy":"product_brand","embeddable":true,"href":"https:\/\/frvape.com\/es\/wp-json\/wp\/v2\/product_brand?post=9412"},{"taxonomy":"product_cat","embeddable":true,"href":"https:\/\/frvape.com\/es\/wp-json\/wp\/v2\/product_cat?post=9412"},{"taxonomy":"product_tag","embeddable":true,"href":"https:\/\/frvape.com\/es\/wp-json\/wp\/v2\/product_tag?post=9412"}],"curies":[{"name":"wp","href":"https:\/\/api.w.org\/{rel}","templated":true}]}}