{"id":950,"date":"2025-10-11T15:55:38","date_gmt":"2025-10-11T15:55:38","guid":{"rendered":"https:\/\/frvape.com\/product\/mrvi-moving-25000-puffs-vape-mtl-dtl-dual-mode-with-child-lock-30ml-capacity\/"},"modified":"2026-02-06T03:27:04","modified_gmt":"2026-02-06T03:27:04","slug":"mrvi-moving-25000-puffs-vape-mtl-dtl-dual-mode-con-seguro-para-ninos-30ml-de-capacidad","status":"publish","type":"product","link":"https:\/\/frvape.com\/es\/producto\/mrvi-moving-25000-puffs-vape-mtl-dtl-dual-mode-con-seguro-para-ninos-30ml-de-capacidad\/","title":{"rendered":"MRVI Moving 25000 Puffs Vape: MTL\/DTL Modo Dual con Bloqueo para Ni\u00f1os | Capacidad 30ML"},"content":{"rendered":"<h3>Una experiencia de vapeo revolucionaria<\/h3>\n<p>En <strong>MRVI Desplazamiento 25000<\/strong> redefine el vapeo port\u00e1til con una capacidad sin precedentes y funciones inteligentes. Este dise\u00f1o patentado combina potencia y versatilidad en un dispositivo compacto de 52,2x22x99mm, pensado tanto para principiantes como para vapeadores experimentados. Su <strong>Bobina doble MTL Mini<\/strong> (15-20W) y <strong>Bobina simple DTL Max<\/strong> (25-40W) te ofrecen golpes de garganta personalizables o nubes voluminosas al alcance de la mano.<\/p>\n<h3>Especificaciones t\u00e9cnicas inigualables<\/h3>\n<p>- Rompiendo r\u00e9cords <strong>25.000 bocanadas<\/strong> por dispositivo<br \/>- Enorme <strong>Capacidad de 30 ml de e-l\u00edquido<\/strong><br \/>- Larga duraci\u00f3n <strong>Bater\u00eda recargable de 1000 mAh<\/strong><br \/>- Compatibilidad de doble voltaje: Elija entre 2% o 5% <strong>potencia de nicotina<\/strong><br \/>- R\u00e1pido <strong>Carga Tipo-C<\/strong> puerto<br \/>- Precisi\u00f3n <strong>Bobina de malla doble<\/strong> (0,4\u03a9\/0,80\u03a9)<br \/>- Pantalla OLED intuitiva para la supervisi\u00f3n en tiempo real<\/p>\n<h3>Selecci\u00f3n exclusiva de sabores<\/h3>\n<p>Experimente un sabor de primera calidad con nuestros sabores de e-l\u00edquidos elaborados por expertos:<\/p>\n<ul>\n<li><strong>Batido de fresa<\/strong> - Delicia cremosa de bayas<\/li>\n<li><strong>Ar\u00e1ndano y manzana<\/strong> - Fusi\u00f3n agridulce<\/li>\n<li><strong>Pi\u00f1a helada<\/strong> - R\u00e1faga de fr\u00edo tropical<\/li>\n<li><strong>Fresa Cereza<\/strong> - Sensaci\u00f3n de doble baya<\/li>\n<li><strong>Hielo de pl\u00e1tano<\/strong> - Aterciopelada delicia helada<\/li>\n<li><strong>Hielo Razz Azul<\/strong> - Congelador el\u00e9ctrico de bayas<\/li>\n<li><strong>Mezcla de bayas<\/strong> - Compleja mezcla de frutas<\/li>\n<li><strong>Melocot\u00f3n helado<\/strong> - Jugoso refresco de fruta con hueso<\/li>\n<li><strong>Zumo de naranja y fruta de la pasi\u00f3n<\/strong> - Giro c\u00edtrico-tropical<\/li>\n<li><strong>Hielo de sand\u00eda<\/strong> - Frescor veraniego amplificado<\/li>\n<\/ul>\n<h3>Seguridad inteligente y personalizaci\u00f3n<\/h3>\n<p>Dando prioridad a la seguridad, el innovador <strong>funci\u00f3n de bloqueo para ni\u00f1os<\/strong> se activa\/desactiva instant\u00e1neamente con s\u00f3lo pulsar cinco botones, lo que impide el uso no autorizado. El fondo ergon\u00f3mico <strong>flujo de aire ajustable<\/strong> permite un control preciso del vapor, mientras que el <strong>dise\u00f1o inspirado en las constelaciones<\/strong> garantiza un agarre c\u00f3modo y una est\u00e9tica sobresaliente. Optimiza cada sesi\u00f3n cambiando sin esfuerzo entre la apretada extracci\u00f3n MTL y la aireada inhalaci\u00f3n DTL.<\/p>\n<h3>Ingenier\u00eda de detalle avanzada<\/h3>\n<p>Adem\u00e1s de su extraordinario n\u00famero de soplidos, el MRVI Moving aprovecha <strong>optimizaci\u00f3n de la doble bobina<\/strong> para una entrega de sabor y producci\u00f3n de vapor consistentes. El <strong>Pantalla OLED<\/strong> controla la duraci\u00f3n de la bater\u00eda, el contador de caladas y los ajustes de vatios de forma transparente. La durabilidad se une a la elegancia en el chasis de aleaci\u00f3n de zinc, con un tama\u00f1o que permite llevarlo en el bolsillo pero con componentes de calidad profesional. Las c\u00e1psulas precargadas eliminan las fugas, mientras que la carga Type-C consigue una bater\u00eda 80% en 18 minutos.<\/p>\n<h3>Rendimiento l\u00edder del sector<\/h3>\n<p>En <strong>Modos MTL y DTL<\/strong> va m\u00e1s all\u00e1 de los t\u00edpicos desechables: experimenta el aut\u00e9ntico vapeo configurable. Con 15-20W MTL, disfruta de un sabor concentrado que imita a los cigarrillos tradicionales. <strong>25-40W DTL<\/strong>liberar el potencial de persecuci\u00f3n de la nube. Cada dispositivo se somete a un riguroso control de calidad, con certificaciones de seguridad de la bater\u00eda y pureza del e-l\u00edquido. El embalaje incluye 1 unidad por caja (caja expositora: 10 unidades; caja de cart\u00f3n: <strong>160 unidades<\/strong>), optimizada para la distribuci\u00f3n minorista y mayorista.<\/p>\n<p>Eleve su viaje de vapeo con MRVI Moving 25000, con una capacidad innovadora, <strong>sistemas de seguridad innovadores<\/strong>y sabores artesanales convergen en un dispositivo que define el g\u00e9nero, dise\u00f1ado para superar las expectativas con cada calada.<\/p>","protected":false},"excerpt":{"rendered":"<p><strong>MRVI Desplazamiento 25000<\/strong> vape ofrece un revolucionario <strong>25.000 bocanadas<\/strong> con flexibilidad de modo dual. Caracter\u00edsticas <strong>Vapeo MTL y DTL<\/strong> tecnolog\u00eda, <strong>Capacidad de 30 ml de e-l\u00edquido<\/strong>y esencial <strong>bloqueo de seguridad para ni\u00f1os<\/strong>. Disfruta de 10 sabores vibrantes en un elegante dispositivo con dise\u00f1o de constelaci\u00f3n y carga r\u00e1pida Type-C.<\/p>","protected":false},"featured_media":944,"comment_status":"open","ping_status":"closed","template":"","meta":[],"product_brand":[174],"product_cat":[175],"product_tag":[74,180,179,177,178,103],"class_list":{"0":"post-950","1":"product","2":"type-product","3":"status-publish","4":"has-post-thumbnail","6":"product_brand-mrvi","7":"product_cat-mrvi-vape","8":"product_tag-25000-puff-vape","9":"product_tag-30ml-e-liquid-vape","10":"product_tag-child-lock-vape","11":"product_tag-mrvi-moving-25000","12":"product_tag-mtl-dtl-vape","13":"product_tag-rechargeable-e-cigarette","15":"first","16":"outofstock","17":"sale","18":"shipping-taxable","19":"purchasable","20":"product-type-variable"},"jetpack_sharing_enabled":true,"tiered_pricing_type":"fixed","tiered_pricing_fixed_rules":[],"tiered_pricing_product_settings":{"layout":"default","base_unit_name":{"singular":null,"plural":null},"default_variation":null},"tiered_pricing_minimum_quantity":null,"tiered_pricing_roles_data":[],"tiered_pricing_percentage_rules":[],"tiered_pricing_maximum_quantity":null,"tiered_pricing_quantity_step":null,"_links":{"self":[{"href":"https:\/\/frvape.com\/es\/wp-json\/wp\/v2\/product\/950","targetHints":{"allow":["GET"]}}],"collection":[{"href":"https:\/\/frvape.com\/es\/wp-json\/wp\/v2\/product"}],"about":[{"href":"https:\/\/frvape.com\/es\/wp-json\/wp\/v2\/types\/product"}],"replies":[{"embeddable":true,"href":"https:\/\/frvape.com\/es\/wp-json\/wp\/v2\/comments?post=950"}],"wp:featuredmedia":[{"embeddable":true,"href":"https:\/\/frvape.com\/es\/wp-json\/wp\/v2\/media\/944"}],"wp:attachment":[{"href":"https:\/\/frvape.com\/es\/wp-json\/wp\/v2\/media?parent=950"}],"wp:term":[{"taxonomy":"product_brand","embeddable":true,"href":"https:\/\/frvape.com\/es\/wp-json\/wp\/v2\/product_brand?post=950"},{"taxonomy":"product_cat","embeddable":true,"href":"https:\/\/frvape.com\/es\/wp-json\/wp\/v2\/product_cat?post=950"},{"taxonomy":"product_tag","embeddable":true,"href":"https:\/\/frvape.com\/es\/wp-json\/wp\/v2\/product_tag?post=950"}],"curies":[{"name":"wp","href":"https:\/\/api.w.org\/{rel}","templated":true}]}}