{"id":9617,"date":"2025-10-31T15:49:14","date_gmt":"2025-10-31T15:49:14","guid":{"rendered":"https:\/\/frvape.com\/product\/vopk-tornado-9000-disposable-vape-9000-puffs-20ml-e-liquid\/"},"modified":"2025-11-04T01:55:39","modified_gmt":"2025-11-04T01:55:39","slug":"vopk-tornado-9000-vape-desechable-9000-puffs-20ml-e-liquid","status":"publish","type":"product","link":"https:\/\/frvape.com\/es\/producto\/vopk-tornado-9000-vape-desechable-9000-puffs-20ml-e-liquid\/","title":{"rendered":"VOPK TORNADO 9000 Vape Desechable | 9000 Puffs | 20ML E-Liquid"},"content":{"rendered":"<p>En <strong>Vapeador desechable VOPK Tornado 9000 Puffs<\/strong> es un dispositivo de vanguardia dise\u00f1ado tanto para principiantes como para vapeadores experimentados, que garantiza un disfrute prolongado gracias a su enorme capacidad de calada. Esta pluma elimina la necesidad de reemplazos frecuentes, proporcionando una experiencia de vapeo perfecta y satisfactoria.<\/p>\n<h3>Funciones avanzadas<\/h3>\n<p>Personalice su sesi\u00f3n con <strong>concentraciones de nicotina<\/strong> de 0%, 2%, 3%, o 5% utilizando <strong>tecnolog\u00eda de sales de nicotina<\/strong>junto con una generosa <strong>20 ml de capacidad de e-l\u00edquido<\/strong>. Equipado con un <strong>Bobina de malla de 1,2 ohmios<\/strong>garantiza una extracci\u00f3n \u00f3ptima del sabor y una producci\u00f3n de vapor suave. El <strong>Bater\u00eda integrada recargable de 500 mAh<\/strong> permite una carga r\u00e1pida, para que disfrutes de m\u00e1s tiempo de vapeo y un tiempo de inactividad m\u00ednimo.<\/p>\n<h3>Diversa gama de sabores<\/h3>\n<p>Elija entre una variedad de <strong>10 deliciosos sabores<\/strong> para adaptarse a cualquier paladar. La lista de sabores disponibles incluye:<\/p>\n<p>L\u00ednea Lemon<br \/>Helado de fresa y frambuesa<br \/>Menta fresca<br \/>Sand\u00eda con fresa<br \/>Triple Mango<br \/>Ar\u00e1ndano Frambuesa<br \/>Sand\u00eda Brazz Ice<br \/>Ar\u00e1ndano Cereza Ar\u00e1ndano<br \/>Hielo de ar\u00e1ndanos<br \/>Melocot\u00f3n Mango Pi\u00f1a<\/p>\n<h3>Envases c\u00f3modos<\/h3>\n<p>Envasado eficaz con <strong>10 unidades por caja expositora<\/strong>Este vaporizador-bol\u00edgrafo es ideal para minoristas o uso personal, ofreciendo un gran valor y facilidad de acceso. Experimenta un rendimiento sin igual, estilo moderno y comodidad sin complicaciones con el VOPK Tornado 9000.<\/p>","protected":false},"excerpt":{"rendered":"<p>Descubre la <strong>VOPK TORNADO 9000<\/strong> Vape Pen desechable, que ofrece una impresionante <strong>9000 bocanadas<\/strong> con <strong>0%\/2%\/3%\/5% sal de nicotina<\/strong> opciones. Disfrute de <strong>10 sabores exquisitos<\/strong> y un <strong>bater\u00eda recargable de 500 mAh<\/strong> para un placer infinito.<\/p>","protected":false},"featured_media":9611,"comment_status":"open","ping_status":"closed","template":"","meta":[],"product_brand":[787],"product_cat":[890],"product_tag":[791,325,793,792,115,790],"class_list":{"0":"post-9617","1":"product","2":"type-product","3":"status-publish","4":"has-post-thumbnail","6":"product_brand-vopk","7":"product_cat-vopk","8":"product_tag-9000-puffs-vape","9":"product_tag-disposable-vape-pen","10":"product_tag-flavors-disposable","11":"product_tag-nicotine-salt-e-cig","12":"product_tag-rechargeable-vape","13":"product_tag-vopk-tornado-9000","15":"first","16":"instock","17":"sale","18":"shipping-taxable","19":"purchasable","20":"product-type-variable"},"jetpack_sharing_enabled":true,"tiered_pricing_type":"fixed","tiered_pricing_fixed_rules":[],"tiered_pricing_product_settings":{"layout":"default","base_unit_name":{"singular":null,"plural":null},"default_variation":null},"tiered_pricing_minimum_quantity":null,"tiered_pricing_roles_data":[],"tiered_pricing_percentage_rules":[],"tiered_pricing_maximum_quantity":null,"tiered_pricing_quantity_step":null,"_links":{"self":[{"href":"https:\/\/frvape.com\/es\/wp-json\/wp\/v2\/product\/9617","targetHints":{"allow":["GET"]}}],"collection":[{"href":"https:\/\/frvape.com\/es\/wp-json\/wp\/v2\/product"}],"about":[{"href":"https:\/\/frvape.com\/es\/wp-json\/wp\/v2\/types\/product"}],"replies":[{"embeddable":true,"href":"https:\/\/frvape.com\/es\/wp-json\/wp\/v2\/comments?post=9617"}],"wp:featuredmedia":[{"embeddable":true,"href":"https:\/\/frvape.com\/es\/wp-json\/wp\/v2\/media\/9611"}],"wp:attachment":[{"href":"https:\/\/frvape.com\/es\/wp-json\/wp\/v2\/media?parent=9617"}],"wp:term":[{"taxonomy":"product_brand","embeddable":true,"href":"https:\/\/frvape.com\/es\/wp-json\/wp\/v2\/product_brand?post=9617"},{"taxonomy":"product_cat","embeddable":true,"href":"https:\/\/frvape.com\/es\/wp-json\/wp\/v2\/product_cat?post=9617"},{"taxonomy":"product_tag","embeddable":true,"href":"https:\/\/frvape.com\/es\/wp-json\/wp\/v2\/product_tag?post=9617"}],"curies":[{"name":"wp","href":"https:\/\/api.w.org\/{rel}","templated":true}]}}