{"id":9688,"date":"2025-10-31T16:01:45","date_gmt":"2025-10-31T16:01:45","guid":{"rendered":"https:\/\/frvape.com\/product\/mr-goodie-shisha-dual-mode-disposable-vape-30k-50k-puffs-with-mega-display\/"},"modified":"2025-12-16T08:28:34","modified_gmt":"2025-12-16T08:28:34","slug":"mr-goodie-shisha-modo-dual-vape-desechable-30k-50k-caladas-con-mega-display","status":"publish","type":"product","link":"https:\/\/frvape.com\/es\/producto\/mr-goodie-shisha-modo-dual-vape-desechable-30k-50k-caladas-con-mega-display\/","title":{"rendered":"Mr.Goodie SHISHA Vapeador Desechable Modo Dual - 30K\/50K Puffs con Mega Display"},"content":{"rendered":"<h3>La mejor experiencia de vapeo en modo dual<\/h3>\n<p>En <strong>Sr.Goodie SHISHA<\/strong> redefine la comodidad y la personalizaci\u00f3n para los vapeadores que buscan versatilidad. Elija entre <strong>Modo DTL<\/strong> (bobina de 0,50\u03a9, 22W) para 30.000 caladas masivas centradas en la nube o <strong>Modo MTL<\/strong> (bobina de 1,00\u03a9, 12W) para 50.000 satisfactorias caladas de nicotina salada, que satisfacen todas las preferencias de vapeo.<\/p>\n<h3>Especificaciones t\u00e9cnicas avanzadas<\/h3>\n<p>Impulsado por un robusto <strong>Bater\u00eda recargable de 1.100 mAh<\/strong> y precargados con expansivos <strong>Capacidad de 40 ml de e-l\u00edquido<\/strong>Disfrute de largas sesiones sin interrupciones. El <strong>megapantalla<\/strong> proporciona un control en tiempo real de la duraci\u00f3n de la bater\u00eda, los niveles de e-l\u00edquido y el contador de caladas. Personaliza cada inhalaci\u00f3n con precisi\u00f3n <strong>control de flujo de aire ajustable<\/strong> y r\u00e1pida <strong>Carga Tipo-C<\/strong>.<\/p>\n<h3>Rica selecci\u00f3n de sabores<\/h3>\n<p>Disponible en 12 vibrantes opciones de nicotina salada:<br \/>\n&#8211; <strong>Amor 66<\/strong><br \/>\n&#8211; <strong>Ar\u00e1ndano P. Lim\u00f3n<\/strong><br \/>\n&#8211; <strong>Mezcla de frutas<\/strong><br \/>\n&#8211; <strong>Uva Menta<\/strong><br \/>\n&#8211; <strong>Ar\u00e1ndano Lim\u00f3n Menta<\/strong><br \/>\n&#8211; <strong>Chicle de sand\u00eda<\/strong><br \/>\n&#8211; <strong>Cola Gummy<\/strong><br \/>\n&#8211; <strong>Manzana doble<\/strong><br \/>\n&#8211; <strong>Chicle de fruta de drag\u00f3n<\/strong><br \/>\n&#8211; <strong>Blue Razz<\/strong><br \/>\n&#8211; <strong>Hielo de mel\u00f3n dulce<\/strong><br \/>\n&#8211; <strong>Fresa Lim\u00f3n<\/strong><\/p>\n<h3>\u00bfPor qu\u00e9 elegir SHISHA?<\/h3>\n<p>Este vaporizador desechable combina la m\u00e1xima flexibilidad con una capacidad excepcional. <strong>3mg\/6mg de sal de nicotina<\/strong> garantiza suaves golpes de garganta tanto para principiantes como para entusiastas. Con su innovador rendimiento de doble bobina, elegante ergonom\u00eda y tecnolog\u00eda de bloqueo de sabor, <strong>Sr.Goodie SHISHA<\/strong> es la soluci\u00f3n definitiva para vapear durante todo el d\u00eda. La excelencia del sabor redefinida a trav\u00e9s de una potente producci\u00f3n de vapor y una ingenier\u00eda de vanguardia.<\/p>","protected":false},"excerpt":{"rendered":"<p><strong>Sr.Goodie SHISHA<\/strong> proporciona un vaping de modo dual de alto rendimiento con 30K <strong>Bocanadas DTL<\/strong> o 50K <strong>Bocanadas MTL<\/strong>. Caracter\u00edsticas <strong>flujo de aire ajustable<\/strong>, <strong>megapantalla<\/strong>Capacidad de 40 ml y carga Type-C.<\/p>","protected":false},"featured_media":9682,"comment_status":"open","ping_status":"closed","template":"","meta":[],"product_brand":[769],"product_cat":[873],"product_tag":[1022,1021,102,799,800,798,159],"class_list":{"0":"post-9688","1":"product","2":"type-product","3":"status-publish","4":"has-post-thumbnail","6":"product_brand-mr-goodie","7":"product_cat-mr-goodie","8":"product_tag-000-puffs-vape","9":"product_tag-1021","10":"product_tag-adjustable-airflow-vape","11":"product_tag-dual-mode-disposable-vape","12":"product_tag-mega-display-vape","13":"product_tag-mr-goodie-shisha","14":"product_tag-type-c-rechargeable-vape","16":"first","17":"instock","18":"sale","19":"shipping-taxable","20":"purchasable","21":"product-type-variable"},"jetpack_sharing_enabled":true,"tiered_pricing_type":"fixed","tiered_pricing_fixed_rules":[],"tiered_pricing_product_settings":{"layout":"default","base_unit_name":{"singular":null,"plural":null},"default_variation":null},"tiered_pricing_minimum_quantity":null,"tiered_pricing_roles_data":[],"tiered_pricing_percentage_rules":[],"tiered_pricing_maximum_quantity":null,"tiered_pricing_quantity_step":null,"_links":{"self":[{"href":"https:\/\/frvape.com\/es\/wp-json\/wp\/v2\/product\/9688","targetHints":{"allow":["GET"]}}],"collection":[{"href":"https:\/\/frvape.com\/es\/wp-json\/wp\/v2\/product"}],"about":[{"href":"https:\/\/frvape.com\/es\/wp-json\/wp\/v2\/types\/product"}],"replies":[{"embeddable":true,"href":"https:\/\/frvape.com\/es\/wp-json\/wp\/v2\/comments?post=9688"}],"wp:featuredmedia":[{"embeddable":true,"href":"https:\/\/frvape.com\/es\/wp-json\/wp\/v2\/media\/9682"}],"wp:attachment":[{"href":"https:\/\/frvape.com\/es\/wp-json\/wp\/v2\/media?parent=9688"}],"wp:term":[{"taxonomy":"product_brand","embeddable":true,"href":"https:\/\/frvape.com\/es\/wp-json\/wp\/v2\/product_brand?post=9688"},{"taxonomy":"product_cat","embeddable":true,"href":"https:\/\/frvape.com\/es\/wp-json\/wp\/v2\/product_cat?post=9688"},{"taxonomy":"product_tag","embeddable":true,"href":"https:\/\/frvape.com\/es\/wp-json\/wp\/v2\/product_tag?post=9688"}],"curies":[{"name":"wp","href":"https:\/\/api.w.org\/{rel}","templated":true}]}}