{"id":9799,"date":"2025-10-31T16:13:10","date_gmt":"2025-10-31T16:13:10","guid":{"rendered":"https:\/\/frvape.com\/product\/vopk-triple-60000-puffs-disposable-vape-with-triple-flavor-led-display\/"},"modified":"2025-11-04T01:55:39","modified_gmt":"2025-11-04T01:55:39","slug":"vopk-triple-60000-puffs-vape-desechable-con-triple-sabor-led-display","status":"publish","type":"product","link":"https:\/\/frvape.com\/es\/producto\/vopk-triple-60000-puffs-vape-desechable-con-triple-sabor-led-display\/","title":{"rendered":"VOPK Triple 60000 Puffs Vapeador Desechable con Triple Sabor y Pantalla LED"},"content":{"rendered":"<h3>Lo \u00faltimo en innovaci\u00f3n para vapear<\/h3>\n<p>En <strong>VOPK Triple 60000 Puffs<\/strong> transforma la categor\u00eda de vapeadores desechables con su <strong>Capacidad para 60.000 bocanadas<\/strong> y \u00fanico <strong>sistema de dep\u00f3sito de triple sabor<\/strong>. Ideal para los aficionados a los sabores, este elegante dispositivo permite alternar sin esfuerzo entre tres mezclas distintas de e-l\u00edquidos, manteniendo tus sesiones de vapeo estimulantes y frescas con cada cambio.<\/p>\n<h3>Excelencia avanzada en vapeo<\/h3>\n<p>Dise\u00f1ado con tres <strong>bobinas de malla de 0,9 \u03a9 de alto rendimiento<\/strong>El VOPK Triple 60000 asegura un vapor rico y suave en cada calada. Su inmensa <strong>Capacidad de e-l\u00edquido de 54mL<\/strong> reduce dr\u00e1sticamente la necesidad de recargas, mientras que las bobinas de precisi\u00f3n garantizan la m\u00e1xima producci\u00f3n de nube y la integridad del sabor de principio a fin.<\/p>\n<h3>Tecnolog\u00eda f\u00e1cil de usar<\/h3>\n<p>Alimentado por un <strong>Bater\u00eda recargable de 650 mAh<\/strong>este vaporizador ofrece <strong>Carga r\u00e1pida Tipo-C<\/strong> para minimizar las interrupciones y prolongar el placer de vapear. El sistema integrado <strong>Pantalla LED<\/strong> proporciona un seguimiento en tiempo real de la duraci\u00f3n de la bater\u00eda y los niveles de e-l\u00edquido, d\u00e1ndole un control total. Disponible en <strong>Potencia de nicotina 2%<\/strong> se combina a la perfecci\u00f3n con 10 deliciosas combinaciones de triple sabor para ofrecer una versatilidad inigualable.<\/p>\n<h3>Combinaciones de sabores<\/h3>\n<p>Del\u00e9itese con estas exclusivas mezclas de triple sabor:<br \/>Helado de sand\u00eda &amp; Helado triple de mel\u00f3n &amp; Helado de fresa<br \/>Mango agrio Pi\u00f1a y Red Bull Fresa y grosella negra Hielo<br \/>Fresa Sand\u00eda y Ar\u00e1ndano Frambuesa y Lim\u00f3n Lima<br \/>Grape Ice &amp; Strawberry Kiwi &amp; Watermelon Red Bull<br \/>Double Apple Ice &amp; Tropical Fruit &amp; Strawberry Watermelon Bubblegum<br \/>Gominolas &amp; Fresa Vainilla Coca-Cola &amp; Ar\u00e1ndanos Algod\u00f3n de az\u00facar<br \/>Kiwi Maracuy\u00e1 &amp; Fresa Cereza &amp; Amor 66<br \/>Melocot\u00f3n Berry &amp; Blue Razz Ice &amp; Sand\u00eda Melocot\u00f3n Mango<br \/>Pl\u00e1tano Pi\u00f1a &amp; Red Bull Ice &amp; Fresa Mango<br \/>Fresa Pl\u00e1tano y Frambuesa Sand\u00eda y Pi\u00f1a Coco<\/p>\n<h3>Construcci\u00f3n robusta y sostenibilidad<\/h3>\n<p>S\u00f3lo pesa <strong>130g<\/strong> con unas dimensiones compactas de <strong>47 x 47 x 116 mm<\/strong>VOPK Triple 60000 es port\u00e1til pero potente. Su dise\u00f1o respetuoso con el medio ambiente incluye un embalaje duradero para env\u00edos a granel, lo que garantiza la fiabilidad en cada uso.<\/p>","protected":false},"excerpt":{"rendered":"<p>Experimenta la <strong>VOPK Triple 60000 Puffs<\/strong> vape desechable, con un revolucionario <strong>Sistema de triple sabor 3 en 1<\/strong> y hasta <strong>60.000 caladas<\/strong> por dispositivo. Disfrute de la entrega de vapor suave con <strong>bobinas de malla<\/strong>, a <strong>Capacidad de e-l\u00edquido de 54mL<\/strong>y un <strong>bater\u00eda recargable<\/strong> con carga Type-C para sesiones prolongadas.<\/p>","protected":false},"featured_media":9793,"comment_status":"open","ping_status":"closed","template":"","meta":[],"product_brand":[787],"product_cat":[890],"product_tag":[795,112,77,115,810,808],"class_list":{"0":"post-9799","1":"product","2":"type-product","3":"status-publish","4":"has-post-thumbnail","6":"product_brand-vopk","7":"product_cat-vopk","8":"product_tag-60000-puffs","9":"product_tag-disposable-vape","10":"product_tag-mesh-coil-vape","11":"product_tag-rechargeable-vape","12":"product_tag-triple-flavor-vape","13":"product_tag-vopk-triple-60000","15":"first","16":"instock","17":"sale","18":"shipping-taxable","19":"purchasable","20":"product-type-variable"},"jetpack_sharing_enabled":true,"tiered_pricing_type":"fixed","tiered_pricing_fixed_rules":[],"tiered_pricing_product_settings":{"layout":"default","base_unit_name":{"singular":null,"plural":null},"default_variation":null},"tiered_pricing_minimum_quantity":null,"tiered_pricing_roles_data":[],"tiered_pricing_percentage_rules":[],"tiered_pricing_maximum_quantity":null,"tiered_pricing_quantity_step":null,"_links":{"self":[{"href":"https:\/\/frvape.com\/es\/wp-json\/wp\/v2\/product\/9799","targetHints":{"allow":["GET"]}}],"collection":[{"href":"https:\/\/frvape.com\/es\/wp-json\/wp\/v2\/product"}],"about":[{"href":"https:\/\/frvape.com\/es\/wp-json\/wp\/v2\/types\/product"}],"replies":[{"embeddable":true,"href":"https:\/\/frvape.com\/es\/wp-json\/wp\/v2\/comments?post=9799"}],"wp:featuredmedia":[{"embeddable":true,"href":"https:\/\/frvape.com\/es\/wp-json\/wp\/v2\/media\/9793"}],"wp:attachment":[{"href":"https:\/\/frvape.com\/es\/wp-json\/wp\/v2\/media?parent=9799"}],"wp:term":[{"taxonomy":"product_brand","embeddable":true,"href":"https:\/\/frvape.com\/es\/wp-json\/wp\/v2\/product_brand?post=9799"},{"taxonomy":"product_cat","embeddable":true,"href":"https:\/\/frvape.com\/es\/wp-json\/wp\/v2\/product_cat?post=9799"},{"taxonomy":"product_tag","embeddable":true,"href":"https:\/\/frvape.com\/es\/wp-json\/wp\/v2\/product_tag?post=9799"}],"curies":[{"name":"wp","href":"https:\/\/api.w.org\/{rel}","templated":true}]}}