{"id":6833,"date":"2025-10-13T02:15:51","date_gmt":"2025-10-13T02:15:51","guid":{"rendered":"https:\/\/frvape.com\/?page_id=6833"},"modified":"2025-10-13T06:28:40","modified_gmt":"2025-10-13T06:28:40","slug":"meist","status":"publish","type":"page","link":"https:\/\/frvape.com\/et\/meist\/","title":{"rendered":"Meie kohta"},"content":{"rendered":"<div data-elementor-type=\"wp-page\" data-elementor-id=\"6833\" class=\"elementor elementor-6833\">\n\t\t\t\t<div class=\"elementor-element elementor-element-572db281 e-flex e-con-boxed e-con e-parent\" data-id=\"572db281\" data-element_type=\"container\">\n\t\t\t\t\t<div class=\"e-con-inner\">\n\t\t\t\t<div class=\"elementor-element elementor-element-21637a1a elementor-widget elementor-widget-text-editor\" data-id=\"21637a1a\" data-element_type=\"widget\" data-widget_type=\"text-editor.default\">\n\t\t\t\t\t\t\t\t\t<div style=\"width: 755px; max-width: 1570px; color: #232323; font-family: Lato, sans-serif;\">\n<h3 style=\"color: #0a0a0a; width: 755px;\">Bulk Osta \u00fchekordselt Vapes Online FR VAPE-st<\/h3>\n<\/div>\n<p dir=\"auto\" style=\"color: #232323; font-family: Lato, sans-serif;\">Tere tulemast<a href=\"https:\/\/frvape.com\/et\/\"><span style=\"color: #00aae7;\"> FR vape<\/span><\/a>, teie peamine veebip\u00f5hine sihtkoht <span style=\"color: #00ccff;\">FR<a style=\"background-color: rgba(255, 255, 255, 0); color: #00ccff;\" href=\"https:\/\/frvape.com\/et\/\">\u00a0vapes<\/a><\/span>. Rikkaliku ajalooga, mis ulatub \u00fcle 5 aasta t\u00f6\u00f6stuses, oleme uhked, et pakume mitmekesist valikut tipptasemel kaubam\u00e4rke, nagu Bang King, Al Fakher Vape, Vapeme, Waspe, RandM Tornado, Bang Box ja palju muud.<\/p>\n<p dir=\"auto\" style=\"color: #232323; font-family: Lato, sans-serif;\">FR vapes on elektroonilise aurutamise maailmas tipptasemel. Meie tooted on j\u00f5udnud paljudesse riikidesse \u00fcle maailma, mis on tunnistus meie p\u00fchendumusest kvaliteedile ja klientide rahulolule. Kogenud professionaalidena e-sigarettide turustamise valdkonnas rahuldame nii jae- kui ka hulgim\u00fc\u00fcgi vajadusi, tagades, et meie kliendid saavad turul parimaid tooteid ja teenuseid.<\/p>\n<p dir=\"auto\" style=\"color: #232323; font-family: Lato, sans-serif;\">Meie veebisait,<a href=\"https:\/\/frvape.com\/et\/\"> FR vape.com,<\/a> on keskuseks nii entusiastidele kui ka algajatele, pakkudes sujuvat ostukogemust ja suurt valikut\u00a0<a style=\"background-color: rgba(255, 255, 255, 0); color: #1e73be;\" href=\"https:\/\/frvape.com\/et\/\">\u00fchekordselt kasutatav e-sigaret<\/a>\u00a0valikud. Olenemata sellest, kas otsite uusimaid uuendusi v\u00f5i ajatuid klassikuid, FR vape on teie usaldusv\u00e4\u00e4rne partner aurustamise maailmas.<\/p>\n<p dir=\"auto\" style=\"color: #232323; font-family: Lato, sans-serif;\">Liitu meiega sellel teekonnal, kui me j\u00e4tkame tipptaseme standardite uuesti m\u00e4\u00e4ratlemist\u00a0<a style=\"background-color: rgba(255, 255, 255, 0); color: #1e73be;\" href=\"https:\/\/frvape.com\/et\/\">\u00fchekordselt kasutatav vape<\/a>\u00a0t\u00f6\u00f6stus. Kogege erinevust Aiviouvapes'iga - kus kvaliteet, mitmekesisus ja kliendirahulolu l\u00e4henevad sujuvalt.<\/p>\n<p>\u00a0<\/p>\n<p style=\"color: #232323; font-family: Lato, sans-serif;\"><span style=\"font-weight: bolder;\">WhatsApp:<\/span> +86 133 6063 1532<\/p>\t\t\t\t\t\t\t\t<\/div>\n\t\t\t\t\t<\/div>\n\t\t\t\t<\/div>\n\t\t\t\t<\/div>","protected":false},"excerpt":{"rendered":"<p>Bulk Buy Disposable Vapes Online from FR VAPE Welcome to FR vape, your premier online destination for FR\u00a0vapes. With a rich history spanning over 5 years in the industry, we take pride in offering a diverse range of top-tier brands such as Bang King, Al Fakher Vape, Vapeme, Waspe, RandM Tornado, Bang Box, and more. [&#8230;]","protected":false},"author":1,"featured_media":0,"parent":0,"menu_order":0,"comment_status":"closed","ping_status":"closed","template":"","meta":{"footnotes":""},"class_list":["post-6833","page","type-page","status-publish","hentry"],"jetpack_sharing_enabled":true,"_links":{"self":[{"href":"https:\/\/frvape.com\/et\/wp-json\/wp\/v2\/pages\/6833","targetHints":{"allow":["GET"]}}],"collection":[{"href":"https:\/\/frvape.com\/et\/wp-json\/wp\/v2\/pages"}],"about":[{"href":"https:\/\/frvape.com\/et\/wp-json\/wp\/v2\/types\/page"}],"author":[{"embeddable":true,"href":"https:\/\/frvape.com\/et\/wp-json\/wp\/v2\/users\/1"}],"replies":[{"embeddable":true,"href":"https:\/\/frvape.com\/et\/wp-json\/wp\/v2\/comments?post=6833"}],"version-history":[{"count":12,"href":"https:\/\/frvape.com\/et\/wp-json\/wp\/v2\/pages\/6833\/revisions"}],"predecessor-version":[{"id":7106,"href":"https:\/\/frvape.com\/et\/wp-json\/wp\/v2\/pages\/6833\/revisions\/7106"}],"wp:attachment":[{"href":"https:\/\/frvape.com\/et\/wp-json\/wp\/v2\/media?parent=6833"}],"curies":[{"name":"wp","href":"https:\/\/api.w.org\/{rel}","templated":true}]}}