{"id":7167,"date":"2025-10-13T07:12:26","date_gmt":"2025-10-13T07:12:26","guid":{"rendered":"https:\/\/frvape.com\/?page_id=7167"},"modified":"2025-10-13T07:13:43","modified_gmt":"2025-10-13T07:13:43","slug":"laevanduspoliitika","status":"publish","type":"page","link":"https:\/\/frvape.com\/et\/laevanduspoliitika\/","title":{"rendered":"Veopoliitika"},"content":{"rendered":"<div data-elementor-type=\"wp-page\" data-elementor-id=\"7167\" class=\"elementor elementor-7167\">\n\t\t\t\t<div class=\"elementor-element elementor-element-60995797 e-flex e-con-boxed e-con e-parent\" data-id=\"60995797\" data-element_type=\"container\">\n\t\t\t\t\t<div class=\"e-con-inner\">\n\t\t\t\t<div class=\"elementor-element elementor-element-2b1c4b14 elementor-widget elementor-widget-text-editor\" data-id=\"2b1c4b14\" data-element_type=\"widget\" data-widget_type=\"text-editor.default\">\n\t\t\t\t\t\t\t\t\t\t\t\t\t\t\t\t\t<\/div>\n\t\t\t\t\t<\/div>\n\t\t\t\t<\/div>\n\t\t<div class=\"elementor-element elementor-element-90603f5 e-flex e-con-boxed e-con e-parent\" data-id=\"90603f5\" data-element_type=\"container\">\n\t\t\t\t\t<div class=\"e-con-inner\">\n\t\t\t\t<div class=\"elementor-element elementor-element-9aec96a elementor-widget elementor-widget-text-editor\" data-id=\"9aec96a\" data-element_type=\"widget\" data-widget_type=\"text-editor.default\">\n\t\t\t\t\t\t\t\t\t<h3 data-start=\"77\" data-end=\"100\"><strong data-start=\"81\" data-end=\"100\">Veopoliitika<\/strong><\/h3>\n<p data-start=\"102\" data-end=\"289\">FR Vape on p\u00fchendunud teie aurustustoodete kiirele ja turvalisele tarnimisele. Palun lugege meie saatmispoliitikat, et saada rohkem \u00fcksikasju selle kohta, kuidas me tegeleme saatmisega, tarneaegadega ja muuga.<\/p>\n<hr data-start=\"291\" data-end=\"294\" \/>\n<h4 data-start=\"296\" data-end=\"320\"><strong data-start=\"301\" data-end=\"320\">T\u00f6\u00f6tlemisaeg<\/strong><\/h4>\n<ul data-start=\"322\" data-end=\"725\">\n<li data-start=\"322\" data-end=\"505\">\n<p data-start=\"324\" data-end=\"505\"><strong data-start=\"324\" data-end=\"345\">Tellimuse t\u00f6\u00f6tlemine:<\/strong> K\u00f5ik tellimused t\u00f6\u00f6deldakse <strong data-start=\"378\" data-end=\"399\">1-2 t\u00f6\u00f6p\u00e4eva<\/strong> (esmasp\u00e4evast reedeni). N\u00e4dalavahetustel v\u00f5i riigip\u00fchadel esitatud tellimusi t\u00f6\u00f6deldakse j\u00e4rgmisel t\u00f6\u00f6p\u00e4eval.<\/p>\n<\/li>\n<li data-start=\"509\" data-end=\"725\">\n<p data-start=\"511\" data-end=\"725\"><strong data-start=\"511\" data-end=\"534\">Tellimuse kinnitus:<\/strong> Kui teie tellimus on tehtud, saate te teate, et <strong data-start=\"582\" data-end=\"604\">Tellimuse kinnitamine<\/strong> e-post. Kui teie tellimus on t\u00f6\u00f6deldud ja l\u00e4hetatud, saate teate <strong data-start=\"671\" data-end=\"696\">Saatekinnitus<\/strong> e-kiri koos j\u00e4lgimisandmetega.<\/p>\n<\/li>\n<\/ul>\n<hr data-start=\"727\" data-end=\"730\" \/>\n<h4 data-start=\"732\" data-end=\"773\"><strong data-start=\"737\" data-end=\"773\">Kohaletoimetamise meetodid ja tarneaeg<\/strong><\/h4>\n<p data-start=\"775\" data-end=\"946\">Pakume erinevaid tarneviise, et tagada parim tarnekogemus. Tarneaeg s\u00f5ltub teie asukohast ja kassas valitud tarneviisist.<\/p>\n<ul data-start=\"948\" data-end=\"1410\">\n<li data-start=\"948\" data-end=\"1089\">\n<p data-start=\"950\" data-end=\"1089\"><strong data-start=\"950\" data-end=\"999\">Standardne kohaletoimetamine (tasuta tellimuste puhul \u00fcle $50):<\/strong><br data-start=\"999\" data-end=\"1002\" \/>Eeldatav tarneaeg: <strong data-start=\"1024\" data-end=\"1045\">3-7 t\u00f6\u00f6p\u00e4eva<\/strong><br data-start=\"1045\" data-end=\"1048\" \/>Saadaval k\u00f5igile USA-sisestele tellimustele.<\/p>\n<\/li>\n<li data-start=\"1093\" data-end=\"1222\">\n<p data-start=\"1095\" data-end=\"1222\"><strong data-start=\"1095\" data-end=\"1118\">Kiirendatud saatmine:<\/strong><br data-start=\"1118\" data-end=\"1121\" \/>Eeldatav tarneaeg: <strong data-start=\"1143\" data-end=\"1164\">2-3 t\u00f6\u00f6p\u00e4eva<\/strong><br data-start=\"1164\" data-end=\"1167\" \/>Saadaval kodumaiste tellimuste puhul. Kohaldatakse lisatasusid.<\/p>\n<\/li>\n<li data-start=\"1224\" data-end=\"1410\">\n<p data-start=\"1226\" data-end=\"1410\"><strong data-start=\"1226\" data-end=\"1253\">Rahvusvaheline saatmine:<\/strong><br data-start=\"1253\" data-end=\"1256\" \/>Me tarnime ka rahvusvaheliselt. Rahvusvaheliste tellimuste tarneajad s\u00f5ltuvad teie asukohast, kuid \u00fcldiselt j\u00f5uavad need kohale j\u00e4rgmise aja jooksul <strong data-start=\"1387\" data-end=\"1409\">7-21 t\u00f6\u00f6p\u00e4eva<\/strong>.<\/p>\n<\/li>\n<\/ul>\n<hr data-start=\"1412\" data-end=\"1415\" \/>\n<h4 data-start=\"1417\" data-end=\"1440\"><strong data-start=\"1422\" data-end=\"1440\">Veokulud<\/strong><\/h4>\n<ul data-start=\"1442\" data-end=\"1705\">\n<li data-start=\"1442\" data-end=\"1572\">\n<p data-start=\"1444\" data-end=\"1473\"><strong data-start=\"1444\" data-end=\"1471\">USA-sisene saatmine:<\/strong><\/p>\n<ul data-start=\"1476\" data-end=\"1572\">\n<li data-start=\"1476\" data-end=\"1535\">\n<p data-start=\"1478\" data-end=\"1535\">Standardne kohaletoimetamine: <strong data-start=\"1497\" data-end=\"1506\">$5.99<\/strong> (Tasuta \u00fcle $50 tellimuste puhul)<\/p>\n<\/li>\n<li data-start=\"1538\" data-end=\"1572\">\n<p data-start=\"1540\" data-end=\"1572\">Kiirendatud saatmine: <strong data-start=\"1560\" data-end=\"1570\">$15.99<\/strong><\/p>\n<\/li>\n<\/ul>\n<\/li>\n<li data-start=\"1573\" data-end=\"1705\">\n<p data-start=\"1575\" data-end=\"1604\"><strong data-start=\"1575\" data-end=\"1602\">Rahvusvaheline saatmine:<\/strong><\/p>\n<ul data-start=\"1607\" data-end=\"1705\">\n<li data-start=\"1607\" data-end=\"1705\">\n<p data-start=\"1609\" data-end=\"1705\">Tariifid varieeruvad s\u00f5ltuvalt asukohast ja tellimuse kaalust. Saate n\u00e4ha saatmiskulusid kassas.<\/p>\n<\/li>\n<\/ul>\n<\/li>\n<\/ul>\n<hr data-start=\"1707\" data-end=\"1710\" \/>\n<h4 data-start=\"1712\" data-end=\"1740\"><strong data-start=\"1717\" data-end=\"1740\">Tellimuse j\u00e4lgimine<\/strong><\/h4>\n<p data-start=\"1742\" data-end=\"1931\">Kui teie tellimus on l\u00e4hetatud, saate teate, et <strong data-start=\"1798\" data-end=\"1817\">J\u00e4lgimisnumber<\/strong> e-posti teel. Te saate j\u00e4lgida oma tellimuse edenemist vedaja veebisaidi v\u00f5i meie veebisaidi kaudu. <strong data-start=\"1905\" data-end=\"1925\">J\u00e4lgi oma tellimust<\/strong> lehek\u00fclg.<\/p>\n<hr data-start=\"1933\" data-end=\"1936\" \/>\n<h4 data-start=\"1938\" data-end=\"1968\"><strong data-start=\"1943\" data-end=\"1968\">Veopiirangud<\/strong><\/h4>\n<ul data-start=\"1970\" data-end=\"2391\">\n<li data-start=\"1970\" data-end=\"2174\">\n<p data-start=\"1972\" data-end=\"2174\"><strong data-start=\"1972\" data-end=\"1997\">Piiratud asukohad:<\/strong> Kohalike eeskirjade t\u00f5ttu ei saa me teatud kohtadesse tarnida. Palun vaadake piirangutega kohtade nimekirja meie <strong data-start=\"2121\" data-end=\"2137\">Laevanduse KKK<\/strong> lehel v\u00f5i v\u00f5tke meiega \u00fchendust, kui soovite lisateavet.<\/p>\n<\/li>\n<li data-start=\"2178\" data-end=\"2391\">\n<p data-start=\"2180\" data-end=\"2391\"><strong data-start=\"2180\" data-end=\"2201\">Vanuse kontrollimine:<\/strong> K\u00f5ik tellimused n\u00f5uavad <strong data-start=\"2221\" data-end=\"2241\">vanuse kontrollimine<\/strong> kohaletoimetamisel. FR Vape'ist aurustustoodete ostmiseks peate olema 21-aastane v\u00f5i vanem. Palun veenduge, et keegi \u00fcle 21-aastane on kohal, kes saab tarne allkirjastada.<\/p>\n<\/li>\n<\/ul>\n<hr data-start=\"2393\" data-end=\"2396\" \/>\n<h4 data-start=\"2398\" data-end=\"2431\"><strong data-start=\"2403\" data-end=\"2431\">Kaotatud v\u00f5i kahjustatud pakid<\/strong><\/h4>\n<ul data-start=\"2433\" data-end=\"2842\">\n<li data-start=\"2433\" data-end=\"2645\">\n<p data-start=\"2435\" data-end=\"2645\"><strong data-start=\"2435\" data-end=\"2453\">Kadunud pakid:<\/strong> Kui teie pakett on m\u00e4rgitud toimetatuks, kuid te ei ole seda k\u00e4tte saanud, v\u00f5tke palun viivitamatult \u00fchendust meie klienditoega aadressil <strong data-start=\"2570\" data-end=\"2592\"><a class=\"decorated-link cursor-pointer\" rel=\"noopener\" data-start=\"2572\" data-end=\"2590\">support@frvape.com<\/a><\/strong>. Me teeme probleemi lahendamiseks koost\u00f6\u00f6d lennuettev\u00f5tjaga.<\/p>\n<\/li>\n<li data-start=\"2649\" data-end=\"2842\">\n<p data-start=\"2651\" data-end=\"2842\"><strong data-start=\"2651\" data-end=\"2669\">Kahjustatud esemed:<\/strong> Kui saate kahjustatud toote, v\u00f5tke meiega \u00fchendust. <strong data-start=\"2726\" data-end=\"2736\">7 p\u00e4eva<\/strong> teie paki k\u00e4ttesaamisest. Lisage fotod kahjustustest ja me korraldame asendamise v\u00f5i raha tagasimaksmise.<\/p>\n<\/li>\n<\/ul>\n<hr data-start=\"2844\" data-end=\"2847\" \/>\n<h4 data-start=\"2849\" data-end=\"2877\"><strong data-start=\"2854\" data-end=\"2877\">Tagastamine ja \u00fcmbervahetamine<\/strong><\/h4>\n<p data-start=\"2879\" data-end=\"3002\">Palun vaadake meie <strong data-start=\"2899\" data-end=\"2927\">Tagastamise ja vahetamise poliitika<\/strong> teavet selle kohta, kuidas FR Vape'ilt ostetud tooteid tagastada v\u00f5i vahetada.<\/p>\t\t\t\t\t\t\t\t<\/div>\n\t\t\t\t\t<\/div>\n\t\t\t\t<\/div>\n\t\t\t\t<\/div>","protected":false},"excerpt":{"rendered":"<p>Shipping Policy At FR Vape, we are committed to delivering your vaping products quickly and securely. Please read our shipping policy for more details on how we handle shipping, delivery times, and more. Processing Time Order Processing: All orders are processed within 1\u20132 business days (Monday to Friday). Orders placed on weekends or public holidays [&#8230;]","protected":false},"author":1,"featured_media":0,"parent":0,"menu_order":0,"comment_status":"closed","ping_status":"closed","template":"","meta":{"footnotes":""},"class_list":["post-7167","page","type-page","status-publish","hentry"],"jetpack_sharing_enabled":true,"_links":{"self":[{"href":"https:\/\/frvape.com\/et\/wp-json\/wp\/v2\/pages\/7167","targetHints":{"allow":["GET"]}}],"collection":[{"href":"https:\/\/frvape.com\/et\/wp-json\/wp\/v2\/pages"}],"about":[{"href":"https:\/\/frvape.com\/et\/wp-json\/wp\/v2\/types\/page"}],"author":[{"embeddable":true,"href":"https:\/\/frvape.com\/et\/wp-json\/wp\/v2\/users\/1"}],"replies":[{"embeddable":true,"href":"https:\/\/frvape.com\/et\/wp-json\/wp\/v2\/comments?post=7167"}],"version-history":[{"count":4,"href":"https:\/\/frvape.com\/et\/wp-json\/wp\/v2\/pages\/7167\/revisions"}],"predecessor-version":[{"id":7171,"href":"https:\/\/frvape.com\/et\/wp-json\/wp\/v2\/pages\/7167\/revisions\/7171"}],"wp:attachment":[{"href":"https:\/\/frvape.com\/et\/wp-json\/wp\/v2\/media?parent=7167"}],"curies":[{"name":"wp","href":"https:\/\/api.w.org\/{rel}","templated":true}]}}