{"id":7184,"date":"2025-10-13T07:18:55","date_gmt":"2025-10-13T07:18:55","guid":{"rendered":"https:\/\/frvape.com\/?page_id=7184"},"modified":"2025-10-13T13:33:42","modified_gmt":"2025-10-13T13:33:42","slug":"tingimused","status":"publish","type":"page","link":"https:\/\/frvape.com\/et\/tingimused\/","title":{"rendered":"Terms &#038; Conditions"},"content":{"rendered":"<div data-elementor-type=\"wp-page\" data-elementor-id=\"7184\" class=\"elementor elementor-7184\">\n\t\t\t\t<div class=\"elementor-element elementor-element-34bbbe60 e-flex e-con-boxed e-con e-parent\" data-id=\"34bbbe60\" data-element_type=\"container\">\n\t\t\t\t\t<div class=\"e-con-inner\">\n\t\t\t\t<div class=\"elementor-element elementor-element-22ace100 elementor-widget elementor-widget-text-editor\" data-id=\"22ace100\" data-element_type=\"widget\" data-widget_type=\"text-editor.default\">\n\t\t\t\t\t\t\t\t\t\t\t\t\t\t\t\t\t<\/div>\n\t\t\t\t\t<\/div>\n\t\t\t\t<\/div>\n\t\t<div class=\"elementor-element elementor-element-c8b4cc4 e-flex e-con-boxed e-con e-parent\" data-id=\"c8b4cc4\" data-element_type=\"container\">\n\t\t\t\t\t<div class=\"e-con-inner\">\n\t\t\t\t<div class=\"elementor-element elementor-element-b1d3a85 elementor-widget elementor-widget-text-editor\" data-id=\"b1d3a85\" data-element_type=\"widget\" data-widget_type=\"text-editor.default\">\n\t\t\t\t\t\t\t\t\t<h3 data-start=\"85\" data-end=\"111\"><strong data-start=\"89\" data-end=\"111\">Tingimused<\/strong><\/h3>\n<p data-start=\"113\" data-end=\"411\">Tere tulemast <strong data-start=\"124\" data-end=\"135\">FR Vape<\/strong>! Need tingimused (\"Tingimused\") reguleerivad meie veebisaidi kasutamist ja toodete ostmist FR Vape'ilt. Meie veebisaidile sisenedes v\u00f5i seda kasutades n\u00f5ustute j\u00e4rgima ja j\u00e4rgima neid tingimusi. Palun lugege neid hoolikalt l\u00e4bi enne ostude sooritamist v\u00f5i meie veebisaidi kasutamist.<\/p>\n<hr data-start=\"413\" data-end=\"416\" \/>\n<h4 data-start=\"418\" data-end=\"449\"><strong data-start=\"423\" data-end=\"449\">1. Tingimuste vastuv\u00f5tmine<\/strong><\/h4>\n<p data-start=\"451\" data-end=\"651\">Kasutades <strong data-start=\"460\" data-end=\"474\">frvape.com<\/strong>n\u00f5ustute k\u00e4esolevate tingimustega, mis kujutavad endast siduvat kokkulepet teie ja FR Vape vahel. Kui te ei n\u00f5ustu nende tingimustega, siis palun hoiduge meie veebisaidi kasutamisest.<\/p>\n<hr data-start=\"653\" data-end=\"656\" \/>\n<h4 data-start=\"658\" data-end=\"685\"><strong data-start=\"663\" data-end=\"685\">2. Vanuse n\u00f5ue<\/strong><\/h4>\n<p data-start=\"687\" data-end=\"1013\">Te peate olema v\u00e4hemalt <strong data-start=\"708\" data-end=\"724\">21 aastat vana<\/strong> osta FR Vape'i aurustustooted. Seda saiti kasutades kinnitate, et olete oma jurisdiktsioonis t\u00e4isealine, et osta ja kasutada aurustustooteid. Me j\u00e4tame endale \u00f5iguse kontrollida teie vanust igal ajal ja keelduda teenuse osutamisest k\u00f5igile, kes ei vasta seaduslikele vanusepiirangutele.<\/p>\n<hr data-start=\"1015\" data-end=\"1018\" \/>\n<h4 data-start=\"1020\" data-end=\"1068\"><strong data-start=\"1025\" data-end=\"1068\">3. Toote teave ja k\u00e4ttesaadavus<\/strong><\/h4>\n<ul data-start=\"1070\" data-end=\"1642\">\n<li data-start=\"1070\" data-end=\"1297\">\n<p data-start=\"1072\" data-end=\"1297\"><strong data-start=\"1072\" data-end=\"1097\">Toote kirjeldused:<\/strong> Me teeme k\u00f5ik endast oleneva, et kirjeldada tooteid meie veebisaidil t\u00e4pselt. Siiski ei garanteeri me, et kogu teave, sealhulgas hinnad, saadavus ja kirjeldused, on t\u00e4psed v\u00f5i t\u00e4ielikud.<\/p>\n<\/li>\n<li data-start=\"1298\" data-end=\"1466\">\n<p data-start=\"1300\" data-end=\"1466\"><strong data-start=\"1300\" data-end=\"1317\">K\u00e4ttesaadavus:<\/strong> K\u00f5ik tooted on saadaval vastavalt saadavusele. Me j\u00e4tame endale \u00f5iguse muuta, l\u00f5petada v\u00f5i piirata toodete koguseid igal ajal ilma eelneva etteteatamiseta.<\/p>\n<\/li>\n<li data-start=\"1467\" data-end=\"1642\">\n<p data-start=\"1469\" data-end=\"1642\"><strong data-start=\"1469\" data-end=\"1481\">Hinnakujundus:<\/strong> Hinnad on esitatud USA dollarites ja v\u00f5ivad muutuda ilma eelneva etteteatamiseta. K\u00f5ik hinnamuutused kajastuvad toote lehek\u00fcljel ostu ajal.<\/p>\n<\/li>\n<\/ul>\n<hr data-start=\"1644\" data-end=\"1647\" \/>\n<h4 data-start=\"1649\" data-end=\"1679\"><strong data-start=\"1654\" data-end=\"1679\">4. Tellimused ja maksmine<\/strong><\/h4>\n<ul data-start=\"1681\" data-end=\"2301\">\n<li data-start=\"1681\" data-end=\"1941\">\n<p data-start=\"1683\" data-end=\"1941\"><strong data-start=\"1683\" data-end=\"1704\">Tellimuse vastuv\u00f5tmine:<\/strong> FR Vape kaudu tellimuse esitades teete pakkumise toodete ostmiseks. Me j\u00e4tame endale \u00f5iguse keelduda v\u00f5i t\u00fchistada mis tahes tellimuse mis tahes p\u00f5hjusel, sealhulgas makset\u00f6\u00f6tluse, toodete k\u00e4ttesaadavuse v\u00f5i pettusekahtlusega seotud probleemide korral.<\/p>\n<\/li>\n<li data-start=\"1942\" data-end=\"2130\">\n<p data-start=\"1944\" data-end=\"2130\"><strong data-start=\"1944\" data-end=\"1956\">Maksmine:<\/strong> Me aktsepteerime erinevaid makseviise, sealhulgas krediit- v\u00f5i deebetkaarte, PayPali ja muid v\u00f5imalusi, mis on loetletud kassas. Maksed tuleb teha t\u00e4ies mahus ostu ajal.<\/p>\n<\/li>\n<li data-start=\"2131\" data-end=\"2301\">\n<p data-start=\"2133\" data-end=\"2301\"><strong data-start=\"2133\" data-end=\"2156\">Tellimuse kinnitus:<\/strong> P\u00e4rast tellimuse esitamist saate tellimuse kinnituse e-kirja. See ei ole teie tellimuse vastuv\u00f5tmine, vaid k\u00e4ttesaamise kinnitus.<\/p>\n<\/li>\n<\/ul>\n<hr data-start=\"2303\" data-end=\"2306\" \/>\n<h4 data-start=\"2308\" data-end=\"2341\"><strong data-start=\"2313\" data-end=\"2341\">5. Kohaletoimetamine ja kohaletoimetamine<\/strong><\/h4>\n<ul data-start=\"2343\" data-end=\"2870\">\n<li data-start=\"2343\" data-end=\"2476\">\n<p data-start=\"2345\" data-end=\"2476\"><strong data-start=\"2345\" data-end=\"2364\">Veokulud:<\/strong> Kohaletoimetamise kulud arvutatakse kassas teie tarneaadressi ja valitud tarneviisi alusel.<\/p>\n<\/li>\n<li data-start=\"2477\" data-end=\"2630\">\n<p data-start=\"2479\" data-end=\"2630\"><strong data-start=\"2479\" data-end=\"2497\">Saatmise aeg:<\/strong> Tarneaeg on hinnanguline ja v\u00f5ib erineda. Me ei vastuta viivituste eest, mida p\u00f5hjustavad vedajad v\u00f5i asjaolud, mis ei ole meie kontrolli all.<\/p>\n<\/li>\n<li data-start=\"2631\" data-end=\"2736\">\n<p data-start=\"2633\" data-end=\"2736\"><strong data-start=\"2633\" data-end=\"2652\">Tellimuse j\u00e4lgimine:<\/strong> Kui teie tellimus saadetakse, saate saatmise j\u00e4lgimisnumbri, et j\u00e4lgida oma saadetist.<\/p>\n<\/li>\n<li data-start=\"2737\" data-end=\"2870\">\n<p data-start=\"2739\" data-end=\"2870\"><strong data-start=\"2739\" data-end=\"2766\">Rahvusvaheline saatmine:<\/strong> Pakume rahvusvahelist kohaletoimetamist, kuid tarneajad ja saatmiskulud v\u00f5ivad s\u00f5ltuvalt teie asukohast erineda.<\/p>\n<\/li>\n<\/ul>\n<hr data-start=\"2872\" data-end=\"2875\" \/>\n<h4 data-start=\"2877\" data-end=\"2908\"><strong data-start=\"2882\" data-end=\"2908\">6. Tagastused ja tagasimaksed<\/strong><\/h4>\n<ul data-start=\"2910\" data-end=\"3249\">\n<li data-start=\"2910\" data-end=\"3073\">\n<p data-start=\"2912\" data-end=\"3073\"><strong data-start=\"2912\" data-end=\"2930\">Tagastamispoliitika:<\/strong> Meie <strong data-start=\"2935\" data-end=\"2952\">Tagastamispoliitika<\/strong> kirjeldab tingimusi, mille alusel v\u00f5ite tooteid tagastada ja raha tagasi taotleda. Palun tutvuge sellega, et saada rohkem teavet.<\/p>\n<\/li>\n<li data-start=\"3074\" data-end=\"3249\">\n<p data-start=\"3076\" data-end=\"3249\"><strong data-start=\"3076\" data-end=\"3107\">Kahjustatud v\u00f5i defektsed esemed:<\/strong> Kui teie toode on saabumisel kahjustatud v\u00f5i defektne, v\u00f5tke meiega viivitamatult \u00fchendust ja me lahendame probleemi meie poolt. <strong data-start=\"3231\" data-end=\"3248\">Tagastamispoliitika<\/strong>.<\/p>\n<\/li>\n<\/ul>\n<hr data-start=\"3251\" data-end=\"3254\" \/>\n<h4 data-start=\"3256\" data-end=\"3282\"><strong data-start=\"3261\" data-end=\"3282\">7. Keelatud kasutamine<\/strong><\/h4>\n<p data-start=\"3284\" data-end=\"3512\">Te n\u00f5ustute, et te ei kasuta FR Vape veebisaiti ebaseaduslikul eesm\u00e4rgil v\u00f5i viisil, mis v\u00f5ib kahjustada, blokeerida v\u00f5i kahjustada veebisaiti v\u00f5i h\u00e4irida mis tahes muu osapoole veebisaidi kasutamist ja nautimist. Eelk\u00f5ige n\u00f5ustute, et te ei tohi:<\/p>\n<ul data-start=\"3514\" data-end=\"3785\">\n<li data-start=\"3514\" data-end=\"3589\">\n<p data-start=\"3516\" data-end=\"3589\">kasutada veebisaiti pettuse eesm\u00e4rgil v\u00f5i ebaseaduslikuks tegevuseks.<\/p>\n<\/li>\n<li data-start=\"3590\" data-end=\"3672\">\n<p data-start=\"3592\" data-end=\"3672\">postitada v\u00f5i edastada sisu, mis on kahjulik, solvav v\u00f5i muul viisil taunitav.<\/p>\n<\/li>\n<li data-start=\"3673\" data-end=\"3785\">\n<p data-start=\"3675\" data-end=\"3785\">P\u00fc\u00fcda h\u00e4kkimise, paroolide hankimise v\u00f5i muude vahendite abil saada volitamata juurdep\u00e4\u00e4su mis tahes s\u00fcsteemile v\u00f5i kontole.<\/p>\n<\/li>\n<\/ul>\n<hr data-start=\"3787\" data-end=\"3790\" \/>\n<h4 data-start=\"3792\" data-end=\"3825\"><strong data-start=\"3797\" data-end=\"3825\">8. Intellektuaalne omand<\/strong><\/h4>\n<p data-start=\"3827\" data-end=\"4079\">Kogu FR Vape'i veebisaidi sisu, sealhulgas logod, pildid, tekst ja graafika, on FR Vape'i omand ja on kaitstud autori\u00f5iguse seadustega. Te ei tohi meie veebisaidi sisu reprodutseerida, muuta ega levitada ilma meie eelneva kirjaliku n\u00f5usolekuta.<\/p>\n<hr data-start=\"4081\" data-end=\"4084\" \/>\n<h4 data-start=\"4086\" data-end=\"4121\"><strong data-start=\"4091\" data-end=\"4121\">9. Vastutuse piiramine<\/strong><\/h4>\n<p data-start=\"4123\" data-end=\"4359\">FR Vape ei vastuta mis tahes kaudsete, juhuslike v\u00f5i kaudsete kahjude eest, mis tulenevad veebisaidi kasutamisest v\u00f5i meie veebisaidilt toodete ostmisest. Meie vastutus piirdub k\u00f5nealuste toodete eest makstud summaga.<\/p>\n<hr data-start=\"4361\" data-end=\"4364\" \/>\n<h4 data-start=\"4366\" data-end=\"4394\"><strong data-start=\"4371\" data-end=\"4394\">10. H\u00fcvitamine<\/strong><\/h4>\n<p data-start=\"4396\" data-end=\"4618\">Te n\u00f5ustute h\u00fcvitama ja hoidma FR Vape'i, selle sidusettev\u00f5tteid, ametnikke ja t\u00f6\u00f6tajaid kahjutuks mis tahes n\u00f5uete, kahjude, kohustuste v\u00f5i kulude eest, mis tulenevad veebisaidi kasutamisest v\u00f5i k\u00e4esolevate tingimuste rikkumisest.<\/p>\n<hr data-start=\"4620\" data-end=\"4623\" \/>\n<h4 data-start=\"4625\" data-end=\"4652\"><strong data-start=\"4630\" data-end=\"4652\">11. Privaatsuspoliitika<\/strong><\/h4>\n<p data-start=\"4654\" data-end=\"4854\">Teie veebilehe kasutamine on reguleeritud meie <strong data-start=\"4697\" data-end=\"4715\">Privaatsuspoliitika<\/strong>, mis on leitav [siin]. FR Vape'i kasutades n\u00f5ustute oma andmete kogumise ja kasutamisega vastavalt meie privaatsuspoliitikale.<\/p>\n<hr data-start=\"4856\" data-end=\"4859\" \/>\n<h4 data-start=\"4861\" data-end=\"4890\"><strong data-start=\"4866\" data-end=\"4890\">12. Tingimuste muutmine<\/strong><\/h4>\n<p data-start=\"4892\" data-end=\"5146\">Me j\u00e4tame endale \u00f5iguse muuta v\u00f5i ajakohastada neid tingimusi igal ajal ilma eelneva etteteatamiseta. K\u00f5ik muudatused avaldatakse sellel lehek\u00fcljel ja uued tingimused j\u00f5ustuvad kohe p\u00e4rast nende avaldamist. Soovitame teil need Tingimused regulaarselt \u00fcle vaadata.<\/p>\n<hr data-start=\"5148\" data-end=\"5151\" \/>\n<h4 data-start=\"5153\" data-end=\"5179\"><strong data-start=\"5158\" data-end=\"5179\">13. Kohaldatav \u00f5igus<\/strong><\/h4>\n<p data-start=\"5181\" data-end=\"5392\">K\u00e4esolevate tingimuste suhtes kohaldatakse Ameerika \u00dchendriikide ja [Sisesta osariik] seadusi. K\u00f5ik k\u00e4esolevatest tingimustest tulenevad vaidlused lahendatakse asjakohastes kohtutes, mis asuvad .<\/p>\t\t\t\t\t\t\t\t<\/div>\n\t\t\t\t\t<\/div>\n\t\t\t\t<\/div>\n\t\t\t\t<\/div>","protected":false},"excerpt":{"rendered":"<p>Terms &amp; Conditions Welcome to FR Vape! These Terms &amp; Conditions (&#8220;Terms&#8221;) govern your use of our website and the purchase of products from FR Vape. By accessing or using our website, you agree to comply with and be bound by these Terms. Please read them carefully before making any purchases or using our website. [&#8230;]","protected":false},"author":1,"featured_media":0,"parent":0,"menu_order":0,"comment_status":"closed","ping_status":"closed","template":"","meta":{"footnotes":""},"class_list":["post-7184","page","type-page","status-publish","hentry"],"jetpack_sharing_enabled":true,"_links":{"self":[{"href":"https:\/\/frvape.com\/et\/wp-json\/wp\/v2\/pages\/7184","targetHints":{"allow":["GET"]}}],"collection":[{"href":"https:\/\/frvape.com\/et\/wp-json\/wp\/v2\/pages"}],"about":[{"href":"https:\/\/frvape.com\/et\/wp-json\/wp\/v2\/types\/page"}],"author":[{"embeddable":true,"href":"https:\/\/frvape.com\/et\/wp-json\/wp\/v2\/users\/1"}],"replies":[{"embeddable":true,"href":"https:\/\/frvape.com\/et\/wp-json\/wp\/v2\/comments?post=7184"}],"version-history":[{"count":7,"href":"https:\/\/frvape.com\/et\/wp-json\/wp\/v2\/pages\/7184\/revisions"}],"predecessor-version":[{"id":7191,"href":"https:\/\/frvape.com\/et\/wp-json\/wp\/v2\/pages\/7184\/revisions\/7191"}],"wp:attachment":[{"href":"https:\/\/frvape.com\/et\/wp-json\/wp\/v2\/media?parent=7184"}],"curies":[{"name":"wp","href":"https:\/\/api.w.org\/{rel}","templated":true}]}}