{"id":7192,"date":"2025-10-13T07:24:22","date_gmt":"2025-10-13T07:24:22","guid":{"rendered":"https:\/\/frvape.com\/?page_id=7192"},"modified":"2025-10-13T07:26:23","modified_gmt":"2025-10-13T07:26:23","slug":"privaatsuspoliitika","status":"publish","type":"page","link":"https:\/\/frvape.com\/et\/privaatsuspoliitika\/","title":{"rendered":"Privaatsuspoliitika"},"content":{"rendered":"<div data-elementor-type=\"wp-page\" data-elementor-id=\"7192\" class=\"elementor elementor-7192\">\n\t\t\t\t<div class=\"elementor-element elementor-element-67c4d8f e-flex e-con-boxed e-con e-parent\" data-id=\"67c4d8f\" data-element_type=\"container\">\n\t\t\t\t\t<div class=\"e-con-inner\">\n\t\t\t\t<div class=\"elementor-element elementor-element-3f772469 elementor-widget elementor-widget-text-editor\" data-id=\"3f772469\" data-element_type=\"widget\" data-widget_type=\"text-editor.default\">\n\t\t\t\t\t\t\t\t\t\t\t\t\t\t\t\t\t<\/div>\n\t\t\t\t\t<\/div>\n\t\t\t\t<\/div>\n\t\t<div class=\"elementor-element elementor-element-0da027a e-flex e-con-boxed e-con e-parent\" data-id=\"0da027a\" data-element_type=\"container\">\n\t\t\t\t\t<div class=\"e-con-inner\">\n\t\t\t\t<div class=\"elementor-element elementor-element-db2b48d elementor-widget elementor-widget-text-editor\" data-id=\"db2b48d\" data-element_type=\"widget\" data-widget_type=\"text-editor.default\">\n\t\t\t\t\t\t\t\t\t<h3 data-start=\"76\" data-end=\"98\"><strong data-start=\"80\" data-end=\"98\">Privaatsuspoliitika<\/strong><\/h3>\n<p data-start=\"100\" data-end=\"328\">Veebilehel <strong data-start=\"103\" data-end=\"114\">FR Vape<\/strong>, teie privaatsus on meile oluline. K\u00e4esolevas privaatsuspoliitikas kirjeldatakse teavet, mida me kogume, kuidas me seda kasutame ja kuidas me teie isikuandmeid kaitseme. Kasutades meie veebisaiti, n\u00f5ustute k\u00e4esoleva privaatsuspoliitika tingimustega.<\/p>\n<hr data-start=\"330\" data-end=\"333\" \/>\n<h4 data-start=\"335\" data-end=\"369\"><strong data-start=\"340\" data-end=\"369\">1. Kogutud teave<\/strong><\/h4>\n<p data-start=\"371\" data-end=\"447\">Me kogume mitut liiki teavet, et pakkuda ja parandada oma teenuseid:<\/p>\n<ul data-start=\"449\" data-end=\"1127\">\n<li data-start=\"449\" data-end=\"642\">\n<p data-start=\"451\" data-end=\"642\"><strong data-start=\"451\" data-end=\"476\">Isikuandmed:<\/strong> Kui teete ostu v\u00f5i loote konto, kogume isikuandmeid, n\u00e4iteks teie nime, e-posti aadressi, tarneaadressi, telefoninumbrit ja makseteavet.<\/p>\n<\/li>\n<li data-start=\"646\" data-end=\"882\">\n<p data-start=\"648\" data-end=\"882\"><strong data-start=\"648\" data-end=\"677\">Mitte-isiklik teave:<\/strong> V\u00f5ime koguda mitte-isikuandmeid, nagu teie IP-aadress, brauseri t\u00fc\u00fcp, operatsioonis\u00fcsteem, k\u00fclastatud lehek\u00fcljed ja meie veebisaidil veedetud aeg. See aitab meil anal\u00fc\u00fcsida suundumusi ja parandada kasutajakogemust.<\/p>\n<\/li>\n<li data-start=\"884\" data-end=\"1127\">\n<p data-start=\"886\" data-end=\"1127\"><strong data-start=\"886\" data-end=\"898\">K\u00fcpsised:<\/strong> Me kasutame k\u00fcpsiseid, et parandada teie ostukogemust ja koguda anon\u00fc\u00fcmseid andmeid selle kohta, kuidas k\u00fclastajad meie veebilehte kasutavad. Saate k\u00fcpsiste seadeid kontrollida oma veebilehitseja kaudu, kuid m\u00f5ned saidi funktsioonid ei pruugi t\u00f6\u00f6tada, kui k\u00fcpsised on keelatud.<\/p>\n<\/li>\n<\/ul>\n<hr data-start=\"1129\" data-end=\"1132\" \/>\n<h4 data-start=\"1134\" data-end=\"1173\"><strong data-start=\"1139\" data-end=\"1173\">2. Kuidas me teie andmeid kasutame<\/strong><\/h4>\n<p data-start=\"1175\" data-end=\"1231\">Me kasutame kogutud teavet j\u00e4rgmistel viisidel:<\/p>\n<ul data-start=\"1233\" data-end=\"1879\">\n<li data-start=\"1233\" data-end=\"1378\">\n<p data-start=\"1235\" data-end=\"1378\"><strong data-start=\"1235\" data-end=\"1257\">Tellimuste t\u00f6\u00f6tlemiseks:<\/strong> Teie isikuandmeid kasutatakse teie tellimuste t\u00f6\u00f6tlemiseks ja t\u00e4itmiseks, sealhulgas arveldamiseks, saatmiseks ja klienditeeninduseks.<\/p>\n<\/li>\n<li data-start=\"1380\" data-end=\"1515\">\n<p data-start=\"1382\" data-end=\"1515\"><strong data-start=\"1382\" data-end=\"1410\">Meie teenuste parandamiseks:<\/strong> Me anal\u00fc\u00fcsime teie veebilehe kasutamist, et m\u00f5ista teie eelistusi ning parandada meie tooteid ja teenuseid.<\/p>\n<\/li>\n<li data-start=\"1517\" data-end=\"1740\">\n<p data-start=\"1519\" data-end=\"1740\"><strong data-start=\"1519\" data-end=\"1547\">Sinuga suhtlemiseks:<\/strong> V\u00f5ime saata teile uuendusi teie tellimuste, sooduspakkumiste ja muu olulise teabe kohta. V\u00f5ite igal ajal turunduss\u00f5numitest loobuda, kl\u00f5psates e-kirjas oleval lingil \"tellimuse t\u00fchistamine\".<\/p>\n<\/li>\n<li data-start=\"1742\" data-end=\"1879\">\n<p data-start=\"1744\" data-end=\"1879\"><strong data-start=\"1744\" data-end=\"1765\">Pettuste v\u00e4ltimiseks:<\/strong> Me v\u00f5ime kasutada teie andmeid, et tuvastada ja ennetada pettustehinguid ning tagada meie veebisaidi turvalisus.<\/p>\n<\/li>\n<\/ul>\n<hr data-start=\"1881\" data-end=\"1884\" \/>\n<h4 data-start=\"1886\" data-end=\"1913\"><strong data-start=\"1891\" data-end=\"1913\">3. Andmekaitse<\/strong><\/h4>\n<p data-start=\"1915\" data-end=\"2269\">Me v\u00f5tame teie isikuandmete turvalisust t\u00f5siselt. Rakendame asjakohaseid tehnilisi ja korralduslikke meetmeid, et kaitsta teie andmeid volitamata juurdep\u00e4\u00e4su, muutmise v\u00f5i avalikustamise eest. Pange siiski t\u00e4hele, et \u00fckski Interneti-\u00fclekande v\u00f5i elektroonilise salvestamise meetod ei ole t\u00e4iesti turvaline ja me ei saa tagada absoluutset turvalisust.<\/p>\n<hr data-start=\"2271\" data-end=\"2274\" \/>\n<h4 data-start=\"2276\" data-end=\"2312\"><strong data-start=\"2281\" data-end=\"2312\">4. Teie teabe jagamine<\/strong><\/h4>\n<p data-start=\"2314\" data-end=\"2452\">Me ei m\u00fc\u00fc, rendi ega vaheta teie isikuandmeid kolmandatele isikutele. Siiski v\u00f5ime teie andmeid jagada j\u00e4rgmistel juhtudel:<\/p>\n<ul data-start=\"2454\" data-end=\"3176\">\n<li data-start=\"2454\" data-end=\"2783\">\n<p data-start=\"2456\" data-end=\"2783\"><strong data-start=\"2456\" data-end=\"2478\">Teenusepakkujad:<\/strong> Me v\u00f5ime jagada teie andmeid usaldusv\u00e4\u00e4rsete kolmandate osapoolte teenusepakkujatega, kes aitavad meid maksete t\u00f6\u00f6tlemisel, tellimuste t\u00e4itmisel, toodete tarnimisel ja saidi kasutamise anal\u00fc\u00fcsimisel. Need teenusepakkujad on kohustatud hoidma teie andmeid konfidentsiaalsena ja kasutama neid ainult meie poolt lubatud eesm\u00e4rkidel.<\/p>\n<\/li>\n<li data-start=\"2787\" data-end=\"2958\">\n<p data-start=\"2789\" data-end=\"2958\"><strong data-start=\"2789\" data-end=\"2812\">\u00d5iguslikud n\u00f5uded:<\/strong> Me v\u00f5ime avaldada teie isikuandmeid, kui seadus seda n\u00f5uab v\u00f5i kui see on vajalik vastuseks \u00f5igusp\u00e4rasele \u00f5iguslikule taotlusele (n\u00e4iteks kohtukutse v\u00f5i kohtum\u00e4\u00e4rus).<\/p>\n<\/li>\n<li data-start=\"2960\" data-end=\"3176\">\n<p data-start=\"2962\" data-end=\"3176\"><strong data-start=\"2962\" data-end=\"2985\">Ettev\u00f5tte \u00fcleminekud:<\/strong> \u00dchinemise, omandamise v\u00f5i varade m\u00fc\u00fcgi korral v\u00f5idakse teie isikuandmed tehingu raames edastada. Kui see juhtub, teavitame teid sellest ja kirjeldame teie v\u00f5imalusi.<\/p>\n<\/li>\n<\/ul>\n<hr data-start=\"3178\" data-end=\"3181\" \/>\n<h4 data-start=\"3183\" data-end=\"3218\"><strong data-start=\"3188\" data-end=\"3218\">5. Teie \u00f5igused ja valikud<\/strong><\/h4>\n<p data-start=\"3220\" data-end=\"3286\">Teil on j\u00e4rgmised \u00f5igused seoses teie isikuandmetega:<\/p>\n<ul data-start=\"3288\" data-end=\"3988\">\n<li data-start=\"3288\" data-end=\"3371\">\n<p data-start=\"3290\" data-end=\"3371\"><strong data-start=\"3290\" data-end=\"3301\">Juurdep\u00e4\u00e4s:<\/strong> V\u00f5ite taotleda juurdep\u00e4\u00e4su teie kohta k\u00e4ivatele isikuandmetele.<\/p>\n<\/li>\n<li data-start=\"3375\" data-end=\"3484\">\n<p data-start=\"3377\" data-end=\"3484\"><strong data-start=\"3377\" data-end=\"3392\">Parandus:<\/strong> Kui teie andmed on eba\u00f5iged v\u00f5i vananenud, v\u00f5ite taotleda, et me neid ajakohastaksime v\u00f5i parandaksime.<\/p>\n<\/li>\n<li data-start=\"3486\" data-end=\"3665\">\n<p data-start=\"3488\" data-end=\"3665\"><strong data-start=\"3488\" data-end=\"3501\">Kustutamine:<\/strong> Te v\u00f5ite n\u00f5uda, et me kustutaksime teie isikuandmed, kui teatavad erandid ei ole t\u00e4idetud (n\u00e4iteks kui me peame neid s\u00e4ilitama \u00f5iguslikel v\u00f5i raamatupidamislikel eesm\u00e4rkidel).<\/p>\n<\/li>\n<li data-start=\"3667\" data-end=\"3808\">\n<p data-start=\"3669\" data-end=\"3808\"><strong data-start=\"3669\" data-end=\"3681\">Loobumine:<\/strong> V\u00f5ite loobuda reklaammeilide saamisest, kl\u00f5psates \"loobuda tellimusest\" lingile igas meilt saadud turunduss\u00f5numis.<\/p>\n<\/li>\n<li data-start=\"3810\" data-end=\"3988\">\n<p data-start=\"3812\" data-end=\"3988\"><strong data-start=\"3812\" data-end=\"3829\">\u00c4ra j\u00e4lgi:<\/strong> M\u00f5nedel veebilehitsejatel on funktsioon \"\u00c4ra j\u00e4lgi\", mis v\u00f5imaldab teil loobuda veebisaitide j\u00e4lgimisest. Praegu me ei reageeri \"\u00c4ra j\u00e4lgi\" signaalidele.<\/p>\n<\/li>\n<\/ul>\n<p data-start=\"3990\" data-end=\"4067\">Nende \u00f5iguste kasutamiseks v\u00f5tke meiega \u00fchendust aadressil <strong data-start=\"4044\" data-end=\"4066\"><a class=\"decorated-link cursor-pointer\" rel=\"noopener\" data-start=\"4046\" data-end=\"4064\">support@frvape.com<\/a><\/strong>.<\/p>\n<hr data-start=\"4069\" data-end=\"4072\" \/>\n<h4 data-start=\"4074\" data-end=\"4104\"><strong data-start=\"4079\" data-end=\"4104\">6. Laste eraelu puutumatus<\/strong><\/h4>\n<p data-start=\"4106\" data-end=\"4353\">Meie veebisait ei ole m\u00f5eldud alla 21-aastastele lastele ja me ei kogu teadlikult laste isikuandmeid. Kui me saame teada, et oleme kogunud isikuandmeid alla 21-aastaselt lapselt, kustutame need niipea kui v\u00f5imalik.<\/p>\n<hr data-start=\"4355\" data-end=\"4358\" \/>\n<h4 data-start=\"4360\" data-end=\"4389\"><strong data-start=\"4365\" data-end=\"4389\">7. Kolmandate osapoolte lingid<\/strong><\/h4>\n<p data-start=\"4391\" data-end=\"4636\">Meie veebisait v\u00f5ib sisaldada linke kolmandate isikute veebisaitidele, teenustele v\u00f5i toodetele. Me ei vastuta nende kolmandate osapoolte privaatsustavade eest ja soovitame teil enne isikuandmete edastamist lugeda nende privaatsuspoliitikat.<\/p>\n<hr data-start=\"4638\" data-end=\"4641\" \/>\n<h4 data-start=\"4643\" data-end=\"4685\"><strong data-start=\"4648\" data-end=\"4685\">8. Muudatused k\u00e4esolevasse privaatsuspoliitikasse<\/strong><\/h4>\n<p data-start=\"4687\" data-end=\"4933\">Me v\u00f5ime seda privaatsuspoliitikat aeg-ajalt ajakohastada. Kui teeme muudatusi, uuendame selle lehe \u00fclaosas olevat kuup\u00e4eva \"Viimati uuendatud\". Soovitame teil seda poliitikat regulaarselt l\u00e4bi vaadata, et olla kursis sellega, kuidas me teie andmeid kaitseme.<\/p>\n<hr data-start=\"4935\" data-end=\"4938\" \/>\n<h4 data-start=\"4940\" data-end=\"4962\"><strong data-start=\"4945\" data-end=\"4962\">9. V\u00f5tke meiega \u00fchendust<\/strong><\/h4>\n<p data-start=\"4964\" data-end=\"5047\">Kui teil on k\u00e4esoleva privaatsuspoliitika kohta k\u00fcsimusi v\u00f5i muresid, v\u00f5tke meiega \u00fchendust:<\/p>\n<ul data-start=\"5049\" data-end=\"5153\">\n<li data-start=\"5083\" data-end=\"5112\">\n<p data-start=\"5085\" data-end=\"5112\"><strong data-start=\"5085\" data-end=\"5095\">Telefon:<\/strong> +86 133 6063 1532<\/p>\n<\/li>\n<li data-start=\"5113\" data-end=\"5153\">\n<p data-start=\"5115\" data-end=\"5153\"><strong data-start=\"5115\" data-end=\"5127\">Aadress:<\/strong><span style=\"color: #333333; font-size: 14.4px;\">Ruum 312, nr 23, Wusha Xinle Road, Chang'an Town, Dongguan<\/span><\/p>\n<\/li>\n<\/ul>\t\t\t\t\t\t\t\t<\/div>\n\t\t\t\t\t<\/div>\n\t\t\t\t<\/div>\n\t\t\t\t<\/div>","protected":false},"excerpt":{"rendered":"<p>Privacy Policy At FR Vape, your privacy is important to us. This Privacy Policy outlines the information we collect, how we use it, and how we protect your personal data. By using our website, you agree to the terms of this Privacy Policy. 1. Information We Collect We collect several types of information to provide [&#8230;]","protected":false},"author":1,"featured_media":0,"parent":0,"menu_order":0,"comment_status":"closed","ping_status":"closed","template":"","meta":{"footnotes":""},"class_list":["post-7192","page","type-page","status-publish","hentry"],"jetpack_sharing_enabled":true,"_links":{"self":[{"href":"https:\/\/frvape.com\/et\/wp-json\/wp\/v2\/pages\/7192","targetHints":{"allow":["GET"]}}],"collection":[{"href":"https:\/\/frvape.com\/et\/wp-json\/wp\/v2\/pages"}],"about":[{"href":"https:\/\/frvape.com\/et\/wp-json\/wp\/v2\/types\/page"}],"author":[{"embeddable":true,"href":"https:\/\/frvape.com\/et\/wp-json\/wp\/v2\/users\/1"}],"replies":[{"embeddable":true,"href":"https:\/\/frvape.com\/et\/wp-json\/wp\/v2\/comments?post=7192"}],"version-history":[{"count":4,"href":"https:\/\/frvape.com\/et\/wp-json\/wp\/v2\/pages\/7192\/revisions"}],"predecessor-version":[{"id":7203,"href":"https:\/\/frvape.com\/et\/wp-json\/wp\/v2\/pages\/7192\/revisions\/7203"}],"wp:attachment":[{"href":"https:\/\/frvape.com\/et\/wp-json\/wp\/v2\/media?parent=7192"}],"curies":[{"name":"wp","href":"https:\/\/api.w.org\/{rel}","templated":true}]}}