{"id":10062,"date":"2025-10-31T16:41:03","date_gmt":"2025-10-31T16:41:03","guid":{"rendered":"https:\/\/frvape.com\/product\/aivono-aim-aipod-30000-puffs-disposable-vape-with-dual-mesh-coil\/"},"modified":"2025-11-03T02:41:23","modified_gmt":"2025-11-03T02:41:23","slug":"aivono-aim-aipod-30000-puffs-uhekordselt-kasutatav-vape-dual-mesh-coiliga","status":"publish","type":"product","link":"https:\/\/frvape.com\/et\/product\/aivono-aim-aipod-30000-puffs-uhekordselt-kasutatav-vape-dual-mesh-coiliga\/","title":{"rendered":"Aivono AIM AIPOD 30000 Puffs \u00fchekordselt kasutatav Vape Dual Mesh Coiliga"},"content":{"rendered":"<p>The <strong>Aivono AIM AIPOD 30000 Puffid<\/strong> \u00fchendab endas kaasaskantavuse, j\u00f5udluse ja esmaklassilise maitse kompaktses, \u00fchekordselt kasutatavas pakendis. See seade on ideaalne mugavust ja rahulolu otsivatele aurajatele, selle m\u00f5\u00f5tmed on \u03a631 \u00d7 96 mm ja sisaldab l\u00e4bipaistvat paaki, mis v\u00f5imaldab h\u00f5lpsasti j\u00e4lgida e-vedelikku.<\/p>\n<h3>Peamised spetsifikatsioonid<\/h3>\n<p>Tarnitakse kuni <strong>30,000 puffid<\/strong>, AIM AIPOD on uhke topeltv\u00f5rgustiku tehnoloogia 1,0\u03a9 juures, mis tagab sujuva aurustamise. Sellel on sisseehitatud <strong>200mAh aku<\/strong> ja <strong>reguleeritav \u00f5huvool<\/strong> kohandatavaks joonistamiseks, alates MTL-ist kuni DTL-ini. Koos <strong>15ml eelt\u00e4idetud e-vedeliku mahutavus<\/strong>, see sobib erinevatele nikotiinieelistustele. Saadaval on j\u00e4rgmised nikotiini tugevused <strong>0%\/2%\/3%\/5%<\/strong>, mis on m\u00f5eldud nii nikotiinivaba kui ka t\u00e4isv\u00e4\u00e4rtusliku aurustamise jaoks. Pakendi \u00fcksikasjad: V\u00e4ikese karbi suurus (43 \u00d7 35 \u00d7 105 mm), suure karbi suurus (89 \u00d7 183 \u00d7 108 mm), karbi suurus (685 \u00d7 380 \u00d7 240 mm) ja karbi kaal (18,5 kg ~ 200 tk).<\/p>\n<h3>Maitse valikud<\/h3>\n<p>Vali 10 ahvatleva maitse vahel: Mango Ananass, Double Apple, Virsikamoos, Miami Mint, k\u00fclmutatud kirss arbuus, maasikas arbuus, mustikas Raz, viinamarja Slush, arbuusij\u00e4\u00e4tis ja vaarikas virsik-tsitroon. Iga maitse t\u00e4iustab teie aurutamisreisi rikkaliku ja \u00fchtlase maitsega.<\/p>\n<h3>Miks valida AIM AIPOD 30000?<\/h3>\n<p>See silmapaistev aurustusseade tasakaalustab v\u00f5imsust, maitset ja kaasaskantavust. Selle topeltv\u00f5rgum\u00e4his tagab s\u00fcgavad aurupilved, samas kui <strong>reguleeritav \u00f5huvool<\/strong> ja mitmed nikotiinivalikud pakuvad isikup\u00e4rastatud kogemust. See on m\u00f5eldud igap\u00e4evaseks kasutamiseks v\u00f5i reisimiseks ning on kompaktne, kuid samas tugev, mis peegeldab Aivono p\u00fchendumust esmaklassilisele j\u00f5udlusele. Kogege \u00f5mblusteta aurutamist, mis kestab kauem ja rahuldab iga pilvejahtijat.<\/p>","protected":false},"excerpt":{"rendered":"<p>Kogemused <strong>Aivono AIM AIPOD 30000<\/strong> \u00fchekordselt kasutatav vape kuni <strong>30,000 puffid<\/strong>. Omadused <strong>topeltv\u00f5rgum\u00e4his<\/strong>, <strong>15ml e-vedeliku mahutavus<\/strong>, reguleeritav \u00f5huvool ja <strong>mitu nikotiini tugevust<\/strong>\u20140%\/2%\/3%\/5%. Tutvu 10 rikkaliku maitsega k\u00f5igi eelistuste jaoks.<\/p>","protected":false},"featured_media":10056,"comment_status":"open","ping_status":"closed","template":"","meta":[],"product_brand":[165],"product_cat":[951],"product_tag":[270,163,830,829,112,623],"class_list":{"0":"post-10062","1":"product","2":"type-product","3":"status-publish","4":"has-post-thumbnail","6":"product_brand-aivono","7":"product_cat-aivono","8":"product_tag-30000-puffs","9":"product_tag-adjustable-airflow","10":"product_tag-aipod-30000","11":"product_tag-aivono-vape","12":"product_tag-disposable-vape","13":"product_tag-multiple-flavors","15":"first","16":"instock","17":"sale","18":"shipping-taxable","19":"purchasable","20":"product-type-variable"},"jetpack_sharing_enabled":true,"tiered_pricing_type":"fixed","tiered_pricing_fixed_rules":[],"tiered_pricing_product_settings":{"layout":"default","base_unit_name":{"singular":null,"plural":null},"default_variation":null},"tiered_pricing_minimum_quantity":null,"tiered_pricing_roles_data":[],"tiered_pricing_percentage_rules":[],"tiered_pricing_maximum_quantity":null,"tiered_pricing_quantity_step":null,"_links":{"self":[{"href":"https:\/\/frvape.com\/et\/wp-json\/wp\/v2\/product\/10062","targetHints":{"allow":["GET"]}}],"collection":[{"href":"https:\/\/frvape.com\/et\/wp-json\/wp\/v2\/product"}],"about":[{"href":"https:\/\/frvape.com\/et\/wp-json\/wp\/v2\/types\/product"}],"replies":[{"embeddable":true,"href":"https:\/\/frvape.com\/et\/wp-json\/wp\/v2\/comments?post=10062"}],"wp:featuredmedia":[{"embeddable":true,"href":"https:\/\/frvape.com\/et\/wp-json\/wp\/v2\/media\/10056"}],"wp:attachment":[{"href":"https:\/\/frvape.com\/et\/wp-json\/wp\/v2\/media?parent=10062"}],"wp:term":[{"taxonomy":"product_brand","embeddable":true,"href":"https:\/\/frvape.com\/et\/wp-json\/wp\/v2\/product_brand?post=10062"},{"taxonomy":"product_cat","embeddable":true,"href":"https:\/\/frvape.com\/et\/wp-json\/wp\/v2\/product_cat?post=10062"},{"taxonomy":"product_tag","embeddable":true,"href":"https:\/\/frvape.com\/et\/wp-json\/wp\/v2\/product_tag?post=10062"}],"curies":[{"name":"wp","href":"https:\/\/api.w.org\/{rel}","templated":true}]}}