{"id":1042,"date":"2025-10-11T16:09:05","date_gmt":"2025-10-11T16:09:05","guid":{"rendered":"https:\/\/frvape.com\/product\/razz-bar-25000-puff-disposable-vape-25k-rechargeable-device-with-16-flavors\/"},"modified":"2025-11-25T03:00:30","modified_gmt":"2025-11-25T03:00:30","slug":"razz-bar-25000-puff-uhekordselt-kasutatav-vape-25k-laetav-seade-16-maitsega","status":"publish","type":"product","link":"https:\/\/frvape.com\/et\/product\/razz-bar-25000-puff-uhekordselt-kasutatav-vape-25k-laetav-seade-16-maitsega\/","title":{"rendered":"Razz Bar 25000 Puff \u00fchekordselt kasutatav Vape - 25K laetav seade 16 maitsega"},"content":{"rendered":"<h3>Enneolematu pikaealisus Vapingu puhul<\/h3>\n<p>The <strong>Razz Bar 25000 Puff 25K Vape<\/strong> muudab revolutsiooniliselt \u00fchekordseks kasutamiseks m\u00f5eldud aurustamise koos t\u00f6\u00f6stusharu juhtiva <strong>25,000 puffide mahutavus<\/strong>. M\u00f5\u00f5tmetega 30x30x107,5 mm \u00fchendab see seade massiivse j\u00f5udluse ja kaasaskantava mugavuse. Erinevalt standardsetest \u00fchekordselt kasutatavatest seadmetest on sellel j\u00e4rgmised omadused <strong>\u00f5liga t\u00e4idetav tehnoloogia<\/strong> ja <strong>vahetatav padrun<\/strong> s\u00fcsteem, mis pikendab kasutamist, v\u00e4hendades samal ajal j\u00e4\u00e4tmeid. 200 \u00fchikut karbi kohta sobib ideaalselt nii \u00fcksikkasutajatele kui ka jaem\u00fc\u00fcjatele.<\/p>\n<h3>T\u00e4iustatud tehnilised n\u00e4itajad<\/h3>\n<p>Varustatud <strong>650mAh aku<\/strong> ja <strong>USB-C laadimine<\/strong>, s\u00e4ilitab see seade kogu oma eluea jooksul \u00fchtlase v\u00f5imsuse. Veebileht <strong>0.8ohm v\u00f5rgusilma m\u00e4his<\/strong> tagab optimaalse e-vedeliku aurustamise 16W v\u00e4ljundpinge juures, pakkudes rikkalikumat maitset ja tihedamaid pilvi. . <strong>PCTG paagi materjal<\/strong> tagab vastupidavuse ja l\u00f5hna puhtuse, samas kui uuenduslik struktuur toetab erakordset e-vedeliku mahutavust, mis on vajalik 25 000 t\u00f5mbamiseks.<\/p>\n<h3>Aroomi s\u00e4ilitamise tehnoloogia<\/h3>\n<p>Kogemused <strong>maitse konsistentsus<\/strong> esimesest puhumisest viimaseni koos meie <strong>topeltv\u00f5rguga spiraals\u00fcsteem<\/strong>. T\u00e4iustatud kuumutamistehnoloogia takistab maitse lagunemist ja kuiva tabamust, s\u00e4ilitades intensiivse maitse l\u00e4bi kogu <strong>25,000 puffid<\/strong>. Meie patenteeritud m\u00e4hise disain maksimeerib e-vedelikuga kontakti, tagades samal ajal sujuva ja \u00fchtlase aurutootmise ilma p\u00f5letatud j\u00e4relmaitseta.<\/p>\n<h3>16 peenemaitselised maitsev\u00f5imalused<\/h3>\n<p>Avastage meie mitmekesine maitsete portfell, mis on loodud keerukate maitsete jaoks:<br \/>\n&#8211; <strong>Maasikas banaan<\/strong> &#8211; <strong>Mustikas Hapukas vaarikas<\/strong><br \/>\n&#8211; <strong>Maasika kiivi<\/strong> &#8211; <strong>Maasika arbuusi mullakummi<\/strong><br \/>\n&#8211; <strong>Mahlane virsikuj\u00e4\u00e4<\/strong> &#8211; <strong>Armastus 66<\/strong><br \/>\n&#8211; <strong>Arbuusi j\u00e4\u00e4<\/strong> &#8211; <strong>Red Bull Grape<\/strong><br \/>\n&#8211; <strong>Kiivi Passion Fruit Guava<\/strong> &#8211; <strong>Mustika j\u00e4\u00e4<\/strong><br \/>\n&#8211; <strong>Maasika j\u00e4\u00e4<\/strong> &#8211; <strong>Troopilised puuviljad<\/strong><br \/>\n&#8211; <strong>Segatud marjad<\/strong> &#8211; <strong>Musta draakoni j\u00e4\u00e4<\/strong><br \/>\n&#8211; <strong>Virsikuj\u00e4\u00e4tis<\/strong> &#8211; <strong>Rikkalik j\u00e4\u00e4<\/strong><br \/>\n&#8211; <strong>Lemon Lime<\/strong> &#8211; <strong>Maasika vaarika-kirsi j\u00e4\u00e4<\/strong><\/p>\n<h3>J\u00e4tkusuutlikud uuendused Vaping<\/h3>\n<p>Keskkonnateadlike pioneeridena alates 2017. aastast t\u00f6\u00f6tab Razz Bar v\u00e4lja lahendusi, mis minimeerivad keskkonnam\u00f5ju. Meie <strong>laetav disain<\/strong> v\u00f5imaldab mitu laadimists\u00fcklit enne k\u00f5rvaldamist, samas kui <strong>korduvt\u00e4idetava padrunis\u00fcsteemi<\/strong> v\u00e4hendab oluliselt plastij\u00e4\u00e4tmeid v\u00f5rreldes traditsiooniliste \u00fchekordsete kasutatavatega. Seadme pikendatud kasutusiga muudab selle <strong>kuluefektiivne<\/strong> valik, mis seab esikohale nii kasutajate rahulolu kui ka keskkonnaalase vastutuse.<\/p>\n<h3>T\u00e4iustatud kasutajakogemus<\/h3>\n<p>The <strong>Razz Bar 25000<\/strong> funktsioonid <strong>reguleeritav \u00f5huvool<\/strong> kontrollib kohandatud aurutihedust ja t\u00f5mbetakistust. Lihtsate seadistustega saate vahetada tiheda suust kopsu t\u00f5mbamise ja \u00f5hulise otse kopsu sissehingamise vahel. 5% nikotiinikontsentratsioon pakub rahuldavat kurguhoobi, samal ajal kui massiivne e-vedelikureservuaar v\u00e4listab sagedase asendamise - ideaalne tugevatele aurutajatele.<\/p>\n<h3>Kommertsklassi j\u00f5udlus<\/h3>\n<p>Standardse jaekarbiga, mis sisaldab <strong>200 \u00fchikut<\/strong>Razz Bar 25000 \u00fchendab endas hulgim\u00fc\u00fcgi t\u00f5hususe ja tippkvaliteedi. Iga seade l\u00e4bib range kvaliteedikontrolli, et tagada t\u00e4iuslik m\u00e4hise paigaldus, aku ohutus ja lekkekindel konstruktsioon. Silmatorkav kompaktne disain koos n\u00e4htava e-vedeliku aknaga meeldib tarbijatele, lihtsustades samal ajal jaem\u00fc\u00fcjate varude haldamist.<\/p>\n<h3>Razz Bar Advantage<\/h3>\n<p>2017. aastal asutatud Razz Bar juhib \u00fchekordselt kasutatava vape'i turgu pideva innovatsiooni kaudu. Meie p\u00fchendumine teadus- ja arendustegevusele toob kaasa seadmed, mis \u00fcletavad konkurentide <strong>lehtede konsistents, maitse intensiivsus<\/strong> ja <strong>keskkonnas\u00e4\u00e4stlikkus<\/strong>. Tasakaalustades tipptasemel tehnoloogiat ja kasutajas\u00f5bralikku disaini, loome tooteid, mis pakuvad t\u00f5elist rahulolu, mis \u00fcletab k\u00f5ik ootused.<\/p>\n<p>Kogege revolutsiooni: . <strong>Razz Bar 25000 Puff 25K Vape<\/strong> m\u00e4\u00e4ratleb uuesti \u00fchekordse kasutamise standardid enneolematu mahutavuse, laetavuse ja suurep\u00e4rase maitseomadustega - k\u00f5ik \u00fches taskus\u00f5bralikus seadmes, mis on m\u00f5eldud kaasaegse suitsetaja jaoks.<\/p>","protected":false},"excerpt":{"rendered":"<p>Kogemused \u00fclimalt pikaealisest aurustamisest koos <strong>Razz Bar 25000 Puff<\/strong> \u00fchekordselt kasutatav vape, millel on <strong>laetav 650mAh aku<\/strong> ja <strong>vahetatav padrun<\/strong> s\u00fcsteem. Nautige <strong>25,000 puffid<\/strong> rikkaliku maitsega t\u00e4iustatud <strong>v\u00f5rgusilma m\u00e4histe tehnoloogia<\/strong> ja valida 16 v\u00e4rskendava maitse vahel. USB-C laetav ja keskkonnas\u00f5bralik disain.<\/p>","protected":false},"featured_media":1036,"comment_status":"open","ping_status":"closed","template":"","meta":[],"product_brand":[70],"product_cat":[893],"product_tag":[74,198,197,73,75,76],"class_list":{"0":"post-1042","1":"product","2":"type-product","3":"status-publish","4":"has-post-thumbnail","6":"product_brand-razzbar","7":"product_cat-razzbar","8":"product_tag-25000-puff-vape","9":"product_tag-25k-vape-flavors","10":"product_tag-mesh-coil-e-cigarette","11":"product_tag-razz-bar-25000","12":"product_tag-rechargeable-disposable-vape","13":"product_tag-refillable-vape","15":"first","16":"instock","17":"sale","18":"shipping-taxable","19":"purchasable","20":"product-type-variable"},"jetpack_sharing_enabled":true,"tiered_pricing_type":"fixed","tiered_pricing_fixed_rules":[],"tiered_pricing_product_settings":{"layout":"default","base_unit_name":{"singular":null,"plural":null},"default_variation":null},"tiered_pricing_minimum_quantity":null,"tiered_pricing_roles_data":[],"tiered_pricing_percentage_rules":[],"tiered_pricing_maximum_quantity":null,"tiered_pricing_quantity_step":null,"_links":{"self":[{"href":"https:\/\/frvape.com\/et\/wp-json\/wp\/v2\/product\/1042","targetHints":{"allow":["GET"]}}],"collection":[{"href":"https:\/\/frvape.com\/et\/wp-json\/wp\/v2\/product"}],"about":[{"href":"https:\/\/frvape.com\/et\/wp-json\/wp\/v2\/types\/product"}],"replies":[{"embeddable":true,"href":"https:\/\/frvape.com\/et\/wp-json\/wp\/v2\/comments?post=1042"}],"wp:featuredmedia":[{"embeddable":true,"href":"https:\/\/frvape.com\/et\/wp-json\/wp\/v2\/media\/1036"}],"wp:attachment":[{"href":"https:\/\/frvape.com\/et\/wp-json\/wp\/v2\/media?parent=1042"}],"wp:term":[{"taxonomy":"product_brand","embeddable":true,"href":"https:\/\/frvape.com\/et\/wp-json\/wp\/v2\/product_brand?post=1042"},{"taxonomy":"product_cat","embeddable":true,"href":"https:\/\/frvape.com\/et\/wp-json\/wp\/v2\/product_cat?post=1042"},{"taxonomy":"product_tag","embeddable":true,"href":"https:\/\/frvape.com\/et\/wp-json\/wp\/v2\/product_tag?post=1042"}],"curies":[{"name":"wp","href":"https:\/\/api.w.org\/{rel}","templated":true}]}}