{"id":10495,"date":"2025-11-02T03:43:17","date_gmt":"2025-11-02T03:43:17","guid":{"rendered":"https:\/\/frvape.com\/product\/uzy-crystal-100000-puffs-disposable-vape-quad-flavor-rechargeable-e-cigarette\/"},"modified":"2025-11-04T02:28:46","modified_gmt":"2025-11-04T02:28:46","slug":"uzy-crystal-100000-puffs-uhekordselt-kasutatav-vape-quad-maitse-laetav-e-sigarett","status":"publish","type":"product","link":"https:\/\/frvape.com\/et\/product\/uzy-crystal-100000-puffs-uhekordselt-kasutatav-vape-quad-maitse-laetav-e-sigarett\/","title":{"rendered":"Uzy Crystal 100000 Puffs \u00fchekordselt kasutatav Vape - Quad Flavor, laetav e-sigaret"},"content":{"rendered":"<h3>Premium Quad-Flavor Experience<\/h3>\n<p>The <strong>Uzy Crystal 100000<\/strong> revolutsiooniline aurutamine oma uuendusliku neljasuguse maitses\u00fcsteemiga. See tipptasemel l\u00f5hna- ja maitseaine, mis on m\u00f5eldud nautlejatele, kes ihkavad mitmekesisust. <strong>\u00fchekordselt kasutatav vape<\/strong> pakub nelja erinevat maitsekambrit \u00fches seadmes. T\u00e4iustatud <strong>neljasilmaline spiraal<\/strong> (1.0\u03a9) k\u00fcttes\u00fcsteem tagab erakordse aurutiheduse ja s\u00e4ilitab autentse maitse j\u00e4rjepidevuse kogu aurutamise ajal.<\/p>\n<h3>Nutikas tehnika ja pikaealisus<\/h3>\n<p>Varustatud <strong>650mAh aku<\/strong>, toetab see seade pikaajalist kasutamist mugava Type-C kiirlaadimise abil. Integreeritud <strong>LED nutikas ekraan<\/strong> pakub reaalajas j\u00e4lgimist nii aku kui ka <strong>56ml e-vedelik<\/strong> tasemed, tagades, et te ei j\u00e4\u00e4ks kunagi ettevalmistamata. Suuremahuline mahutavus, mis on kavandatud <strong>100,000 puffid<\/strong>, pakub Uzy Crystal enneolematult pikaealisust \u00fchekordselt kasutatava vape'i turul.<\/p>\n<h3>Saadaolevad maitsekombinatsioonid<\/h3>\n<ul>\n<li>Virsik Mango Ananass &amp; Mustikas Vaarikas &amp; Sidrun Lime &amp; Arbuus BubbleGum<\/li>\n<li>Cherry Ice &amp; Grape Ice &amp; Passion Fruit Mango &amp; Love 66<\/li>\n<li>Strawberry Mango &amp; MR Blue &amp; Summer Peach Ice &amp; Black Ice<\/li>\n<li>Arbuusij\u00e4\u00e4tis &amp; Blue Razz Kirss &amp; arbuus Hapukas virsik &amp; Passion Fruit Kiwi<\/li>\n<li>Maasikaj\u00e4\u00e4tis &amp; kummikaru &amp; arbuus draakonipuu &amp; mustikakiivi<\/li>\n<li>Maasikas Arbuus &amp; Blue Razz Ice &amp; Mustikas Vaarikas Kirss &amp; kihisev kirss Ice<\/li>\n<li>Mustika Ice &amp; Mango Peach Aprikoos &amp; Kiwi Passion Fruit Guava &amp; White Peach Razz<\/li>\n<li>Mustikaj\u00e4\u00e4tis &amp; maasikabanaan &amp; kaks \u00f5una &amp; Skittles<\/li>\n<li>Segatud marjad ja passioonipuu Kiwi Lime ja j\u00f5hvik Viinamarja ja maasika Kiwi<\/li>\n<li>Virsikuj\u00e4\u00e4tis &amp; mustikakirss &amp; energiajook &amp; arbuusi lit\u0161e<\/li>\n<\/ul>\n<h3>Kujundatud tipptasemele<\/h3>\n<p>Esmaklassilistest materjalidest valmistatud Uzy Crystal n\u00e4itab elegantset <strong>kristall disain<\/strong> mis peegeldab rafineeritud stiili, s\u00e4ilitades samas mugava 160 g kaalu. Selle ergonoomilised kontuurid sobivad loomulikult teie k\u00e4tte, pakkudes nii <strong>visuaalne elegants<\/strong> ja praktilist mugavust. Kohandage oma nikotiini tarbimist 0%, 2%, 3% v\u00f5i 5% tugevuse valikutega.<\/p>\n<h3>Optimaalne pakend ja v\u00e4\u00e4rtus<\/h3>\n<p>T\u00f5husalt pakendatud 10 t\u00fckki karbi kohta ja 120 t\u00fckki kartongi kohta (kartongi kaal 19,21 kg), \u00fchendab Uzy Crystal suurep\u00e4rase j\u00f5udluse ja logistilise mugavuse. M\u00f5eldud nii isiklikuks <strong>aurutamise nauding<\/strong> ja kaubandusliku levitamise t\u00f5hususe t\u00f5ttu seab see neljakordne maitseinnovatsioon uued standardid \u00fchekordselt kasutatava vape'i kategoorias.<\/p>","protected":false},"excerpt":{"rendered":"<p>Kogege 4-in-1 maitse mitmek\u00fclgsust koos <strong>Uzy Crystal 100000<\/strong> <strong>\u00fchekordselt kasutatav vape<\/strong> featuring <strong>neljakordsed v\u00f5rgusilma m\u00e4hised<\/strong> ja 56 ml e-vedelikumahutavusega. Nautige kuni <strong>100,000 puffid<\/strong> koos <strong>C-t\u00fc\u00fcpi laetav<\/strong> aku ja nutikas LED-ekraan.<\/p>","protected":false},"featured_media":10489,"comment_status":"open","ping_status":"closed","template":"","meta":[],"product_brand":[237],"product_cat":[1016,1017,846],"product_tag":[],"class_list":{"0":"post-10495","1":"product","2":"type-product","3":"status-publish","4":"has-post-thumbnail","6":"product_brand-uzy","7":"product_cat-big-puffs-vapes","8":"product_cat-crystal-vapes","9":"product_cat-uzy","11":"first","12":"instock","13":"sale","14":"shipping-taxable","15":"purchasable","16":"product-type-variable"},"jetpack_sharing_enabled":true,"tiered_pricing_type":"fixed","tiered_pricing_fixed_rules":[],"tiered_pricing_product_settings":{"layout":"default","base_unit_name":{"singular":null,"plural":null},"default_variation":null},"tiered_pricing_minimum_quantity":null,"tiered_pricing_roles_data":[],"tiered_pricing_percentage_rules":[],"tiered_pricing_maximum_quantity":null,"tiered_pricing_quantity_step":null,"_links":{"self":[{"href":"https:\/\/frvape.com\/et\/wp-json\/wp\/v2\/product\/10495","targetHints":{"allow":["GET"]}}],"collection":[{"href":"https:\/\/frvape.com\/et\/wp-json\/wp\/v2\/product"}],"about":[{"href":"https:\/\/frvape.com\/et\/wp-json\/wp\/v2\/types\/product"}],"replies":[{"embeddable":true,"href":"https:\/\/frvape.com\/et\/wp-json\/wp\/v2\/comments?post=10495"}],"wp:featuredmedia":[{"embeddable":true,"href":"https:\/\/frvape.com\/et\/wp-json\/wp\/v2\/media\/10489"}],"wp:attachment":[{"href":"https:\/\/frvape.com\/et\/wp-json\/wp\/v2\/media?parent=10495"}],"wp:term":[{"taxonomy":"product_brand","embeddable":true,"href":"https:\/\/frvape.com\/et\/wp-json\/wp\/v2\/product_brand?post=10495"},{"taxonomy":"product_cat","embeddable":true,"href":"https:\/\/frvape.com\/et\/wp-json\/wp\/v2\/product_cat?post=10495"},{"taxonomy":"product_tag","embeddable":true,"href":"https:\/\/frvape.com\/et\/wp-json\/wp\/v2\/product_tag?post=10495"}],"curies":[{"name":"wp","href":"https:\/\/api.w.org\/{rel}","templated":true}]}}