{"id":11223,"date":"2025-11-02T04:37:59","date_gmt":"2025-11-02T04:37:59","guid":{"rendered":"https:\/\/frvape.com\/product\/irex-astral-80000-disposable-vape-with-80k-puffs-adjustable-nicotine\/"},"modified":"2025-11-04T02:51:25","modified_gmt":"2025-11-04T02:51:25","slug":"irex-astral-80000-uhekordselt-kasutatav-vape-80k-puffiga-reguleeritava-nikotiiniga","status":"publish","type":"product","link":"https:\/\/frvape.com\/et\/product\/irex-astral-80000-uhekordselt-kasutatav-vape-80k-puffiga-reguleeritava-nikotiiniga\/","title":{"rendered":"IREX Astral 80000 \u00fchekordselt kasutatav Vape 80K Puffs &amp; reguleeritava nikotiiniga"},"content":{"rendered":"<h3>Premium kauakestev aurustamiskogemus<\/h3>\n<p>The <strong>IREX Astral 80000<\/strong> m\u00e4\u00e4ratleb uuesti \u00fchekordse aurutamise erakordse vastupidavuse ja j\u00f5udlusega. See t\u00f5sistele aurutajatele m\u00f5eldud seade pakub m\u00e4rkimisv\u00e4\u00e4rset <strong>80 000 puffi<\/strong> oma massiivsest <strong>48ml eelt\u00e4idetud e-vedelik<\/strong> reservuaar. Koos <strong>reguleeritav nikotiin<\/strong> tasemed (20mg v\u00f5i 50mg nikotiinisoola) ja valitav j\u00e4\u00e4 intensiivsus, pakub see isikup\u00e4rastatud rahulolu elegantses pakendis.<\/p>\n<h3>T\u00e4iustatud tehnilised n\u00e4itajad<\/h3>\n<p>Ehitatud k\u00f5rgema kvaliteediga <strong>pol\u00fckarbonaat<\/strong> Astral kaalub vaid 98 g ja tasakaalustab vastupidavuse ja kaasaskantavuse (97x59x25 mm). Selle intelligentne <strong>nutikas ekraan<\/strong> j\u00e4lgib pidevalt e-vedeliku ja aku taset. Integreeritud <strong>1000mAh aku<\/strong> toetab pikendatud seansse, samas kui <strong>USB Type-C<\/strong> port (0,5A) v\u00f5imaldab mugavat laadimist.<br \/>The <strong>t\u00f5mbega aktiveeritud<\/strong> mehhanism pakub lihtsat kasutamist ilma keeruliste nuppudeta, mist\u00f5ttu sobib see ideaalselt nii algajatele kui ka kogenud kasutajatele.<\/p>\n<h3>Mitmek\u00fclgne maitsete valik<\/h3>\n<p>Avastage 15 asjatundlikult valmistatud <strong>\u00fchekordselt kasutatav vape<\/strong> maitsed igale eelistusele:<br \/>Arbuusij\u00e4\u00e4tis, hapu j\u00f5hvikas, mahlakas virsik, topelt\u00f5un, maasika-kiivi,<br \/>Virsik-mari, Kirsipomm, Hapukas maasikas, Ananass-mango, Apelsinimari,<br \/>Miami Mint, Blueberry Watermelon, Berry Bliss, Blue Razz Ice, Grape Lemon.<\/p>\n<h3>Pakendamine ja turustamine<\/h3>\n<p>Optimeeritud jae- ja hulgim\u00fc\u00fcgiks, iga karp sisaldab 200 \u00fchikut brutokaaluga 24,96 kg. M\u00f5\u00f5dud: 665x330x260mm v\u00e4liskarp.<\/p>\n<h3>Miks valida Astral 80K?<\/h3>\n<p>Kogege katkematut aurutamist enneolematu puhumisv\u00f5imsusega koos reguleeritavate funktsioonidega. See esmaklassiline <strong>laetav vape<\/strong> pakub \u00fchtlast maitsekvaliteeti l\u00e4bi k\u00f5igi 80 000 t\u00f5mbamise. Saate kommertsklassi j\u00f5udluse kaasaskantavas seadmes, mis on ideaalne nii isiklikuks kasutamiseks kui ka kinkimiseks - tipptasemel <strong>\u00fchekordselt kasutatav vape<\/strong> tehnoloogia.<\/p>","protected":false},"excerpt":{"rendered":"<p>Kogemused \u00fclimalt mugavast aurustamisest koos <strong>IREX Astral 80000<\/strong> \u00fchekordselt kasutatav vape. Pakkumine <strong>80 000 puffi<\/strong> ja <strong>48ml eelt\u00e4idetud<\/strong> v\u00f5imsus pluss <strong>reguleeritav nikotiin<\/strong> ja j\u00e4\u00e4tasemed. Nautige <strong>15 esmaklassilist maitset<\/strong> C-t\u00fc\u00fcpi laadimisega.<\/p>","protected":false},"featured_media":11217,"comment_status":"open","ping_status":"closed","template":"","meta":[],"product_brand":[736],"product_cat":[1016,896],"product_tag":[899,898,897,246,112,115],"class_list":{"0":"post-11223","1":"product","2":"type-product","3":"status-publish","4":"has-post-thumbnail","6":"product_brand-irex","7":"product_cat-big-puffs-vapes","8":"product_cat-irex","9":"product_tag-15-flavors","10":"product_tag-48ml-e-liquid","11":"product_tag-80k-puffs","12":"product_tag-adjustable-nicotine","13":"product_tag-disposable-vape","14":"product_tag-rechargeable-vape","16":"first","17":"instock","18":"sale","19":"shipping-taxable","20":"purchasable","21":"product-type-variable"},"jetpack_sharing_enabled":true,"tiered_pricing_type":"fixed","tiered_pricing_fixed_rules":[],"tiered_pricing_product_settings":{"layout":"default","base_unit_name":{"singular":null,"plural":null},"default_variation":null},"tiered_pricing_minimum_quantity":null,"tiered_pricing_roles_data":[],"tiered_pricing_percentage_rules":[],"tiered_pricing_maximum_quantity":null,"tiered_pricing_quantity_step":null,"_links":{"self":[{"href":"https:\/\/frvape.com\/et\/wp-json\/wp\/v2\/product\/11223","targetHints":{"allow":["GET"]}}],"collection":[{"href":"https:\/\/frvape.com\/et\/wp-json\/wp\/v2\/product"}],"about":[{"href":"https:\/\/frvape.com\/et\/wp-json\/wp\/v2\/types\/product"}],"replies":[{"embeddable":true,"href":"https:\/\/frvape.com\/et\/wp-json\/wp\/v2\/comments?post=11223"}],"wp:featuredmedia":[{"embeddable":true,"href":"https:\/\/frvape.com\/et\/wp-json\/wp\/v2\/media\/11217"}],"wp:attachment":[{"href":"https:\/\/frvape.com\/et\/wp-json\/wp\/v2\/media?parent=11223"}],"wp:term":[{"taxonomy":"product_brand","embeddable":true,"href":"https:\/\/frvape.com\/et\/wp-json\/wp\/v2\/product_brand?post=11223"},{"taxonomy":"product_cat","embeddable":true,"href":"https:\/\/frvape.com\/et\/wp-json\/wp\/v2\/product_cat?post=11223"},{"taxonomy":"product_tag","embeddable":true,"href":"https:\/\/frvape.com\/et\/wp-json\/wp\/v2\/product_tag?post=11223"}],"curies":[{"name":"wp","href":"https:\/\/api.w.org\/{rel}","templated":true}]}}