{"id":11902,"date":"2025-11-02T09:17:12","date_gmt":"2025-11-02T09:17:12","guid":{"rendered":"https:\/\/frvape.com\/product\/zooy-twins-35000-disposable-vape-dual-flavor-35k-puffs-rechargeable\/"},"modified":"2025-11-02T09:17:22","modified_gmt":"2025-11-02T09:17:22","slug":"zooy-twins-35000-uhekordselt-kasutatav-vape-dual-flavor-35k-puffs-laetav","status":"publish","type":"product","link":"https:\/\/frvape.com\/et\/product\/zooy-twins-35000-uhekordselt-kasutatav-vape-dual-flavor-35k-puffs-laetav\/","title":{"rendered":"Zooy Twins 35000 \u00fchekordselt kasutatav Vape - Dual Flavor, 35K Puffs, laetav"},"content":{"rendered":"<h3>Revolutsiooniline kahekordne maitseelamus<\/h3>\n<p>The <strong>Zooy Twins 35000<\/strong> defineerib uuesti \u00fchekordse aurustamise, mis sisaldab uuenduslikke <strong>2-in-1 maitse tehnoloogia<\/strong> \u00fches seadmes. Nautige samaaegselt kahte erinevat maitseprofiili, et saavutada enneolematu aurustamise mitmek\u00fclgsus ja maitse uurimine.<\/p>\n<h3>Suure j\u00f5udlusega spetsifikatsioonid<\/h3>\n<p>Toetatud <strong>650mAh aku<\/strong> kiire <strong>C-t\u00fc\u00fcpi laadimine<\/strong>, see tipptasemel vape pakub j\u00e4rjepidevat j\u00f5udlust. . <strong>topeltv\u00f5rguga spiraal<\/strong> tagab rikkaliku aurutootmise ja puhta maitse terviklikkuse k\u00f5igi 35 000 t\u00f5mbamise ajal. J\u00e4lgige kasutamist integreeritud <strong>nutikas ekraan<\/strong> n\u00e4itab reaalajas aku ja e-vedeliku taset.<\/p>\n<h3>Konstrueeritud tipptaseme saavutamiseks<\/h3>\n<p>Selle ergonoomiline disain, mille m\u00f5\u00f5tmed on vaid 99,6 \u00d7 25 \u00d7 47 mm ja kaal 87 g, sobib mugavalt k\u00e4tte. Esmaklassiline konstruktsioon tagab sujuva kurguhoobi 2%\/5% nikotiinisoola preparaatide abil, mis tagab rahuldava nikotiini manustamise ilma kompromissideta.<\/p>\n<h3>Signeeritud maitsepaarid<\/h3>\n<p>Avastage meie asjatundlikult segatud maitsekombinatsioonid:<br \/>Virsik-mango arbuus ja must draakon j\u00e4\u00e4ga<br \/>Love 66 &amp; Red Bull Strawberry<br \/>Maasika-kiivi ja segatud marjad<br \/>Blue Razz Lemon &amp; Strawberry Banana<br \/>Arbuusij\u00e4\u00e4tis ja koolaj\u00e4\u00e4tis<br \/>Maasikaj\u00e4\u00e4tis ja roosa limonaad<br \/>Mustika j\u00e4\u00e4 ja greibi<br \/>Maasika arbuus ja sidrun-laim<br \/>Mr Blue &amp; Mango Ice<br \/>Virsikuj\u00e4\u00e4tis ja vaarika arbuus<\/p>\n<h3>Premium Vaping lihtsustatud<\/h3>\n<p>See murranguline <strong>\u00fchekordselt kasutatav vape<\/strong> \u00fchendab endas mugavuse ja keerukuse - ei n\u00f5ua korduvt\u00e4itmist ega hooldust. Iga karp sisaldab 200 \u00fchikut kogukaaluga 17 kg, mis tagab t\u00f5husa jaotamise. T\u00f5stke oma aurutamisreisi \u00fclimalt maitsek\u00fcllane seade, mis on ehitatud kestvaks rahuloluks.<\/p>","protected":false},"excerpt":{"rendered":"<p>Kogemused kahesuguse maitsega aurutamisel koos <strong>Zooy Twins 35000<\/strong> \u00fchekordselt kasutatav seade. Nautige kuni <strong>35,000 puffid<\/strong>, nutikas ekraan ja <strong>C-t\u00fc\u00fcpi laetav<\/strong> mugavus kompaktses 87g disainis.<\/p>","protected":false},"featured_media":11896,"comment_status":"open","ping_status":"closed","template":"","meta":[],"product_brand":[97],"product_cat":[860],"product_tag":[936,112,381,115,190,935],"class_list":{"0":"post-11902","1":"product","2":"type-product","3":"status-publish","4":"has-post-thumbnail","6":"product_brand-zooy","7":"product_cat-zooy","8":"product_tag-35k-puffs","9":"product_tag-disposable-vape","10":"product_tag-dual-flavor-vape","11":"product_tag-rechargeable-vape","12":"product_tag-type-c-charging","13":"product_tag-zooy-twins-35000","15":"first","16":"instock","17":"sale","18":"shipping-taxable","19":"purchasable","20":"product-type-variable"},"jetpack_sharing_enabled":true,"tiered_pricing_type":"fixed","tiered_pricing_fixed_rules":[],"tiered_pricing_product_settings":{"layout":"default","base_unit_name":{"singular":null,"plural":null},"default_variation":null},"tiered_pricing_minimum_quantity":null,"tiered_pricing_roles_data":[],"tiered_pricing_percentage_rules":[],"tiered_pricing_maximum_quantity":null,"tiered_pricing_quantity_step":null,"_links":{"self":[{"href":"https:\/\/frvape.com\/et\/wp-json\/wp\/v2\/product\/11902","targetHints":{"allow":["GET"]}}],"collection":[{"href":"https:\/\/frvape.com\/et\/wp-json\/wp\/v2\/product"}],"about":[{"href":"https:\/\/frvape.com\/et\/wp-json\/wp\/v2\/types\/product"}],"replies":[{"embeddable":true,"href":"https:\/\/frvape.com\/et\/wp-json\/wp\/v2\/comments?post=11902"}],"wp:featuredmedia":[{"embeddable":true,"href":"https:\/\/frvape.com\/et\/wp-json\/wp\/v2\/media\/11896"}],"wp:attachment":[{"href":"https:\/\/frvape.com\/et\/wp-json\/wp\/v2\/media?parent=11902"}],"wp:term":[{"taxonomy":"product_brand","embeddable":true,"href":"https:\/\/frvape.com\/et\/wp-json\/wp\/v2\/product_brand?post=11902"},{"taxonomy":"product_cat","embeddable":true,"href":"https:\/\/frvape.com\/et\/wp-json\/wp\/v2\/product_cat?post=11902"},{"taxonomy":"product_tag","embeddable":true,"href":"https:\/\/frvape.com\/et\/wp-json\/wp\/v2\/product_tag?post=11902"}],"curies":[{"name":"wp","href":"https:\/\/api.w.org\/{rel}","templated":true}]}}