{"id":12180,"date":"2025-11-02T11:02:43","date_gmt":"2025-11-02T11:02:43","guid":{"rendered":"https:\/\/frvape.com\/product\/mr-goodie-speed-racer-dual-mode-disposable-vape-80k-puffs-50ml-e-liquid\/"},"modified":"2025-12-16T08:40:27","modified_gmt":"2025-12-16T08:40:27","slug":"mr-goodie-speed-racer-dual-mode-uhekordselt-kasutatav-vape-80k-puffs-50ml-e-liquid","status":"publish","type":"product","link":"https:\/\/frvape.com\/et\/product\/mr-goodie-speed-racer-dual-mode-uhekordselt-kasutatav-vape-80k-puffs-50ml-e-liquid\/","title":{"rendered":"Mr.Goodie Speed Racer Dual Mode \u00fchekordselt kasutatav Vape - 80K Puffs, 50ml E-vedelik"},"content":{"rendered":"<h3>Revolutsiooniline Dual-Mode Vaping Experience<\/h3>\n<p>The <strong>Mr.Goodie Speed Racer<\/strong> m\u00e4\u00e4ratleb uuesti \u00fchekordse aurutamise enneolematu mitmek\u00fclgsusega. See kohandatavuse jaoks konstrueeritud j\u00f5ujaam toetab nii traditsioonilisi <strong>MTL (Mouth-to-Lung)<\/strong> aurutamine kuni <strong>80 000 puffi<\/strong> ja intensiivne <strong>DTL (otse kopsule)<\/strong> seansse, mis pakuvad <strong>40,000 puffid<\/strong>. Selle keerukas <strong>topeltv\u00f5rgum\u00e4his<\/strong> s\u00fcsteem tagab plahvatusliku maitse j\u00e4rjepidevuse koos mahuka aurutootmisega kogu kasutuse v\u00e4ltel.<\/p>\n<h3>T\u00e4iustatud visuaalne kontrolls\u00fcsteem<\/h3>\n<p>J\u00e4lgige oma aurutamise p\u00f5hitarbeid l\u00e4bi murrangulise <strong>360\u00b0 kumer LED-ekraan<\/strong> mis annab koheseid reaalajas andmeid j\u00e4relej\u00e4\u00e4nud <strong>e-vedeliku tase<\/strong>, <strong>aku eluiga<\/strong>ja seadme olek. Kombineerituna t\u00e4psusega <strong>reguleeritav \u00f5huvool<\/strong> valides teie inhalatsioonieelistuste j\u00e4rgi, tagab see funktsioon optimaalse j\u00f5udluse nii diskreetsete MTL-vedude kui ka j\u00f5uliste pilvejahtijate DTL-kogemuste jaoks.<\/p>\n<h3>V\u00f5rratu j\u00f5udlus ja v\u00f5imsus<\/h3>\n<p>Selle aurutava ime k\u00fctusena on massiivne <strong>1 400mAh aku<\/strong> koos t\u00f6\u00f6stusharu juhtiva <strong>50ml e-vahendi paak<\/strong>. See duo loob erakordselt kauakestvad seansid, k\u00f5rvaldades samas sagedased laadimiskatkestused. Nautige n\u00e4dalaid katkematut aurutamisr\u00f5\u00f5mu \u00fche seadmega.<\/p>\n<h3>Allkirjastatud maitse valik<\/h3>\n<p>Sukelduge esmaklassilisse maitsesse meie ulatusliku maitsesarja abil:<br \/>\nArbuusimullasid<br \/>\nMaasika sidrun<br \/>\nCola Gummy<br \/>\nSinine Razz<br \/>\nJ\u00f5hvikas P. Sidrun<br \/>\nMustikas sidrun Min<br \/>\nGrape Mint<br \/>\nArmastus 66<br \/>\nMesimeloni j\u00e4\u00e4<br \/>\nMix puuviljad<\/p>\n<h3>Miks Vaperid valivad Speed Raceri<\/h3>\n<p>See seade \u00fchendab endas \u00e4\u00e4rmusliku kestvuse ja tipptasemel aurutustehnoloogia, mida harva leiab \u00fchekordselt kasutatavates seadmetes. Ergonoomiline disain tagab taskuss\u00f5braliku kaasaskantavuse ja mugava k\u00e4sitsemise, samas kui <strong>topeltv\u00f5rgum\u00e4his<\/strong> arhitektuur s\u00e4ilitab delikaatsed maitsed kuni l\u00f5puni. Ideaalne nii uutele aurutajatele, kes otsivad lihtsust, kui ka entusiastidele, kes n\u00f5uavad oma igap\u00e4evases seadmes suure j\u00f5udlusega mitmek\u00fclgsust.<\/p>","protected":false},"excerpt":{"rendered":"<p>Kogemused <strong>kahes re\u017eiimis aurutamine<\/strong> koos Mr.Goodie Speed Raceriga, mis pakub kuni <strong>80,000 MTL puffid<\/strong> v\u00f5i <strong>40 000 DTL-puhumist<\/strong>. Omadused <strong>360\u00b0 kumer LED-ekraan<\/strong>, <strong>1,400mAh aku<\/strong>ja <strong>50ml e-vedeliku mahutavus<\/strong> pikendatud seansside jaoks.<\/p>","protected":false},"featured_media":12174,"comment_status":"open","ping_status":"closed","template":"","meta":[],"product_brand":[769],"product_cat":[873],"product_tag":[1022,950,1126,799,77,948,115],"class_list":{"0":"post-12180","1":"product","2":"type-product","3":"status-publish","4":"has-post-thumbnail","6":"product_brand-mr-goodie","7":"product_cat-mr-goodie","8":"product_tag-000-puffs-vape","9":"product_tag-50ml-e-liquid-capacity","10":"product_tag-1126","11":"product_tag-dual-mode-disposable-vape","12":"product_tag-mesh-coil-vape","13":"product_tag-mr-goodie-speed-racer","14":"product_tag-rechargeable-vape","16":"first","17":"instock","18":"sale","19":"shipping-taxable","20":"purchasable","21":"product-type-variable"},"jetpack_sharing_enabled":true,"tiered_pricing_type":"fixed","tiered_pricing_fixed_rules":[],"tiered_pricing_product_settings":{"layout":"default","base_unit_name":{"singular":null,"plural":null},"default_variation":null},"tiered_pricing_minimum_quantity":null,"tiered_pricing_roles_data":[],"tiered_pricing_percentage_rules":[],"tiered_pricing_maximum_quantity":null,"tiered_pricing_quantity_step":null,"_links":{"self":[{"href":"https:\/\/frvape.com\/et\/wp-json\/wp\/v2\/product\/12180","targetHints":{"allow":["GET"]}}],"collection":[{"href":"https:\/\/frvape.com\/et\/wp-json\/wp\/v2\/product"}],"about":[{"href":"https:\/\/frvape.com\/et\/wp-json\/wp\/v2\/types\/product"}],"replies":[{"embeddable":true,"href":"https:\/\/frvape.com\/et\/wp-json\/wp\/v2\/comments?post=12180"}],"wp:featuredmedia":[{"embeddable":true,"href":"https:\/\/frvape.com\/et\/wp-json\/wp\/v2\/media\/12174"}],"wp:attachment":[{"href":"https:\/\/frvape.com\/et\/wp-json\/wp\/v2\/media?parent=12180"}],"wp:term":[{"taxonomy":"product_brand","embeddable":true,"href":"https:\/\/frvape.com\/et\/wp-json\/wp\/v2\/product_brand?post=12180"},{"taxonomy":"product_cat","embeddable":true,"href":"https:\/\/frvape.com\/et\/wp-json\/wp\/v2\/product_cat?post=12180"},{"taxonomy":"product_tag","embeddable":true,"href":"https:\/\/frvape.com\/et\/wp-json\/wp\/v2\/product_tag?post=12180"}],"curies":[{"name":"wp","href":"https:\/\/api.w.org\/{rel}","templated":true}]}}