{"id":1241,"date":"2025-10-12T00:44:20","date_gmt":"2025-10-12T00:44:20","guid":{"rendered":"https:\/\/frvape.com\/product\/bang-36000-ice-blending-disposable-vape-adjustable-ice-level-36000-puffs-nicotine-options\/"},"modified":"2025-11-26T09:19:58","modified_gmt":"2025-11-26T09:19:58","slug":"bang-36000-ice-blending-uhekordselt-vape-reguleeritav-jaa-tase-36000-puffs-nikotiini-voimalusi","status":"publish","type":"product","link":"https:\/\/frvape.com\/et\/product\/bang-36000-ice-blending-uhekordselt-vape-reguleeritav-jaa-tase-36000-puffs-nikotiini-voimalusi\/","title":{"rendered":"Bang 36000 Ice Blending Disposable Vape - Reguleeritav j\u00e4\u00e4 tase, 36000 puffi, nikotiinivalikud"},"content":{"rendered":"<p>Avastage revolutsiooniline <strong>Bang 36000 Ice Blending \u00fchekordselt kasutatav e-sigaret<\/strong>, mis on m\u00f5eldud teie aurutamisreisi uuendamiseks, pakkudes v\u00f5rratut paindlikkust ja pikaealisust. See tipptasemel seade \u00fchendab t\u00e4iustatud tehnoloogia kasutajas\u00f5bralike funktsioonidega, tagades teie eelistustele kohandatud isikup\u00e4rastatud kogemuse. Olenemata sellest, kas olete pilvejahtija v\u00f5i maitsete entusiast, see vape pakub igal tasandil, pakkudes reguleeritavat jahutust, tohutut puffide arvu ja erinevaid nikotiinivalikuid \u00fclimaks rahuloluks.<br \/>Kaasaskantavuse ja t\u00f6\u00f6kindluse tagamiseks loodud <strong>Bang 36000 J\u00e4\u00e4 segamine<\/strong> paistab turul silma oma elegantse disaini ja tugeva ehitusega. Ei mingeid korduvt\u00e4itmisi ega keerulisi seadistusi - v\u00f5tke lihtsalt karp lahti ja nautige katkematut aurutamise \u00f5ndsust.<br \/>Uurige, miks see seade on muutunud kogu maailma aurijate lemmikuks, \u00fchendades mugavuse ja tipptasemel j\u00f5udluse.<\/p>\n<h3>Miks Bang 36000 Ice Level on m\u00e4ngu muutja<\/h3>\n<p>The <strong>Bang 36000 J\u00e4\u00e4 segamine<\/strong> muudab aurutamise kohandatavaks seikluseks. Selle <strong>reguleeritav j\u00e4\u00e4tase<\/strong> funktsioon v\u00f5imaldab teil peenh\u00e4\u00e4lestada jahutuse intensiivsust alates peenest jahutusest kuni arktilise l\u00f6\u00f6gini, mis vastab igale meeleolule ja hetkeolukorrale. See uuendus tagab, et teie vape ei tee kunagi j\u00e4releandmisi v\u00e4rskuse osas, pakkudes iga t\u00f5mbega ergutavat m\u00f5ju.<br \/>Oma <strong>v\u00f5imas 850mAh aku<\/strong>, toetab seade pikemaid aurutussessioone ilma pideva laadimiseta - ideaalne liikuvale eluviisile.<br \/>Ja uhkeldades <strong>muljetavaldav 36ml e-vedeliku mahutavus<\/strong>, see garanteerib <strong>36000 puffid<\/strong> puhtast, rikkalikust aurust. See t\u00e4hendab, et naudite iga hetke, enne kui m\u00f5tlete asendamisele.<\/p>\n<h3>T\u00e4ielikud toote spetsifikatsioonid<\/h3>\n<p><strong>PUFFS: 36000<\/strong><br \/><strong>E-vedelik: 36ml<\/strong><br \/><strong>Takistus: 1.0 ohm<\/strong><br \/><strong>Aku: 850mAh<\/strong><br \/><strong>Laadimine: t\u00fc\u00fcp C USB-port<\/strong><br \/><strong>Nikotiini valikud: 0%, 2%, 3% v\u00f5i 5%.<\/strong><br \/>Need spetsifikatsioonid tagavad erakordse pikaealisuse ja j\u00f5udluse: see on <strong>1,0 ohmi vastupanu<\/strong> tagab sujuva ja \u00fchtlase aurutootmise, samas kui <strong>C-t\u00fc\u00fcpi laadimine<\/strong> pakub kiireid ja usaldusv\u00e4\u00e4rseid v\u00f5imendusi. Valige oma nikotiinitase kohandatud kogemuse saamiseks, alates nullinikotiinist puhta maitse otsijatele kuni k\u00f5rgema tugevusega j\u00f5ulise kurguhoobini.<\/p>\n<h3>Peamised omadused, mis m\u00e4\u00e4ravad selle Vape Apart<\/h3>\n<h3>Reguleeritav j\u00e4\u00e4 tase kohandatud jahutuseks<\/h3>\n<p>Uuendusliku <strong>j\u00e4\u00e4 reguleerimine<\/strong> funktsioon, sa oled oma aurutamisvibade \u00fclemus. Valige peenike jahedus v\u00f5i keerake see h\u00e4rmaseks plahvatuseks. See ainulaadne kontroll v\u00f5imaldab teil kohandada intensiivsust vastavalt oma maitsele, tagades, et iga seanss on ainulaadselt v\u00e4rskendav ja ergutav.<\/p>\n<h3>V\u00f5imekas aku kogu p\u00e4eva kestvaks vingumiseks<\/h3>\n<p>H\u00fcvasti, et istungi keskel ei ole enam elektrikatkestusi. Veebileht <strong>850mAh aku<\/strong> on loodud vastupidavaks, toetades \u00fche laadimisega tundide pikkust pidevat kasutamist. Laadige C-t\u00fc\u00fcbi kaudu kiiresti - alla tunni - ja kogege muretut aurutamist, mis hoiab sammu teie k\u00f5ige kiiremate p\u00e4evadega.<\/p>\n<h3>Massiivne e-vedeliku maht l\u00f5putute puhvide jaoks<\/h3>\n<p>Hoides suurejoonelist <strong>36ml e-vedelikku<\/strong>, see seade lubab h\u00e4mmastavat <strong>36000 puffid<\/strong>. See on n\u00e4dalaid kestev nauding keskmisele kasutajale, mis v\u00e4hendab vajadust t\u00e4ienduste j\u00e4releandmise j\u00e4rele. Koos lekkekindla disainiga tagab see, et iga tilk esmaklassilist e-vedelikku aurustub t\u00f5husalt, andes teile maksimaalse v\u00e4\u00e4rtuse ja naudingu.<\/p>\n<h3>Kohandatud nikotiini tasemed, mis sobivad iga\u00fchele<\/h3>\n<p>Isikup\u00e4rastage oma nikotiini tarbimist h\u00f5lpsasti: alates puhtast, rahustavast <strong>0% nikotiin<\/strong> v\u00f5ltsimata maitse jaoks, et <strong>2%, 3% v\u00f5i 5%<\/strong> erineva intensiivsusega tabamuse puhul. Selline paindlikkus muudab <strong>Bang 36000 J\u00e4\u00e4 segamine<\/strong> ideaalne algajatele, kogenud aurutajatele ja neile, kes l\u00e4hevad \u00fcle traditsioonilisest tubakast. Valige oma ideaalne tasakaal ja nautige j\u00e4rjepidevust iga t\u00f5mbega.<\/p>\n<h3>Premium E-vedeliku maitsekollektsioon<\/h3>\n<p>Sukeldu massiivi <strong>virgutavad maitsed<\/strong> loodud erinevate palettide jaoks. Igas variandis segunevad looduslikud essentsid loominguliste p\u00f6\u00f6retega, tagades elava maitseelamuse. Siin on t\u00e4ielik e-vedeliku maitsete nimekiri. <strong>Bang 36000 J\u00e4\u00e4 segamine<\/strong>:<\/p>\n<ul>\n<li>Maasika j\u00e4\u00e4<\/li>\n<li>Maasika Mango<\/li>\n<li>TRIPLE BERRY<\/li>\n<li>Maasika BANANA<\/li>\n<li>Ananass-kookos<\/li>\n<li>Mustika j\u00e4\u00e4<\/li>\n<li>Maasika arbuus<\/li>\n<li>Mustikas Vaarikas<\/li>\n<li>Red Bull<\/li>\n<li>LOVE66<\/li>\n<li>Maasika Mango<\/li>\n<li>Arbuusi j\u00e4\u00e4<\/li>\n<\/ul>\n<p>Maitsetega, mis ulatuvad puuviljaklassikutest nagu <strong>Arbuusi j\u00e4\u00e4<\/strong> julgete segudeni nagu <strong>TRIPLE BERRY<\/strong> ja energiat andev <strong>Red Bull<\/strong>, seal on midagi iga\u00fchele. Kogege mitmekihilisi noote, mis suurendavad reguleeritavat j\u00e4\u00e4taset, luues multisensoorse vape-reisi.<\/p>\n<h3>Miks Bang 36000 Ice Blending paistab silma<\/h3>\n<p>Kui te ihkate <strong>kontroll<\/strong>, <strong>mugavus<\/strong>ja <strong>sort<\/strong>, on see seade teie parim kaaslane. Selle kohanemisv\u00f5ime s\u00e4rab j\u00e4\u00e4 reguleerimise funktsiooniga, samas kui <strong>36000 puffide v\u00f5imsus<\/strong> ja tugev konstruktsioon muudavad selle pikaajalise investeeringu naudinguteks. Olenemata sellest, kas otsite jahutavaid aistinguid v\u00f5i intensiivseid aroome, see vape pakub usaldusv\u00e4\u00e4rselt, mist\u00f5ttu on see vaperite jaoks parim valik kogu maailmas.<\/p>\n<h3>Korduma kippuvad k\u00fcsimused<\/h3>\n<p><strong>Kui kaua kestab aku?<\/strong><br \/>The <strong>850mAh aku<\/strong> pakub enamiku kasutajate jaoks piisavalt energiat terve p\u00e4eva kestvaks aurutamiseks. Laadimisaeg on C-t\u00fc\u00fcpi \u00fchenduvuse puhul kiire, keskmiselt alla tunni t\u00e4ieliku laadimise jaoks.<\/p>\n<p><strong>Kas ma saan j\u00e4\u00e4 taset kasutamise ajal reguleerida?<\/strong><br \/>Jah! The <strong>j\u00e4\u00e4 reguleerimine<\/strong> funktsioon on intuitiivne ja igal ajal k\u00e4ttesaadav. Vajutage lihtsalt seadme nuppu ja hoidke seda all, et l\u00e4bida jahutustasemed, mis v\u00f5imaldab jooksvalt kohandamist ilma aurutamisvoogu katkestamata.<\/p>\n<p><strong>Millise nikotiini taseme ma peaksin valima?<\/strong><br \/><strong>0% nikotiin<\/strong> sobib ideaalselt, kui soovite elavat maitset ilma s\u00f5ltuvust tekitavate elementideta.<br \/><strong>2% v\u00f5i 3% nikotiin<\/strong> pakub kerget, rahuldust pakkuvat l\u00f6\u00f6ki, mis on ideaalne m\u00f5\u00f5dukatele kasutajatele.<br \/><strong>5% nikotiin<\/strong> annab tugeva kurguhoobi neile, kes vajavad tugevamat l\u00f6\u00f6ki, et j\u00e4ljendada traditsioonilist suitsetamist.<\/p>\n<p><strong>Kas see seade on algajaile sobiv?<\/strong><br \/>Absoluutselt. Eelt\u00e4idetud \u00fchekordselt kasutatava vape'ina saabub see kasutusvalmis koos <strong>36ml e-vedelikku<\/strong>. Ei mingit t\u00e4itmist, segamist ega keerulisi seadistusi - lihtsalt hingake sisse ja nautige. \u00dche nupuvajutusega juhtimine ja selge laadimisindikaator muudavad aurutamise vaevata ja nauditavaks ka uustulnukatele.<\/p>\n<p><strong>Milline maitse on parim?<\/strong><br \/>Jahutusventilaatorid armastavad <strong>Arbuusi j\u00e4\u00e4<\/strong> v\u00f5i <strong>Maasika j\u00e4\u00e4<\/strong> nende v\u00e4rskendavate profiilide jaoks. Kui eelistate julgeid, rikkalikke elamusi, <strong>TRIPLE BERRY<\/strong> ja <strong>LOVE66<\/strong> pakuvad keerulisi, ergutavaid maitseid. Nii palju v\u00f5imalusi, vaheldage maitseid, et hoida asju p\u00f5nevana.<\/p>\n<h3>L\u00f5plik otsus<\/h3>\n<p>The <strong>Bang 36000 J\u00e4\u00e4 segamine<\/strong> on konstrueeritud selleks, et t\u00f5sta teie aurutamist uuenduslike funktsioonide ja p\u00fcsiva kvaliteediga. See ei ole lihtsalt seade - see on elustiili uuendamine, mis \u00fchendab endas stiili, sisu ja nutikust. Oma <strong>reguleeritav j\u00e4\u00e4tase<\/strong>, pikendatud kestvus ja mitmek\u00fclgsed nikotiinivalikud, see paistab silma igal areenil. Valige meie elavatest maitsetest juba t\u00e4na ja avage lahedam, pikem ja isikup\u00e4rasem aurustusseiklus.<\/p>","protected":false},"excerpt":{"rendered":"<p>Kogemused \u00fclima aurutamise kohta koos <strong>Bang 36000 Ice Blending \u00fchekordselt kasutatav Vape<\/strong>. Mis sisaldab <strong>reguleeritav j\u00e4\u00e4tase<\/strong> kohandatud jahutuseks, <strong>36000 puffid<\/strong> alates 36ml e-vedelikust ja valitavast nikotiini tugevusest alates <strong>0%<\/strong>, <strong>2%<\/strong>, <strong>3%<\/strong>, v\u00f5i <strong>5%<\/strong>. T\u00e4iuslik kogu p\u00e4eva kestvaks, probleemivabaks nautimiseks koos v\u00f5imsa <strong>850mAh aku<\/strong>.<\/p>","protected":false},"featured_media":1235,"comment_status":"open","ping_status":"closed","template":"","meta":[],"product_brand":[107],"product_cat":[1072,17],"product_tag":[221,220,219,112,222,223],"class_list":{"0":"post-1241","1":"product","2":"type-product","3":"status-publish","4":"has-post-thumbnail","6":"product_brand-bang","7":"product_cat-bang","8":"product_cat-uncategorized","9":"product_tag-36000-puffs","10":"product_tag-adjustable-ice-level","11":"product_tag-bang-36000-ice-blending","12":"product_tag-disposable-vape","13":"product_tag-e-liquid-flavors","14":"product_tag-nicotine-vape","16":"first","17":"instock","18":"sale","19":"shipping-taxable","20":"purchasable","21":"product-type-variable"},"jetpack_sharing_enabled":true,"tiered_pricing_type":"fixed","tiered_pricing_fixed_rules":[],"tiered_pricing_product_settings":{"layout":"default","base_unit_name":{"singular":null,"plural":null},"default_variation":null},"tiered_pricing_minimum_quantity":null,"tiered_pricing_roles_data":[],"tiered_pricing_percentage_rules":[],"tiered_pricing_maximum_quantity":null,"tiered_pricing_quantity_step":null,"_links":{"self":[{"href":"https:\/\/frvape.com\/et\/wp-json\/wp\/v2\/product\/1241","targetHints":{"allow":["GET"]}}],"collection":[{"href":"https:\/\/frvape.com\/et\/wp-json\/wp\/v2\/product"}],"about":[{"href":"https:\/\/frvape.com\/et\/wp-json\/wp\/v2\/types\/product"}],"replies":[{"embeddable":true,"href":"https:\/\/frvape.com\/et\/wp-json\/wp\/v2\/comments?post=1241"}],"wp:featuredmedia":[{"embeddable":true,"href":"https:\/\/frvape.com\/et\/wp-json\/wp\/v2\/media\/1235"}],"wp:attachment":[{"href":"https:\/\/frvape.com\/et\/wp-json\/wp\/v2\/media?parent=1241"}],"wp:term":[{"taxonomy":"product_brand","embeddable":true,"href":"https:\/\/frvape.com\/et\/wp-json\/wp\/v2\/product_brand?post=1241"},{"taxonomy":"product_cat","embeddable":true,"href":"https:\/\/frvape.com\/et\/wp-json\/wp\/v2\/product_cat?post=1241"},{"taxonomy":"product_tag","embeddable":true,"href":"https:\/\/frvape.com\/et\/wp-json\/wp\/v2\/product_tag?post=1241"}],"curies":[{"name":"wp","href":"https:\/\/api.w.org\/{rel}","templated":true}]}}